{"id":63,"date":"2024-12-04T12:16:10","date_gmt":"2024-12-04T11:16:10","guid":{"rendered":"https:\/\/grupo.us.es\/transadultez\/?page_id=63"},"modified":"2026-02-24T19:46:59","modified_gmt":"2026-02-24T18:46:59","slug":"informes-nacionales-e-internacionales-sobre-juventud","status":"publish","type":"page","link":"https:\/\/grupo.us.es\/transadultez\/informes-nacionales-e-internacionales-sobre-juventud\/","title":{"rendered":"Informes nacionales e internacionales sobre juventud"},"content":{"rendered":"\n<p>Presentamos dos documentos: 1. la gu\u00eda de recursos e informes de juventud elaborada por el Proyecto TAE. El objetivo de este documento es ofrecer una gu\u00eda de los informes m\u00e1s relevantes que existen sobre juventud a nivel nacional e internacional, y que son elaborados tanto por entidades p\u00fablicas como privadas. Con este documento pretendemos integrar los informes que describen la realidad de la juventud a nivel nacional e internacional, aportando un banco de recursos con los que obtener una imagen lo m\u00e1s n\u00edtida posible de nuestros y nuestras j\u00f3venes de hoy, que ser\u00e1n las personas adultas de ma\u00f1ana.<\/p>\n\n\n\n<p>2. El informe realizado por nuestro equipo de investigaci\u00f3n con algunos de los resultados m\u00e1s relevantes del proyecto<\/p>\n\n\n\n<p>Fecha de \u00faltima actualizaci\u00f3n: octubre 2021.<\/p>\n\n\n\n<ul class=\"wp-block-list\">\n<li>Gu\u00eda de recursos e informes de juventud &#8211;&nbsp;<a href=\"https:\/\/grupos.us.es\/transadultez\/uploads\/images\/Adultez%20Emergente\/Infografias\/Gu%C3%ADa%20recursos%20e%20informes%20de%20juventud%20PROYECTO%20TAE.pdf\">Descarga aqu\u00ed<\/a><\/li>\n\n\n\n<li>S\u00e1nchez-Queija, Parra, A.,\u00a0Arnett, J.J., Arranz, E.B., Blanco-Rangel, M., D\u00edez-L\u00f3pez, M., Dom\u00ednguez, P., De la Fuente, R., Garc\u00eda\u00a0Mendoza, M. C.,\u00a0LIzaso, I., Reina, M.C., Vargas, R.,\u00a0 Vega, C. (2025). Cambio y continuidad en la adultez emergente en Espa\u00f1a. Un estudio entre 2015 y 2024.\u00a0<a href=\"https:\/\/zenodo.org\/records\/17709638\">https:\/\/doi.org\/10.5281\/zenodo.17709637<\/a>\u00a0<\/li>\n<\/ul>\n","protected":false},"excerpt":{"rendered":"<p>Presentamos dos documentos: 1. la gu\u00eda de recursos e informes de juventud elaborada por el Proyecto TAE. El objetivo de este documento es ofrecer una gu\u00eda de los informes m\u00e1s relevantes que existen sobre juventud a nivel nacional e internacional, y que son elaborados tanto por entidades p\u00fablicas como privadas. Con este documento pretendemos integrar [&hellip;]<\/p>\n","protected":false},"author":2,"featured_media":0,"parent":0,"menu_order":0,"comment_status":"closed","ping_status":"closed","template":"","meta":{"footnotes":""},"class_list":["post-63","page","type-page","status-publish","hentry"],"_links":{"self":[{"href":"https:\/\/grupo.us.es\/transadultez\/wp-json\/wp\/v2\/pages\/63","targetHints":{"allow":["GET"]}}],"collection":[{"href":"https:\/\/grupo.us.es\/transadultez\/wp-json\/wp\/v2\/pages"}],"about":[{"href":"https:\/\/grupo.us.es\/transadultez\/wp-json\/wp\/v2\/types\/page"}],"author":[{"embeddable":true,"href":"https:\/\/grupo.us.es\/transadultez\/wp-json\/wp\/v2\/users\/2"}],"replies":[{"embeddable":true,"href":"https:\/\/grupo.us.es\/transadultez\/wp-json\/wp\/v2\/comments?post=63"}],"version-history":[{"count":3,"href":"https:\/\/grupo.us.es\/transadultez\/wp-json\/wp\/v2\/pages\/63\/revisions"}],"predecessor-version":[{"id":843,"href":"https:\/\/grupo.us.es\/transadultez\/wp-json\/wp\/v2\/pages\/63\/revisions\/843"}],"wp:attachment":[{"href":"https:\/\/grupo.us.es\/transadultez\/wp-json\/wp\/v2\/media?parent=63"}],"curies":[{"name":"wp","href":"https:\/\/api.w.org\/{rel}","templated":true}]}}