{"id":61,"date":"2024-12-04T12:15:44","date_gmt":"2024-12-04T11:15:44","guid":{"rendered":"https:\/\/grupo.us.es\/transadultez\/?page_id=61"},"modified":"2025-06-16T08:43:31","modified_gmt":"2025-06-16T06:43:31","slug":"enlaces-de-interes","status":"publish","type":"page","link":"https:\/\/grupo.us.es\/transadultez\/enlaces-de-interes\/","title":{"rendered":"Enlaces de inter\u00e9s"},"content":{"rendered":"\n<p>Enlaces de inter\u00e9s sobre estudios de juventud en Espa\u00f1a y en otros pa\u00edses.<\/p>\n\n\n\n<h2 class=\"wp-block-heading has-medium-font-size\">A NIVEL NACIONAL<\/h2>\n\n\n\n<h2 class=\"wp-block-heading has-small-font-size\"><strong>Administraci\u00f3n P\u00fablica<\/strong><\/h2>\n\n\n\n<ul class=\"wp-block-list\">\n<li><a href=\"https:\/\/www.cje.org\/en\/\">Consejo de la Juventud de Espa\u00f1a<\/a><\/li>\n\n\n\n<li><a href=\"https:\/\/ws101.juntadeandalucia.es\/patiojoven\/cja\">Consejo de la Juventud de Andaluc\u00eda<\/a><\/li>\n\n\n\n<li><a href=\"https:\/\/www.juntadeandalucia.es\/organismos\/iaj.html\">Instituto Andaluz de la Juventud<\/a><\/li>\n\n\n\n<li><a href=\"https:\/\/www.injuve.es\/\">Instituto de la Juventud, INJUVE<\/a><\/li>\n\n\n\n<li><a href=\"https:\/\/www.ine.es\/\">Instituto Nacional de Estad\u00edstica, INE<\/a><\/li>\n\n\n\n<li><a href=\"https:\/\/www.mscbs.gob.es\/\">Ministerio de Sanidad &#8211; Gobierno de Espa\u00f1a<\/a><\/li>\n\n\n\n<li><a href=\"https:\/\/www.mites.gob.es\/\">Ministerio de Trabajo y Econom\u00eda Social &#8211; Gobierno de Espa\u00f1a<\/a><\/li>\n<\/ul>\n\n\n\n<h2 class=\"wp-block-heading has-small-font-size\"><strong>Organizaciones con fines sociales<\/strong><\/h2>\n\n\n\n<ul class=\"wp-block-list\">\n<li><a href=\"https:\/\/www.adolescenciayjuventud.org\/%20\">Centro Reina Sof\u00eda sobre Adolescencia y Juventud.<\/a><\/li>\n\n\n\n<li><a href=\"https:\/\/www.fad.es\/\">FAD. Fundaci\u00f3n de Ayuda contra la Drogadicci\u00f3n.<\/a><\/li>\n\n\n\n<li><a href=\"https:\/\/www.fundacion-sm.org\/\">Fundaci\u00f3n SM<\/a><\/li>\n\n\n\n<li><a href=\"https:\/\/observatoriosociallacaixa.org\/\">La Caixa. Observatorio Social<\/a><\/li>\n<\/ul>\n\n\n\n<h2 class=\"wp-block-heading has-medium-font-size\">A nivel internacional<\/h2>\n\n\n\n<ul class=\"wp-block-list\">\n<li><a href=\"https:\/\/www.un.org\/development\/desa\/youth\/world-programme-of-action-for-youth.html\">Departamento de Asuntos Econ\u00f3micos y Sociales de Juventud de la ONU<\/a><\/li>\n\n\n\n<li><a href=\"https:\/\/www.youthforum.org\/%20\">Foro Europeo de la Juventud<\/a><\/li>\n\n\n\n<li><a href=\"https:\/\/oji.fundacion-sm.org\/\">Observatorio de la Juventud en Iberoam\u00e9rica<\/a><\/li>\n\n\n\n<li><a href=\"https:\/\/www.ilo.org\/global\/lang--es\/index.htm\">International Labour Organization (Organizaci\u00f3n internacional del trabajo)<\/a><\/li>\n\n\n\n<li><a href=\"https:\/\/dds.cepal.org\/juvelac\/enlaces\">Observatorio de la Juventud para Am\u00e9rica Latina y el Caribe<\/a><\/li>\n<\/ul>\n","protected":false},"excerpt":{"rendered":"<p>Enlaces de inter\u00e9s sobre estudios de juventud en Espa\u00f1a y en otros pa\u00edses. A NIVEL NACIONAL Administraci\u00f3n P\u00fablica Organizaciones con fines sociales A nivel internacional<\/p>\n","protected":false},"author":2,"featured_media":0,"parent":0,"menu_order":0,"comment_status":"closed","ping_status":"closed","template":"","meta":{"footnotes":""},"class_list":["post-61","page","type-page","status-publish","hentry"],"_links":{"self":[{"href":"https:\/\/grupo.us.es\/transadultez\/wp-json\/wp\/v2\/pages\/61","targetHints":{"allow":["GET"]}}],"collection":[{"href":"https:\/\/grupo.us.es\/transadultez\/wp-json\/wp\/v2\/pages"}],"about":[{"href":"https:\/\/grupo.us.es\/transadultez\/wp-json\/wp\/v2\/types\/page"}],"author":[{"embeddable":true,"href":"https:\/\/grupo.us.es\/transadultez\/wp-json\/wp\/v2\/users\/2"}],"replies":[{"embeddable":true,"href":"https:\/\/grupo.us.es\/transadultez\/wp-json\/wp\/v2\/comments?post=61"}],"version-history":[{"count":7,"href":"https:\/\/grupo.us.es\/transadultez\/wp-json\/wp\/v2\/pages\/61\/revisions"}],"predecessor-version":[{"id":415,"href":"https:\/\/grupo.us.es\/transadultez\/wp-json\/wp\/v2\/pages\/61\/revisions\/415"}],"wp:attachment":[{"href":"https:\/\/grupo.us.es\/transadultez\/wp-json\/wp\/v2\/media?parent=61"}],"curies":[{"name":"wp","href":"https:\/\/api.w.org\/{rel}","templated":true}]}}