{"id":569,"date":"2025-06-17T11:27:00","date_gmt":"2025-06-17T09:27:00","guid":{"rendered":"https:\/\/grupo.us.es\/transadultez\/?page_id=569"},"modified":"2025-08-27T11:22:33","modified_gmt":"2025-08-27T09:22:33","slug":"science-communication","status":"publish","type":"page","link":"https:\/\/grupo.us.es\/transadultez\/en\/science-communication\/","title":{"rendered":"Science communication"},"content":{"rendered":"\n<h2 class=\"wp-block-heading\">Scientific outreach<\/h2>\n\n\n\n<p><strong><em>Science Week 2024<\/em><\/strong>. Hosting an <strong>Escape Room<\/strong> activity<strong> \u00bfDo you know about Emerging Adulthood? A psychological perspective on youth.&nbsp;<\/strong>(November, 8 2024). More information on the activity and the researchers involved is available&nbsp;<a href=\"https:\/\/www.us.es\/eventos\/agenda\/adultez-emergente-una-vision-de-la-juventud-desde-la-psicologia\">here<\/a><\/p>\n\n\n\n<p><strong><em>XXVIII Sal\u00f3n del Estudiante y Ferisport.<\/em>&nbsp;<\/strong>Hosting the activity&nbsp;<strong>Deciphering Psychology: An Escape Room and Kahoot to Explore Basic Psychological Concepts&nbsp;<\/strong>(April, 8-13 2024). More information about the activities and participants <a href=\"https:\/\/psicologia.us.es\/agenda\/la-facultad-de-psicologia-en-el-xxviii-salon-de-estudiantes-grado-y-posgrado-y-ferisport\">here<\/a><\/p>\n\n\n\n<p>D\u00edez, M., Parra, A., S\u00e1nchez-Queija, I., Garc\u00eda Mendoza, M. C., Paloma, V., Paniagua, C. y de la Fuente, R. (enero de 2024).&nbsp;<em>\u00bfQu\u00e9 necesitan las personas j\u00f3venes para sentirse bien?.&nbsp;<\/em>Fundaci\u00f3n \u00abla Caixa\u00bb.&nbsp;<a href=\"https:\/\/elobservatoriosocial.fundacionlacaixa.org\/es\/-\/que-necesitan-los-jovenes\">https:\/\/elobservatoriosocial.fundacionlacaixa.org\/es\/-\/que-necesitan-los-jovenes<\/a><\/p>\n\n\n\n<p><strong><em><strong>The European Researchers&#8217; Night<\/strong>:<\/em>\u00a0<\/strong>Hosting the activity<strong>\u00a0Escape Room <strong>\u00bfDo you know about Emerging Adulthood? A psychological perspective on youth.<\/strong>\u00a0<\/strong>(September 29, 2023). More information about the activity and researchers involved\u00a0<a href=\"https:\/\/lanochedelosinvestigadores.fundaciondescubre.es\/actividades\/escape-room-conoces-la-adultez-emergente-una-vision-de-la-juventud-desde-la-psicologia\/\">here<\/a><\/p>\n\n\n\n<p>Coffe with female scientists. Activity:<a href=\"https:\/\/cafeconciencia.fundaciondescubre.es\/encuentra-tu-cafe\/dia-de-la-mujer-y-la-nina-en-la-ciencia-universidad-de-sevilla-2\/\" target=\"_blank\" rel=\"noreferrer noopener\">\u00a0Living at home until 30, \u00bfa personal choice or is there<\/a> <a href=\"https:\/\/cafeconciencia.fundaciondescubre.es\/encuentra-tu-cafe\/dia-de-la-mujer-y-la-nina-en-la-ciencia-universidad-de-sevilla-2\/\" target=\"_blank\" rel=\"noreferrer noopener\">no other option? A psychologycal perspective on the emerging adulthood stage. <\/a>\u00a0Seville, 10 February 2023. Commemorative event for the International Day of Women and Girls in Science. Fundaci\u00f3n Descubre (Andalusian Foundation for the Dissemination of Innovation and Knowledge).<\/p>\n\n\n\n<p><strong><em><strong>The European Researchers&#8217; Night<\/strong>:<\/em><\/strong><em>&nbsp;<\/em>Developing the activity <strong>Psychology <strong>Workshop<\/strong>: Discovering Emerging Adulthood.&nbsp;Taller de Psicolog\u00eda: Descubriendo la adultez emergente<\/strong>&nbsp;(September, 24 2021). More information about the activity and researchers involved&nbsp;<a href=\"https:\/\/lanochedelosinvestigadores.fundaciondescubre.es\/actividades\/descubriendo-la-adultez-emergente\/\">here<\/a><\/p>\n\n\n\n<p><strong>Vitual Science Fair (II Efition).<\/strong> University of Seville: Poster <strong>Transition to emerging adulthood (TAE): Transici\u00f3n a la adultez emergente (TAE): Longitudinal Sequential study about Transition to Adulthood in Spain and TAE team<\/strong>. Find out more information&nbsp;<a href=\"https:\/\/grupos.us.es\/transadultez\/uploads\/images\/Adultez%20Emergente\/Infografias\/Cartel%20TAE%20Feria%20de%20la%20Ciencia%202021.pdf\">here<\/a><\/p>\n\n\n\n<p>Parra, A., D\u00edez, M., S\u00e1nchez-Queija, I., Lizaso, I., Arranz, E. y Camacho, C. (2017). \u00bfLas mujeres y los ni\u00f1os primero? Sexismo ambivalente.&nbsp;<em>Psicomemorias<\/em>. Retrieved on 03\/05\/2017 from&nbsp;<a href=\"https:\/\/www.psicomemorias.com\/sexismo-ambivalente\/\">https:\/\/www.psicomemorias.com\/sexismo-ambivalente\/<\/a><\/p>\n\n\n\n<p>Parra, A. (2016).&nbsp;\u201cEducar y crecer en Familia, Inicio de la edad adulta. Su desarrollo y repercusi\u00f3n en la vida familiar\u00bb.&nbsp;<em>Radio interview, Bilbao City Hall Website.&nbsp;<\/em>Retrieved on 02\/01\/2016 from&nbsp;<a href=\"https:\/\/goo.gl\/JVG2HB\" target=\"_blank\" rel=\"noreferrer noopener\">https:\/\/goo.gl\/JVG2HB<\/a><\/p>\n\n\n\n<p>Parra, A., S\u00e1nchez-Queija, I., D\u00edez, M. (2015). Adultez Emergente, una etapa llena de posibilidades.&nbsp;<em>Psicomemorias<\/em>. Retrieved on 09\/21\/2015 from<a href=\"https:\/\/grupos.us.es\/transadultez\/%20https:\/www.psicomemorias.com\/adultez-emergente\/\" target=\"_blank\" rel=\"noreferrer noopener\">&nbsp;https:\/\/www.psicomemorias.com\/adultez-emergente\/<\/a>&nbsp;<\/p>\n\n\n\n<h2 class=\"wp-block-heading\">Press and broadcasting<\/h2>\n\n\n\n<p>Winter 2024.&nbsp;Mental health, money and friends: Everything ypung people need to feel good. News article in El Peri\u00f3dico&nbsp;<a href=\"https:\/\/www.elperiodico.com\/es\/sociedad\/20240113\/informe-fundacion-caixa-jovenes-bienestar-salud-mental-96688274\">Read here<\/a><\/p>\n\n\n\n<p>Summer 2021. Spain on the path to generational rupture. News article in LaVanguardia.&nbsp;<a href=\"https:\/\/www.lavanguardia.com\/vida\/20210801\/7632347\/espana-camino-ruptura-generacional.html\">More information.<\/a>&nbsp;<a href=\"https:\/\/grupo.us.es\/transadultez\/wp-content\/uploads\/2024\/12\/2021-08-01_La-Vanguardia0102-combinado.pdf\">Read here<\/a><\/p>\n\n\n\n<p>Summer 2015. Family cohesion acts as a protective factor against drug use. News article published in several media outlet, for example&nbsp;<a href=\"https:\/\/grupo.us.es\/transadultez\/wp-content\/uploads\/2024\/12\/2015-07-20-Estudio-jovene-y-drogas-julio.pdf\">ABC<\/a>&nbsp;y&nbsp;<a href=\"https:\/\/grupo.us.es\/transadultez\/wp-content\/uploads\/2024\/12\/2015-08-11-Los-jovenes-con-familias-mas-cohesionadas-consumen-menos-drogas-_-Noticias-_-SINC.pdf\">SINC<\/a><\/p>\n","protected":false},"excerpt":{"rendered":"<p>Scientific outreach Science Week 2024. Hosting an Escape Room activity \u00bfDo you know about Emerging Adulthood? A psychological perspective on youth.&nbsp;(November, 8 2024). More information on the activity and the researchers involved is available&nbsp;here XXVIII Sal\u00f3n del Estudiante y Ferisport.&nbsp;Hosting the activity&nbsp;Deciphering Psychology: An Escape Room and Kahoot to Explore Basic Psychological Concepts&nbsp;(April, 8-13 2024). [&hellip;]<\/p>\n","protected":false},"author":2,"featured_media":0,"parent":0,"menu_order":0,"comment_status":"closed","ping_status":"closed","template":"","meta":{"footnotes":""},"class_list":["post-569","page","type-page","status-publish","hentry"],"_links":{"self":[{"href":"https:\/\/grupo.us.es\/transadultez\/wp-json\/wp\/v2\/pages\/569","targetHints":{"allow":["GET"]}}],"collection":[{"href":"https:\/\/grupo.us.es\/transadultez\/wp-json\/wp\/v2\/pages"}],"about":[{"href":"https:\/\/grupo.us.es\/transadultez\/wp-json\/wp\/v2\/types\/page"}],"author":[{"embeddable":true,"href":"https:\/\/grupo.us.es\/transadultez\/wp-json\/wp\/v2\/users\/2"}],"replies":[{"embeddable":true,"href":"https:\/\/grupo.us.es\/transadultez\/wp-json\/wp\/v2\/comments?post=569"}],"version-history":[{"count":5,"href":"https:\/\/grupo.us.es\/transadultez\/wp-json\/wp\/v2\/pages\/569\/revisions"}],"predecessor-version":[{"id":643,"href":"https:\/\/grupo.us.es\/transadultez\/wp-json\/wp\/v2\/pages\/569\/revisions\/643"}],"wp:attachment":[{"href":"https:\/\/grupo.us.es\/transadultez\/wp-json\/wp\/v2\/media?parent=569"}],"curies":[{"name":"wp","href":"https:\/\/api.w.org\/{rel}","templated":true}]}}