{"id":557,"date":"2025-06-16T13:31:15","date_gmt":"2025-06-16T11:31:15","guid":{"rendered":"https:\/\/grupo.us.es\/transadultez\/?page_id=557"},"modified":"2025-10-06T09:55:21","modified_gmt":"2025-10-06T07:55:21","slug":"team","status":"publish","type":"page","link":"https:\/\/grupo.us.es\/transadultez\/en\/team\/","title":{"rendered":"Team"},"content":{"rendered":"\n<h2 class=\"wp-block-heading\">University of Seville<\/h2>\n\n\n\n<div class=\"wp-block-columns is-layout-flex wp-container-core-columns-is-layout-9d6595d7 wp-block-columns-is-layout-flex\">\n<div class=\"wp-block-column is-layout-flow wp-block-column-is-layout-flow\" style=\"flex-basis:33.33%\">\n<figure class=\"wp-block-image size-full\"><img loading=\"lazy\" decoding=\"async\" width=\"187\" height=\"335\" src=\"https:\/\/grupo.us.es\/transadultez\/wp-content\/uploads\/2025\/06\/Foto-Agueda.jpg\" alt=\"\" class=\"wp-image-558\" srcset=\"https:\/\/grupo.us.es\/transadultez\/wp-content\/uploads\/2025\/06\/Foto-Agueda.jpg 187w, https:\/\/grupo.us.es\/transadultez\/wp-content\/uploads\/2025\/06\/Foto-Agueda-167x300.jpg 167w\" sizes=\"auto, (max-width: 187px) 100vw, 187px\" \/><\/figure>\n<\/div>\n\n\n\n<div class=\"wp-block-column is-layout-flow wp-block-column-is-layout-flow\" style=\"flex-basis:66.66%\">\n<p><strong>\u00c1gueda Parra Jim\u00e9nez<br><\/strong>Tenured professor<br>Department of Developmental and Educational Psychology<br>University of Seville<br>Telephone number: 955 420 527<br>e-mail: aparra@us.es<br>Website:&nbsp;<a href=\"https:\/\/personal.us.es\/aparra\/\" target=\"_blank\" rel=\"noreferrer noopener\">personal.us.es\/aparra<\/a><br>Office 302. Faculty of Psychology.<br>c\/ Camilo Jos\u00e9 Cela, s\/n. 41018. Seville.<\/p>\n<\/div>\n<\/div>\n\n\n\n<div class=\"wp-block-columns is-layout-flex wp-container-core-columns-is-layout-9d6595d7 wp-block-columns-is-layout-flex\">\n<div class=\"wp-block-column is-layout-flow wp-block-column-is-layout-flow\" style=\"flex-basis:33.33%\">\n<figure class=\"wp-block-image size-full\"><img loading=\"lazy\" decoding=\"async\" width=\"187\" height=\"225\" src=\"https:\/\/grupo.us.es\/transadultez\/wp-content\/uploads\/2024\/12\/Foto-Inma.jpg\" alt=\"\" class=\"wp-image-180\"\/><\/figure>\n<\/div>\n\n\n\n<div class=\"wp-block-column is-layout-flow wp-block-column-is-layout-flow\" style=\"flex-basis:66.66%\">\n<p><strong>Inmaculada S\u00e1nchez Queija<br><\/strong>Tenured professor<br>Department of Developmental and Educational Psychology<br>University of Seville<br>Telephone number.: 955 420 528<br>e-mail: queija@us.es<br>Website:&nbsp;<a href=\"https:\/\/personal.us.es\/queija\/\">personal.us.es\/queija<\/a><br>Office 5.79. Faculty of Education Sciences<br>c\/ Pirotecnia, s\/n. 41013. Seville<\/p>\n<\/div>\n<\/div>\n\n\n\n<div class=\"wp-block-columns is-layout-flex wp-container-core-columns-is-layout-9d6595d7 wp-block-columns-is-layout-flex\">\n<div class=\"wp-block-column is-layout-flow wp-block-column-is-layout-flow\" style=\"flex-basis:33.33%\">\n<figure class=\"wp-block-image size-full\"><img loading=\"lazy\" decoding=\"async\" width=\"187\" height=\"321\" src=\"https:\/\/grupo.us.es\/transadultez\/wp-content\/uploads\/2025\/02\/Foto-Marta.jpg\" alt=\"\" class=\"wp-image-478\" srcset=\"https:\/\/grupo.us.es\/transadultez\/wp-content\/uploads\/2025\/02\/Foto-Marta.jpg 187w, https:\/\/grupo.us.es\/transadultez\/wp-content\/uploads\/2025\/02\/Foto-Marta-175x300.jpg 175w\" sizes=\"auto, (max-width: 187px) 100vw, 187px\" \/><\/figure>\n<\/div>\n\n\n\n<div class=\"wp-block-column is-layout-flow wp-block-column-is-layout-flow\" style=\"flex-basis:66.66%\">\n<p><strong>Marta D\u00edez L\u00f3pez<br><\/strong>Assistant Professor<br>Department of Developmental and Educational Psychology<br>University of Seville<br>Telephone number: 954 55 76 93<br>e-mail: mdiez@us.es<br>Office . Faculty of Psychology<br>c\/ Camilo Jos\u00e9 Cela, s\/n. 41018. Seville<\/p>\n<\/div>\n<\/div>\n\n\n\n<div class=\"wp-block-columns is-layout-flex wp-container-core-columns-is-layout-9d6595d7 wp-block-columns-is-layout-flex\">\n<div class=\"wp-block-column is-layout-flow wp-block-column-is-layout-flow\" style=\"flex-basis:33.33%\">\n<figure class=\"wp-block-image size-full is-resized\"><img loading=\"lazy\" decoding=\"async\" width=\"1192\" height=\"1818\" src=\"https:\/\/grupo.us.es\/transadultez\/wp-content\/uploads\/2025\/09\/1758630049547-1.jpg\" alt=\"\" class=\"wp-image-693\" style=\"width:183px;height:auto\" srcset=\"https:\/\/grupo.us.es\/transadultez\/wp-content\/uploads\/2025\/09\/1758630049547-1.jpg 1192w, https:\/\/grupo.us.es\/transadultez\/wp-content\/uploads\/2025\/09\/1758630049547-1-197x300.jpg 197w, https:\/\/grupo.us.es\/transadultez\/wp-content\/uploads\/2025\/09\/1758630049547-1-671x1024.jpg 671w, https:\/\/grupo.us.es\/transadultez\/wp-content\/uploads\/2025\/09\/1758630049547-1-768x1171.jpg 768w, https:\/\/grupo.us.es\/transadultez\/wp-content\/uploads\/2025\/09\/1758630049547-1-1007x1536.jpg 1007w\" sizes=\"auto, (max-width: 1192px) 100vw, 1192px\" \/><\/figure>\n<\/div>\n\n\n\n<div class=\"wp-block-column is-layout-flow wp-block-column-is-layout-flow\" style=\"flex-basis:66.66%\">\n<p><strong>Mar\u00eda del Carmen Reina Flores<br><\/strong>Associate Professor<br>Department of Developmental and Educational Psychology<br>University of Seville<br>Telephone number: 955 420 531<br>e-mail: mcreina@us.es<br>Office 5.83. Faculty of Education Sciences<br>c\/ Pirotecnia, s\/n. 41013. Seville<\/p>\n<\/div>\n<\/div>\n\n\n\n<div class=\"wp-block-columns is-layout-flex wp-container-core-columns-is-layout-9d6595d7 wp-block-columns-is-layout-flex\">\n<div class=\"wp-block-column is-layout-flow wp-block-column-is-layout-flow\" style=\"flex-basis:33.33%\">\n<figure class=\"wp-block-image size-full\"><img loading=\"lazy\" decoding=\"async\" width=\"187\" height=\"341\" src=\"https:\/\/grupo.us.es\/transadultez\/wp-content\/uploads\/2025\/02\/Foto-M.-Carmen-Garcia.jpg\" alt=\"\" class=\"wp-image-475\" srcset=\"https:\/\/grupo.us.es\/transadultez\/wp-content\/uploads\/2025\/02\/Foto-M.-Carmen-Garcia.jpg 187w, https:\/\/grupo.us.es\/transadultez\/wp-content\/uploads\/2025\/02\/Foto-M.-Carmen-Garcia-165x300.jpg 165w\" sizes=\"auto, (max-width: 187px) 100vw, 187px\" \/><\/figure>\n<\/div>\n\n\n\n<div class=\"wp-block-column is-layout-flow wp-block-column-is-layout-flow\" style=\"flex-basis:66.66%\">\n<p><\/p>\n\n\n\n<p><strong>M. Carmen Garc\u00eda Mendoza<br><\/strong>Postdoctoral Researcher<br>Department of Developmental and Educational Psychology<br>University of Seville<br>Telephone number: 955 420 528<br>e-mail: mgarcia142@us.es<br>Office 5.79. Faculty of Education Sciences<br>c\/ Pirotectina, s\/n. 41013. Seville<\/p>\n<\/div>\n<\/div>\n\n\n\n<div class=\"wp-block-columns is-layout-flex wp-container-core-columns-is-layout-9d6595d7 wp-block-columns-is-layout-flex\">\n<div class=\"wp-block-column is-layout-flow wp-block-column-is-layout-flow\" style=\"flex-basis:33.33%\">\n<figure class=\"wp-block-image size-full\"><img loading=\"lazy\" decoding=\"async\" width=\"187\" height=\"341\" src=\"https:\/\/grupo.us.es\/transadultez\/wp-content\/uploads\/2025\/06\/IMG_20250219_105443.jpg\" alt=\"\" class=\"wp-image-559\" srcset=\"https:\/\/grupo.us.es\/transadultez\/wp-content\/uploads\/2025\/06\/IMG_20250219_105443.jpg 187w, https:\/\/grupo.us.es\/transadultez\/wp-content\/uploads\/2025\/06\/IMG_20250219_105443-165x300.jpg 165w\" sizes=\"auto, (max-width: 187px) 100vw, 187px\" \/><\/figure>\n<\/div>\n\n\n\n<div class=\"wp-block-column is-layout-flow wp-block-column-is-layout-flow\" style=\"flex-basis:66.66%\">\n<p><strong>Paula Dom\u00ednguez Alarc\u00f3n<br><\/strong>Research personnel<br>Department of Developmental and Educational Psychology<br>University of Seville<br>Telephone number: 955 42 05 27<br>e-mail: paulada395@gmail.com<br>Office 5.80. Faculty of of Education Sciences<br>c\/ Pirotectina, s\/n. 41013. Seville<\/p>\n<\/div>\n<\/div>\n\n\n\n<div class=\"wp-block-columns is-layout-flex wp-container-core-columns-is-layout-9d6595d7 wp-block-columns-is-layout-flex\">\n<div class=\"wp-block-column is-layout-flow wp-block-column-is-layout-flow\" style=\"flex-basis:33.33%\">\n<figure class=\"wp-block-image size-full\"><img loading=\"lazy\" decoding=\"async\" width=\"187\" height=\"260\" src=\"https:\/\/grupo.us.es\/transadultez\/wp-content\/uploads\/2025\/02\/Foto-Marina.jpg\" alt=\"\" class=\"wp-image-477\"\/><\/figure>\n<\/div>\n\n\n\n<div class=\"wp-block-column is-layout-flow wp-block-column-is-layout-flow\" style=\"flex-basis:66.66%\">\n<p><strong>Marina Blanco Rangel<br><\/strong>Research personnel<br>Department of Developmental and Educational Psychology<br>University of Seville<br>Telephone number: 955 420 528<br>e-mail: mblanco4@us.es<br>Office 5.79. Faculty of Education Sciences<br>c\/ Pirotectina, s\/n. 41013. Seville<\/p>\n<\/div>\n<\/div>\n\n\n\n<div class=\"wp-block-columns is-layout-flex wp-container-core-columns-is-layout-9d6595d7 wp-block-columns-is-layout-flex\">\n<div class=\"wp-block-column is-layout-flow wp-block-column-is-layout-flow\" style=\"flex-basis:33.33%\">\n<figure class=\"wp-block-image size-full\"><img loading=\"lazy\" decoding=\"async\" width=\"187\" height=\"341\" src=\"https:\/\/grupo.us.es\/transadultez\/wp-content\/uploads\/2025\/06\/IMG_20250219_104916.jpg\" alt=\"\" class=\"wp-image-561\" srcset=\"https:\/\/grupo.us.es\/transadultez\/wp-content\/uploads\/2025\/06\/IMG_20250219_104916.jpg 187w, https:\/\/grupo.us.es\/transadultez\/wp-content\/uploads\/2025\/06\/IMG_20250219_104916-165x300.jpg 165w\" sizes=\"auto, (max-width: 187px) 100vw, 187px\" \/><\/figure>\n<\/div>\n\n\n\n<div class=\"wp-block-column is-layout-flow wp-block-column-is-layout-flow\" style=\"flex-basis:66.66%\">\n<p><strong>Mario Rodr\u00edguez P\u00e9rez<\/strong><br>Research personnel<strong><br><\/strong>Department of Developmental and Educational Psychology<br>University of Seville<br>Telephone number: 955 420 527<br>e-mail: mrodriguez52@us.es<br>Office 5.78. Faculty of Education Sciences<br>C\/ Pirotecnia, s\/n. 41013. Seville<\/p>\n<\/div>\n<\/div>\n\n\n\n<h2 class=\"wp-block-heading\"><strong>University of the Basque Country \/ Euskal Herriko Unibertsitatea<\/strong><\/h2>\n\n\n\n<div class=\"wp-block-columns is-layout-flex wp-container-core-columns-is-layout-9d6595d7 wp-block-columns-is-layout-flex\">\n<div class=\"wp-block-column is-layout-flow wp-block-column-is-layout-flow\" style=\"flex-basis:33.33%\">\n<figure class=\"wp-block-image size-full\"><img loading=\"lazy\" decoding=\"async\" width=\"187\" height=\"225\" src=\"https:\/\/grupo.us.es\/transadultez\/wp-content\/uploads\/2024\/12\/Foto-Enrique.jpg\" alt=\"\" class=\"wp-image-204\"\/><\/figure>\n<\/div>\n\n\n\n<div class=\"wp-block-column is-layout-flow wp-block-column-is-layout-flow\" style=\"flex-basis:66.66%\">\n<p><strong>Enrique Arranz Freijo<br>Professor of Family Psychology<br><\/strong>Department of Basic Psychological Processes and Their Development<br>University of the Basque Country\/Euskal Herriko Unibertsitatea (Campus Gipuzkoa)<br>Telephone number: 943 01 5700<br>e-mail: e.arranzfreijo@ehu.eus<br>Website:&nbsp;<a href=\"https:\/\/www.haezi.org\/es\/submenu_43.html\" target=\"_blank\" rel=\"noreferrer noopener\">www.haezi.org<\/a>&nbsp;<\/p>\n<\/div>\n<\/div>\n\n\n\n<div class=\"wp-block-columns is-layout-flex wp-container-core-columns-is-layout-9d6595d7 wp-block-columns-is-layout-flex\">\n<div class=\"wp-block-column is-layout-flow wp-block-column-is-layout-flow\" style=\"flex-basis:33.33%\">\n<figure class=\"wp-block-image size-full\"><img loading=\"lazy\" decoding=\"async\" width=\"187\" height=\"225\" src=\"https:\/\/grupo.us.es\/transadultez\/wp-content\/uploads\/2024\/12\/Foto-Izarne.jpg\" alt=\"\" class=\"wp-image-206\"\/><\/figure>\n<\/div>\n\n\n\n<div class=\"wp-block-column is-layout-flow wp-block-column-is-layout-flow\" style=\"flex-basis:66.66%\">\n<p><strong>Izarne Lizaso Elgarresta<br><\/strong>Associate Professor<br>Department of Basic Psychological Processes and Their Development<br>University of the Basque Country\/Euskal Herriko Unibertsitatea (Campus Gipuzkoa)<br>Telephone number: 943 01 5650<br>e-mail: izarne.lizaso@ehu.eus<\/p>\n<\/div>\n<\/div>\n\n\n\n<div class=\"wp-block-columns is-layout-flex wp-container-core-columns-is-layout-9d6595d7 wp-block-columns-is-layout-flex\">\n<div class=\"wp-block-column is-layout-flow wp-block-column-is-layout-flow\" style=\"flex-basis:33.33%\">\n<figure class=\"wp-block-image size-full\"><img loading=\"lazy\" decoding=\"async\" width=\"187\" height=\"225\" src=\"https:\/\/grupo.us.es\/transadultez\/wp-content\/uploads\/2025\/01\/Foto-Klara-1.jpg\" alt=\"\" class=\"wp-image-450\"\/><\/figure>\n<\/div>\n\n\n\n<div class=\"wp-block-column is-layout-flow wp-block-column-is-layout-flow\" style=\"flex-basis:66.66%\">\n<p><strong>Klara Smith Echeberria<\/strong><br>Assistant Professor<br>Department of Basic Psychological Processes and Their Development<br>University of the Basque Country\/Euskal Herriko Unibertsitatea<br>Telephone number: 943 01 8914<br>e-mail:&nbsp;<a href=\"mailto:klara.smith@ehu.eus\">klara.smith@ehu.eus<\/a><br>Website:&nbsp;<a href=\"https:\/\/www.ehu.eus\/es\/web\/ppb\/-\/klara-smith-etxeberria\">https:\/\/www.ehu.eus\/es\/web\/ppb\/-\/klara-smith-etxeberria<\/a><\/p>\n<\/div>\n<\/div>\n\n\n\n<div class=\"wp-block-columns is-layout-flex wp-container-core-columns-is-layout-9d6595d7 wp-block-columns-is-layout-flex\">\n<div class=\"wp-block-column is-layout-flow wp-block-column-is-layout-flow\" style=\"flex-basis:33.33%\">\n<figure class=\"wp-block-image size-full\"><img loading=\"lazy\" decoding=\"async\" width=\"187\" height=\"225\" src=\"https:\/\/grupo.us.es\/transadultez\/wp-content\/uploads\/2025\/01\/Foto-Patricia.jpg\" alt=\"\" class=\"wp-image-455\"\/><\/figure>\n<\/div>\n\n\n\n<div class=\"wp-block-column is-layout-flow wp-block-column-is-layout-flow\" style=\"flex-basis:66.66%\">\n<p><strong>Patricia Macia Guerrero<\/strong><br>Adjunct Professor<br>Department of Basic Psychological Processes and Their Development<br>University of the Basque Country\/Euskal Herriko Unibertsitatea<br>Telephone number: 943 01 5449<br>e-mail:&nbsp;<a href=\"mailto:patricia.macia@ehu.eus\">patricia.macia@ehu.eus<\/a><br>Website:&nbsp;<a href=\"https:\/\/www.ehu.eus\/es\/web\/ppb\/-\/patricia-macia-guerrero\">https:\/\/www.ehu.eus\/es\/web\/ppb\/-\/patricia-macia-guerrero<\/a><\/p>\n<\/div>\n<\/div>\n\n\n\n<h2 class=\"wp-block-heading\">University School of Osuna (Seville)<\/h2>\n\n\n\n<div class=\"wp-block-columns is-layout-flex wp-container-core-columns-is-layout-9d6595d7 wp-block-columns-is-layout-flex\">\n<div class=\"wp-block-column is-layout-flow wp-block-column-is-layout-flow\" style=\"flex-basis:33.33%\">\n<figure class=\"wp-block-image size-full\"><img loading=\"lazy\" decoding=\"async\" width=\"187\" height=\"225\" src=\"https:\/\/grupo.us.es\/transadultez\/wp-content\/uploads\/2024\/12\/Foto-Reyes.jpg\" alt=\"\" class=\"wp-image-208\"\/><\/figure>\n<\/div>\n\n\n\n<div class=\"wp-block-column is-layout-flow wp-block-column-is-layout-flow\" style=\"flex-basis:66.66%\">\n<p><br><strong>Reyes Vargas Jim\u00e9nez<br><\/strong>Academic staff<br>University School of Osuna (Seville)<br>e-mail: reyesvj@euosuna.org<br>Website:&nbsp;<a href=\"https:\/\/goo.gl\/wvwBrY\" target=\"_blank\" rel=\"noreferrer noopener\">www.euosuna.org<\/a><\/p>\n<\/div>\n<\/div>\n\n\n\n<div class=\"wp-block-columns is-layout-flex wp-container-core-columns-is-layout-9d6595d7 wp-block-columns-is-layout-flex\">\n<div class=\"wp-block-column is-layout-flow wp-block-column-is-layout-flow\" style=\"flex-basis:33.33%\">\n<figure class=\"wp-block-image size-full\"><img loading=\"lazy\" decoding=\"async\" width=\"187\" height=\"249\" src=\"https:\/\/grupo.us.es\/transadultez\/wp-content\/uploads\/2025\/03\/Foto-Rocio.jpg\" alt=\"\" class=\"wp-image-517\"\/><\/figure>\n<\/div>\n\n\n\n<div class=\"wp-block-column is-layout-flow wp-block-column-is-layout-flow\" style=\"flex-basis:66.66%\">\n<p><br><strong>Roc\u00edo de la Fuente Mart\u00edn<br><\/strong>Academic staff<br>University School of Osuna (Seville)<br>e-mail: rociofm@euosuna.org<br>Website:&nbsp;<a href=\"https:\/\/goo.gl\/ox6hQK\" target=\"_blank\" rel=\"noreferrer noopener\">www.euosuna.org<\/a><\/p>\n<\/div>\n<\/div>\n\n\n\n<h2 class=\"wp-block-heading\">International members<\/h2>\n\n\n\n<div class=\"wp-block-columns is-layout-flex wp-container-core-columns-is-layout-9d6595d7 wp-block-columns-is-layout-flex\">\n<div class=\"wp-block-column is-layout-flow wp-block-column-is-layout-flow\" style=\"flex-basis:33.33%\">\n<figure class=\"wp-block-image size-full\"><img loading=\"lazy\" decoding=\"async\" width=\"187\" height=\"225\" src=\"https:\/\/grupo.us.es\/transadultez\/wp-content\/uploads\/2024\/12\/Foto-Jeffrey.jpg\" alt=\"\" class=\"wp-image-213\"\/><\/figure>\n<\/div>\n\n\n\n<div class=\"wp-block-column is-layout-flow wp-block-column-is-layout-flow\" style=\"flex-basis:66.66%\">\n<p><strong>Jeffrey Jensen Arnett<br><\/strong>Research Professor of Psychology<br>Clark University (Worcester, Massachusetts, USA).<br>Telephone number: (774)-437-2126<br>e-mail: arnett@jeffreyarnett.com<br>Website:&nbsp;<a href=\"https:\/\/www.jeffreyarnett.com\/\" target=\"_blank\" rel=\"noreferrer noopener\">www.jeffreyarnett.com\/<\/a><\/p>\n<\/div>\n<\/div>\n\n\n\n<div class=\"wp-block-columns is-layout-flex wp-container-core-columns-is-layout-9d6595d7 wp-block-columns-is-layout-flex\">\n<div class=\"wp-block-column is-layout-flow wp-block-column-is-layout-flow\" style=\"flex-basis:33.33%\">\n<figure class=\"wp-block-image size-large is-resized\"><img loading=\"lazy\" decoding=\"async\" width=\"682\" height=\"1024\" src=\"https:\/\/grupo.us.es\/transadultez\/wp-content\/uploads\/2025\/10\/Lene-Jensen-Professional2-060412-3-682x1024.jpg\" alt=\"\" class=\"wp-image-708\" style=\"width:187px;height:auto\" srcset=\"https:\/\/grupo.us.es\/transadultez\/wp-content\/uploads\/2025\/10\/Lene-Jensen-Professional2-060412-3-682x1024.jpg 682w, https:\/\/grupo.us.es\/transadultez\/wp-content\/uploads\/2025\/10\/Lene-Jensen-Professional2-060412-3-200x300.jpg 200w, https:\/\/grupo.us.es\/transadultez\/wp-content\/uploads\/2025\/10\/Lene-Jensen-Professional2-060412-3-768x1152.jpg 768w, https:\/\/grupo.us.es\/transadultez\/wp-content\/uploads\/2025\/10\/Lene-Jensen-Professional2-060412-3.jpg 933w\" sizes=\"auto, (max-width: 682px) 100vw, 682px\" \/><\/figure>\n<\/div>\n\n\n\n<div class=\"wp-block-column is-layout-flow wp-block-column-is-layout-flow\" style=\"flex-basis:66.66%\">\n<p><strong>Lene Arnett Jensen<br><\/strong>Senior Research Scientist<br>Clark University (Worcester, Massachusetts, USA)<br>e-mail:\u00a0<a href=\"mailto:ljensen@clarku.edu\">ljensen@clarku.edu<\/a><br>Website:\u00a0<a href=\"https:\/\/www.lenearnettjensen.com\/\" target=\"_blank\" rel=\"noreferrer noopener\">www.LeneArnettJensen.com<\/a>\u00a0<\/p>\n<\/div>\n<\/div>\n\n\n\n<div class=\"wp-block-columns is-layout-flex wp-container-core-columns-is-layout-9d6595d7 wp-block-columns-is-layout-flex\">\n<div class=\"wp-block-column is-layout-flow wp-block-column-is-layout-flow\" style=\"flex-basis:33.33%\">\n<figure class=\"wp-block-image size-full\"><img loading=\"lazy\" decoding=\"async\" width=\"187\" height=\"225\" src=\"https:\/\/grupo.us.es\/transadultez\/wp-content\/uploads\/2024\/12\/Foto-Claudia.jpg\" alt=\"\" class=\"wp-image-222\"\/><\/figure>\n<\/div>\n\n\n\n<div class=\"wp-block-column is-layout-flow wp-block-column-is-layout-flow\" style=\"flex-basis:66.66%\">\n<p><strong>Cl\u00e1udia Andrade.<br><\/strong>Professora Coordenadora. Escola Superior de Educa\u00e7\u00e3o (ESEC), Polit\u00e9cnico de Coimbra, Portugal<br>Integrated Researcher. Centro de Psicologia da Universidade do Porto, Portugal<br>Telephone number:+351 239 773120<br>e-mail: mcandrade@esec.pt<br>Website:&nbsp;<a href=\"https:\/\/www.cienciavitae.pt\/portal\/151E-B502-428A\" target=\"_blank\" rel=\"noreferrer noopener\">https:\/\/www.cienciavitae.pt\/portal\/151E-B502-428A<\/a><\/p>\n<\/div>\n<\/div>\n\n\n\n<div class=\"wp-block-columns is-layout-flex wp-container-core-columns-is-layout-9d6595d7 wp-block-columns-is-layout-flex\">\n<div class=\"wp-block-column is-layout-flow wp-block-column-is-layout-flow\" style=\"flex-basis:33.33%\">\n<figure class=\"wp-block-image size-full\"><img loading=\"lazy\" decoding=\"async\" width=\"187\" height=\"225\" src=\"https:\/\/grupo.us.es\/transadultez\/wp-content\/uploads\/2024\/12\/Foto-Susana.jpg\" alt=\"\" class=\"wp-image-227\"\/><\/figure>\n<\/div>\n\n\n\n<div class=\"wp-block-column is-layout-flow wp-block-column-is-layout-flow\" style=\"flex-basis:66.66%\">\n<p><strong>Susana Maria Gon\u00e7alves Coimbra<br><\/strong>Assistant Professor<br>\u00b9Departamento Faculdade de Psicologia e de Ci\u00eancias da Educa\u00e7\u00e3o da Universidade do Porto.<br>\u00b2Departamento de Psicologia Universidad do Porto, Portugal.<br>Telephone number:+351 22 607 97 00<br>e-mail: susana@fpce.up.pt<br>Website:&nbsp;<a href=\"https:\/\/cpd-cpup.com\/researchers\/susana-coimbra\/\" target=\"_blank\" rel=\"noreferrer noopener\">https:\/\/cpd-cpup.com\/researchers\/susana-coimbra\/<\/a><\/p>\n<\/div>\n<\/div>\n\n\n\n<h2 class=\"wp-block-heading\">Other colleages who contributed to this project <\/h2>\n\n\n\n<div class=\"wp-block-columns is-layout-flex wp-container-core-columns-is-layout-9d6595d7 wp-block-columns-is-layout-flex\">\n<div class=\"wp-block-column is-layout-flow wp-block-column-is-layout-flow\" style=\"flex-basis:33.33%\">\n<figure class=\"wp-block-image size-full\"><img loading=\"lazy\" decoding=\"async\" width=\"187\" height=\"225\" src=\"https:\/\/grupo.us.es\/transadultez\/wp-content\/uploads\/2024\/12\/Foto-Carlos.jpg\" alt=\"\" class=\"wp-image-229\"\/><\/figure>\n<\/div>\n\n\n\n<div class=\"wp-block-column is-layout-flow wp-block-column-is-layout-flow\" style=\"flex-basis:66.66%\">\n<p><strong>Carlos Camacho Mart\u00ednez Vara de Rey<br><\/strong>Tenured Professor<br>Department of Experimental Psychology<br>University of Seville<br>Telephone number: 954 55 76 74<br>e-mail: vararey@us.es<br>Website:&nbsp;<a href=\"https:\/\/personal.us.es\/vararey\/\" target=\"_blank\" rel=\"noreferrer noopener\">personal.us.es\/vararey<\/a>&nbsp;<br>c\/ Camilo Jos\u00e9 Cela, s\/n. 41018. Sevilla.<br>Cessation of employment due to retirement<\/p>\n<\/div>\n<\/div>\n\n\n\n<div class=\"wp-block-columns is-layout-flex wp-container-core-columns-is-layout-9d6595d7 wp-block-columns-is-layout-flex\">\n<div class=\"wp-block-column is-layout-flow wp-block-column-is-layout-flow\" style=\"flex-basis:33.33%\">\n<figure class=\"wp-block-image size-full\"><img loading=\"lazy\" decoding=\"async\" width=\"187\" height=\"225\" src=\"https:\/\/grupo.us.es\/transadultez\/wp-content\/uploads\/2024\/12\/Foto-Laura-1.jpg\" alt=\"\" class=\"wp-image-233\"\/><\/figure>\n<\/div>\n\n\n\n<div class=\"wp-block-column is-layout-flow wp-block-column-is-layout-flow\" style=\"flex-basis:66.66%\">\n<p><strong>Laura S\u00e1nchez Garc\u00eda<br><\/strong>Research personnel<br>Department of Developmental and Educational Psychology<br>University of Seville<br>Telephone number: 955 420 528<br>e-mail:&nbsp;lsgarcia@us.es<br>Office 5.79. Faculty of Education Sciences<br>c\/ Pirotectina, s\/n. 41013. Seville<\/p>\n<\/div>\n<\/div>\n\n\n\n<div class=\"wp-block-columns is-layout-flex wp-container-core-columns-is-layout-9d6595d7 wp-block-columns-is-layout-flex\">\n<div class=\"wp-block-column is-layout-flow wp-block-column-is-layout-flow\" style=\"flex-basis:33.33%\">\n<figure class=\"wp-block-image size-full\"><img loading=\"lazy\" decoding=\"async\" width=\"187\" height=\"225\" src=\"https:\/\/grupo.us.es\/transadultez\/wp-content\/uploads\/2024\/12\/Foto-Andrew.jpg\" alt=\"\" class=\"wp-image-218\"\/><\/figure>\n<\/div>\n\n\n\n<div class=\"wp-block-column is-layout-flow wp-block-column-is-layout-flow\" style=\"flex-basis:66.66%\">\n<p><strong>Andrew Rothwell<br><\/strong>Lecturer in Human Resource Management.<br>Loughborough University, U.k.<br>Telephone number:+44 (0)1509 228006<br>e-mail: A.T.Rothwell@lboro.ac.uk<br>Website:&nbsp;<a href=\"https:\/\/www.lboro.ac.uk\/departments\/sbe\/staff\/andrew-rothwell\/\" target=\"_blank\" rel=\"noreferrer noopener\">www.lboro.ac.uk&nbsp;<\/a><br>Cessation of employment due to retirement<\/p>\n<\/div>\n<\/div>\n\n\n\n<div class=\"wp-block-columns is-layout-flex wp-container-core-columns-is-layout-9d6595d7 wp-block-columns-is-layout-flex\">\n<div class=\"wp-block-column is-layout-flow wp-block-column-is-layout-flow\" style=\"flex-basis:33.33%\">\n<figure class=\"wp-block-image size-full\"><img loading=\"lazy\" decoding=\"async\" width=\"187\" height=\"225\" src=\"https:\/\/grupo.us.es\/transadultez\/wp-content\/uploads\/2024\/12\/Foto-Jose.jpg\" alt=\"\" class=\"wp-image-220\"\/><\/figure>\n<\/div>\n\n\n\n<div class=\"wp-block-column is-layout-flow wp-block-column-is-layout-flow\" style=\"flex-basis:66.66%\">\n<p><strong>Jose Egidio Oliveira<br><\/strong>Postdoctoral researcher.<br>Universit\u00e9 du Luxembourg, Luxemburgo.<br>Telephone number.:+351 918760305<br>e-mail: egidiooliveira@gmail.com; jose.oliveira@uni.lu<br>Website:&nbsp;<a href=\"https:\/\/wwwfr.uni.lu\/recherche\/fhse\/dgeo\/people\/jose_oliveira\" target=\"_blank\" rel=\"noreferrer noopener\">https:\/\/wwwfr.uni.lu\/recherche\/fhse\/dgeo\/people\/jose_oliveira&nbsp;<\/a><\/p>\n<\/div>\n<\/div>\n","protected":false},"excerpt":{"rendered":"<p>University of Seville \u00c1gueda Parra Jim\u00e9nezTenured professorDepartment of Developmental and Educational PsychologyUniversity of SevilleTelephone number: 955 420 527e-mail: aparra@us.esWebsite:&nbsp;personal.us.es\/aparraOffice 302. Faculty of Psychology.c\/ Camilo Jos\u00e9 Cela, s\/n. 41018. Seville. Inmaculada S\u00e1nchez QueijaTenured professorDepartment of Developmental and Educational PsychologyUniversity of SevilleTelephone number.: 955 420 528e-mail: queija@us.esWebsite:&nbsp;personal.us.es\/queijaOffice 5.79. Faculty of Education Sciencesc\/ Pirotecnia, s\/n. 41013. Seville Marta [&hellip;]<\/p>\n","protected":false},"author":2,"featured_media":0,"parent":0,"menu_order":0,"comment_status":"closed","ping_status":"closed","template":"","meta":{"footnotes":""},"class_list":["post-557","page","type-page","status-publish","hentry"],"_links":{"self":[{"href":"https:\/\/grupo.us.es\/transadultez\/wp-json\/wp\/v2\/pages\/557","targetHints":{"allow":["GET"]}}],"collection":[{"href":"https:\/\/grupo.us.es\/transadultez\/wp-json\/wp\/v2\/pages"}],"about":[{"href":"https:\/\/grupo.us.es\/transadultez\/wp-json\/wp\/v2\/types\/page"}],"author":[{"embeddable":true,"href":"https:\/\/grupo.us.es\/transadultez\/wp-json\/wp\/v2\/users\/2"}],"replies":[{"embeddable":true,"href":"https:\/\/grupo.us.es\/transadultez\/wp-json\/wp\/v2\/comments?post=557"}],"version-history":[{"count":3,"href":"https:\/\/grupo.us.es\/transadultez\/wp-json\/wp\/v2\/pages\/557\/revisions"}],"predecessor-version":[{"id":710,"href":"https:\/\/grupo.us.es\/transadultez\/wp-json\/wp\/v2\/pages\/557\/revisions\/710"}],"wp:attachment":[{"href":"https:\/\/grupo.us.es\/transadultez\/wp-json\/wp\/v2\/media?parent=557"}],"curies":[{"name":"wp","href":"https:\/\/api.w.org\/{rel}","templated":true}]}}