{"id":53,"date":"2024-12-04T12:13:43","date_gmt":"2024-12-04T11:13:43","guid":{"rendered":"https:\/\/grupo.us.es\/transadultez\/?page_id=53"},"modified":"2025-06-16T08:58:40","modified_gmt":"2025-06-16T06:58:40","slug":"tesis-doctorales","status":"publish","type":"page","link":"https:\/\/grupo.us.es\/transadultez\/tesis-doctorales\/","title":{"rendered":"Tesis doctorales"},"content":{"rendered":"\n<p><strong>De la fuente Mart\u00edn, Roc\u00edo. (2022).&nbsp;<em>El florecimiento en la adultez emergente<\/em>. (Tesis Doctoral In\u00e9dita). Universidad de Sevilla, Sevilla.<\/strong><\/p>\n\n\n\n<ul class=\"wp-block-list\">\n<li>Dirigida por: \u00c1gueda Parra e Inmaculada S\u00e1nchez-Queija.<\/li>\n\n\n\n<li>Fecha de la defensa: Julio 2022<\/li>\n\n\n\n<li>Calificaci\u00f3n: Sobresaliente Cum-Laude.<\/li>\n<\/ul>\n\n\n\n<p><strong>Garc\u00eda Mendoza, M.d.C. (2021).&nbsp;<em>Las relaciones familiares durante la adultez emergente<\/em>. (Tesis Doctoral In\u00e9dita). Universidad de Sevilla, Sevilla.<\/strong><\/p>\n\n\n\n<ul class=\"wp-block-list\">\n<li>Dirigida por: Inmaculada S\u00e1nchez-Queija y \u00c1gueda Parra.<\/li>\n\n\n\n<li>Fecha de la defensa: Junio 2021<\/li>\n\n\n\n<li>Calificaci\u00f3n: Sobresaliente Cum-Laude.<\/li>\n\n\n\n<li>Tesis con Menci\u00f3n Internacional<\/li>\n<\/ul>\n\n\n\n<p><\/p>\n","protected":false},"excerpt":{"rendered":"<p>De la fuente Mart\u00edn, Roc\u00edo. (2022).&nbsp;El florecimiento en la adultez emergente. (Tesis Doctoral In\u00e9dita). Universidad de Sevilla, Sevilla. Garc\u00eda Mendoza, M.d.C. (2021).&nbsp;Las relaciones familiares durante la adultez emergente. (Tesis Doctoral In\u00e9dita). Universidad de Sevilla, Sevilla.<\/p>\n","protected":false},"author":2,"featured_media":0,"parent":0,"menu_order":0,"comment_status":"closed","ping_status":"closed","template":"","meta":{"footnotes":""},"class_list":["post-53","page","type-page","status-publish","hentry"],"_links":{"self":[{"href":"https:\/\/grupo.us.es\/transadultez\/wp-json\/wp\/v2\/pages\/53","targetHints":{"allow":["GET"]}}],"collection":[{"href":"https:\/\/grupo.us.es\/transadultez\/wp-json\/wp\/v2\/pages"}],"about":[{"href":"https:\/\/grupo.us.es\/transadultez\/wp-json\/wp\/v2\/types\/page"}],"author":[{"embeddable":true,"href":"https:\/\/grupo.us.es\/transadultez\/wp-json\/wp\/v2\/users\/2"}],"replies":[{"embeddable":true,"href":"https:\/\/grupo.us.es\/transadultez\/wp-json\/wp\/v2\/comments?post=53"}],"version-history":[{"count":2,"href":"https:\/\/grupo.us.es\/transadultez\/wp-json\/wp\/v2\/pages\/53\/revisions"}],"predecessor-version":[{"id":174,"href":"https:\/\/grupo.us.es\/transadultez\/wp-json\/wp\/v2\/pages\/53\/revisions\/174"}],"wp:attachment":[{"href":"https:\/\/grupo.us.es\/transadultez\/wp-json\/wp\/v2\/media?parent=53"}],"curies":[{"name":"wp","href":"https:\/\/api.w.org\/{rel}","templated":true}]}}