{"id":45,"date":"2024-12-04T12:11:33","date_gmt":"2024-12-04T11:11:33","guid":{"rendered":"https:\/\/grupo.us.es\/transadultez\/?page_id=45"},"modified":"2025-09-02T13:48:21","modified_gmt":"2025-09-02T11:48:21","slug":"proyectos-financiados","status":"publish","type":"page","link":"https:\/\/grupo.us.es\/transadultez\/proyectos-financiados\/","title":{"rendered":"Proyectos financiados"},"content":{"rendered":"\n<p><strong>Avanzando en el conocimiento de la juventud espa\u00f1ola desde 2015 a trav\u00e9s de un estudio secuencial longitudinal mixto (Proyecto\u00a0CYTAES: Ciencia\u00a0y\u00a0Transferencia de\u00a0Apoyo a la\u00a0Adultez\u00a0Emergente en\u00a0Espa\u00f1a).<\/strong><br>Referencia: PID2024-155825NB-I00<br>Investigadoras principales: Inmaculada S\u00e1nchez Queija y \u00c1gueda Parra Jim\u00e9nez<br>Financiado por el Ministerio de Ciencia, Innovaci\u00f3n y Universidades. Cofinanciado por la Uni\u00f3n Europea y la Agencia Estatal de Investigaci\u00f3n.<\/p>\n\n\n\n<figure class=\"wp-block-image size-large is-resized\"><img decoding=\"async\" src=\"https:\/\/encrypted-tbn0.gstatic.com\/images?q=tbn:ANd9GcROtacu5nKC6AI_k7dmpleaC-ZSSdqXrB5uk3tO4ZAbIw&amp;s&amp;ec=73068120\" alt=\"\" style=\"width:229px;height:auto\"\/><\/figure>\n\n\n\n<p><strong>2022-2023. \u201cA positive approach to wellbeing in adolescence and emerging adulthood\u00bb.<\/strong><br>Referencia: 4957\/2032<br>Investigadora principal: Marta D\u00edez<br>Financiado por el Observatorio Social de la Caixa en (FS22_1B Realidad Social de los j\u00f3venes en Espa\u00f1a).<br>M\u00e1s informaci\u00f3n: <a href=\"https:\/\/investigacion.us.es\/sisius\/sis_proyecto.php?idproy=38377\">https:\/\/investigacion.us.es\/sisius\/sis_proyecto.php?idproy=38377<\/a><\/p>\n\n\n\n<figure class=\"wp-block-image size-full\"><img loading=\"lazy\" decoding=\"async\" width=\"228\" height=\"60\" src=\"https:\/\/grupo.us.es\/transadultez\/wp-content\/uploads\/2025\/03\/Logo-Obra-Social-1.png\" alt=\"\" class=\"wp-image-505\"\/><\/figure>\n\n\n\n<p><strong>2023-2025.\u00a0Factores de riesgo y protecci\u00f3n en la adultez emergente. Un estudio longitudinal-secuencial<\/strong><br>C\u00f3digo:\u00a0PROYEXCEL_00766\u00a0<br>Investigadoras principales: \u00c1gueda Parra Jim\u00e9nez e\u00a0\u00a0Inmaculada S\u00e1nchez-Queija.<br>Financiado por\u00a0Junta de Andaluc\u00eda (Consejer\u00eda de Transformaci\u00f3n Econ\u00f3mica, Industria, Conocimiento y Universidades).<br>M\u00e1s informaci\u00f3n: <a href=\"https:\/\/investigacion.us.es\/sisius\/sis_proyecto.php?idproy=35969\">https:\/\/investigacion.us.es\/sisius\/sis_proyecto.php?idproy=35969<\/a><\/p>\n\n\n\n<figure class=\"wp-block-image size-full\"><img loading=\"lazy\" decoding=\"async\" width=\"263\" height=\"100\" src=\"https:\/\/grupo.us.es\/transadultez\/wp-content\/uploads\/2025\/03\/Logo-Consejeria-Junta-3.jpg\" alt=\"\" class=\"wp-image-509\"\/><\/figure>\n\n\n\n<p><strong>2019-2021.\u00a0Longitudinal Sequential study about Transition to Adulthood in Spain \/ Estudio longitudinal secuencial sobre la transici\u00f3n a la adultez en Espa\u00f1a<\/strong><br>C\u00f3digo:\u00a0\u00a0RTI2018-097405-B-I00\u00a0<br>Investigadoras principales: Inmaculada S\u00e1nchez-Queija y\u00a0\u00c1gueda Parra Jim\u00e9nez.<br>Financiado por el Ministerio de Ciencia, Innovaci\u00f3n y Universidades.<br>M\u00e1s informaci\u00f3n: <a href=\"https:\/\/investigacion.us.es\/sisius\/sis_proyecto.php?idproy=29417\">https:\/\/investigacion.us.es\/sisius\/sis_proyecto.php?idproy=29417<\/a><\/p>\n\n\n\n<figure class=\"wp-block-image size-full\"><img loading=\"lazy\" decoding=\"async\" width=\"240\" height=\"70\" src=\"https:\/\/grupo.us.es\/transadultez\/wp-content\/uploads\/2025\/03\/Logo-Ministerio-de-Ciencia-e-Innovacion-2.png\" alt=\"\" class=\"wp-image-507\"\/><\/figure>\n\n\n\n<p><strong>2018.\u00a0Longitudinal Study about Transition to Adulthood in Spain \/ Estudio longitudinal sobre la transici\u00f3n a la adultez en Espa\u00f1a<\/strong><br>C\u00f3digo: 2018\/514<br>Investigadoras principales:\u00a0\u00c1gueda Parra Jim\u00e9nez\u00a0e Inmaculada S\u00e1nchez-Queija.<br>Financiado por la Universidad de Sevilla. Ayuda a Proyectos de Investigaci\u00f3n Precompetitivos.<br>Fecha: 8\/05\/2018 \u2013 31\/12\/2018.\u00a0<\/p>\n\n\n\n<figure class=\"wp-block-image size-full\"><img loading=\"lazy\" decoding=\"async\" width=\"256\" height=\"120\" src=\"https:\/\/grupo.us.es\/transadultez\/wp-content\/uploads\/2025\/03\/Logo-US.jpg\" alt=\"\" class=\"wp-image-493\"\/><\/figure>\n\n\n\n<p><strong>2013-2017.\u00a0\u00a0 The Transition to Adulthood in Spain: Study on the Keys of Psychosocial Adjustment and, Basis for Preventive Intervention \/La Transici\u00f3n a la Adultez en Espa\u00f1a: Estudio Sobre las Claves del Ajuste Psicosocial y Fundamentos para su Intervenci\u00f3n Preventiva<\/strong><br>C\u00f3digo: EDU2013-45687-R<br>Investigadora Principal: \u00c1gueda Parra.<br>Financiado por el Ministerio de Econom\u00eda y Competitividad del Gobierno de Espa\u00f1a.\u00a0<br>M\u00e1s informaci\u00f3n:\u00a0<a href=\"https:\/\/goo.gl\/iGbPSk\" target=\"_blank\" rel=\"noreferrer noopener\">https:\/\/goo.gl\/iGbPSk<\/a><\/p>\n\n\n\n<figure class=\"wp-block-image size-full\"><img loading=\"lazy\" decoding=\"async\" width=\"207\" height=\"50\" src=\"https:\/\/grupo.us.es\/transadultez\/wp-content\/uploads\/2025\/03\/Logotipo_del_Ministerio_de_Economia_y_Competitividad.png\" alt=\"\" class=\"wp-image-491\"\/><\/figure>\n\n\n\n<p><strong>2006-2009. From Adolescence to Emerging Adulthood. A longitudinal Study about live trajectories \/ De la adolescencia a la adultez emergente. Un estudio longitudinal sobre trayectorias de vida<\/strong><br>C\u00f3digo: SEJ2006-06433.\u00a0<br>Investigador Principal: Alfredo Oliva<br>Financiado por el Ministerio de Educaci\u00f3n y Ciencia.<br>M\u00e1s informaci\u00f3n:\u00a0<a href=\"https:\/\/goo.gl\/ApU53m\" target=\"_blank\" rel=\"noreferrer noopener\">https:\/\/goo.gl\/ApU53m<\/a><\/p>\n\n\n\n<figure class=\"wp-block-image size-full\"><img loading=\"lazy\" decoding=\"async\" width=\"196\" height=\"50\" src=\"https:\/\/grupo.us.es\/transadultez\/wp-content\/uploads\/2025\/03\/Logotipo_del_Ministerio_de_Educacion_y_Ciencia-1.png\" alt=\"\" class=\"wp-image-489\"\/><\/figure>\n\n\n\n<p><\/p>\n\n\n\n<p><a href=\"https:\/\/grupo.us.es\/transadultez\/wp-content\/uploads\/2025\/01\/Proteccion-datos-pagina-web.pdf\">Consulte aqu\u00ed la pol\u00edtica de protecci\u00f3n de datos de nuestro proyecto<\/a><\/p>\n\n\n\n<p><\/p>\n","protected":false},"excerpt":{"rendered":"<p>Avanzando en el conocimiento de la juventud espa\u00f1ola desde 2015 a trav\u00e9s de un estudio secuencial longitudinal mixto (Proyecto\u00a0CYTAES: Ciencia\u00a0y\u00a0Transferencia de\u00a0Apoyo a la\u00a0Adultez\u00a0Emergente en\u00a0Espa\u00f1a).Referencia: PID2024-155825NB-I00Investigadoras principales: Inmaculada S\u00e1nchez Queija y \u00c1gueda Parra Jim\u00e9nezFinanciado por el Ministerio de Ciencia, Innovaci\u00f3n y Universidades. Cofinanciado por la Uni\u00f3n Europea y la Agencia Estatal de Investigaci\u00f3n. 2022-2023. \u201cA positive [&hellip;]<\/p>\n","protected":false},"author":2,"featured_media":0,"parent":0,"menu_order":0,"comment_status":"closed","ping_status":"closed","template":"","meta":{"footnotes":""},"class_list":["post-45","page","type-page","status-publish","hentry"],"_links":{"self":[{"href":"https:\/\/grupo.us.es\/transadultez\/wp-json\/wp\/v2\/pages\/45","targetHints":{"allow":["GET"]}}],"collection":[{"href":"https:\/\/grupo.us.es\/transadultez\/wp-json\/wp\/v2\/pages"}],"about":[{"href":"https:\/\/grupo.us.es\/transadultez\/wp-json\/wp\/v2\/types\/page"}],"author":[{"embeddable":true,"href":"https:\/\/grupo.us.es\/transadultez\/wp-json\/wp\/v2\/users\/2"}],"replies":[{"embeddable":true,"href":"https:\/\/grupo.us.es\/transadultez\/wp-json\/wp\/v2\/comments?post=45"}],"version-history":[{"count":23,"href":"https:\/\/grupo.us.es\/transadultez\/wp-json\/wp\/v2\/pages\/45\/revisions"}],"predecessor-version":[{"id":687,"href":"https:\/\/grupo.us.es\/transadultez\/wp-json\/wp\/v2\/pages\/45\/revisions\/687"}],"wp:attachment":[{"href":"https:\/\/grupo.us.es\/transadultez\/wp-json\/wp\/v2\/media?parent=45"}],"curies":[{"name":"wp","href":"https:\/\/api.w.org\/{rel}","templated":true}]}}