{"id":379,"date":"2024-12-19T11:05:29","date_gmt":"2024-12-19T10:05:29","guid":{"rendered":"https:\/\/grupo.us.es\/transadultez\/?page_id=379"},"modified":"2025-06-16T08:57:49","modified_gmt":"2025-06-16T06:57:49","slug":"presentacion","status":"publish","type":"page","link":"https:\/\/grupo.us.es\/transadultez\/presentacion\/","title":{"rendered":"Presentaci\u00f3n"},"content":{"rendered":"\n<p>Uno de los cambios m\u00e1s profundos producidos en los pa\u00edses industrializados desde finales del siglo XX tiene que ver con el retraso de las personas j\u00f3venes en la asunci\u00f3n de roles adultos. As\u00ed, hay bastante consenso en que, al menos en estos pa\u00edses, ha surgido una nueva etapa en el desarrollo denominada Adultez Emergente (Arnett,2000 ). En esta etapa estar\u00edan los y las j\u00f3venes de entre 18 y 29 a\u00f1os, que ya no son adolescentes pero que en muchos casos distan bastante de poder considerarse personas adultas, con las tareas evolutivas que esto conlleva.&nbsp;<\/p>\n\n\n\n<p>Un grupo de investigadores e investigadoras de la Universidad de Sevilla y de la Universidad del Pa\u00eds Vasco nos hemos unido para estudiar en profundidad esta nueva etapa del desarrollo. Esta web pretende ser el lugar en el que se encuentren, tanto los resultados obtenidos de los<strong>&nbsp;trabajos de investigaci\u00f3n relativos a la adultez emergente<\/strong>&nbsp;que realizamos, como informaciones relativas a esta etapa.<\/p>\n\n\n\n<p>Tenemos una larga trayectoria en el estudio de la adolescencia desde el paradigma del desarrollo positivo y la salud, as\u00ed como en el de la familia y los iguales como contextos de desarrollo. En el \u00e1rea espec\u00edfica de la adolescencia nuestra producci\u00f3n investigadora no se reduce exclusivamente al \u00e1mbito acad\u00e9mico. Nuestro inter\u00e9s por la transferencia del conocimiento se refleja en el desarrollo de programas de intervenci\u00f3n y en diversos trabajos de divulgaci\u00f3n que se pueden encontrar en nuestras p\u00e1ginas personales (ver&nbsp;<a href=\"https:\/\/grupo.us.es\/transadultez\/?page_id=43\" data-type=\"page\" data-id=\"43\">grupo de investigaci\u00f3n<\/a>)<\/p>\n\n\n\n<p>Nuestro actual objetivo es profundizar en las variables que promueven el ajuste psicosocial de adultos y adultas emergentes y su capacidad de adaptaci\u00f3n al entorno, con el fin \u00faltimo de apoyar, en base a la evidencia emp\u00edrica, pol\u00edticas de intervenci\u00f3n que optimicen el desarrollo durante estos a\u00f1os, facilitando la transici\u00f3n a la vida adulta y el bienestar de nuestros j\u00f3venes. J\u00f3venes que son el presente y el futuro de nuestra sociedad. &nbsp;Si quieres conocernos un poco mejor, puedes ver el v\u00eddeo que aparece a continuaci\u00f3n<\/p>\n\n\n\n<figure class=\"wp-block-video\"><video controls src=\"https:\/\/grupo.us.es\/transadultez\/wp-content\/uploads\/2024\/12\/Video-TAE-con-subtitulos-3-420.mp4\"><\/video><\/figure>\n","protected":false},"excerpt":{"rendered":"<p>Uno de los cambios m\u00e1s profundos producidos en los pa\u00edses industrializados desde finales del siglo XX tiene que ver con el retraso de las personas j\u00f3venes en la asunci\u00f3n de roles adultos. As\u00ed, hay bastante consenso en que, al menos en estos pa\u00edses, ha surgido una nueva etapa en el desarrollo denominada Adultez Emergente (Arnett,2000 [&hellip;]<\/p>\n","protected":false},"author":2,"featured_media":0,"parent":0,"menu_order":0,"comment_status":"closed","ping_status":"closed","template":"","meta":{"footnotes":""},"class_list":["post-379","page","type-page","status-publish","hentry"],"_links":{"self":[{"href":"https:\/\/grupo.us.es\/transadultez\/wp-json\/wp\/v2\/pages\/379","targetHints":{"allow":["GET"]}}],"collection":[{"href":"https:\/\/grupo.us.es\/transadultez\/wp-json\/wp\/v2\/pages"}],"about":[{"href":"https:\/\/grupo.us.es\/transadultez\/wp-json\/wp\/v2\/types\/page"}],"author":[{"embeddable":true,"href":"https:\/\/grupo.us.es\/transadultez\/wp-json\/wp\/v2\/users\/2"}],"replies":[{"embeddable":true,"href":"https:\/\/grupo.us.es\/transadultez\/wp-json\/wp\/v2\/comments?post=379"}],"version-history":[{"count":5,"href":"https:\/\/grupo.us.es\/transadultez\/wp-json\/wp\/v2\/pages\/379\/revisions"}],"predecessor-version":[{"id":388,"href":"https:\/\/grupo.us.es\/transadultez\/wp-json\/wp\/v2\/pages\/379\/revisions\/388"}],"wp:attachment":[{"href":"https:\/\/grupo.us.es\/transadultez\/wp-json\/wp\/v2\/media?parent=379"}],"curies":[{"name":"wp","href":"https:\/\/api.w.org\/{rel}","templated":true}]}}