 {"id":6,"date":"2021-02-01T19:52:18","date_gmt":"2021-02-01T19:52:18","guid":{"rendered":"https:\/\/grupo.us.es\/tep175\/?page_id=6"},"modified":"2021-02-05T10:38:08","modified_gmt":"2021-02-05T09:38:08","slug":"acerca-de","status":"publish","type":"page","link":"https:\/\/grupo.us.es\/tep175\/acerca-de\/","title":{"rendered":"Proyectos"},"content":{"rendered":"\n<h2 class=\"alignwide wp-block-heading\">Proyectos de investigaci\u00f3n propios<\/h2>\n\n\n\n<div class=\"wp-block-columns alignwide is-style-default is-layout-flex wp-container-core-columns-is-layout-9d6595d7 wp-block-columns-is-layout-flex\">\n<div class=\"wp-block-column is-layout-flow wp-block-column-is-layout-flow\">\n<ol class=\"wp-block-list\" type=\"1\"><li><strong>Proyecto:<\/strong> <strong>Potencia Multivectorial en Sistemas El\u00e9ctricos Polif\u00e1sicos<\/strong><br><strong>C\u00f3digo:<\/strong> 2018\/00000519<br><strong>Programa financiador:<\/strong> VI Plan Propio de Investigaci\u00f3n y Transferencia &#8211; US 2018. Ayudas a Proyectos de Investigaci\u00f3n Precompetitivos<br><strong>Entidad financiadora:<\/strong> Universidad de Sevilla<br><strong>Responsable:<\/strong> Bravo-Rodriguez, Juan Carlos<br><strong>Fecha inicio:<\/strong> 04\/04\/2018<br><strong>Fecha fin:<\/strong> 31\/12\/2018<\/li><li><strong>Proyecto:<\/strong> Actividades de divulgaci\u00f3n cient\u00edfica \u00abMujer en la Ingenier\u00eda\u00bb<br><strong>C\u00f3digo:<\/strong> 2018\/00000482<br><strong>\u00c1mbito del proyecto:<\/strong> Auton\u00f3mica<br><strong>Programa financiador:<\/strong> VI Plan Propio de Investigaci\u00f3n y Transferencia &#8211; US 2018<br><strong>Entidad financiadora:<\/strong> Universidad de Sevilla<br><strong>Responsable:<\/strong> Borr\u00e1s-Talavera, M\u00aa Dolores<br><strong>Fecha inicio:<\/strong> 01\/03\/2018<br><strong>Fecha fin:<\/strong> 31\/12\/2018<\/li><\/ol>\n\n\n\n<p><\/p>\n<\/div>\n<\/div>\n\n\n\n<h2 class=\"alignwide wp-block-heading\">Participaci\u00f3n en proyectos de otros grupos de investigaci\u00f3n <\/h2>\n","protected":false},"excerpt":{"rendered":"<p>Proyectos de investigaci\u00f3n propios Proyecto: Potencia Multivectorial en Sistemas El\u00e9ctricos Polif\u00e1sicosC\u00f3digo: 2018\/00000519Programa financiador: VI Plan Propio de Investigaci\u00f3n y Transferencia &#8211; US 2018. Ayudas a Proyectos de Investigaci\u00f3n PrecompetitivosEntidad financiadora: Universidad de SevillaResponsable: Bravo-Rodriguez, Juan CarlosFecha inicio: 04\/04\/2018Fecha fin: 31\/12\/2018 Proyecto: Actividades de divulgaci\u00f3n cient\u00edfica \u00abMujer en la Ingenier\u00eda\u00bbC\u00f3digo: 2018\/00000482\u00c1mbito del proyecto: Auton\u00f3micaPrograma financiador: VI&hellip; <a class=\"more-link\" href=\"https:\/\/grupo.us.es\/tep175\/acerca-de\/\">Seguir leyendo <span class=\"screen-reader-text\">Proyectos<\/span><\/a><\/p>\n","protected":false},"author":1,"featured_media":0,"parent":0,"menu_order":0,"comment_status":"closed","ping_status":"closed","template":"","meta":{"footnotes":""},"class_list":["post-6","page","type-page","status-publish","hentry","entry"],"_links":{"self":[{"href":"https:\/\/grupo.us.es\/tep175\/wp-json\/wp\/v2\/pages\/6","targetHints":{"allow":["GET"]}}],"collection":[{"href":"https:\/\/grupo.us.es\/tep175\/wp-json\/wp\/v2\/pages"}],"about":[{"href":"https:\/\/grupo.us.es\/tep175\/wp-json\/wp\/v2\/types\/page"}],"author":[{"embeddable":true,"href":"https:\/\/grupo.us.es\/tep175\/wp-json\/wp\/v2\/users\/1"}],"replies":[{"embeddable":true,"href":"https:\/\/grupo.us.es\/tep175\/wp-json\/wp\/v2\/comments?post=6"}],"version-history":[{"count":7,"href":"https:\/\/grupo.us.es\/tep175\/wp-json\/wp\/v2\/pages\/6\/revisions"}],"predecessor-version":[{"id":120,"href":"https:\/\/grupo.us.es\/tep175\/wp-json\/wp\/v2\/pages\/6\/revisions\/120"}],"wp:attachment":[{"href":"https:\/\/grupo.us.es\/tep175\/wp-json\/wp\/v2\/media?parent=6"}],"curies":[{"name":"wp","href":"https:\/\/api.w.org\/{rel}","templated":true}]}}