{"id":28,"date":"2021-06-16T09:49:09","date_gmt":"2021-06-16T09:49:09","guid":{"rendered":"https:\/\/grupo.us.es\/tecnomem\/?page_id=28"},"modified":"2023-04-19T10:08:27","modified_gmt":"2023-04-19T08:08:27","slug":"inicio","status":"publish","type":"page","link":"https:\/\/grupo.us.es\/tecnomem\/","title":{"rendered":"inicio"},"content":{"rendered":"\n<section class=\"wp-block-uagb-section uagb-section__wrap uagb-section__background-image alignfull uagb-block-59b5c9ca fondoportada\"><div class=\"uagb-section__overlay\"><\/div><div class=\"uagb-section__inner-wrap\">\n<section class=\"wp-block-uagb-section uagb-section__wrap uagb-section__background-image alignfull uagb-block-167365c7 fondomanchaportada\"><div class=\"uagb-section__overlay\"><\/div><div class=\"uagb-section__inner-wrap\">\n<p><\/p>\n\n\n\n<section class=\"wp-block-uagb-section uagb-section__wrap uagb-section__background-undefined uagb-block-12a2dfcd\"><div class=\"uagb-section__overlay\"><\/div><div class=\"uagb-section__inner-wrap\">\n<h1 class=\"margintituloportada has-white-color has-text-color\"><strong>Laboratorio de Tecnolog\u00edas de Membranas<\/strong><\/h1>\n\n\n\n<p class=\"marginbottomboton has-white-color has-text-color\">Investigamos para desarrollar modelos eficientes de gesti\u00f3n del agua y valorizaci\u00f3n de efluentes industriales.&nbsp;<\/p>\n\n\n\n<div class=\"wp-block-buttons\">\n<div class=\"wp-block-button is-style-outline\"><a class=\"wp-block-button__link has-white-color has-text-color\" href=\"https:\/\/grupo.us.es\/tecnomem\/servicios\/\">NUESTROS SERVICIOS<\/a><\/div>\n<\/div>\n<\/div><\/section>\n<\/div><\/section>\n<\/div><\/section>\n\n\n\n<section class=\"wp-block-uagb-section uagb-section__wrap uagb-section__background-undefined uagb-block-e15c81f3\"><div class=\"uagb-section__overlay\"><\/div><div class=\"uagb-section__inner-wrap\">\n<div class=\"wp-block-image\"><figure class=\"aligncenter size-large\"><img loading=\"lazy\" width=\"347\" height=\"334\" src=\"https:\/\/grupo.us.es\/tecnomem\/wp-content\/uploads\/2021\/07\/logoltmb.jpg\" alt=\"\" class=\"wp-image-1219\" srcset=\"https:\/\/grupo.us.es\/tecnomem\/wp-content\/uploads\/2021\/07\/logoltmb.jpg 347w, https:\/\/grupo.us.es\/tecnomem\/wp-content\/uploads\/2021\/07\/logoltmb-300x289.jpg 300w\" sizes=\"(max-width: 347px) 100vw, 347px\" \/><\/figure><\/div>\n<\/div><\/section>\n\n\n\n<section class=\"wp-block-uagb-section uagb-section__wrap uagb-section__background-image uagb-block-4b3ba522\"><div class=\"uagb-section__overlay\"><\/div><div class=\"uagb-section__inner-wrap\">\n<section class=\"wp-block-uagb-section uagb-section__wrap uagb-section__background-image uagb-block-f4cf36ab\"><div class=\"uagb-section__overlay\"><\/div><div class=\"uagb-section__inner-wrap\">\n<section class=\"wp-block-uagb-section uagb-section__wrap uagb-section__background-undefined uagb-block-eb62ba1f\"><div class=\"uagb-section__overlay\"><\/div><div class=\"uagb-section__inner-wrap\">\n<h2 class=\"has-white-color has-text-color\">Ofrecemos a las empresas nuestra <strong>tecnolog\u00eda, instalaciones y colaboraci\u00f3n<\/strong> con el objetivo de evaluar futuras inversiones con un bajo coste operativo.<\/h2>\n\n\n\n<p><\/p>\n<\/div><\/section>\n<\/div><\/section>\n<\/div><\/section>\n\n\n\n<section class=\"wp-block-uagb-section uagb-section__wrap uagb-section__background-undefined uagb-block-91534a9e\"><div class=\"uagb-section__overlay\"><\/div><div class=\"uagb-section__inner-wrap\">\n<h4>Estamos <strong>especializados<\/strong> en:<\/h4>\n\n\n\n<section class=\"wp-block-uagb-columns uagb-columns__wrap uagb-columns__background-undefined uagb-columns__stack-mobile uagb-columns__valign-center uagb-columns__gap-10 alignundefined uagb-block-301b058c\"><div class=\"uagb-columns__overlay\"><\/div><div class=\"uagb-columns__inner-wrap uagb-columns__columns-2\">\n<div class=\"wp-block-uagb-column uagb-column__wrap uagb-column__background-undefined uagb-block-4c9bf2c3\"><div class=\"uagb-column__overlay\"><\/div><div class=\"uagb-column__inner-wrap\">\n<div class=\"wp-block-image\"><figure class=\"aligncenter size-large is-resized\"><img loading=\"lazy\" src=\"https:\/\/grupo.us.es\/tecnomem\/wp-content\/uploads\/2021\/06\/ico-gota-1-1.jpg\" alt=\"\" class=\"wp-image-62\" width=\"60\" height=\"60\"\/><\/figure><\/div>\n<\/div><\/div>\n\n\n\n<div class=\"wp-block-uagb-column uagb-column__wrap uagb-column__background-undefined uagb-block-5f4d6733\"><div class=\"uagb-column__overlay\"><\/div><div class=\"uagb-column__inner-wrap\">\n<p class=\"has-text-align-left\">Maximizar la reutilizaci\u00f3n del agua contenida en efluentes industriales.<\/p>\n<\/div><\/div>\n<\/div><\/section>\n\n\n\n<section class=\"wp-block-uagb-columns uagb-columns__wrap uagb-columns__background-undefined uagb-columns__stack-mobile uagb-columns__valign-center uagb-columns__gap-10 alignundefined uagb-block-04c53338\"><div class=\"uagb-columns__overlay\"><\/div><div class=\"uagb-columns__inner-wrap uagb-columns__columns-2\">\n<div class=\"wp-block-uagb-column uagb-column__wrap uagb-column__background-undefined uagb-block-8d914d64\"><div class=\"uagb-column__overlay\"><\/div><div class=\"uagb-column__inner-wrap\">\n<div class=\"wp-block-image\"><figure class=\"aligncenter size-large\"><img loading=\"lazy\" width=\"70\" height=\"73\" src=\"https:\/\/grupo.us.es\/tecnomem\/wp-content\/uploads\/2021\/06\/ico-gota-2_02.jpg\" alt=\"\" class=\"wp-image-91\"\/><\/figure><\/div>\n<\/div><\/div>\n\n\n\n<div class=\"wp-block-uagb-column uagb-column__wrap uagb-column__background-undefined uagb-block-08e8cc6d\"><div class=\"uagb-column__overlay\"><\/div><div class=\"uagb-column__inner-wrap\">\n<p class=\"has-text-align-left\">Recuperar agua de corrientes de alta salinidad (salmueras) mediante procesos de alta eficiencia energ\u00e9tica.<\/p>\n<\/div><\/div>\n<\/div><\/section>\n\n\n\n<section class=\"wp-block-uagb-columns uagb-columns__wrap uagb-columns__background-undefined uagb-columns__stack-mobile uagb-columns__valign-center uagb-columns__gap-10 alignundefined uagb-block-5d0f63bc\"><div class=\"uagb-columns__overlay\"><\/div><div class=\"uagb-columns__inner-wrap uagb-columns__columns-2\">\n<div class=\"wp-block-uagb-column uagb-column__wrap uagb-column__background-undefined uagb-block-06efd495\"><div class=\"uagb-column__overlay\"><\/div><div class=\"uagb-column__inner-wrap\">\n<div class=\"wp-block-image\"><figure class=\"aligncenter size-large\"><img loading=\"lazy\" width=\"70\" height=\"73\" src=\"https:\/\/grupo.us.es\/tecnomem\/wp-content\/uploads\/2021\/06\/ico-gota-3_02.jpg\" alt=\"\" class=\"wp-image-93\"\/><\/figure><\/div>\n<\/div><\/div>\n\n\n\n<div class=\"wp-block-uagb-column uagb-column__wrap uagb-column__background-undefined uagb-block-471ceb3e\"><div class=\"uagb-column__overlay\"><\/div><div class=\"uagb-column__inner-wrap\">\n<p class=\"has-text-align-left\">Recuperar componentes valiosos de corrientes industriales.<\/p>\n<\/div><\/div>\n<\/div><\/section>\n\n\n\n<section class=\"wp-block-uagb-columns uagb-columns__wrap uagb-columns__background-undefined uagb-columns__stack-mobile uagb-columns__valign-center uagb-columns__gap-10 alignundefined uagb-block-f2345bb2\"><div class=\"uagb-columns__overlay\"><\/div><div class=\"uagb-columns__inner-wrap uagb-columns__columns-2\">\n<div class=\"wp-block-uagb-column uagb-column__wrap uagb-column__background-undefined uagb-block-2f4577f1\"><div class=\"uagb-column__overlay\"><\/div><div class=\"uagb-column__inner-wrap\">\n<div class=\"wp-block-image\"><figure class=\"aligncenter size-large\"><img loading=\"lazy\" width=\"70\" height=\"73\" src=\"https:\/\/grupo.us.es\/tecnomem\/wp-content\/uploads\/2021\/06\/ico-gota-4_02.jpg\" alt=\"\" class=\"wp-image-95\"\/><\/figure><\/div>\n<\/div><\/div>\n\n\n\n<div class=\"wp-block-uagb-column uagb-column__wrap uagb-column__background-undefined uagb-block-fb2473da\"><div class=\"uagb-column__overlay\"><\/div><div class=\"uagb-column__inner-wrap\">\n<p class=\"has-text-align-left\">Concentrar corrientes de procesos industriales mediante tecnolog\u00edas de membranas.<\/p>\n<\/div><\/div>\n<\/div><\/section>\n\n\n\n<section class=\"wp-block-uagb-columns uagb-columns__wrap uagb-columns__background-undefined uagb-columns__stack-mobile uagb-columns__valign-center uagb-columns__gap-10 alignundefined uagb-block-6120d04f\"><div class=\"uagb-columns__overlay\"><\/div><div class=\"uagb-columns__inner-wrap uagb-columns__columns-2\">\n<div class=\"wp-block-uagb-column uagb-column__wrap uagb-column__background-undefined uagb-block-dce9f72a\"><div class=\"uagb-column__overlay\"><\/div><div class=\"uagb-column__inner-wrap\">\n<div class=\"wp-block-image\"><figure class=\"aligncenter size-large\"><img loading=\"lazy\" width=\"70\" height=\"73\" src=\"https:\/\/grupo.us.es\/tecnomem\/wp-content\/uploads\/2021\/06\/ico-gota-5_02.jpg\" alt=\"\" class=\"wp-image-96\"\/><\/figure><\/div>\n<\/div><\/div>\n\n\n\n<div class=\"wp-block-uagb-column uagb-column__wrap uagb-column__background-undefined uagb-block-8d777e86\"><div class=\"uagb-column__overlay\"><\/div><div class=\"uagb-column__inner-wrap\">\n<p class=\"has-text-align-left\">Analizar las alternativas tecnol\u00f3gicas a los procesos de descarga m\u00ednima o vertido cero (sistemas de MLD\/ZLD).<\/p>\n<\/div><\/div>\n<\/div><\/section>\n\n\n\n<p><\/p>\n\n\n\n<section class=\"wp-block-uagb-section uagb-section__wrap uagb-section__background-undefined uagb-block-5f233b1d\"><div class=\"uagb-section__overlay\"><\/div><div class=\"uagb-section__inner-wrap\">\n<p>Ofrecemos la opci\u00f3n de que las empresas interesadas en el uso de tecnolog\u00edas de membranas puedan ensayarlas a escala de laboratorio, con objeto de evaluar futuras inversiones con un bajo coste operativo. Adem\u00e1s podemos colaborar en el desarrollo de nuevos procesos productivos y tratamientos de efluentes mediante tecnolog\u00edas emergentes.<\/p>\n<\/div><\/section>\n\n\n\n<section class=\"wp-block-uagb-section uagb-section__wrap uagb-section__background-undefined uagb-block-caf88cc3\"><div class=\"uagb-section__overlay\"><\/div><div class=\"uagb-section__inner-wrap\">\n<div class=\"wp-block-buttons is-content-justification-center\">\n<div class=\"wp-block-button is-style-outline botonfondoblanco botondedescarga\"><a class=\"wp-block-button__link has-text-color\" href=\"https:\/\/grupo.us.es\/tecnomem\/contactar\/#formulariocontacto\" style=\"color:#00656d\">CONTACTA CON NOSOTROS<\/a><\/div>\n<\/div>\n<\/div><\/section>\n<\/div><\/section>\n\n\n\n<section class=\"wp-block-uagb-section uagb-section__wrap uagb-section__background-image uagb-block-73f9529d\"><div class=\"uagb-section__overlay\"><\/div><div class=\"uagb-section__inner-wrap\">\n<section class=\"wp-block-uagb-section uagb-section__wrap uagb-section__background-image uagb-block-35409446\"><div class=\"uagb-section__overlay\"><\/div><div class=\"uagb-section__inner-wrap\">\n<section class=\"wp-block-uagb-section uagb-section__wrap uagb-section__background-undefined uagb-block-d8d13a53\"><div class=\"uagb-section__overlay\"><\/div><div class=\"uagb-section__inner-wrap\">\n<h2 class=\"has-white-color has-text-color\">Mediante nuestros procesos y usando <strong>la tecnolog\u00eda m\u00e1s avanzada<\/strong> hemos podido realizar exitosamente proyectos con los que hemos podido resolver problemas en multitud de sectores.<\/h2>\n\n\n\n<p><\/p>\n<\/div><\/section>\n<\/div><\/section>\n\n\n\n<p><\/p>\n<\/div><\/section>\n\n\n\n<section class=\"wp-block-uagb-section uagb-section__wrap uagb-section__background-undefined uagb-block-754ff6ef\"><div class=\"uagb-section__overlay\"><\/div><div class=\"uagb-section__inner-wrap\">\n<section class=\"wp-block-uagb-section uagb-section__wrap uagb-section__background-undefined uagb-block-071d18f5\"><div class=\"uagb-section__overlay\"><\/div><div class=\"uagb-section__inner-wrap\">\n<div class=\"wp-block-buttons is-content-justification-center\">\n<div class=\"wp-block-button is-style-outline botonfondoblanco botondedescarga\"><a class=\"wp-block-button__link\" href=\"https:\/\/grupo.us.es\/tecnomem\/servicios\/\">SERVICIOS Y TECNOLOG\u00cdAS<\/a><\/div>\n<\/div>\n<\/div><\/section>\n<\/div><\/section>\n\n\n\n<section class=\"wp-block-uagb-section uagb-section__wrap uagb-section__background-undefined uagb-block-a5b61a8c\"><div class=\"uagb-section__overlay\"><\/div><div class=\"uagb-section__inner-wrap\">\n<h2 class=\"has-text-align-center\">\u00bfQuieres saber m\u00e1s? <strong>Contacta con nosotros<\/strong><\/h2>\n<\/div><\/section>\n\n\n\n<section class=\"wp-block-uagb-section uagb-section__wrap uagb-section__background-undefined uagb-block-0459ba74\"><div class=\"uagb-section__overlay\"><\/div><div class=\"uagb-section__inner-wrap\">\n<figure class=\"wp-block-video\"><video autoplay controls poster=\"https:\/\/grupo.us.es\/tecnomem\/wp-content\/uploads\/2021\/07\/videoportada3.jpg\" src=\"https:\/\/grupo.us.es\/tecnomem\/wp-content\/uploads\/2021\/07\/LaboratorioTecMembranasUS-presentacion.mp4\" playsinline><\/video><\/figure>\n<\/div><\/section>\n\n\n\n<section class=\"wp-block-uagb-section uagb-section__wrap uagb-section__background-undefined uagb-block-a39ff798\"><div class=\"uagb-section__overlay\"><\/div><div class=\"uagb-section__inner-wrap\">\n<section class=\"wp-block-uagb-section uagb-section__wrap uagb-section__background-undefined uagb-block-0c6c6cd4\"><div class=\"uagb-section__overlay\"><\/div><div class=\"uagb-section__inner-wrap\">\n<div class=\"wp-block-buttons is-content-justification-center\">\n<div class=\"wp-block-button is-style-outline botonfondoblanco botondedescarga\"><a class=\"wp-block-button__link\" href=\"https:\/\/grupo.us.es\/tecnomem\/contactar\/\">CONTACTA CON NOSOTROS<\/a><\/div>\n<\/div>\n<\/div><\/section>\n<\/div><\/section>\n\n\n\n<section class=\"wp-block-uagb-section uagb-section__wrap uagb-section__background-color uagb-block-3c55e57a displaynone\"><div class=\"uagb-section__overlay\"><\/div><div class=\"uagb-section__inner-wrap\">\n<p style=\"font-size:12px\">P\u00e1gina cofinanciada por el Fondo Europeo de Desarrollo Regional (FEDER) dentro del Programa de Ayudas a Acciones Complementarias de I+D+i en el \u00e1mbito del Plan Andaluz de Investigaci\u00f3n, Desarrollo e Innovaci\u00f3n (PAIDI 2020), en la modalidad: Ayudas de Actividades de Transferencia de Conocimiento entre los Agentes del Sistema Andaluz del Conocimiento y el Tejido Productivo Andaluz. Proyecto: \u201cPuesta en Valor de Tecnolog\u00edas Avanzadas de Membranas en el Tejido Industrial Andaluz\u201d.\u00a0<\/p>\n\n\n\n<p style=\"font-size:12px\">Referencia: AT17-5946-USE.\u00a0\u00a0JUNTA DE ANDALUC\u00cdA.\u00a0CONSEJER\u00cdA DE ECONOM\u00cdA Y CONOCIMIENTO. Secretar\u00eda General de Universidades, Investigaci\u00f3n y Tecnolog\u00eda.<\/p>\n\n\n\n<p><\/p>\n\n\n\n<div class=\"wp-block-image\"><figure class=\"aligncenter size-large is-resized\"><img loading=\"lazy\" src=\"https:\/\/grupo.us.es\/tecnomem\/wp-content\/uploads\/2023\/04\/logos-ltm-home_03-1024x357.jpg\" alt=\"\" class=\"wp-image-1513\" width=\"427\" height=\"147\" srcset=\"https:\/\/grupo.us.es\/tecnomem\/wp-content\/uploads\/2023\/04\/logos-ltm-home_03-300x104.jpg 300w, https:\/\/grupo.us.es\/tecnomem\/wp-content\/uploads\/2023\/04\/logos-ltm-home_03-768x267.jpg 768w\" sizes=\"(max-width: 427px) 100vw, 427px\" \/><\/figure><\/div>\n<\/div><\/section>\n","protected":false},"excerpt":{"rendered":"","protected":false},"author":1,"featured_media":0,"parent":0,"menu_order":0,"comment_status":"closed","ping_status":"closed","template":"","meta":[],"yoast_head":"<!-- This site is optimized with the Yoast SEO plugin v17.2.1 - https:\/\/yoast.com\/wordpress\/plugins\/seo\/ -->\n<title>inicio - Laboratorio t\u00e9cnico de membrana<\/title>\n<meta name=\"robots\" content=\"index, follow, max-snippet:-1, max-image-preview:large, max-video-preview:-1\" \/>\n<link rel=\"canonical\" href=\"https:\/\/grupo.us.es\/tecnomem\/\" \/>\n<meta property=\"og:locale\" content=\"es_ES\" \/>\n<meta property=\"og:type\" content=\"article\" \/>\n<meta property=\"og:title\" content=\"inicio - Laboratorio t\u00e9cnico de membrana\" \/>\n<meta property=\"og:url\" content=\"https:\/\/grupo.us.es\/tecnomem\/\" \/>\n<meta property=\"og:site_name\" content=\"Laboratorio t\u00e9cnico de membrana\" \/>\n<meta property=\"article:modified_time\" content=\"2023-04-19T08:08:27+00:00\" \/>\n<meta property=\"og:image\" content=\"https:\/\/grupo.us.es\/tecnomem\/wp-content\/uploads\/2021\/07\/logoltmb.jpg\" \/>\n<meta name=\"twitter:card\" content=\"summary_large_image\" \/>\n<meta name=\"twitter:label1\" content=\"Tiempo de lectura\" \/>\n\t<meta name=\"twitter:data1\" content=\"3 minutos\" \/>\n<script type=\"application\/ld+json\" class=\"yoast-schema-graph\">{\"@context\":\"https:\/\/schema.org\",\"@graph\":[{\"@type\":\"WebSite\",\"@id\":\"https:\/\/grupo.us.es\/tecnomem\/#website\",\"url\":\"https:\/\/grupo.us.es\/tecnomem\/\",\"name\":\"Laboratorio t\\u00e9cnico de membrana\",\"description\":\"Laboratorio t\\u00e9cnico de membrana\",\"potentialAction\":[{\"@type\":\"SearchAction\",\"target\":{\"@type\":\"EntryPoint\",\"urlTemplate\":\"https:\/\/grupo.us.es\/tecnomem\/?s={search_term_string}\"},\"query-input\":\"required name=search_term_string\"}],\"inLanguage\":\"es\"},{\"@type\":\"ImageObject\",\"@id\":\"https:\/\/grupo.us.es\/tecnomem\/#primaryimage\",\"inLanguage\":\"es\",\"url\":\"https:\/\/grupo.us.es\/tecnomem\/wp-content\/uploads\/2021\/07\/logoltmb.jpg\",\"contentUrl\":\"https:\/\/grupo.us.es\/tecnomem\/wp-content\/uploads\/2021\/07\/logoltmb.jpg\",\"width\":347,\"height\":334},{\"@type\":\"WebPage\",\"@id\":\"https:\/\/grupo.us.es\/tecnomem\/#webpage\",\"url\":\"https:\/\/grupo.us.es\/tecnomem\/\",\"name\":\"inicio - Laboratorio t\\u00e9cnico de membrana\",\"isPartOf\":{\"@id\":\"https:\/\/grupo.us.es\/tecnomem\/#website\"},\"primaryImageOfPage\":{\"@id\":\"https:\/\/grupo.us.es\/tecnomem\/#primaryimage\"},\"datePublished\":\"2021-06-16T09:49:09+00:00\",\"dateModified\":\"2023-04-19T08:08:27+00:00\",\"breadcrumb\":{\"@id\":\"https:\/\/grupo.us.es\/tecnomem\/#breadcrumb\"},\"inLanguage\":\"es\",\"potentialAction\":[{\"@type\":\"ReadAction\",\"target\":[\"https:\/\/grupo.us.es\/tecnomem\/\"]}]},{\"@type\":\"BreadcrumbList\",\"@id\":\"https:\/\/grupo.us.es\/tecnomem\/#breadcrumb\",\"itemListElement\":[{\"@type\":\"ListItem\",\"position\":1,\"name\":\"Portada\",\"item\":\"https:\/\/grupo.us.es\/tecnomem\/\"},{\"@type\":\"ListItem\",\"position\":2,\"name\":\"inicio\"}]}]}<\/script>\n<!-- \/ Yoast SEO plugin. -->","yoast_head_json":{"title":"inicio - Laboratorio t\u00e9cnico de membrana","robots":{"index":"index","follow":"follow","max-snippet":"max-snippet:-1","max-image-preview":"max-image-preview:large","max-video-preview":"max-video-preview:-1"},"canonical":"https:\/\/grupo.us.es\/tecnomem\/","og_locale":"es_ES","og_type":"article","og_title":"inicio - Laboratorio t\u00e9cnico de membrana","og_url":"https:\/\/grupo.us.es\/tecnomem\/","og_site_name":"Laboratorio t\u00e9cnico de membrana","article_modified_time":"2023-04-19T08:08:27+00:00","og_image":[{"url":"https:\/\/grupo.us.es\/tecnomem\/wp-content\/uploads\/2021\/07\/logoltmb.jpg"}],"twitter_card":"summary_large_image","twitter_misc":{"Tiempo de lectura":"3 minutos"},"schema":{"@context":"https:\/\/schema.org","@graph":[{"@type":"WebSite","@id":"https:\/\/grupo.us.es\/tecnomem\/#website","url":"https:\/\/grupo.us.es\/tecnomem\/","name":"Laboratorio t\u00e9cnico de membrana","description":"Laboratorio t\u00e9cnico de membrana","potentialAction":[{"@type":"SearchAction","target":{"@type":"EntryPoint","urlTemplate":"https:\/\/grupo.us.es\/tecnomem\/?s={search_term_string}"},"query-input":"required name=search_term_string"}],"inLanguage":"es"},{"@type":"ImageObject","@id":"https:\/\/grupo.us.es\/tecnomem\/#primaryimage","inLanguage":"es","url":"https:\/\/grupo.us.es\/tecnomem\/wp-content\/uploads\/2021\/07\/logoltmb.jpg","contentUrl":"https:\/\/grupo.us.es\/tecnomem\/wp-content\/uploads\/2021\/07\/logoltmb.jpg","width":347,"height":334},{"@type":"WebPage","@id":"https:\/\/grupo.us.es\/tecnomem\/#webpage","url":"https:\/\/grupo.us.es\/tecnomem\/","name":"inicio - Laboratorio t\u00e9cnico de membrana","isPartOf":{"@id":"https:\/\/grupo.us.es\/tecnomem\/#website"},"primaryImageOfPage":{"@id":"https:\/\/grupo.us.es\/tecnomem\/#primaryimage"},"datePublished":"2021-06-16T09:49:09+00:00","dateModified":"2023-04-19T08:08:27+00:00","breadcrumb":{"@id":"https:\/\/grupo.us.es\/tecnomem\/#breadcrumb"},"inLanguage":"es","potentialAction":[{"@type":"ReadAction","target":["https:\/\/grupo.us.es\/tecnomem\/"]}]},{"@type":"BreadcrumbList","@id":"https:\/\/grupo.us.es\/tecnomem\/#breadcrumb","itemListElement":[{"@type":"ListItem","position":1,"name":"Portada","item":"https:\/\/grupo.us.es\/tecnomem\/"},{"@type":"ListItem","position":2,"name":"inicio"}]}]}},"uagb_featured_image_src":{"full":false,"thumbnail":false,"medium":false,"medium_large":false,"large":false,"1536x1536":false,"2048x2048":false},"uagb_author_info":{"display_name":"Master","author_link":"https:\/\/grupo.us.es\/tecnomem\/author\/plantill\/"},"uagb_comment_info":0,"uagb_excerpt":null,"_links":{"self":[{"href":"https:\/\/grupo.us.es\/tecnomem\/wp-json\/wp\/v2\/pages\/28"}],"collection":[{"href":"https:\/\/grupo.us.es\/tecnomem\/wp-json\/wp\/v2\/pages"}],"about":[{"href":"https:\/\/grupo.us.es\/tecnomem\/wp-json\/wp\/v2\/types\/page"}],"author":[{"embeddable":true,"href":"https:\/\/grupo.us.es\/tecnomem\/wp-json\/wp\/v2\/users\/1"}],"replies":[{"embeddable":true,"href":"https:\/\/grupo.us.es\/tecnomem\/wp-json\/wp\/v2\/comments?post=28"}],"version-history":[{"count":8,"href":"https:\/\/grupo.us.es\/tecnomem\/wp-json\/wp\/v2\/pages\/28\/revisions"}],"predecessor-version":[{"id":1523,"href":"https:\/\/grupo.us.es\/tecnomem\/wp-json\/wp\/v2\/pages\/28\/revisions\/1523"}],"wp:attachment":[{"href":"https:\/\/grupo.us.es\/tecnomem\/wp-json\/wp\/v2\/media?parent=28"}],"curies":[{"name":"wp","href":"https:\/\/api.w.org\/{rel}","templated":true}]}}