{"id":80,"date":"2025-02-05T21:56:56","date_gmt":"2025-02-05T20:56:56","guid":{"rendered":"https:\/\/grupo.us.es\/sociolingand\/?page_id=80"},"modified":"2026-04-03T21:30:24","modified_gmt":"2026-04-03T19:30:24","slug":"otros-corpus","status":"publish","type":"page","link":"https:\/\/grupo.us.es\/sociolingand\/otros-corpus\/","title":{"rendered":"Otros corpus"},"content":{"rendered":"<div id=\"pl-80\"  class=\"panel-layout\" ><div id=\"pg-80-0\"  class=\"panel-grid panel-no-style\" ><div id=\"pgc-80-0-0\"  class=\"panel-grid-cell\" ><div id=\"panel-80-0-0-0\" class=\"so-panel widget widget_sow-image panel-first-child\" data-index=\"0\" ><div\n\t\t\t\n\t\t\tclass=\"so-widget-sow-image so-widget-sow-image-default-c67d20f9f743-80\"\n\t\t\t\n\t\t>\n<div class=\"sow-image-container\">\n\t\t<img loading=\"lazy\" decoding=\"async\" src=\"https:\/\/grupo.us.es\/sociolingand\/wp-content\/uploads\/2025\/02\/log-corpus-1-e1738872329219.png\" width=\"300\" height=\"100\" srcset=\"https:\/\/grupo.us.es\/sociolingand\/wp-content\/uploads\/2025\/02\/log-corpus-1-e1738872329219.png 1000w, https:\/\/grupo.us.es\/sociolingand\/wp-content\/uploads\/2025\/02\/log-corpus-1-e1738872329219-300x98.png 300w, https:\/\/grupo.us.es\/sociolingand\/wp-content\/uploads\/2025\/02\/log-corpus-1-e1738872329219-768x251.png 768w\" sizes=\"auto, (max-width: 300px) 100vw, 300px\" title=\"log-corpus\" alt=\"\" \t\tclass=\"so-widget-image\"\/>\n\t<\/div>\n\n<\/div><\/div><div id=\"panel-80-0-0-1\" class=\"so-panel widget widget_sow-editor panel-last-child\" data-index=\"1\" ><div\n\t\t\t\n\t\t\tclass=\"so-widget-sow-editor so-widget-sow-editor-base\"\n\t\t\t\n\t\t>\n<div class=\"siteorigin-widget-tinymce textwidget\">\n\t<p style=\"text-align: center;\"><span style=\"color: #008080;\"><strong>Corpus oral del espa\u00f1ol de los migrantes residentes en la ciudad de Sevilla<\/strong><\/span><\/p>\n<p>El corpus incluye 48 entrevistas realizadas a hablantes peruanos, colombianos, nicarag\u00fcenses y ecuatorianos, esto es, 12 entrevistas por cada nacionalidad. La selecci\u00f3n de los informantes se ha llevado a cabo siguiendo el muestreo no probabil\u00edstico accidental y la t\u00e9cnica bola de nieve. Las muestras recopiladas son representativas de todos los sociolectos y sexos. Permitir\u00e1 obtener resultados sobre las caracter\u00edsticas ling\u00fc\u00edsticas del espa\u00f1ol hablado por los migrantes, sobre su acomodaci\u00f3n e integraci\u00f3n socioling\u00fc\u00edstica, a la vez que posibilitar\u00e1 la realizaci\u00f3n de estudios contrastivos, por una parte, con el espa\u00f1ol de hablantes vern\u00e1culos.<\/p>\n<\/div>\n<\/div><\/div><\/div><div id=\"pgc-80-0-1\"  class=\"panel-grid-cell\" ><div id=\"panel-80-0-1-0\" class=\"so-panel widget widget_sow-image panel-first-child\" data-index=\"2\" ><div\n\t\t\t\n\t\t\tclass=\"so-widget-sow-image so-widget-sow-image-default-c67d20f9f743-80\"\n\t\t\t\n\t\t>\n<div class=\"sow-image-container\">\n\t\t<img loading=\"lazy\" decoding=\"async\" src=\"https:\/\/grupo.us.es\/sociolingand\/wp-content\/uploads\/2025\/02\/logo-humcor-2-e1738872117546-300x98.png\" width=\"300\" height=\"98\" srcset=\"https:\/\/grupo.us.es\/sociolingand\/wp-content\/uploads\/2025\/02\/logo-humcor-2-e1738872117546-300x98.png 300w, https:\/\/grupo.us.es\/sociolingand\/wp-content\/uploads\/2025\/02\/logo-humcor-2-e1738872117546-768x251.png 768w, https:\/\/grupo.us.es\/sociolingand\/wp-content\/uploads\/2025\/02\/logo-humcor-2-e1738872117546.png 1000w\" sizes=\"auto, (max-width: 300px) 100vw, 300px\" title=\"logo-humcor-2\" alt=\"\" \t\tclass=\"so-widget-image\"\/>\n\t<\/div>\n\n<\/div><\/div><div id=\"panel-80-0-1-1\" class=\"so-panel widget widget_sow-editor panel-last-child\" data-index=\"3\" ><div\n\t\t\t\n\t\t\tclass=\"so-widget-sow-editor so-widget-sow-editor-base\"\n\t\t\t\n\t\t>\n<div class=\"siteorigin-widget-tinymce textwidget\">\n\t<p style=\"text-align: center;\"><span style=\"color: #008080;\"><strong><em>HumCor<\/em>. Corpus Oral Multimodal de Humor en Espa\u00f1ol<\/strong><\/span><\/p>\n<p>Se trata de un corpus en l\u00ednea dise\u00f1ado espec\u00edficamente para el estudio del humor en espa\u00f1ol, que contiene textos humor\u00edsticos como chistes, mon\u00f3logos, sketches y ventr\u00edlocuos, en dos modalidades principales (visual y auditiva), provenientes de programas de televisi\u00f3n y radio y diferentes soportes como discos de vinilo, de pizarra y cintas de casetes. Este corpus incluye materiales de todas las d\u00e9cadas desde 1900 y abarca un periodo de m\u00e1s de 120 a\u00f1os (1900-actualidad). Adem\u00e1s, ofrece una representaci\u00f3n amplia y diversa de las variedades del espa\u00f1ol, tanto de Espa\u00f1a como de diferentes regiones de Hispanoam\u00e9rica.<\/p>\n<\/div>\n<\/div><\/div><\/div><\/div><div id=\"pg-80-1\"  class=\"panel-grid panel-has-style\" ><div class=\"panel-row-style panel-row-style-for-80-1\" ><div id=\"pgc-80-1-0\"  class=\"panel-grid-cell\" ><div id=\"panel-80-1-0-0\" class=\"so-panel widget widget_sow-button panel-first-child panel-last-child\" data-index=\"4\" ><div\n\t\t\t\n\t\t\tclass=\"so-widget-sow-button so-widget-sow-button-flat-fa46ab1a7cfb-80\"\n\t\t\t\n\t\t><div class=\"ow-button-base ow-button-align-center\">\n\t\t\t<a\n\t\t\t\t\thref=\"https:\/\/corpusmigrasev.snlt.es\/\"\n\t\t\t\t\tclass=\"sowb-button ow-icon-placement-left ow-button-hover\" target=\"_blank\" rel=\"noopener noreferrer\" \t>\n\t\t<span>\n\t\t\t\n\t\t\tCorpusmigrasev\t\t<\/span>\n\t\t\t<\/a>\n\t<\/div>\n<\/div><\/div><\/div><div id=\"pgc-80-1-1\"  class=\"panel-grid-cell\" ><div id=\"panel-80-1-1-0\" class=\"so-panel widget widget_sow-button panel-first-child panel-last-child\" data-index=\"5\" ><div\n\t\t\t\n\t\t\tclass=\"so-widget-sow-button so-widget-sow-button-flat-9631e18f74a3-80\"\n\t\t\t\n\t\t><div class=\"ow-button-base ow-button-align-center\">\n\t\t\t<a\n\t\t\t\t\thref=\"https:\/\/humcor.snlt.es\/\"\n\t\t\t\t\tclass=\"sowb-button ow-icon-placement-left ow-button-hover\" target=\"_blank\" rel=\"noopener noreferrer\" download=\"\" \t>\n\t\t<span>\n\t\t\t\n\t\t\tHumCor\t\t<\/span>\n\t\t\t<\/a>\n\t<\/div>\n<\/div><\/div><\/div><\/div><\/div><div id=\"pg-80-2\"  class=\"panel-grid panel-no-style\" ><div id=\"pgc-80-2-0\"  class=\"panel-grid-cell\" ><div id=\"panel-80-2-0-0\" class=\"so-panel widget widget_sow-image panel-first-child\" data-index=\"6\" ><div\n\t\t\t\n\t\t\tclass=\"so-widget-sow-image so-widget-sow-image-default-c67d20f9f743-80\"\n\t\t\t\n\t\t>\n<div class=\"sow-image-container\">\n\t\t<img loading=\"lazy\" decoding=\"async\" src=\"https:\/\/grupo.us.es\/sociolingand\/wp-content\/uploads\/2026\/04\/1-300x121.png\" width=\"198\" height=\"80\" srcset=\"https:\/\/grupo.us.es\/sociolingand\/wp-content\/uploads\/2026\/04\/1-300x121.png 300w, https:\/\/grupo.us.es\/sociolingand\/wp-content\/uploads\/2026\/04\/1.png 351w\" sizes=\"auto, (max-width: 198px) 100vw, 198px\" title=\"Humtext\" alt=\"\" \t\tclass=\"so-widget-image\"\/>\n\t<\/div>\n\n<\/div><\/div><div id=\"panel-80-2-0-1\" class=\"so-panel widget widget_sow-editor panel-last-child\" data-index=\"7\" ><div\n\t\t\t\n\t\t\tclass=\"so-widget-sow-editor so-widget-sow-editor-base\"\n\t\t\t\n\t\t>\n<div class=\"siteorigin-widget-tinymce textwidget\">\n\t<p style=\"text-align: center;\"><span style=\"color: #008080;\"><strong><em>HumText<\/em>. Corpus de humor escrito<\/strong><\/span><\/p>\n<p><em>HumText<\/em>\u00a0es un corpus en l\u00ednea dise\u00f1ado espec\u00edficamente para el estudio del humor escrito en publicaciones impresas, como peri\u00f3dicos, folletos, revistas, almanaques, libros, fasc\u00edculos o fanzines. Constituye una base de datos de textos humor\u00edsticos \u2014chistes, an\u00e9cdotas, epigramas, esquelas, obituarios, epitafios, relatos, art\u00edculos, cr\u00f3nicas o noticias\u2014 provenientes tambi\u00e9n de diferentes formatos, como vi\u00f1etas, tiras c\u00f3micas, entre otros. El corpus abarca un extenso per\u00edodo hist\u00f3rico, con materiales que datan desde 1495 hasta la actualidad, esto es, m\u00e1s de 500 a\u00f1os de producci\u00f3n humor\u00edstica escrita. Los textos han sido recopilados a partir de archivos hist\u00f3ricos disponible en repositorios y hemerotecas p\u00fablicas, colecciones personales y plataformas digitales.<\/p>\n<\/div>\n<\/div><\/div><\/div><div id=\"pgc-80-2-1\"  class=\"panel-grid-cell\" ><div id=\"panel-80-2-1-0\" class=\"so-panel widget widget_sow-image panel-first-child\" data-index=\"8\" ><div\n\t\t\t\n\t\t\tclass=\"so-widget-sow-image so-widget-sow-image-default-c67d20f9f743-80\"\n\t\t\t\n\t\t>\n<div class=\"sow-image-container\">\n\t\t<img loading=\"lazy\" decoding=\"async\" src=\"https:\/\/grupo.us.es\/sociolingand\/wp-content\/uploads\/2026\/04\/3-300x98.png\" width=\"245\" height=\"80\" srcset=\"https:\/\/grupo.us.es\/sociolingand\/wp-content\/uploads\/2026\/04\/3-300x98.png 300w, https:\/\/grupo.us.es\/sociolingand\/wp-content\/uploads\/2026\/04\/3.png 566w\" sizes=\"auto, (max-width: 245px) 100vw, 245px\" title=\"HumNet\" alt=\"\" \t\tclass=\"so-widget-image\"\/>\n\t<\/div>\n\n<\/div><\/div><div id=\"panel-80-2-1-1\" class=\"so-panel widget widget_sow-editor panel-last-child\" data-index=\"9\" ><div\n\t\t\t\n\t\t\tclass=\"so-widget-sow-editor so-widget-sow-editor-base\"\n\t\t\t\n\t\t>\n<div class=\"siteorigin-widget-tinymce textwidget\">\n\t<p style=\"text-align: center;\"><span style=\"color: #008080;\"><strong><em>HumNet<\/em>. Corpus de humor digital en espa\u00f1ol<\/strong><\/span><\/p>\n<p><em>HumNet<\/em> es una base de datos creada para estudiar el humor digital en espa\u00f1ol y comprender c\u00f3mo nos re\u00edmos en internet. Este recurso permite analizar c\u00f3mo evoluciona el lenguaje, c\u00f3mo se crean comunidades en torno a la diversi\u00f3n compartida y c\u00f3mo el humor refleja tendencias sociales, patrones comunicativos y cambios culturales. <em>HumNet<\/em> re\u00fane diferentes tipos de contenidos humor\u00edsticos \u2014memes, desmotivaciones, chistes y posts humor\u00edsticos\u2014 en distintos formatos, como im\u00e1genes, GIFs, v\u00eddeos o textos, procedentes de redes sociales y plataformas de v\u00eddeos como X (Twitter), Instagram, Facebook, Reddit, Tumblr, Bluesky o YouTube. El corpus abarca un periodo de m\u00e1s de 25 a\u00f1os e incluye materiales sobre el humor digital de Espa\u00f1a e Hispanoam\u00e9rica, desde el a\u00f1o 2000 hasta la actualidad.<\/p>\n<\/div>\n<\/div><\/div><\/div><\/div><div id=\"pg-80-3\"  class=\"panel-grid panel-no-style\" ><div id=\"pgc-80-3-0\"  class=\"panel-grid-cell\" ><div id=\"panel-80-3-0-0\" class=\"so-panel widget widget_sow-button panel-first-child panel-last-child\" data-index=\"10\" ><div\n\t\t\t\n\t\t\tclass=\"so-widget-sow-button so-widget-sow-button-flat-a70dfb76051e-80\"\n\t\t\t\n\t\t><div class=\"ow-button-base ow-button-align-center\">\n\t\t\t<a\n\t\t\t\t\thref=\"https:\/\/humtext.snlt.es\/\"\n\t\t\t\t\tclass=\"sowb-button ow-icon-placement-left ow-button-hover\" target=\"_blank\" rel=\"noopener noreferrer\" \t>\n\t\t<span>\n\t\t\t\n\t\t\tHumText\t\t<\/span>\n\t\t\t<\/a>\n\t<\/div>\n<\/div><\/div><\/div><div id=\"pgc-80-3-1\"  class=\"panel-grid-cell\" ><div id=\"panel-80-3-1-0\" class=\"so-panel widget widget_sow-button panel-first-child panel-last-child\" data-index=\"11\" ><div\n\t\t\t\n\t\t\tclass=\"so-widget-sow-button so-widget-sow-button-flat-c79a4424cccf-80\"\n\t\t\t\n\t\t><div class=\"ow-button-base ow-button-align-center\">\n\t\t\t<a\n\t\t\t\t\thref=\"https:\/\/humnet.snlt.es\/\"\n\t\t\t\t\tclass=\"sowb-button ow-icon-placement-left ow-button-hover\" target=\"_blank\" rel=\"noopener noreferrer\" download=\"\" \t>\n\t\t<span>\n\t\t\t\n\t\t\tHumNet\t\t<\/span>\n\t\t\t<\/a>\n\t<\/div>\n<\/div><\/div><\/div><\/div><\/div>","protected":false},"excerpt":{"rendered":"<p>Corpus oral del espa\u00f1ol de los migrantes residentes en la ciudad de Sevilla El corpus incluye 48 entrevistas realizadas a hablantes peruanos, colombianos, nicarag\u00fcenses y ecuatorianos, esto es, 12 entrevistas por cada nacionalidad. La selecci\u00f3n de los informantes se ha llevado a cabo siguiendo el muestreo no probabil\u00edstico accidental y la t\u00e9cnica bola de nieve. [&hellip;]<\/p>\n","protected":false},"author":1,"featured_media":0,"parent":0,"menu_order":0,"comment_status":"closed","ping_status":"closed","template":"","meta":{"footnotes":""},"class_list":["post-80","page","type-page","status-publish","hentry","post"],"_links":{"self":[{"href":"https:\/\/grupo.us.es\/sociolingand\/wp-json\/wp\/v2\/pages\/80","targetHints":{"allow":["GET"]}}],"collection":[{"href":"https:\/\/grupo.us.es\/sociolingand\/wp-json\/wp\/v2\/pages"}],"about":[{"href":"https:\/\/grupo.us.es\/sociolingand\/wp-json\/wp\/v2\/types\/page"}],"author":[{"embeddable":true,"href":"https:\/\/grupo.us.es\/sociolingand\/wp-json\/wp\/v2\/users\/1"}],"replies":[{"embeddable":true,"href":"https:\/\/grupo.us.es\/sociolingand\/wp-json\/wp\/v2\/comments?post=80"}],"version-history":[{"count":23,"href":"https:\/\/grupo.us.es\/sociolingand\/wp-json\/wp\/v2\/pages\/80\/revisions"}],"predecessor-version":[{"id":495,"href":"https:\/\/grupo.us.es\/sociolingand\/wp-json\/wp\/v2\/pages\/80\/revisions\/495"}],"wp:attachment":[{"href":"https:\/\/grupo.us.es\/sociolingand\/wp-json\/wp\/v2\/media?parent=80"}],"curies":[{"name":"wp","href":"https:\/\/api.w.org\/{rel}","templated":true}]}}