{"id":78,"date":"2025-02-05T21:56:34","date_gmt":"2025-02-05T20:56:34","guid":{"rendered":"https:\/\/grupo.us.es\/sociolingand\/?page_id=78"},"modified":"2025-02-07T19:35:40","modified_gmt":"2025-02-07T18:35:40","slug":"perusev","status":"publish","type":"page","link":"https:\/\/grupo.us.es\/sociolingand\/perusev\/","title":{"rendered":"PERUSEV"},"content":{"rendered":"<div id=\"pl-78\"  class=\"panel-layout\" ><div id=\"pg-78-0\"  class=\"panel-grid panel-no-style\" ><div id=\"pgc-78-0-0\"  class=\"panel-grid-cell\" ><div id=\"panel-78-0-0-0\" class=\"so-panel widget widget_sow-editor panel-first-child panel-last-child\" data-index=\"0\" ><div\n\t\t\t\n\t\t\tclass=\"so-widget-sow-editor so-widget-sow-editor-base\"\n\t\t\t\n\t\t>\n<div class=\"siteorigin-widget-tinymce textwidget\">\n\t<h4 id=\"h.dzoihpnev9qd\" class=\"zfr3Q OmQG5e CDt4Ke \" dir=\"ltr\"><span style=\"color: #008080;\"><strong><span class=\"C9DxTc \">Corpus oral para el estudio socioling\u00fc\u00edstico de hablantes peruanos en la ciudad de Sevilla<\/span><\/strong><\/span><\/h4>\n<p><span class=\"C9DxTc \">Este corpus i<\/span><span class=\"C9DxTc \">ncluye 22\u00a0<\/span><span class=\"C9DxTc \">entrevistas semidirigidas realizadas a hablantes peruanos que residen en la ciudad de Sevilla,\u00a0<\/span><span class=\"C9DxTc \">recogidas\u00a0<\/span><span class=\"C9DxTc \">entre junio y octubre de 2020. En total, hay 9 hombres y 13 mujeres \u2012originarios de la zona coste\u00f1a y andina de Per\u00fa\u2012, distribuidos en dos tramos de edad (menores \/ mayores de 45 a\u00f1os) y tres niveles de instrucci\u00f3n (estudios primarios \/ estudios secundarios \/ estudios superiores) mediante cuotas de afijaci\u00f3n no homog\u00e9nea.\u00a0<\/span><span class=\"C9DxTc \">Tambi\u00e9n\u00a0<\/span><span class=\"C9DxTc \">se ha tenido en consideraci\u00f3n el factor tiempo de residencia en la ciudad hispalense, a saber: menos de 4 a\u00f1os, entre 5 y 15 a\u00f1os y m\u00e1s de 16 a\u00f1os.\u00a0<\/span><\/p>\n<\/div>\n<\/div><\/div><\/div><\/div><div id=\"pg-78-1\"  class=\"panel-grid panel-no-style\" ><div id=\"pgc-78-1-0\"  class=\"panel-grid-cell\" ><div id=\"panel-78-1-0-0\" class=\"so-panel widget widget_sow-image panel-first-child panel-last-child\" data-index=\"1\" ><div class=\"panel-widget-style panel-widget-style-for-78-1-0-0\" ><div\n\t\t\t\n\t\t\tclass=\"so-widget-sow-image so-widget-sow-image-default-dbf295114b96-78\"\n\t\t\t\n\t\t>\n<div class=\"sow-image-container\">\n\t\t<img loading=\"lazy\" decoding=\"async\" src=\"https:\/\/grupo.us.es\/sociolingand\/wp-content\/uploads\/2025\/02\/corpus-oral-3as_PERUSEV-1_page-0001.jpg\" width=\"1004\" height=\"1353\" srcset=\"https:\/\/grupo.us.es\/sociolingand\/wp-content\/uploads\/2025\/02\/corpus-oral-3as_PERUSEV-1_page-0001.jpg 1004w, https:\/\/grupo.us.es\/sociolingand\/wp-content\/uploads\/2025\/02\/corpus-oral-3as_PERUSEV-1_page-0001-223x300.jpg 223w, https:\/\/grupo.us.es\/sociolingand\/wp-content\/uploads\/2025\/02\/corpus-oral-3as_PERUSEV-1_page-0001-760x1024.jpg 760w, https:\/\/grupo.us.es\/sociolingand\/wp-content\/uploads\/2025\/02\/corpus-oral-3as_PERUSEV-1_page-0001-768x1035.jpg 768w\" sizes=\"auto, (max-width: 1004px) 100vw, 1004px\" alt=\"\" \t\tclass=\"so-widget-image\"\/>\n\t<\/div>\n\n<\/div><\/div><\/div><\/div><div id=\"pgc-78-1-1\"  class=\"panel-grid-cell\" ><div id=\"panel-78-1-1-0\" class=\"so-panel widget widget_sow-editor panel-first-child panel-last-child\" data-index=\"2\" ><div class=\"celeste panel-widget-style panel-widget-style-for-78-1-1-0\" ><div\n\t\t\t\n\t\t\tclass=\"so-widget-sow-editor so-widget-sow-editor-base\"\n\t\t\t\n\t\t>\n<div class=\"siteorigin-widget-tinymce textwidget\">\n\t<!--[if lt IE 9]><script>document.createElement('audio');<\/script><![endif]-->\n<audio class=\"wp-audio-shortcode\" id=\"audio-78-1\" preload=\"none\" style=\"width: 100%;\" controls=\"controls\"><source type=\"audio\/mpeg\" src=\"https:\/\/grupo.us.es\/sociolingand\/wp-content\/uploads\/2025\/02\/Voz-029_sd-mp3cut.net_.m4a?_=1\" \/><a href=\"https:\/\/grupo.us.es\/sociolingand\/wp-content\/uploads\/2025\/02\/Voz-029_sd-mp3cut.net_.m4a\">https:\/\/grupo.us.es\/sociolingand\/wp-content\/uploads\/2025\/02\/Voz-029_sd-mp3cut.net_.m4a<\/a><\/audio>\n<p style=\"text-align: center;\">Hombre, 54 a\u00f1os, nivel de instrucci\u00f3n alta,<br \/>\n20 a\u00f1os en Sevilla<\/p>\n<audio class=\"wp-audio-shortcode\" id=\"audio-78-2\" preload=\"none\" style=\"width: 100%;\" controls=\"controls\"><source type=\"audio\/mpeg\" src=\"https:\/\/grupo.us.es\/sociolingand\/wp-content\/uploads\/2025\/02\/Voz-022_sd-mp3cut.net_.m4a?_=2\" \/><a href=\"https:\/\/grupo.us.es\/sociolingand\/wp-content\/uploads\/2025\/02\/Voz-022_sd-mp3cut.net_.m4a\">https:\/\/grupo.us.es\/sociolingand\/wp-content\/uploads\/2025\/02\/Voz-022_sd-mp3cut.net_.m4a<\/a><\/audio>\n<p style=\"text-align: center;\">Hombre, 52 a\u00f1os, nivel de instrucci\u00f3n media,<br \/>\n17 a\u00f1os en Sevilla<\/p>\n<audio class=\"wp-audio-shortcode\" id=\"audio-78-3\" preload=\"none\" style=\"width: 100%;\" controls=\"controls\"><source type=\"audio\/mpeg\" src=\"https:\/\/grupo.us.es\/sociolingand\/wp-content\/uploads\/2025\/02\/Voz-003_sd-mp3cut.net_.m4a?_=3\" \/><a href=\"https:\/\/grupo.us.es\/sociolingand\/wp-content\/uploads\/2025\/02\/Voz-003_sd-mp3cut.net_.m4a\">https:\/\/grupo.us.es\/sociolingand\/wp-content\/uploads\/2025\/02\/Voz-003_sd-mp3cut.net_.m4a<\/a><\/audio>\n<p style=\"text-align: center;\">Hombre, 45 a\u00f1os, nivel de instrucci\u00f3n baja,<br \/>\n12 a\u00f1os en Sevilla<\/p>\n<\/div>\n<\/div><\/div><\/div><\/div><div id=\"pgc-78-1-2\"  class=\"panel-grid-cell\" ><div id=\"panel-78-1-2-0\" class=\"so-panel widget widget_sow-editor panel-first-child panel-last-child\" data-index=\"3\" ><div class=\"verde panel-widget-style panel-widget-style-for-78-1-2-0\" ><div\n\t\t\t\n\t\t\tclass=\"so-widget-sow-editor so-widget-sow-editor-base\"\n\t\t\t\n\t\t>\n<div class=\"siteorigin-widget-tinymce textwidget\">\n\t<audio class=\"wp-audio-shortcode\" id=\"audio-78-4\" preload=\"none\" style=\"width: 100%;\" controls=\"controls\"><source type=\"audio\/mpeg\" src=\"https:\/\/grupo.us.es\/sociolingand\/wp-content\/uploads\/2025\/02\/Voz-008_sd-mp3cut.net_.m4a?_=4\" \/><a href=\"https:\/\/grupo.us.es\/sociolingand\/wp-content\/uploads\/2025\/02\/Voz-008_sd-mp3cut.net_.m4a\">https:\/\/grupo.us.es\/sociolingand\/wp-content\/uploads\/2025\/02\/Voz-008_sd-mp3cut.net_.m4a<\/a><\/audio>\n<p style=\"text-align: center;\">Mujer, 44 a\u00f1os, nivel de instrucci\u00f3n\u00a0 alta,<br \/>\n1 a\u00f1o en Sevilla<\/p>\n<audio class=\"wp-audio-shortcode\" id=\"audio-78-5\" preload=\"none\" style=\"width: 100%;\" controls=\"controls\"><source type=\"audio\/mpeg\" src=\"https:\/\/grupo.us.es\/sociolingand\/wp-content\/uploads\/2025\/02\/Voz-012_sd-mp3cut.net_.m4a?_=5\" \/><a href=\"https:\/\/grupo.us.es\/sociolingand\/wp-content\/uploads\/2025\/02\/Voz-012_sd-mp3cut.net_.m4a\">https:\/\/grupo.us.es\/sociolingand\/wp-content\/uploads\/2025\/02\/Voz-012_sd-mp3cut.net_.m4a<\/a><\/audio>\n<p style=\"text-align: center;\">Mujer, 47 a\u00f1os, nivel de instrucci\u00f3n media,<br \/>\n28 a\u00f1os en Sevilla<\/p>\n<audio class=\"wp-audio-shortcode\" id=\"audio-78-6\" preload=\"none\" style=\"width: 100%;\" controls=\"controls\"><source type=\"audio\/mpeg\" src=\"https:\/\/grupo.us.es\/sociolingand\/wp-content\/uploads\/2025\/02\/Voz-005_sd-mp3cut.net_.m4a?_=6\" \/><a href=\"https:\/\/grupo.us.es\/sociolingand\/wp-content\/uploads\/2025\/02\/Voz-005_sd-mp3cut.net_.m4a\">https:\/\/grupo.us.es\/sociolingand\/wp-content\/uploads\/2025\/02\/Voz-005_sd-mp3cut.net_.m4a<\/a><\/audio>\n<p style=\"text-align: center;\">Mujer, 65 a\u00f1os, nivel de instrucci\u00f3n baja,<br \/>\n8 a\u00f1os en Sevilla<\/p>\n<\/div>\n<\/div><\/div><\/div><\/div><\/div><\/div>","protected":false},"excerpt":{"rendered":"<p>Corpus oral para el estudio socioling\u00fc\u00edstico de hablantes peruanos en la ciudad de Sevilla Este corpus incluye 22\u00a0entrevistas semidirigidas realizadas a hablantes peruanos que residen en la ciudad de Sevilla,\u00a0recogidas\u00a0entre junio y octubre de 2020. En total, hay 9 hombres y 13 mujeres \u2012originarios de la zona coste\u00f1a y andina de Per\u00fa\u2012, distribuidos en dos [&hellip;]<\/p>\n","protected":false},"author":1,"featured_media":0,"parent":0,"menu_order":0,"comment_status":"closed","ping_status":"closed","template":"","meta":{"footnotes":""},"class_list":["post-78","page","type-page","status-publish","hentry","post"],"_links":{"self":[{"href":"https:\/\/grupo.us.es\/sociolingand\/wp-json\/wp\/v2\/pages\/78","targetHints":{"allow":["GET"]}}],"collection":[{"href":"https:\/\/grupo.us.es\/sociolingand\/wp-json\/wp\/v2\/pages"}],"about":[{"href":"https:\/\/grupo.us.es\/sociolingand\/wp-json\/wp\/v2\/types\/page"}],"author":[{"embeddable":true,"href":"https:\/\/grupo.us.es\/sociolingand\/wp-json\/wp\/v2\/users\/1"}],"replies":[{"embeddable":true,"href":"https:\/\/grupo.us.es\/sociolingand\/wp-json\/wp\/v2\/comments?post=78"}],"version-history":[{"count":19,"href":"https:\/\/grupo.us.es\/sociolingand\/wp-json\/wp\/v2\/pages\/78\/revisions"}],"predecessor-version":[{"id":351,"href":"https:\/\/grupo.us.es\/sociolingand\/wp-json\/wp\/v2\/pages\/78\/revisions\/351"}],"wp:attachment":[{"href":"https:\/\/grupo.us.es\/sociolingand\/wp-json\/wp\/v2\/media?parent=78"}],"curies":[{"name":"wp","href":"https:\/\/api.w.org\/{rel}","templated":true}]}}