{"id":72,"date":"2025-02-05T21:53:55","date_gmt":"2025-02-05T20:53:55","guid":{"rendered":"https:\/\/grupo.us.es\/sociolingand\/?page_id=72"},"modified":"2026-03-10T16:33:42","modified_gmt":"2026-03-10T15:33:42","slug":"articulos","status":"publish","type":"page","link":"https:\/\/grupo.us.es\/sociolingand\/articulos\/","title":{"rendered":"Art\u00edculos"},"content":{"rendered":"<div id=\"pl-72\"  class=\"panel-layout\" ><div id=\"pg-72-0\"  class=\"panel-grid panel-no-style\" ><div id=\"pgc-72-0-0\"  class=\"panel-grid-cell\" ><div id=\"panel-72-0-0-0\" class=\"so-panel widget widget_sow-editor panel-first-child panel-last-child\" data-index=\"0\" ><div\n\t\t\t\n\t\t\tclass=\"so-widget-sow-editor so-widget-sow-editor-base\"\n\t\t\t\n\t\t>\n<div class=\"siteorigin-widget-tinymce textwidget\">\n\t<h3><strong>2025<\/strong><\/h3>\n<p><span style=\"font-weight: 400;\">Le\u00f3n-Castro G\u00f3mez, Marta (2025). La variaci\u00f3n de la \/s\/ posnuclear: patrones socioling\u00fc\u00edsticos del espa\u00f1ol de Sevilla. <\/span><i><span style=\"font-weight: 400;\">Nueva Revista del Pac\u00edfico, <\/span><\/i><span style=\"font-weight: 400;\">83, 355-382.<\/span><\/p>\n<p><span style=\"font-weight: 400;\">Repede, Doina (2025). Vi\u00f1etas en acci\u00f3n. Aplicaciones del c\u00f3mic a la ense\u00f1anza del discurso directo en ELE.<\/span><i><span style=\"font-weight: 400;\">\u00a0 Porta Linguarum<\/span><\/i><span style=\"font-weight: 400;\">, N\u00famero especial, 199-219.<\/span><\/p>\n<p><span style=\"font-weight: 400;\">Repede, Doina (2025). La cita directa en espa\u00f1ol. Descripci\u00f3n de patrones socioling\u00fc\u00edsticos y dialectales. <\/span><i><span style=\"font-weight: 400;\">Estudios Filol\u00f3gicos, 46, <\/span><\/i><span style=\"font-weight: 400;\">183-214.<\/span><\/p>\n<p><span style=\"font-weight: 400;\">Repede, Doina (2025). Voces dentro de voces. C\u00f3mo citan los hispanohablantes en estilo directo en entrevistas semidirigidas. <\/span><i><span style=\"font-weight: 400;\">Nueva Revista del Pac\u00edfico, 83, <\/span><\/i><span style=\"font-weight: 400;\">438-468.<\/span><\/p>\n<p>Repede, Doina (2025). Revisiting the reported speech as a mitigation device in the PRESEEA-Seville oral corpus. <em>Spanish in context<\/em>,<em> 22<\/em>(1), 1-25.<\/p>\n<p>Repede, Doina (2025). La variaci\u00f3n geolectal de la atenuaci\u00f3n ling\u00fc\u00edstica en ELE. Propuesta did\u00e1ctica a partir del corpus oral PRESEEA. <em>Did\u00e1ctica. Lengua y Literatura, 37<\/em>, 81-100.<\/p>\n<p>Santana Marrero, Juana (2025). Estudio socioling\u00fc\u00edstico de los reformuladores rectificativos en el corpus PRESEEA de la ciudad de Sevilla. <em>Bolet\u00edn de Filolog\u00eda<\/em>, <em>LX<\/em>(2), 165-189. <a href=\"https:\/\/boletinfilologia.uchile.cl\/index.php\/BDF\/article\/view\/82040\">https:\/\/boletinfilologia.uchile.cl\/index.php\/BDF\/article\/view\/82040<\/a><\/p>\n<h3><strong>2024<\/strong><\/h3>\n<p class=\"zfr3Q CDt4Ke \" dir=\"ltr\"><span class=\"C9DxTc \">Le\u00f3n-Castro G\u00f3mez, Marta (2024). An\u00e1lisis variacionista de la \/s\/ implosiva en el nivel sociocultural bajo de la ciudad de Sevilla. <\/span><span class=\"C9DxTc \"><em>C\u00edrculo de Ling\u00fc\u00edstica Aplicada a la Comunicaci\u00f3n, 98<\/em>, 129-140.\u00a0<\/span><\/p>\n<p class=\"zfr3Q CDt4Ke \" dir=\"ltr\"><span class=\"C9DxTc \">Repede, Doina (2024). Marcadores del discurso de cita directa en corpus espa\u00f1oles del PRESEEA: estratificaci\u00f3n social y distribuci\u00f3n diat\u00f3pica. <\/span><span class=\"C9DxTc \"><em>Revista de Filolog\u00eda de la Universidad de La Laguna, 48,<\/em> 223-250.<\/span><\/p>\n<p class=\"zfr3Q CDt4Ke \" dir=\"ltr\"><span class=\"C9DxTc \">Repede, Doina (2024). Marcadores del discurso de cita directa en el corpus oral PRESEEA-Am\u00e9rica: estratificaci\u00f3n social y distribuci\u00f3n diat\u00f3pica. <\/span><span class=\"C9DxTc \"><em>Literatura y Ling\u00fc\u00edstica, 49<\/em>, 485-519.<\/span><\/p>\n<p class=\"zfr3Q CDt4Ke \" dir=\"ltr\"><span class=\"C9DxTc \">Repede, Doina (2024). An\u00e1lisis sociopragm\u00e1tico de\u00a0<\/span><em><span class=\"C9DxTc \">un poco<\/span><\/em><span class=\"C9DxTc \"> en las entrevistas semidirigidas. <\/span><span class=\"C9DxTc \"><em>Onom\u00e1zein, 63<\/em>, 1-19.<\/span><\/p>\n<p class=\"zfr3Q CDt4Ke \" dir=\"ltr\"><span class=\"C9DxTc \">Repede, Doina (2024). Estrategias introductorias y tipo de reproducci\u00f3n de las citas directas en el corpus oral PERUSEV. <\/span><span class=\"C9DxTc \"><em>Revista Espa\u00f1ola de Ling\u00fc\u00edstica Aplicada<\/em>, 1-29.<\/span><span class=\"C9DxTc \">\u00a0<\/span><\/p>\n<p dir=\"ltr\"><span class=\"C9DxTc \">Santana Marrero, Juana (2024). Reconocimiento y valoraci\u00f3n de las variedades cultas hispanoamericanos por parte de los sevillanos: datos del proyecto PRECAVES XXI. <\/span><span class=\"C9DxTc \"><em>C\u00edrculo de Ling\u00fc\u00edstica Aplicada a la Comunicaci\u00f3n, 99<\/em>, 179-196.<\/span><\/p>\n<p dir=\"ltr\">Santana Marrero, Juana (2024). Los ordenadores del discurso: estudio en el corpus PRESEEA-Sevilla. <i>Revista Signos<\/i>.\u00a0<i>Estudios de Ling\u00fc\u00edstica, 57 <\/i>(114), 129-150.<\/p>\n<h4 dir=\"ltr\"><strong>2023<\/strong><\/h4>\n<p>Jim\u00e9nez Fern\u00e1ndez, Rafael y Le\u00f3n-Castro G\u00f3mez, Marta (2023). Variaci\u00f3n en la pronunciaci\u00f3n de la \/s\/ implosiva: datos del nivel sociocultural alto en el corpus PRESEEA-Sevilla. <em>Bolet\u00edn de Filolog\u00eda, 58<\/em>(2), 371-398.<\/p>\n<p class=\"zfr3Q CDt4Ke \" dir=\"ltr\"><span class=\"C9DxTc \">Repede, Doina (2023). Los marcadores discursivos citativos en espa\u00f1ol: distribuci\u00f3n socioling\u00fc\u00edstica y geolectal. En <\/span><span class=\"C9DxTc \">A . M.\u00aa Cestero y Z. N\u00fa\u00f1ez (Eds.),\u00a0<\/span><span class=\"C9DxTc \">Estudios y aplicaciones de PRESEEA. Sociopragm\u00e1tica y ense\u00f1anza de espa\u00f1ol<\/span><span class=\"C9DxTc \">. <em>Normas, 13<\/em>(1), 281-295.\u00a0<\/span><\/p>\n<p class=\"zfr3Q CDt4Ke \" dir=\"ltr\"><span class=\"C9DxTc \">Repede, Doina (2023). El marco introductor de discurso directo mediante los marcadores del discurso: estudio contrastivo entre PRESEEA-Sevilla y PERUSEV. <\/span><span class=\"C9DxTc \"><em>Oralia, 26<\/em>(1), 91-118.<\/span><\/p>\n<p class=\"zfr3Q CDt4Ke \" dir=\"ltr\"><span class=\"C9DxTc \">Repede, Doina (2023). La locuci\u00f3n <\/span><span class=\"C9DxTc \"><em>un poco<\/em>\u00a0<\/span><span class=\"C9DxTc \">en el corpus oral PRESEEA-Sevilla: funciones discursivas y distribuci\u00f3n social. <\/span><span class=\"C9DxTc \"><em>Forma y funci\u00f3n, 36<\/em>, 1-24.<\/span><\/p>\n<p class=\"zfr3Q CDt4Ke \" dir=\"ltr\"><span class=\"C9DxTc \">Santana Marrero, Juana (2023). Los ordenadores del discurso: estudio en el corpus PRESEEA-Sevilla. <\/span><span class=\"C9DxTc \"><em>Revista Signos. Estudios de Ling\u00fc\u00edstica, 57<\/em>(114), 129-150.<\/span><\/p>\n<p class=\"zfr3Q CDt4Ke \" dir=\"ltr\"><span class=\"C9DxTc \">Santana Marrero, Juana (2023). Distribuci\u00f3n socioling\u00fc\u00edstica de los marcadores de reformulaci\u00f3n recapitulativa en el habla de Sevilla. En <\/span><span class=\"C9DxTc \">A . M.\u00aa Cestero y Z. N\u00fa\u00f1ez (Eds.),\u00a0<\/span><span class=\"C9DxTc \">Estudios y aplicaciones de PRESEEA. Sociopragm\u00e1tica y ense\u00f1anza de espa\u00f1ol<\/span><span class=\"C9DxTc \">.\u00a0<\/span><span class=\"C9DxTc \"><em>Normas<\/em>,\u00a0 13(1), <\/span><span class=\"C9DxTc \">269-280.<\/span><\/p>\n<p class=\"zfr3Q CDt4Ke \" dir=\"ltr\"><span class=\"C9DxTc \">Santana Marrero, Juana (2023). Los marcadores de reformulaci\u00f3n en la norma culta de Sevilla: an\u00e1lisis desde una perspectiva longitudinal. <\/span><span class=\"C9DxTc \"><em>Oralidad Culta Hispanoamericana. Estudios de Filolog\u00eda, Marcadores Discursivos y Dialectalismos<\/em>.\u00a0<\/span><em><span class=\"C9DxTc \">Cuadernos de la ALFA<\/span><\/em><span class=\"C9DxTc \"><em>L<\/em> (volumen especial, 2), 89-112.<\/span><\/p>\n<p class=\"zfr3Q CDt4Ke \" dir=\"ltr\"><span class=\"C9DxTc \">Santana Marrero, Juana (2023). An\u00e1lisis funcional y socioling\u00fc\u00edstico de los principales marcadores de reformulaci\u00f3n en el corpus PRESEEA de Sevilla. <\/span><em><span class=\"C9DxTc \">Bolet\u00edn de Filolog\u00eda de la Universidad de Chile, LVIII<\/span><\/em><span class=\"C9DxTc \">(2), 479-512.<\/span><\/p>\n<p class=\"zfr3Q CDt4Ke \" dir=\"ltr\"><span class=\"C9DxTc \">Santana Marrero, Juana (2023). An\u00e1lisis sociopragm\u00e1tico de los reformuladores explicativos en el habla de Sevilla. <\/span><span class=\"C9DxTc \"><em>Oralia, 26<\/em>(1),\u00a0 147-17<\/span><span class=\"C9DxTc \">7.<\/span><\/p>\n<p class=\"zfr3Q CDt4Ke \" dir=\"ltr\"><span class=\"C9DxTc \">Santana Marrero, Juana (2023). Creencias y actitudes de los sevillanos hacia la variedad ling\u00fc\u00edstica chilena. <\/span><span class=\"C9DxTc \"><em>Lenguas Modernas, 62,<\/em> 155-182.<\/span><\/p>\n<h4 dir=\"ltr\"><strong>2022<\/strong><\/h4>\n<p dir=\"ltr\">Le\u00f3n-Castro G\u00f3mez, Marta y\u00a0 Jim\u00e9nez Fern\u00e1ndez, Rafael. La alternancia <em>-ito\/-illo<\/em> en hablantes sevillanos de nivel educacional bajo: Un estudio en tiempo real. <em>Literatura y ling\u00fc\u00edstica, 46,<\/em> 543-569.<\/p>\n<p class=\"zfr3Q CDt4Ke \" dir=\"ltr\"><span class=\"C9DxTc \">Repede, Doina (2022). La atenuaci\u00f3n entre hablantes de instrucci\u00f3n alta en el corpus oral PRESEEA-Sevilla: usos contrastivos en sexo y edad. <em>ELUA. <\/em><\/span><span class=\"C9DxTc \"><em>Estudios de Ling\u00fc\u00edstica. Universidad de Alicante, 39,<\/em> 5-19.<\/span><\/p>\n<p class=\"zfr3Q CDt4Ke \" dir=\"ltr\"><span class=\"C9DxTc \">Repede, Doina (2022). Estudio sociopragm\u00e1tico de los mecanismos atenuadores en el corpus oral PRESEEA-Sevilla. <\/span><span class=\"C9DxTc \"><em>C\u00edrculo de Ling\u00fc\u00edstica Aplicada a la Comunicaci\u00f3n, 92<\/em>, 153-167.<\/span><\/p>\n<p class=\"zfr3Q CDt4Ke \" dir=\"ltr\"><span class=\"C9DxTc \">Repede, Doina (2022). Marcadores discursivos como introductores de cita directa: aproximaci\u00f3n socioling\u00fc\u00edstica en el corpus PRESEEA-Sevilla. <\/span><span class=\"C9DxTc \"><em>Anuario de Estudios Filol\u00f3gicos, 45<\/em>,\u00a0 285-310.\u00a0<\/span><\/p>\n<p class=\"zfr3Q CDt4Ke \" dir=\"ltr\"><span class=\"C9DxTc \">Santana Marrero, Juana (2022). How do Andalusian journalism students perceive Andalusian and Castilian linguistic varieties of Spanish?. <\/span><span class=\"C9DxTc \"><em>Revista Espa\u00f1ola de Ling\u00fc\u00edstica Aplicada, 35<\/em>(<\/span><span class=\"C9DxTc \">2), <\/span><span class=\"C9DxTc \">565-595.<\/span><\/p>\n<p class=\"zfr3Q CDt4Ke \" dir=\"ltr\"><span class=\"C9DxTc \">Santana Marrero, Juana (2022). Los marcadores de reformulaci\u00f3n en el corpus PRESEEA de Sevilla. <\/span><span class=\"C9DxTc \">Estudios de Variaci\u00f3n Ling\u00fc\u00edstica: Homenaje a Juan Andr\u00e9s Villena Ponsoda. <em>Ling\u00fc\u00edstica en la Red, XIX<\/em>, 1-22.\u00a0<\/span><\/p>\n<p class=\"zfr3Q CDt4Ke \" dir=\"ltr\"><span class=\"C9DxTc \">Santana Marrero, Juana (2022). Convergence patterns in the city of Seville: sociolinguistic study of seseo. <\/span><span class=\"C9DxTc \"><em>Spanish in Context<\/em>,<em> 19<\/em>(1), 122-145.<\/span><\/p>\n<h4 dir=\"ltr\"><strong>2021<\/strong><\/h4>\n<p>Repede Doina (2021). El discurso referido como recurso atenuador en la ciudad de Sevilla. C<em>ultura, Lenguaje y Representaci\u00f3n<\/em>,<em> 25<\/em>, 285-303.<\/p>\n<p class=\"zfr3Q CDt4Ke \" dir=\"ltr\"><span class=\"C9DxTc \">Santana Marrero, Juana (2021). <em>L<\/em><\/span><em><span class=\"C9DxTc \">uego<\/span><\/em><span class=\"C9DxTc \">\u00a0y\u00a0<\/span><em><span class=\"C9DxTc \">despu\u00e9s<\/span><\/em><span class=\"C9DxTc \"> como marcadores del discurso en la norma culta de Sevilla: un estudio en tiempo real. <\/span><em><span class=\"C9DxTc \">Marcadores discursivos<\/span><\/em><span class=\"C9DxTc \">luego<\/span><em><span class=\"C9DxTc \">, <\/span><\/em><span class=\"C9DxTc \">despu\u00e9s<\/span><em><span class=\"C9DxTc \">y<\/span><\/em><span class=\"C9DxTc \">dond<\/span><span class=\"C9DxTc \">e<em> en la norma culta hisp\u00e1nica. Cuadernos de la ALFAL<\/em>,<em> 13<\/em>(1), 166-192.<\/span><\/p>\n<p>&nbsp;<\/p>\n<\/div>\n<\/div><\/div><\/div><\/div><\/div>","protected":false},"excerpt":{"rendered":"<p>2025 Le\u00f3n-Castro G\u00f3mez, Marta (2025). La variaci\u00f3n de la \/s\/ posnuclear: patrones socioling\u00fc\u00edsticos del espa\u00f1ol de Sevilla. Nueva Revista del Pac\u00edfico, 83, 355-382. Repede, Doina (2025). Vi\u00f1etas en acci\u00f3n. Aplicaciones del c\u00f3mic a la ense\u00f1anza del discurso directo en ELE.\u00a0 Porta Linguarum, N\u00famero especial, 199-219. Repede, Doina (2025). La cita directa en espa\u00f1ol. Descripci\u00f3n de [&hellip;]<\/p>\n","protected":false},"author":1,"featured_media":0,"parent":0,"menu_order":0,"comment_status":"closed","ping_status":"closed","template":"","meta":{"footnotes":""},"class_list":["post-72","page","type-page","status-publish","hentry","post"],"_links":{"self":[{"href":"https:\/\/grupo.us.es\/sociolingand\/wp-json\/wp\/v2\/pages\/72","targetHints":{"allow":["GET"]}}],"collection":[{"href":"https:\/\/grupo.us.es\/sociolingand\/wp-json\/wp\/v2\/pages"}],"about":[{"href":"https:\/\/grupo.us.es\/sociolingand\/wp-json\/wp\/v2\/types\/page"}],"author":[{"embeddable":true,"href":"https:\/\/grupo.us.es\/sociolingand\/wp-json\/wp\/v2\/users\/1"}],"replies":[{"embeddable":true,"href":"https:\/\/grupo.us.es\/sociolingand\/wp-json\/wp\/v2\/comments?post=72"}],"version-history":[{"count":20,"href":"https:\/\/grupo.us.es\/sociolingand\/wp-json\/wp\/v2\/pages\/72\/revisions"}],"predecessor-version":[{"id":482,"href":"https:\/\/grupo.us.es\/sociolingand\/wp-json\/wp\/v2\/pages\/72\/revisions\/482"}],"wp:attachment":[{"href":"https:\/\/grupo.us.es\/sociolingand\/wp-json\/wp\/v2\/media?parent=72"}],"curies":[{"name":"wp","href":"https:\/\/api.w.org\/{rel}","templated":true}]}}