{"id":70,"date":"2025-02-05T21:53:42","date_gmt":"2025-02-05T20:53:42","guid":{"rendered":"https:\/\/grupo.us.es\/sociolingand\/?page_id=70"},"modified":"2025-07-30T13:48:09","modified_gmt":"2025-07-30T11:48:09","slug":"capitulos","status":"publish","type":"page","link":"https:\/\/grupo.us.es\/sociolingand\/capitulos\/","title":{"rendered":"Cap\u00edtulos"},"content":{"rendered":"<div id=\"pl-70\"  class=\"panel-layout\" ><div id=\"pg-70-0\"  class=\"panel-grid panel-no-style\" ><div id=\"pgc-70-0-0\"  class=\"panel-grid-cell\" ><div id=\"panel-70-0-0-0\" class=\"so-panel widget widget_sow-editor panel-first-child panel-last-child\" data-index=\"0\" ><div\n\t\t\t\n\t\t\tclass=\"so-widget-sow-editor so-widget-sow-editor-base\"\n\t\t\t\n\t\t>\n<div class=\"siteorigin-widget-tinymce textwidget\">\n\t<h4><strong>2025<\/strong><\/h4>\n<p>Santana, Juana (2025). PRESEEA-Sevilla: 10 a\u00f1os de socioling\u00fc\u00edstica en la capital hispalense. En I. Molina, P. Mart\u00edn Butrague\u00f1o, G. Cuesta y N. Moreno (Eds.), <em>La socioling\u00fc\u00edstica del espa\u00f1ol en Espa\u00f1a y Am\u00e9rica: 25 a\u00f1os de estudios coordinados<\/em> (pp. 239-253). Editorial Universidad de Alcal\u00e1.<\/p>\n<h4><strong>2024<\/strong><\/h4>\n<p>Jim\u00e9nez Fern\u00e1ndez, Rafael (2024). Variaci\u00f3n sociofon\u00e9tica de las l\u00edquidas \/r\/ y \/l\/ en posici\u00f3n posnuclear en el espa\u00f1ol hablado en Sevilla (sociolecto alto). En Marta Le\u00f3n-Castro G\u00f3mez y Rafael Jim\u00e9nez Fern\u00e1ndez (coords.), <em>Procesos de variaci\u00f3n y cambio en el espa\u00f1ol de Sevilla y Las Palmas de Gran Canaria<\/em>\u00a0 (pp. 17-44). Iberoamericana \/ Vervuert.<\/p>\n<p><span class=\"C9DxTc \">Le\u00f3n-Castro G\u00f3mez, Marta (2024). Los sufijos <\/span><span class=\"C9DxTc \">-ito\/-illo<\/span><span class=\"C9DxTc \"> en el habla de Sevilla. An\u00e1lisis en tiempo real. <\/span>En Marta Le\u00f3n-Castro G\u00f3mez y Rafael Jim\u00e9nez Fern\u00e1ndez (coords.), <em>Procesos de variaci\u00f3n y cambio en el espa\u00f1ol de Sevilla y Las Palmas de Gran Canaria<\/em>\u00a0 (pp. 82-112). Iberoamericana \/ Vervuert.<\/p>\n<p>Repede, Doina (2024). An\u00e1lisis socioling\u00fc\u00edstico de los recursos atenuadores en hablantes de Sevilla con nivel de instrucci\u00f3n alta. En Gonzalo Francisco S\u00e1nchez et. al. (eds.), Variedades del espa\u00f1ol: aproximaciones desde la socioling\u00fc\u00edstica, la pragm\u00e1tica, la traducci\u00f3n y la interpretaci\u00f3n (pp. 62-81). Editorial Brill.<\/p>\n<p>Santana Marrero, Juana (2024). Estudio socioling\u00fc\u00edstico de la pronunciaci\u00f3n de \/t\u222b\/ en la ciudad de Sevilla. En Marta Le\u00f3n-Castro G\u00f3mez y Rafael Jim\u00e9nez Fern\u00e1ndez (coords.), <em>Procesos de variaci\u00f3n y cambio en el espa\u00f1ol de Sevilla y Las Palmas de Gran Canaria<\/em>\u00a0 (pp. 65-86). Iberoamericana \/ Vervuert.<\/p>\n<h4><strong>2023<\/strong><\/h4>\n<p>Repede, Doina (2023). La atenuaci\u00f3n ling\u00fc\u00edstica en la ciudad de Sevilla: el caso del corpus oral PRESEEA. En Zo\u00e9 Camus (ed.), <em>Lenguaje y sociedad. Acercamientos, teor\u00edas, problemas y perspectivas<\/em> (pp. 129-147). Editorial Universidad de Sevilla.<\/p>\n<p>Santana Marrero, Juana (2023). La variedad andaluza seg\u00fan los sevillanos: datos de PRECAVES XXI. El andaluz y su prestigio. En\u00a0 Roc\u00edo Cruz, Juana Santana e Inmaculada Santos (eds.) <em>Creencias y actitudes ling\u00fc\u00edsticas de los espa\u00f1oles hacia la variedad andaluza en el siglo XXI<\/em> (pp. 121-158). Comares.<\/p>\n<h4><strong>2022<\/strong><\/h4>\n<p>Santana Marrero, Juana (2022). Creencias y actitudes de los sevillanos hacia la variedad castellana. En Ana Mar\u00eda Cestero y Florentino Paredes (eds.), <em>Percepci\u00f3n de la variedad castellana: creencias y actitudes en el siglo XXI<\/em> (pp. 237-282). Editorial Universidad de Alcal\u00e1.<\/p>\n<\/div>\n<\/div><\/div><\/div><\/div><\/div>","protected":false},"excerpt":{"rendered":"<p>2025 Santana, Juana (2025). PRESEEA-Sevilla: 10 a\u00f1os de socioling\u00fc\u00edstica en la capital hispalense. En I. Molina, P. Mart\u00edn Butrague\u00f1o, G. Cuesta y N. Moreno (Eds.), La socioling\u00fc\u00edstica del espa\u00f1ol en Espa\u00f1a y Am\u00e9rica: 25 a\u00f1os de estudios coordinados (pp. 239-253). Editorial Universidad de Alcal\u00e1. 2024 Jim\u00e9nez Fern\u00e1ndez, Rafael (2024). Variaci\u00f3n sociofon\u00e9tica de las l\u00edquidas \/r\/ [&hellip;]<\/p>\n","protected":false},"author":1,"featured_media":0,"parent":0,"menu_order":0,"comment_status":"closed","ping_status":"closed","template":"","meta":{"footnotes":""},"class_list":["post-70","page","type-page","status-publish","hentry","post"],"_links":{"self":[{"href":"https:\/\/grupo.us.es\/sociolingand\/wp-json\/wp\/v2\/pages\/70","targetHints":{"allow":["GET"]}}],"collection":[{"href":"https:\/\/grupo.us.es\/sociolingand\/wp-json\/wp\/v2\/pages"}],"about":[{"href":"https:\/\/grupo.us.es\/sociolingand\/wp-json\/wp\/v2\/types\/page"}],"author":[{"embeddable":true,"href":"https:\/\/grupo.us.es\/sociolingand\/wp-json\/wp\/v2\/users\/1"}],"replies":[{"embeddable":true,"href":"https:\/\/grupo.us.es\/sociolingand\/wp-json\/wp\/v2\/comments?post=70"}],"version-history":[{"count":7,"href":"https:\/\/grupo.us.es\/sociolingand\/wp-json\/wp\/v2\/pages\/70\/revisions"}],"predecessor-version":[{"id":464,"href":"https:\/\/grupo.us.es\/sociolingand\/wp-json\/wp\/v2\/pages\/70\/revisions\/464"}],"wp:attachment":[{"href":"https:\/\/grupo.us.es\/sociolingand\/wp-json\/wp\/v2\/media?parent=70"}],"curies":[{"name":"wp","href":"https:\/\/api.w.org\/{rel}","templated":true}]}}