{"id":66,"date":"2025-02-05T21:52:40","date_gmt":"2025-02-05T20:52:40","guid":{"rendered":"https:\/\/grupo.us.es\/sociolingand\/?page_id=66"},"modified":"2025-02-09T19:01:42","modified_gmt":"2025-02-09T18:01:42","slug":"proyectos","status":"publish","type":"page","link":"https:\/\/grupo.us.es\/sociolingand\/proyectos\/","title":{"rendered":"Proyectos"},"content":{"rendered":"<div id=\"pl-66\"  class=\"panel-layout\" ><div id=\"pg-66-0\"  class=\"panel-grid panel-no-style\" ><div id=\"pgc-66-0-0\"  class=\"panel-grid-cell\" ><div id=\"panel-66-0-0-0\" class=\"so-panel widget widget_sow-editor panel-first-child\" data-index=\"0\" ><div\n\t\t\t\n\t\t\tclass=\"so-widget-sow-editor so-widget-sow-editor-base\"\n\t\t\t\n\t\t>\n<div class=\"siteorigin-widget-tinymce textwidget\">\n\t<p><strong>Estudio de los condicionantes sociales del espa\u00f1ol actual en Las Palmas de Gran Canaria y Sevilla: nuevas identidades, nuevos retos, nuevas soluciones (ECOS-LASPASE) (REF. PID 2023-148371NB-C44) (2024-2028)<\/strong><\/p>\n<\/div>\n<\/div><\/div><div id=\"panel-66-0-0-1\" class=\"so-panel widget widget_sow-editor panel-last-child\" data-index=\"1\" ><div\n\t\t\t\n\t\t\tclass=\"so-widget-sow-editor so-widget-sow-editor-base\"\n\t\t\t\n\t\t>\n<div class=\"siteorigin-widget-tinymce textwidget\">\n\t<p><span style=\"color: #008080;\"><img loading=\"lazy\" decoding=\"async\" class=\"alignright wp-image-324\" src=\"https:\/\/grupo.us.es\/sociolingand\/wp-content\/uploads\/2025\/02\/logo_aei-300x51.jpg\" alt=\"\" width=\"235\" height=\"40\" srcset=\"https:\/\/grupo.us.es\/sociolingand\/wp-content\/uploads\/2025\/02\/logo_aei-300x51.jpg 300w, https:\/\/grupo.us.es\/sociolingand\/wp-content\/uploads\/2025\/02\/logo_aei.jpg 413w\" sizes=\"auto, (max-width: 235px) 100vw, 235px\" \/>Investigadoras principales<\/span><br \/>\n<span style=\"color: #000000;\">Marta Samper Hern\u00e1ndez<br \/>\nJuana Santana Marrero<br \/>\n<\/span><\/p>\n<p><span style=\"color: #008080;\">Equipo de investigaci\u00f3n<br \/>\n<\/span><span style=\"color: #000000;\">Rafael Jim\u00e9nez Fern\u00e1ndez<br \/>\nMarta Le\u00f3n-Castro G\u00f3mez<br \/>\nDoina Repede<br \/>\n<\/span><\/p>\n<p><span style=\"color: #008080;\">Equipo de trabajo<\/span><br \/>\n<span style=\"color: #000000;\">Candy Cahuana Villegas<\/span><\/p>\n<\/div>\n<\/div><\/div><\/div><div id=\"pgc-66-0-1\"  class=\"panel-grid-cell\" ><div id=\"panel-66-0-1-0\" class=\"so-panel widget widget_sow-editor panel-first-child\" data-index=\"2\" ><div\n\t\t\t\n\t\t\tclass=\"so-widget-sow-editor so-widget-sow-editor-base\"\n\t\t\t\n\t\t>\n<div class=\"siteorigin-widget-tinymce textwidget\">\n\t<p><strong><span class=\"C9DxTc \">Proyecto VARES - AGENDA 2050 Sevilla.\u00a0<\/span><span class=\"C9DxTc \">El espa\u00f1ol de Sevilla y Las Palmas de Gran Canaria: Procesos de variaci\u00f3n y cambio espaciales y sociales<\/span><span class=\"C9DxTc \">\u00a0(Ref. PID2019-104982GB-C54) (2020-2024)<\/span><\/strong><\/p>\n<\/div>\n<\/div><\/div><div id=\"panel-66-0-1-1\" class=\"so-panel widget widget_sow-editor panel-last-child\" data-index=\"3\" ><div\n\t\t\t\n\t\t\tclass=\"so-widget-sow-editor so-widget-sow-editor-base\"\n\t\t\t\n\t\t>\n<div class=\"siteorigin-widget-tinymce textwidget\">\n\t<p><span style=\"color: #008080;\"><img loading=\"lazy\" decoding=\"async\" class=\"wp-image-324 alignright\" src=\"https:\/\/grupo.us.es\/sociolingand\/wp-content\/uploads\/2025\/02\/logo_aei-300x51.jpg\" alt=\"\" width=\"235\" height=\"40\" srcset=\"https:\/\/grupo.us.es\/sociolingand\/wp-content\/uploads\/2025\/02\/logo_aei-300x51.jpg 300w, https:\/\/grupo.us.es\/sociolingand\/wp-content\/uploads\/2025\/02\/logo_aei.jpg 413w\" sizes=\"auto, (max-width: 235px) 100vw, 235px\" \/>Investigadoras principales<br \/>\n<\/span><span style=\"color: #000000;\">Juana Santana Marrero<\/span><br \/>\n<span style=\"color: #000000;\">Marta Samper Hern\u00e1ndez<\/span><\/p>\n<p><span style=\"color: #008080;\">Equipo de investigaci\u00f3n<br \/>\n<\/span><span style=\"color: #000000;\">Rafael Jim\u00e9nez Fern\u00e1ndez<\/span><\/p>\n<p><span style=\"color: #008080;\">Equipo de trabajo<br \/>\n<\/span><span style=\"color: #000000;\">Marta Le\u00f3n-Castro G\u00f3mez<\/span><br \/>\n<span style=\"color: #000000;\">Doina Repede<br \/>\nCandy Cahuana Villegas<br \/>\n<\/span><span style=\"color: #000000;\">Daniel Sobral Olivera<\/span><\/p>\n<\/div>\n<\/div><\/div><\/div><\/div><div id=\"pg-66-1\"  class=\"panel-grid panel-no-style\" ><div id=\"pgc-66-1-0\"  class=\"panel-grid-cell\" ><div id=\"panel-66-1-0-0\" class=\"so-panel widget widget_text panel-first-child panel-last-child\" data-index=\"4\" >\t\t\t<div class=\"textwidget\"><hr \/>\n<\/div>\n\t\t<\/div><\/div><\/div><div id=\"pg-66-2\"  class=\"panel-grid panel-no-style\" ><div id=\"pgc-66-2-0\"  class=\"panel-grid-cell\" ><div id=\"panel-66-2-0-0\" class=\"so-panel widget widget_sow-editor panel-first-child\" data-index=\"5\" ><div\n\t\t\t\n\t\t\tclass=\"so-widget-sow-editor so-widget-sow-editor-base\"\n\t\t\t\n\t\t>\n<div class=\"siteorigin-widget-tinymce textwidget\">\n\t<p><strong><span class=\"C9DxTc \">Patrones Socioling\u00fc\u00edsticos del Espa\u00f1ol de Sevilla<\/span><span class=\"C9DxTc \">\u00a0(PASOS-SE) (Ref. FFI2015-68171-C5-3-P) (2015-2019)<\/span><\/strong><\/p>\n<\/div>\n<\/div><\/div><div id=\"panel-66-2-0-1\" class=\"so-panel widget widget_sow-editor panel-last-child\" data-index=\"6\" ><div\n\t\t\t\n\t\t\tclass=\"so-widget-sow-editor so-widget-sow-editor-base\"\n\t\t\t\n\t\t>\n<div class=\"siteorigin-widget-tinymce textwidget\">\n\t<div class=\"hJDwNd-AhqUyc-II5mzb Ft7HRd-AhqUyc-II5mzb purZT-AhqUyc-II5mzb ZcASvf-AhqUyc-II5mzb pSzOP-AhqUyc-qWD73c Ktthjf-AhqUyc-qWD73c JNdkSc SQVYQc\">\n<div class=\"JNdkSc-SmKAyb LkDMRd\">\n<div class=\"\">\n<div class=\"oKdM2c ZZyype Kzv0Me\">\n<div id=\"h.75b8490051d81a89_1\" class=\"hJDwNd-AhqUyc-II5mzb Ft7HRd-AhqUyc-II5mzb pSzOP-AhqUyc-qWD73c Ktthjf-AhqUyc-qWD73c jXK9ad D2fZ2 zu5uec OjCsFc dmUFtb wHaque g5GTcb\">\n<div class=\"jXK9ad-SmKAyb\">\n<div class=\"tyJCtd mGzaTb Depvyb baZpAe\">\n<p class=\"zfr3Q CDt4Ke \" dir=\"ltr\"><span style=\"color: #008080;\"><span class=\"C9DxTc \"><img loading=\"lazy\" decoding=\"async\" class=\"wp-image-325  alignright\" src=\"http:\/\/grupo.us.es\/sociolingand\/wp-content\/uploads\/2025\/02\/logo_es_eu-300x150.png\" alt=\"\" width=\"180\" height=\"90\" srcset=\"https:\/\/grupo.us.es\/sociolingand\/wp-content\/uploads\/2025\/02\/logo_es_eu-300x150.png 300w, https:\/\/grupo.us.es\/sociolingand\/wp-content\/uploads\/2025\/02\/logo_es_eu.png 329w\" sizes=\"auto, (max-width: 180px) 100vw, 180px\" \/>Investigador<\/span><span class=\"C9DxTc \">as<\/span><span class=\"C9DxTc \">\u00a0principales<br \/>\n<\/span><\/span><span class=\"C9DxTc \"><span style=\"color: #000000;\">Juana Santana Marrero\u00a0<\/span><br \/>\n<\/span><span style=\"color: #000000;\"><span class=\"C9DxTc \">Mar\u00eda Auxilia<\/span><span class=\"C9DxTc \">dora Castillo Carballo<\/span><\/span><\/p>\n<p class=\"zfr3Q CDt4Ke \" dir=\"ltr\"><span style=\"color: #008080;\">Equipo de investigaci\u00f3n<\/span><\/p>\n<\/div>\n<\/div>\n<\/div>\n<\/div>\n<\/div>\n<\/div>\n<\/div>\n<div class=\"hJDwNd-AhqUyc-II5mzb Ft7HRd-AhqUyc-II5mzb purZT-AhqUyc-II5mzb ZcASvf-AhqUyc-II5mzb pSzOP-AhqUyc-qWD73c Ktthjf-AhqUyc-qWD73c JNdkSc SQVYQc\">\n<div class=\"JNdkSc-SmKAyb LkDMRd\">\n<div class=\"\">\n<div class=\"oKdM2c ZZyype Kzv0Me\">\n<div id=\"h.47b8b10e444c86b8_8\" class=\"hJDwNd-AhqUyc-II5mzb Ft7HRd-AhqUyc-II5mzb pSzOP-AhqUyc-qWD73c Ktthjf-AhqUyc-qWD73c jXK9ad D2fZ2 zu5uec OjCsFc dmUFtb wHaque g5GTcb\">\n<div class=\"jXK9ad-SmKAyb\">\n<div class=\"tyJCtd mGzaTb Depvyb baZpAe\">\n<p class=\"zfr3Q CDt4Ke \" dir=\"ltr\"><span style=\"color: #000000;\"><span class=\"C9DxTc \">Juan Manuel Garc\u00eda Platero<br \/>\n<\/span><span class=\"C9DxTc \">Rosario Guill\u00e9n Sutil<br \/>\n<\/span><span class=\"C9DxTc \">Rafael Jim\u00e9nez Fern\u00e1ndez<\/span><\/span><\/p>\n<p class=\"zfr3Q CDt4Ke \" dir=\"ltr\"><span style=\"color: #008080;\">Equipo de trabajo<\/span><\/p>\n<\/div>\n<\/div>\n<\/div>\n<\/div>\n<\/div>\n<\/div>\n<\/div>\n<div class=\"hJDwNd-AhqUyc-II5mzb Ft7HRd-AhqUyc-II5mzb purZT-AhqUyc-II5mzb ZcASvf-AhqUyc-II5mzb pSzOP-AhqUyc-qWD73c Ktthjf-AhqUyc-qWD73c JNdkSc SQVYQc\">\n<div class=\"JNdkSc-SmKAyb LkDMRd\">\n<div class=\"\">\n<div class=\"oKdM2c ZZyype Kzv0Me\">\n<div id=\"h.47b8b10e444c86b8_12\" class=\"hJDwNd-AhqUyc-II5mzb Ft7HRd-AhqUyc-II5mzb pSzOP-AhqUyc-qWD73c Ktthjf-AhqUyc-qWD73c jXK9ad D2fZ2 zu5uec OjCsFc dmUFtb wHaque g5GTcb\">\n<div class=\"jXK9ad-SmKAyb\">\n<div class=\"tyJCtd mGzaTb Depvyb baZpAe\">\n<p class=\"zfr3Q CDt4Ke \" dir=\"ltr\"><span style=\"color: #000000;\"><span class=\"C9DxTc \">Marta Le\u00f3n-Castro G\u00f3mez<br \/>\n<\/span><span class=\"C9DxTc \">Doina Repede<br \/>\n<\/span><span class=\"C9DxTc \">Adamant\u00eda Zerva<\/span><\/span><\/p>\n<\/div>\n<\/div>\n<\/div>\n<\/div>\n<\/div>\n<\/div>\n<\/div>\n<\/div>\n<\/div><\/div><\/div><div id=\"pgc-66-2-1\"  class=\"panel-grid-cell\" ><div id=\"panel-66-2-1-0\" class=\"so-panel widget widget_sow-editor panel-first-child\" data-index=\"7\" ><div\n\t\t\t\n\t\t\tclass=\"so-widget-sow-editor so-widget-sow-editor-base\"\n\t\t\t\n\t\t>\n<div class=\"siteorigin-widget-tinymce textwidget\">\n\t<p><strong><span class=\"C9DxTc \">PRESEEA- P<\/span><span class=\"C9DxTc \">royecto para el Estudio Socioling\u00fc\u00edstico del Espa\u00f1ol de Espa\u00f1a y de Am\u00e9rica (<\/span><a class=\"XqQF9c\" href=\"https:\/\/preseea.uah.es\/equipos\/sevilla\" target=\"_blank\" rel=\"noopener\"><span class=\"C9DxTc \">https:\/\/preseea.uah.es\/<\/span><\/a><span class=\"C9DxTc \">)<\/span><span class=\"C9DxTc \">\u00a0<\/span><\/strong><\/p>\n<\/div>\n<\/div><\/div><div id=\"panel-66-2-1-1\" class=\"so-panel widget widget_sow-editor panel-last-child\" data-index=\"8\" ><div\n\t\t\t\n\t\t\tclass=\"so-widget-sow-editor so-widget-sow-editor-base\"\n\t\t\t\n\t\t>\n<div class=\"siteorigin-widget-tinymce textwidget\">\n\t<p><span style=\"color: #008080;\"><img loading=\"lazy\" decoding=\"async\" class=\" wp-image-328 alignright\" src=\"http:\/\/grupo.us.es\/sociolingand\/wp-content\/uploads\/2025\/02\/logoPreseea_0_0.png\" alt=\"\" width=\"251\" height=\"51\" \/>Coordinadora<\/span><br \/>\n<span style=\"color: #000000;\">Juana Santana Marrero<\/span><\/p>\n<p><span style=\"color: #008080;\">Equipo de investigaci\u00f3n<\/span><br \/>\n<span style=\"color: #000000;\">Rafael Jim\u00e9nez Fern\u00e1ndez<\/span><br \/>\n<span style=\"color: #000000;\">Marta Le\u00f3n-Castro G\u00f3mez<\/span><br \/>\n<span style=\"color: #000000;\">Doina Repede<\/span><\/p>\n<p><span style=\"color: #008080;\">Colaboradora<\/span><br \/>\n<span style=\"color: #000000;\">Candy Cahuana Villegas<\/span><\/p>\n<\/div>\n<\/div><\/div><\/div><\/div><div id=\"pg-66-3\"  class=\"panel-grid panel-no-style\" ><div id=\"pgc-66-3-0\"  class=\"panel-grid-cell\" ><div id=\"panel-66-3-0-0\" class=\"so-panel widget widget_text panel-first-child panel-last-child\" data-index=\"9\" >\t\t\t<div class=\"textwidget\"><hr \/>\n<\/div>\n\t\t<\/div><\/div><\/div><div id=\"pg-66-4\"  class=\"panel-grid panel-no-style\" ><div id=\"pgc-66-4-0\"  class=\"panel-grid-cell\" ><div id=\"panel-66-4-0-0\" class=\"so-panel widget widget_sow-editor panel-first-child\" data-index=\"10\" ><div\n\t\t\t\n\t\t\tclass=\"so-widget-sow-editor so-widget-sow-editor-base\"\n\t\t\t\n\t\t>\n<div class=\"siteorigin-widget-tinymce textwidget\">\n\t<p><strong><span class=\"C9DxTc \">Proyecto de la norma culta hisp\u00e1nica \u201cJuan M. Lope Blanch\u201d<\/span><span class=\"C9DxTc \">\u00a0<\/span><\/strong><\/p>\n<\/div>\n<\/div><\/div><div id=\"panel-66-4-0-1\" class=\"so-panel widget widget_sow-editor panel-last-child\" data-index=\"11\" ><div\n\t\t\t\n\t\t\tclass=\"so-widget-sow-editor so-widget-sow-editor-base\"\n\t\t\t\n\t\t>\n<div class=\"siteorigin-widget-tinymce textwidget\">\n\t<div class=\"hJDwNd-AhqUyc-II5mzb Ft7HRd-AhqUyc-II5mzb purZT-AhqUyc-II5mzb ZcASvf-AhqUyc-II5mzb pSzOP-AhqUyc-qWD73c Ktthjf-AhqUyc-qWD73c JNdkSc SQVYQc\">\n<div class=\"JNdkSc-SmKAyb LkDMRd\">\n<div class=\"\">\n<div class=\"oKdM2c ZZyype Kzv0Me\">\n<div id=\"h.75b8490051d81a89_1\" class=\"hJDwNd-AhqUyc-II5mzb Ft7HRd-AhqUyc-II5mzb pSzOP-AhqUyc-qWD73c Ktthjf-AhqUyc-qWD73c jXK9ad D2fZ2 zu5uec OjCsFc dmUFtb wHaque g5GTcb\">\n<div class=\"jXK9ad-SmKAyb\">\n<div class=\"tyJCtd mGzaTb Depvyb baZpAe\">\n<p class=\"zfr3Q CDt4Ke \" dir=\"ltr\"><span style=\"color: #008080;\"><span class=\"C9DxTc \">Miembros<br \/>\n<\/span><\/span><span class=\"C9DxTc \"><span style=\"color: #000000;\">Juana Santana Marrero\u00a0<\/span><br \/>\n<\/span><\/p>\n<\/div>\n<\/div>\n<\/div>\n<\/div>\n<\/div>\n<\/div>\n<\/div>\n<div class=\"hJDwNd-AhqUyc-II5mzb Ft7HRd-AhqUyc-II5mzb purZT-AhqUyc-II5mzb ZcASvf-AhqUyc-II5mzb pSzOP-AhqUyc-qWD73c Ktthjf-AhqUyc-qWD73c JNdkSc SQVYQc\">\n<div class=\"JNdkSc-SmKAyb LkDMRd\">\n<div class=\"\">\n<div class=\"oKdM2c ZZyype Kzv0Me\">\n<div id=\"h.47b8b10e444c86b8_12\" class=\"hJDwNd-AhqUyc-II5mzb Ft7HRd-AhqUyc-II5mzb pSzOP-AhqUyc-qWD73c Ktthjf-AhqUyc-qWD73c jXK9ad D2fZ2 zu5uec OjCsFc dmUFtb wHaque g5GTcb\">\n<div class=\"jXK9ad-SmKAyb\">\n<div class=\"tyJCtd mGzaTb Depvyb baZpAe\">\n<p class=\"zfr3Q CDt4Ke \" dir=\"ltr\"><span style=\"color: #000000;\">\u00a0<\/span><\/p>\n<\/div>\n<\/div>\n<\/div>\n<\/div>\n<\/div>\n<\/div>\n<\/div>\n<\/div>\n<\/div><\/div><\/div><div id=\"pgc-66-4-1\"  class=\"panel-grid-cell\" ><div id=\"panel-66-4-1-0\" class=\"so-panel widget widget_sow-editor panel-first-child\" data-index=\"12\" ><div\n\t\t\t\n\t\t\tclass=\"so-widget-sow-editor so-widget-sow-editor-base\"\n\t\t\t\n\t\t>\n<div class=\"siteorigin-widget-tinymce textwidget\">\n\t<p><strong><span class=\"C9DxTc \">PRECAVES XXI -\u00a0<\/span><span class=\"C9DxTc \">Proyecto para el estudio de las creencias y actitudes hacia las variedades del espa\u00f1ol en el siglo XXI\u00a0<\/span><span class=\"C9DxTc \">(<\/span><a class=\"XqQF9c\" href=\"http:\/\/www.variedadesdelespanol.es\/\" target=\"_blank\" rel=\"noopener\"><span class=\"C9DxTc aw5Odc \">http:\/\/www.variedadesdelespanol.es\/<\/span><\/a><span class=\"C9DxTc \">)<\/span><span class=\"C9DxTc \">\u00a0<\/span><\/strong><\/p>\n<\/div>\n<\/div><\/div><div id=\"panel-66-4-1-1\" class=\"so-panel widget widget_sow-editor panel-last-child\" data-index=\"13\" ><div\n\t\t\t\n\t\t\tclass=\"so-widget-sow-editor so-widget-sow-editor-base\"\n\t\t\t\n\t\t>\n<div class=\"siteorigin-widget-tinymce textwidget\">\n\t<p><span style=\"color: #008080;\">Miembros<\/span><br \/>\n<span style=\"color: #000000;\">Juana Santana Marrero<\/span><br \/>\n<span style=\"color: #000000;\">Candy Cahuana Villegas<\/span><\/p>\n<\/div>\n<\/div><\/div><\/div><\/div><\/div>","protected":false},"excerpt":{"rendered":"<p>Estudio de los condicionantes sociales del espa\u00f1ol actual en Las Palmas de Gran Canaria y Sevilla: nuevas identidades, nuevos retos, nuevas soluciones (ECOS-LASPASE) (REF. PID 2023-148371NB-C44) (2024-2028) Investigadoras principales Marta Samper Hern\u00e1ndez Juana Santana Marrero Equipo de investigaci\u00f3n Rafael Jim\u00e9nez Fern\u00e1ndez Marta Le\u00f3n-Castro G\u00f3mez Doina Repede Equipo de trabajo Candy Cahuana Villegas Proyecto VARES &#8211; [&hellip;]<\/p>\n","protected":false},"author":1,"featured_media":0,"parent":0,"menu_order":0,"comment_status":"closed","ping_status":"closed","template":"","meta":{"footnotes":""},"class_list":["post-66","page","type-page","status-publish","hentry","post"],"_links":{"self":[{"href":"https:\/\/grupo.us.es\/sociolingand\/wp-json\/wp\/v2\/pages\/66","targetHints":{"allow":["GET"]}}],"collection":[{"href":"https:\/\/grupo.us.es\/sociolingand\/wp-json\/wp\/v2\/pages"}],"about":[{"href":"https:\/\/grupo.us.es\/sociolingand\/wp-json\/wp\/v2\/types\/page"}],"author":[{"embeddable":true,"href":"https:\/\/grupo.us.es\/sociolingand\/wp-json\/wp\/v2\/users\/1"}],"replies":[{"embeddable":true,"href":"https:\/\/grupo.us.es\/sociolingand\/wp-json\/wp\/v2\/comments?post=66"}],"version-history":[{"count":20,"href":"https:\/\/grupo.us.es\/sociolingand\/wp-json\/wp\/v2\/pages\/66\/revisions"}],"predecessor-version":[{"id":370,"href":"https:\/\/grupo.us.es\/sociolingand\/wp-json\/wp\/v2\/pages\/66\/revisions\/370"}],"wp:attachment":[{"href":"https:\/\/grupo.us.es\/sociolingand\/wp-json\/wp\/v2\/media?parent=66"}],"curies":[{"name":"wp","href":"https:\/\/api.w.org\/{rel}","templated":true}]}}