{"id":48,"date":"2025-02-05T21:24:19","date_gmt":"2025-02-05T20:24:19","guid":{"rendered":"https:\/\/grupo.us.es\/sociolingand\/?page_id=48"},"modified":"2026-03-10T16:39:19","modified_gmt":"2026-03-10T15:39:19","slug":"equipo","status":"publish","type":"page","link":"https:\/\/grupo.us.es\/sociolingand\/equipo\/","title":{"rendered":"Equipo"},"content":{"rendered":"<div id=\"pl-48\"  class=\"panel-layout\" ><div id=\"pg-48-0\"  class=\"panel-grid panel-has-style\" ><div class=\"miembro panel-row-style panel-row-style-for-48-0\" ><div id=\"pgc-48-0-0\"  class=\"panel-grid-cell\" ><div id=\"panel-48-0-0-0\" class=\"so-panel widget widget_sow-image panel-first-child panel-last-child\" data-index=\"0\" ><div class=\"panel-widget-style panel-widget-style-for-48-0-0-0\" ><div\n\t\t\t\n\t\t\tclass=\"so-widget-sow-image so-widget-sow-image-default-dbf295114b96-48\"\n\t\t\t\n\t\t>\n<div class=\"sow-image-container\">\n\t\t<img loading=\"lazy\" decoding=\"async\" src=\"https:\/\/grupo.us.es\/sociolingand\/wp-content\/uploads\/2025\/02\/Screenshot_20230906-162809_Gallery-e1739212171460.jpg\" width=\"720\" height=\"1020\" srcset=\"https:\/\/grupo.us.es\/sociolingand\/wp-content\/uploads\/2025\/02\/Screenshot_20230906-162809_Gallery-e1739212171460.jpg 720w, https:\/\/grupo.us.es\/sociolingand\/wp-content\/uploads\/2025\/02\/Screenshot_20230906-162809_Gallery-e1739212171460-212x300.jpg 212w\" sizes=\"auto, (max-width: 720px) 100vw, 720px\" title=\"Screenshot_20230906-162809_Gallery\" alt=\"\" \t\tclass=\"so-widget-image\"\/>\n\t<\/div>\n\n<\/div><\/div><\/div><\/div><div id=\"pgc-48-0-1\"  class=\"panel-grid-cell\" ><div id=\"panel-48-0-1-0\" class=\"so-panel widget widget_sow-editor panel-first-child panel-last-child\" data-index=\"1\" ><div\n\t\t\t\n\t\t\tclass=\"so-widget-sow-editor so-widget-sow-editor-base\"\n\t\t\t\n\t\t>\n<div class=\"siteorigin-widget-tinymce textwidget\">\n\t<div class=\"oKdM2c ZZyype Kzv0Me\">\n<div id=\"h.69e2f2fc9c51096b_39\" class=\"hJDwNd-AhqUyc-Clt0zb Ft7HRd-AhqUyc-Clt0zb jXK9ad D2fZ2 zu5uec OjCsFc dmUFtb\">\n<div class=\"jXK9ad-SmKAyb\">\n<div class=\"tyJCtd mGzaTb Depvyb baZpAe\">\n<h2 id=\"h.s0o22380rffm_l\" class=\"zfr3Q duRjpb CDt4Ke \" dir=\"ltr\"><strong><span class=\"puwcIf C9DxTc \">Juana Santana Marrero<\/span><\/strong><\/h2>\n<p class=\"zfr3Q duRjpb CDt4Ke \" dir=\"ltr\"><span class=\"C9DxTc \">\ud83c\udf10\u00a0<\/span><a class=\"XqQF9c\" href=\"https:\/\/orcid.org\/0000-0002-7715-0141\" target=\"_blank\" rel=\"noopener\"><span class=\"C9DxTc aw5Odc \">ORCID\u00a0<\/span><\/a><span class=\"C9DxTc \">\u00a0\u00a0\u00b7\u00a0\u00a0<\/span><a class=\"XqQF9c\" href=\"https:\/\/bibliometria.us.es\/prisma\/investigador\/3988\" target=\"_blank\" rel=\"noopener\"><span class=\"C9DxTc aw5Odc \">PRISMA<\/span><\/a><span class=\"C9DxTc \">\u00a0 \u00b7\u00a0<\/span><a class=\"XqQF9c\" href=\"https:\/\/idus.us.es\/discover?rpp=10&amp;etal=0&amp;query=SANTANA+MARRERO&amp;group_by=none&amp;page=1\" target=\"_blank\" rel=\"noopener\"><span class=\"C9DxTc aw5Odc \">IDUS<\/span><\/a><span class=\"C9DxTc \">\u00a0\u00b7 \ud83d\udce7\u00a0\u00a0<\/span><a class=\"XqQF9c\" href=\"mailto:jsantana@us.es\" target=\"_blank\" rel=\"noopener\"><span class=\"C9DxTc aw5Odc \">jsantana@us.es<\/span><\/a><\/p>\n<p style=\"font-weight: 400;\">Es profesora titular en el \u00e1rea de Lengua Espa\u00f1ola del Departamento de Lengua Espa\u00f1ola, Ling\u00fc\u00edstica y Teor\u00eda de la Literatura de la Universidad de Sevilla. Sus principales l\u00edneas de investigaci\u00f3n son el estudio socioling\u00fc\u00edstico del habla de Sevilla (an\u00e1lisis de fen\u00f3menos de variaci\u00f3n y de creencias y actitudes ling\u00fc\u00edsticas) y las relaciones entre las pautas normativas y el uso del espa\u00f1ol. Es responsable del grupo de investigaci\u00f3n <em>Socioling\u00fc\u00edstica andaluza: estudio socioling\u00fc\u00edstico del habla de Sevilla<\/em>\u00a0(HUM 141) e investigadora principal del proyecto\u00a0<em>Estudio de los condicionantes sociales del espa\u00f1ol actual en Las Palmas de Gran Canaria y Sevilla. Nuevas identidades, nuevos retos, nuevas soluciones<\/em>\u00a0(ECOS-LASPASE). (Ref.\u00a0PID2023-148371NB-C44), financiado por el\u00a0Ministerio de Ciencia, Innovaci\u00f3n y Universidades y Agencia Estatal de Investigaci\u00f3n. En el \u00e1mbito internacional, participa como investigadora en el\u00a0<em>Proyecto de la norma culta hisp\u00e1nica Juan M. Lope Blanch<\/em>, el\u00a0<em>Proyecto para el estudio socioling\u00fc\u00edstico del espa\u00f1ol de Espa\u00f1a y Am\u00e9rica<\/em>\u00a0(PRESEEA) y el\u00a0<em>Proyecto para el estudio de las creencias y actitudes hacia las variedades del espa\u00f1ol en el siglo XXI<\/em>\u00a0(PRECAVES XXI). Es miembro correspondiente de la Academia Boliviana de la Lengua y colaboradora del <a href=\"https:\/\/oha.uca.es\/presentacion\/\">Observatorio de las Hablas Andaluzas<\/a>.<\/p>\n<\/div>\n<\/div>\n<\/div>\n<\/div>\n<\/div>\n<\/div><\/div><\/div><\/div><\/div><div id=\"pg-48-1\"  class=\"panel-grid panel-has-style\" ><div class=\"miembro panel-row-style panel-row-style-for-48-1\" ><div id=\"pgc-48-1-0\"  class=\"panel-grid-cell\" ><div id=\"panel-48-1-0-0\" class=\"so-panel widget widget_sow-image panel-first-child panel-last-child\" data-index=\"2\" ><div class=\"panel-widget-style panel-widget-style-for-48-1-0-0\" ><div\n\t\t\t\n\t\t\tclass=\"so-widget-sow-image so-widget-sow-image-default-dbf295114b96-48\"\n\t\t\t\n\t\t>\n<div class=\"sow-image-container\">\n\t\t<img loading=\"lazy\" decoding=\"async\" src=\"https:\/\/grupo.us.es\/sociolingand\/wp-content\/uploads\/2025\/02\/2.jpg\" width=\"1280\" height=\"1826\" srcset=\"https:\/\/grupo.us.es\/sociolingand\/wp-content\/uploads\/2025\/02\/2.jpg 1280w, https:\/\/grupo.us.es\/sociolingand\/wp-content\/uploads\/2025\/02\/2-210x300.jpg 210w, https:\/\/grupo.us.es\/sociolingand\/wp-content\/uploads\/2025\/02\/2-718x1024.jpg 718w, https:\/\/grupo.us.es\/sociolingand\/wp-content\/uploads\/2025\/02\/2-768x1096.jpg 768w, https:\/\/grupo.us.es\/sociolingand\/wp-content\/uploads\/2025\/02\/2-1077x1536.jpg 1077w\" sizes=\"auto, (max-width: 1280px) 100vw, 1280px\" alt=\"\" \t\tclass=\"so-widget-image\"\/>\n\t<\/div>\n\n<\/div><\/div><\/div><\/div><div id=\"pgc-48-1-1\"  class=\"panel-grid-cell\" ><div id=\"panel-48-1-1-0\" class=\"so-panel widget widget_sow-editor panel-first-child panel-last-child\" data-index=\"3\" ><div\n\t\t\t\n\t\t\tclass=\"so-widget-sow-editor so-widget-sow-editor-base\"\n\t\t\t\n\t\t>\n<div class=\"siteorigin-widget-tinymce textwidget\">\n\t<h2><strong><span class=\"puwcIf C9DxTc \">Pedro Carbonero Cano<\/span><\/strong><\/h2>\n<h2 class=\"zfr3Q duRjpb CDt4Ke \" dir=\"ltr\"><\/h2>\n<p><span class=\"C9DxTc \" style=\"font-size: 16px;\">\ud83c\udf10\u00a0<\/span><a class=\"XqQF9c\" style=\"font-size: 16px;\" href=\"https:\/\/dialnet.unirioja.es\/servlet\/autor?codigo=164385\" target=\"_blank\" rel=\"noopener\"><span class=\"C9DxTc aw5Odc \">DIALNET<\/span><\/a><span class=\"C9DxTc \" style=\"font-size: 16px;\"> \u00b7 \ud83d\udce7\u00a0 <a href=\"mailto:pcarbonero@us.es\">pcarbonero@us.es<\/a><\/span><\/p>\n<div class=\"oKdM2c ZZyype\">\n<div id=\"h.4b81de3e4f05fede_20\" class=\"hJDwNd-AhqUyc-Clt0zb Ft7HRd-AhqUyc-Clt0zb jXK9ad D2fZ2 zu5uec\">\n<div class=\"jXK9ad-SmKAyb\">\n<div class=\"tyJCtd mGzaTb Depvyb baZpAe\">\n<p class=\"zfr3Q CDt4Ke \" dir=\"ltr\"><span class=\"C9DxTc \">Catedr\u00e1tico del Departamento de Lengua Espa\u00f1ola, Ling\u00fc\u00edstica y Teor\u00eda de la Literatura de la Universidad de Sevilla. Desde el a\u00f1o 1973 ha impartido en la Universidad Hispalense asignaturas del Grado en Filolog\u00eda Hisp\u00e1nica, del M\u00e1ster en Estudios Hisp\u00e1nicos Superiores y del M\u00e1ster en Ense\u00f1anza del Espa\u00f1ol como Lengua Extranjera. Tambi\u00e9n ha participado en el M\u00e1ster en An\u00e1lisis Gramatical y Estil\u00edstico del Espa\u00f1ol de la Facultad de Filolog\u00eda de la UNED. Ha sido profesor visitante en diversas universidades espa\u00f1olas y extranjeras, como la UNAM (M\u00e9xico), la Universidad Bolivariana (Santiago de Chile) y las universidades de Copenhague, Leiden, \u00c1msterdam, Nimega, Heidelberg, Malta y Austin (Texas). Ha sido Director del Grupo de Investigaci\u00f3n Socioling\u00fc\u00edstica Andaluza desde 1987 hasta 2013, coordinador de la serie de publicaciones\u00a0<\/span><span class=\"C9DxTc \">Socioling\u00fc\u00edstica Andaluza<\/span><span class=\"C9DxTc \">\u00a0y miembro de la Comisi\u00f3n Ejecutiva del Proyecto Internacional para el Estudio de la Norma Culta Hisp\u00e1nica.\u00a0 Su dilatada trayectoria investigadora queda reflejada en una extensa obra cient\u00edfica en la que se incluyen monograf\u00edas y art\u00edculos sobre la socioling\u00fc\u00edstica andaluza, la gram\u00e1tica espa\u00f1ola y la ling\u00fc\u00edstica aplicada a la ense\u00f1anza de lenguas.<\/span><\/p>\n<\/div>\n<\/div>\n<\/div>\n<\/div>\n<\/div>\n<\/div><\/div><\/div><\/div><\/div><div id=\"pg-48-2\"  class=\"panel-grid panel-has-style\" ><div class=\"miembro panel-row-style panel-row-style-for-48-2\" ><div id=\"pgc-48-2-0\"  class=\"panel-grid-cell\" ><div id=\"panel-48-2-0-0\" class=\"so-panel widget widget_sow-image panel-first-child panel-last-child\" data-index=\"4\" ><div class=\"panel-widget-style panel-widget-style-for-48-2-0-0\" ><div\n\t\t\t\n\t\t\tclass=\"so-widget-sow-image so-widget-sow-image-default-dbf295114b96-48\"\n\t\t\t\n\t\t>\n<div class=\"sow-image-container\">\n\t\t<img loading=\"lazy\" decoding=\"async\" src=\"https:\/\/grupo.us.es\/sociolingand\/wp-content\/uploads\/2025\/02\/5-e1739212533593.png\" width=\"438\" height=\"478\" srcset=\"https:\/\/grupo.us.es\/sociolingand\/wp-content\/uploads\/2025\/02\/5-e1739212533593.png 438w, https:\/\/grupo.us.es\/sociolingand\/wp-content\/uploads\/2025\/02\/5-e1739212533593-275x300.png 275w\" sizes=\"auto, (max-width: 438px) 100vw, 438px\" title=\"5\" alt=\"\" \t\tclass=\"so-widget-image\"\/>\n\t<\/div>\n\n<\/div><\/div><\/div><\/div><div id=\"pgc-48-2-1\"  class=\"panel-grid-cell\" ><div id=\"panel-48-2-1-0\" class=\"so-panel widget widget_sow-editor panel-first-child panel-last-child\" data-index=\"5\" ><div\n\t\t\t\n\t\t\tclass=\"so-widget-sow-editor so-widget-sow-editor-base\"\n\t\t\t\n\t\t>\n<div class=\"siteorigin-widget-tinymce textwidget\">\n\t<div class=\"oKdM2c ZZyype Kzv0Me\">\n<div id=\"h.69e2f2fc9c51096b_39\" class=\"hJDwNd-AhqUyc-Clt0zb Ft7HRd-AhqUyc-Clt0zb jXK9ad D2fZ2 zu5uec OjCsFc dmUFtb\">\n<div class=\"jXK9ad-SmKAyb\">\n<div class=\"tyJCtd mGzaTb Depvyb baZpAe\">\n<div class=\"oKdM2c ZZyype Kzv0Me\">\n<div id=\"h.45a0709922e971fd_17\" class=\"hJDwNd-AhqUyc-Clt0zb Ft7HRd-AhqUyc-Clt0zb jXK9ad D2fZ2 zu5uec OjCsFc dmUFtb\">\n<div class=\"jXK9ad-SmKAyb\">\n<div class=\"tyJCtd mGzaTb Depvyb baZpAe\">\n<h2 id=\"h.frbtg1d4xahq_l\" class=\"zfr3Q duRjpb CDt4Ke \" dir=\"ltr\"><span class=\"puwcIf C9DxTc \"><strong>Candy Cahuana Villegas<\/strong><br \/>\n<\/span><span style=\"font-size: 16px;\">\ud83d\udce7\u00a0 <\/span><a style=\"font-size: 16px;\" href=\"mailto:candycahuana7@gmail.com\">candycahuana7@gmail.com<\/a><\/h2>\n<p class=\"zfr3Q duRjpb CDt4Ke \" dir=\"ltr\"><span style=\"font-size: 16px;\">Graduada en Pedagog\u00eda con especializaci\u00f3n en franc\u00e9s como lengua extranjera por la Universidad Pedag\u00f3gica Experimental Libertador (Caracas, Venezuela). M\u00e1ster Universitario en Ense\u00f1anza del Espa\u00f1ol como Lengua Extranjera y otras Lenguas Modernas (MASELE) por la Universidad de Sevilla. Ha colaborado en un proyecto de investigaci\u00f3n nacional I+D+ i relacionado con la evoluci\u00f3n de las lenguas modernas y el continuo ling\u00fc\u00edstico. En la actualidad se encuentra en proceso de realizaci\u00f3n de su tesis doctoral en la que analiza las creencias y actitudes ling\u00fc\u00edsticas de los estudiantes y docentes de espa\u00f1ol como lengua extranjera rusohablantes hacia las variedades cultas del espa\u00f1ol, bajo la direcci\u00f3n de la Dra. Juana Santana Marrero.<\/span><\/p>\n<\/div>\n<\/div>\n<\/div>\n<\/div>\n<\/div>\n<\/div>\n<\/div>\n<\/div>\n<\/div>\n<\/div><\/div><\/div><\/div><\/div><div id=\"pg-48-3\"  class=\"panel-grid panel-has-style\" ><div class=\"miembro panel-row-style panel-row-style-for-48-3\" ><div id=\"pgc-48-3-0\"  class=\"panel-grid-cell\" ><div id=\"panel-48-3-0-0\" class=\"so-panel widget widget_sow-image panel-first-child panel-last-child\" data-index=\"6\" ><div class=\"panel-widget-style panel-widget-style-for-48-3-0-0\" ><div\n\t\t\t\n\t\t\tclass=\"so-widget-sow-image so-widget-sow-image-default-dbf295114b96-48\"\n\t\t\t\n\t\t>\n<div class=\"sow-image-container\">\n\t\t<img loading=\"lazy\" decoding=\"async\" src=\"https:\/\/grupo.us.es\/sociolingand\/wp-content\/uploads\/2025\/02\/1-e1739212644961.jpg\" width=\"1280\" height=\"1438\" srcset=\"https:\/\/grupo.us.es\/sociolingand\/wp-content\/uploads\/2025\/02\/1-e1739212644961.jpg 1280w, https:\/\/grupo.us.es\/sociolingand\/wp-content\/uploads\/2025\/02\/1-e1739212644961-267x300.jpg 267w, https:\/\/grupo.us.es\/sociolingand\/wp-content\/uploads\/2025\/02\/1-e1739212644961-911x1024.jpg 911w, https:\/\/grupo.us.es\/sociolingand\/wp-content\/uploads\/2025\/02\/1-e1739212644961-768x863.jpg 768w\" sizes=\"auto, (max-width: 1280px) 100vw, 1280px\" title=\"1\" alt=\"\" \t\tclass=\"so-widget-image\"\/>\n\t<\/div>\n\n<\/div><\/div><\/div><\/div><div id=\"pgc-48-3-1\"  class=\"panel-grid-cell\" ><div id=\"panel-48-3-1-0\" class=\"so-panel widget widget_sow-editor panel-first-child panel-last-child\" data-index=\"7\" ><div\n\t\t\t\n\t\t\tclass=\"so-widget-sow-editor so-widget-sow-editor-base\"\n\t\t\t\n\t\t>\n<div class=\"siteorigin-widget-tinymce textwidget\">\n\t<div class=\"oKdM2c ZZyype Kzv0Me\">\n<div id=\"h.69e2f2fc9c51096b_48\" class=\"hJDwNd-AhqUyc-Clt0zb Ft7HRd-AhqUyc-Clt0zb jXK9ad D2fZ2 zu5uec OjCsFc dmUFtb\">\n<div class=\"jXK9ad-SmKAyb\">\n<div class=\"tyJCtd mGzaTb Depvyb baZpAe\">\n<h2 id=\"h.yjtei7xvth4q_l\" class=\"zfr3Q duRjpb CDt4Ke \" dir=\"ltr\"><strong><span class=\"puwcIf C9DxTc \">Rafael Jim\u00e9nez Fern\u00e1ndez<\/span><\/strong><\/h2>\n<h2 class=\"zfr3Q duRjpb CDt4Ke \" dir=\"ltr\"><span class=\"C9DxTc \" style=\"font-size: 16px;\">\ud83c\udf10\u00a0<\/span><a class=\"XqQF9c\" style=\"font-size: 16px;\" href=\"https:\/\/orcid.org\/0000-0001-8665-6788\" target=\"_blank\" rel=\"noopener\"><span class=\"C9DxTc aw5Odc \">ORCID<\/span><\/a><span class=\"C9DxTc \" style=\"font-size: 16px;\"> \u00b7 \ud83d\udce7\u00a0 <a href=\"mailto:rafael.jimenezfernandez@uca.es\">rafael.jimenezfernandez@uca.es<\/a><\/span><\/h2>\n<p class=\"zfr3Q duRjpb CDt4Ke \" dir=\"ltr\"><span style=\"font-size: 16px;\">Profesor Titular de Universidad en la Universidad de C\u00e1diz. Imparte docencia en materias sobre aprendizaje y ense\u00f1anza de L1 y en el M\u00e1ster Universitario en Profesorado de Ense\u00f1anza Secundaria Obligatoria y Bachillerato, Formaci\u00f3n Profesional y Ense\u00f1anza de Idiomas. Tambi\u00e9n es profesor-tutor de la UNED (Centro Asociado de Sevilla), donde tutoriza las asignaturas El espa\u00f1ol en Am\u00e9rica, Introducci\u00f3n a la historia de la lengua espa\u00f1ola y Variaci\u00f3n y variedad de la lengua espa\u00f1ola. Asimismo ha impartido docencia, dentro del marco del Programa Erasmus+, en las universidades de L\u00f3dz (2015 y 2016) y Silesia (2019). En el curso acad\u00e9mico 2016-17 realiza una estancia de investigaci\u00f3n en la Universidad de L\u00f3dz (Polonia).<\/span><\/p>\n<\/div>\n<\/div>\n<\/div>\n<\/div>\n<div class=\"oKdM2c ZZyype\">\n<div id=\"h.69e2f2fc9c51096b_50\" class=\"hJDwNd-AhqUyc-Clt0zb Ft7HRd-AhqUyc-Clt0zb jXK9ad D2fZ2 zu5uec wHaque g5GTcb\">\n<div class=\"jXK9ad-SmKAyb\">\n<div class=\"tyJCtd mGzaTb Depvyb baZpAe\">\n<p>L\u00edneas de investigaci\u00f3n: socioling\u00fc\u00edstica variacionista, socioling\u00fc\u00edstica andaluza y ense\u00f1anza de lenguas (L1 y ELE).<\/p>\n<\/div>\n<\/div>\n<\/div>\n<\/div>\n<\/div>\n<\/div><\/div><\/div><\/div><\/div><div id=\"pg-48-4\"  class=\"panel-grid panel-has-style\" ><div class=\"miembro panel-row-style panel-row-style-for-48-4\" ><div id=\"pgc-48-4-0\"  class=\"panel-grid-cell\" ><div id=\"panel-48-4-0-0\" class=\"so-panel widget widget_sow-image panel-first-child panel-last-child\" data-index=\"8\" ><div class=\"panel-widget-style panel-widget-style-for-48-4-0-0\" ><div\n\t\t\t\n\t\t\tclass=\"so-widget-sow-image so-widget-sow-image-default-dbf295114b96-48\"\n\t\t\t\n\t\t>\n<div class=\"sow-image-container\">\n\t\t<img loading=\"lazy\" decoding=\"async\" src=\"https:\/\/grupo.us.es\/sociolingand\/wp-content\/uploads\/2025\/02\/3.jpg\" width=\"971\" height=\"1266\" srcset=\"https:\/\/grupo.us.es\/sociolingand\/wp-content\/uploads\/2025\/02\/3.jpg 971w, https:\/\/grupo.us.es\/sociolingand\/wp-content\/uploads\/2025\/02\/3-230x300.jpg 230w, https:\/\/grupo.us.es\/sociolingand\/wp-content\/uploads\/2025\/02\/3-785x1024.jpg 785w, https:\/\/grupo.us.es\/sociolingand\/wp-content\/uploads\/2025\/02\/3-768x1001.jpg 768w\" sizes=\"auto, (max-width: 971px) 100vw, 971px\" alt=\"\" \t\tclass=\"so-widget-image\"\/>\n\t<\/div>\n\n<\/div><\/div><\/div><\/div><div id=\"pgc-48-4-1\"  class=\"panel-grid-cell\" ><div id=\"panel-48-4-1-0\" class=\"so-panel widget widget_sow-editor panel-first-child panel-last-child\" data-index=\"9\" ><div\n\t\t\t\n\t\t\tclass=\"so-widget-sow-editor so-widget-sow-editor-base\"\n\t\t\t\n\t\t>\n<div class=\"siteorigin-widget-tinymce textwidget\">\n\t<h2 id=\"h.qpfn3sfwr5wf_l\" class=\"zfr3Q duRjpb CDt4Ke \" dir=\"ltr\"><strong><span class=\"puwcIf C9DxTc \">Marta Le\u00f3n-Castro G\u00f3mez<\/span><\/strong><\/h2>\n<p><span class=\"C9DxTc \">\ud83c\udf10\u00a0<\/span><a class=\"XqQF9c\" href=\"https:\/\/orcid.org\/0000-0001-7646-7238\" target=\"_blank\" rel=\"noopener\"><span class=\"C9DxTc aw5Odc \">ORCID<\/span><\/a><span class=\"C9DxTc \"> \u00b7 <a href=\"https:\/\/www.scopus.com\/authid\/detail.uri?authorId=57301175500\" target=\"_blank\" rel=\"noopener\">SCOPUS<\/a> \u00b7 <a href=\"https:\/\/scholar.google.es\/citations?user=ts0Nu4IAAAAJ\" target=\"_blank\" rel=\"noopener\">Google Scholar<\/a> \u00b7 <a href=\"https:\/\/dialnet.unirioja.es\/servlet\/autor?codigo=3183922\" target=\"_blank\" rel=\"noopener\">DIALNET<\/a> \u00b7 <a href=\"https:\/\/openalex.org\/authors\/A5056993128\" target=\"_blank\" rel=\"noopener\">OpenAlex<\/a> \ud83d\udce7\u00a0 <a href=\"mailto:mleoncastro@us.es\">mleoncastro@us.es<\/a><\/span><\/p>\n<div class=\"oKdM2c ZZyype\">\n<div id=\"h.4b81de3e4f05fede_20\" class=\"hJDwNd-AhqUyc-Clt0zb Ft7HRd-AhqUyc-Clt0zb jXK9ad D2fZ2 zu5uec\">\n<div class=\"jXK9ad-SmKAyb\">\n<div class=\"tyJCtd mGzaTb Depvyb baZpAe\">\n<p class=\"zfr3Q CDt4Ke \" dir=\"ltr\">Es Profesora Ayudante Doctora en el departamento de Lengua Espa\u00f1ola, Ling\u00fc\u00edstica y Teor\u00eda de la Literatura de la Universidad de Sevilla, donde imparte diversas asignaturas del \u00e1rea de Lengua Espa\u00f1ola en los diferentes grados de Filolog\u00eda, Publicidad y Relaciones P\u00fablicas, Periodismo y Comunicaci\u00f3n Audiovisual. Desde 2012 es miembro del grupo de Investigaci\u00f3n <em>Socioling\u00fc\u00edstica Andaluza: Estudio Socioling\u00fc\u00edstico del Habla de Sevilla<\/em> (HUM-141) desde 2012 y ha participado en varios Proyectos de Innovaci\u00f3n y Mejora Docente, as\u00ed como en otros proyectos de investigaci\u00f3n nacionales I+D y europeos como el <em>PASOS-SE<\/em> (FFI2015-68171-C5-3-P) o <em>VARES-AGENDA 50<\/em> (PID2019-104982GB-C54). En la actualidad forma parte del equipo de investigaci\u00f3n del proyecto <em>ECOS-LASPASE (Ref. PID2023-148371NB-C44), Estudio de los condicionantes sociales del espa\u00f1ol actual en Las Palmas de Gran Canaria y Sevilla. Nuevas identidades, nuevos retos, nuevas soluciones<\/em>, financiado por el Ministerio de Ciencia, Innovaci\u00f3n y Universidades y Agencia Estatal de Investigaci\u00f3n.\u00a0 Sus principales l\u00edneas de investigaci\u00f3n se centran en la socioling\u00fc\u00edstica, la sintaxis y la ling\u00fc\u00edstica aplicada a la ense\u00f1anza de lenguas. Ha publicado en diversas revistas de reconocido prestigio y ha participado en numerosos congresos de car\u00e1cter internacional.<\/p>\n<\/div>\n<\/div>\n<\/div>\n<\/div>\n<\/div>\n<\/div><\/div><\/div><\/div><\/div><div id=\"pg-48-5\"  class=\"panel-grid panel-has-style\" ><div class=\"miembro panel-row-style panel-row-style-for-48-5\" ><div id=\"pgc-48-5-0\"  class=\"panel-grid-cell\" ><div id=\"panel-48-5-0-0\" class=\"so-panel widget widget_sow-image panel-first-child panel-last-child\" data-index=\"10\" ><div class=\"panel-widget-style panel-widget-style-for-48-5-0-0\" ><div\n\t\t\t\n\t\t\tclass=\"so-widget-sow-image so-widget-sow-image-default-dbf295114b96-48\"\n\t\t\t\n\t\t>\n<div class=\"sow-image-container\">\n\t\t<img loading=\"lazy\" decoding=\"async\" src=\"https:\/\/grupo.us.es\/sociolingand\/wp-content\/uploads\/2025\/02\/4-e1739535539944.jpg\" width=\"1280\" height=\"1538\" srcset=\"https:\/\/grupo.us.es\/sociolingand\/wp-content\/uploads\/2025\/02\/4-e1739535539944.jpg 1280w, https:\/\/grupo.us.es\/sociolingand\/wp-content\/uploads\/2025\/02\/4-e1739535539944-250x300.jpg 250w, https:\/\/grupo.us.es\/sociolingand\/wp-content\/uploads\/2025\/02\/4-e1739535539944-852x1024.jpg 852w, https:\/\/grupo.us.es\/sociolingand\/wp-content\/uploads\/2025\/02\/4-e1739535539944-768x923.jpg 768w, https:\/\/grupo.us.es\/sociolingand\/wp-content\/uploads\/2025\/02\/4-e1739535539944-1278x1536.jpg 1278w\" sizes=\"auto, (max-width: 1280px) 100vw, 1280px\" title=\"4\" alt=\"\" \t\tclass=\"so-widget-image\"\/>\n\t<\/div>\n\n<\/div><\/div><\/div><\/div><div id=\"pgc-48-5-1\"  class=\"panel-grid-cell\" ><div id=\"panel-48-5-1-0\" class=\"so-panel widget widget_sow-editor panel-first-child panel-last-child\" data-index=\"11\" ><div\n\t\t\t\n\t\t\tclass=\"so-widget-sow-editor so-widget-sow-editor-base\"\n\t\t\t\n\t\t>\n<div class=\"siteorigin-widget-tinymce textwidget\">\n\t<h2 id=\"h.qpfn3sfwr5wf_l\" class=\"zfr3Q duRjpb CDt4Ke \" dir=\"ltr\"><strong>Doina Repede<\/strong><\/h2>\n<p><span class=\"C9DxTc \">\ud83c\udf10\u00a0<\/span><a class=\"XqQF9c\" href=\"https:\/\/orcid.org\/0000-0002-7026-308X\" target=\"_blank\" rel=\"noopener\"><span class=\"C9DxTc aw5Odc \">ORCID<\/span><\/a><span class=\"C9DxTc \">\u00a0\u00b7\u00a0<\/span><a class=\"XqQF9c\" href=\"https:\/\/dialnet.unirioja.es\/servlet\/autor?codigo=3653414\" target=\"_blank\" rel=\"noopener\"><span class=\"C9DxTc aw5Odc \">DIALNET<\/span><\/a><span class=\"C9DxTc \">\u00a0\u00b7\u00a0<\/span><a class=\"XqQF9c\" href=\"https:\/\/www.researchgate.net\/profile\/Doina-Repede\" target=\"_blank\" rel=\"noopener\"><span class=\"C9DxTc aw5Odc \">ResearchGate<\/span><\/a><span class=\"C9DxTc \">\u00a0\u00b7<\/span><span class=\"C9DxTc \">\u00a0\ud83d\udce7\u00a0<a href=\"mailto:drepede@ugr.es\"> drepede@ugr.es<\/a><\/span><\/p>\n<div class=\"oKdM2c ZZyype\">\n<div id=\"h.4b81de3e4f05fede_20\" class=\"hJDwNd-AhqUyc-Clt0zb Ft7HRd-AhqUyc-Clt0zb jXK9ad D2fZ2 zu5uec\">\n<div class=\"jXK9ad-SmKAyb\">\n<div class=\"tyJCtd mGzaTb Depvyb baZpAe\">\n<p class=\"zfr3Q CDt4Ke \" dir=\"ltr\"><span class=\"C9DxTc \">Licenciada en Filolog\u00eda Hisp\u00e1nica por la Universidad de Bucarest (2003-2007). M\u00e1ster oficial en Ense\u00f1anza del Espa\u00f1ol como Lengua Extranjera (2007-2008) por la Universidad Pablo de Olavide. M\u00e1ster\u00a0<\/span><span class=\"C9DxTc \">en\u00a0<\/span><span class=\"C9DxTc \">Ling\u00fc\u00edstica de la Enunciaci\u00f3n y su aplicaci\u00f3n al estudio e investigaci\u00f3n de la Lengua Espa\u00f1ola<\/span><span class=\"C9DxTc \">\u00a0(2009-2010)<\/span><span class=\"C9DxTc \">\u00a0y\u00a0<\/span><span class=\"C9DxTc \">Doctora en Filolog\u00eda Hisp\u00e1nica (2015) por la Universidad de Sevilla. Actualmente es Profesora Ayudante Doctora en el departamento de Lengua Espa\u00f1ola de la Universidad de Granada. Es autora de art\u00edculos y cap\u00edtulos de libros especializados y editora\u00a0<\/span><span class=\"C9DxTc \">del manuscrito\u00a0<\/span><span class=\"C9DxTc \">El Espa\u00f1ol Hablado en Sevilla. Corpus PRESEEA-Sevilla<\/span><span class=\"C9DxTc \">\u00a0(Editorial Universidad de Sevilla), en tres vol\u00famenes.\u00a0<\/span><span class=\"C9DxTc \">Adem\u00e1s ha participado en distintos foros nacionales e internacionales. Sus l\u00edneas de investigaci\u00f3n se centran en la Sintaxis, la Socioling\u00fc\u00edstica, el An\u00e1lisis del Discurso, la Ling\u00fc\u00edstica de corpus y la ense\u00f1anza de ELE.\u00a0<\/span><\/p>\n<\/div>\n<\/div>\n<\/div>\n<\/div>\n<\/div>\n<\/div><\/div><\/div><\/div><\/div><\/div>","protected":false},"excerpt":{"rendered":"<p>Juana Santana Marrero \ud83c\udf10\u00a0ORCID\u00a0\u00a0\u00a0\u00b7\u00a0\u00a0PRISMA\u00a0 \u00b7\u00a0IDUS\u00a0\u00b7 \ud83d\udce7\u00a0\u00a0jsantana@us.es Es profesora titular en el \u00e1rea de Lengua Espa\u00f1ola del Departamento de Lengua Espa\u00f1ola, Ling\u00fc\u00edstica y Teor\u00eda de la Literatura de la Universidad de Sevilla. Sus principales l\u00edneas de investigaci\u00f3n son el estudio socioling\u00fc\u00edstico del habla de Sevilla (an\u00e1lisis de fen\u00f3menos de variaci\u00f3n y de creencias y actitudes ling\u00fc\u00edsticas) [&hellip;]<\/p>\n","protected":false},"author":1,"featured_media":0,"parent":0,"menu_order":0,"comment_status":"closed","ping_status":"closed","template":"","meta":{"footnotes":""},"class_list":["post-48","page","type-page","status-publish","hentry","post"],"_links":{"self":[{"href":"https:\/\/grupo.us.es\/sociolingand\/wp-json\/wp\/v2\/pages\/48","targetHints":{"allow":["GET"]}}],"collection":[{"href":"https:\/\/grupo.us.es\/sociolingand\/wp-json\/wp\/v2\/pages"}],"about":[{"href":"https:\/\/grupo.us.es\/sociolingand\/wp-json\/wp\/v2\/types\/page"}],"author":[{"embeddable":true,"href":"https:\/\/grupo.us.es\/sociolingand\/wp-json\/wp\/v2\/users\/1"}],"replies":[{"embeddable":true,"href":"https:\/\/grupo.us.es\/sociolingand\/wp-json\/wp\/v2\/comments?post=48"}],"version-history":[{"count":53,"href":"https:\/\/grupo.us.es\/sociolingand\/wp-json\/wp\/v2\/pages\/48\/revisions"}],"predecessor-version":[{"id":485,"href":"https:\/\/grupo.us.es\/sociolingand\/wp-json\/wp\/v2\/pages\/48\/revisions\/485"}],"wp:attachment":[{"href":"https:\/\/grupo.us.es\/sociolingand\/wp-json\/wp\/v2\/media?parent=48"}],"curies":[{"name":"wp","href":"https:\/\/api.w.org\/{rel}","templated":true}]}}