{"id":341,"date":"2025-02-07T19:12:13","date_gmt":"2025-02-07T18:12:13","guid":{"rendered":"https:\/\/grupo.us.es\/sociolingand\/?page_id=341"},"modified":"2025-02-07T19:36:06","modified_gmt":"2025-02-07T18:36:06","slug":"politica-de-privacidad","status":"publish","type":"page","link":"https:\/\/grupo.us.es\/sociolingand\/politica-de-privacidad\/","title":{"rendered":"Pol\u00edtica de privacidad"},"content":{"rendered":"<div id=\"pl-341\"  class=\"panel-layout\" ><div id=\"pg-341-0\"  class=\"panel-grid panel-no-style\" ><div id=\"pgc-341-0-0\"  class=\"panel-grid-cell\" ><div id=\"panel-341-0-0-0\" class=\"so-panel widget widget_sow-editor panel-first-child panel-last-child\" data-index=\"0\" ><div\n\t\t\t\n\t\t\tclass=\"so-widget-sow-editor so-widget-sow-editor-base\"\n\t\t\t\n\t\t>\n<div class=\"siteorigin-widget-tinymce textwidget\">\n\t<p>Esta pol\u00edtica de privacidad explica c\u00f3mo recopilamos, usamos y protegemos los datos personales que nos proporcionas a trav\u00e9s de nuestro formulario en l\u00ednea.<\/p>\n<h2>Recopilaci\u00f3n de Datos<\/h2>\n<p>Recopilamos datos personales a trav\u00e9s del formulario en nuestra p\u00e1gina web. Estos datos incluyen, pero no se limitan a, nombre, direcci\u00f3n de correo electr\u00f3nico y cualquier otra informaci\u00f3n que nos proporciones en el formulario.<\/p>\n<h2>Uso de Datos<\/h2>\n<p>Los datos recopilados se utilizan exclusivamente para proporcionar una respuesta adecuada a tu consulta. No compartimos tus datos con terceros.<\/p>\n<h2>Eliminaci\u00f3n de Datos<\/h2>\n<p>Una vez que se ha gestionado tu consulta, tus datos ser\u00e1n eliminados de nuestros registros.<\/p>\n<h2>Seguridad<\/h2>\n<p>Implementamos medidas de seguridad adecuadas para proteger tus datos personales contra el acceso no autorizado, la alteraci\u00f3n, divulgaci\u00f3n o destrucci\u00f3n.<\/p>\n<h2>Contacto<\/h2>\n<p>Si tienes alguna pregunta sobre esta pol\u00edtica de privacidad, puedes ponerte en <a href=\"https:\/\/grupo.us.es\/sociolingand\/contacto\/\">contacto con nosotros<\/a>.<\/p>\n<\/div>\n<\/div><\/div><\/div><\/div><\/div>","protected":false},"excerpt":{"rendered":"<p>Esta pol\u00edtica de privacidad explica c\u00f3mo recopilamos, usamos y protegemos los datos personales que nos proporcionas a trav\u00e9s de nuestro formulario en l\u00ednea. Recopilaci\u00f3n de Datos Recopilamos datos personales a trav\u00e9s del formulario en nuestra p\u00e1gina web. Estos datos incluyen, pero no se limitan a, nombre, direcci\u00f3n de correo electr\u00f3nico y cualquier otra informaci\u00f3n que [&hellip;]<\/p>\n","protected":false},"author":1,"featured_media":0,"parent":0,"menu_order":0,"comment_status":"closed","ping_status":"closed","template":"","meta":{"footnotes":""},"class_list":["post-341","page","type-page","status-publish","hentry","post"],"_links":{"self":[{"href":"https:\/\/grupo.us.es\/sociolingand\/wp-json\/wp\/v2\/pages\/341","targetHints":{"allow":["GET"]}}],"collection":[{"href":"https:\/\/grupo.us.es\/sociolingand\/wp-json\/wp\/v2\/pages"}],"about":[{"href":"https:\/\/grupo.us.es\/sociolingand\/wp-json\/wp\/v2\/types\/page"}],"author":[{"embeddable":true,"href":"https:\/\/grupo.us.es\/sociolingand\/wp-json\/wp\/v2\/users\/1"}],"replies":[{"embeddable":true,"href":"https:\/\/grupo.us.es\/sociolingand\/wp-json\/wp\/v2\/comments?post=341"}],"version-history":[{"count":3,"href":"https:\/\/grupo.us.es\/sociolingand\/wp-json\/wp\/v2\/pages\/341\/revisions"}],"predecessor-version":[{"id":344,"href":"https:\/\/grupo.us.es\/sociolingand\/wp-json\/wp\/v2\/pages\/341\/revisions\/344"}],"wp:attachment":[{"href":"https:\/\/grupo.us.es\/sociolingand\/wp-json\/wp\/v2\/media?parent=341"}],"curies":[{"name":"wp","href":"https:\/\/api.w.org\/{rel}","templated":true}]}}