{"id":20,"date":"2025-02-05T20:54:33","date_gmt":"2025-02-05T19:54:33","guid":{"rendered":"https:\/\/grupo.us.es\/sociolingand\/?page_id=20"},"modified":"2026-03-10T16:34:53","modified_gmt":"2026-03-10T15:34:53","slug":"inicio","status":"publish","type":"page","link":"https:\/\/grupo.us.es\/sociolingand\/","title":{"rendered":"Inicio"},"content":{"rendered":"<div id=\"pl-20\"  class=\"panel-layout\" ><div id=\"pg-20-0\"  class=\"panel-grid panel-has-style\" ><div class=\"siteorigin-panels-stretch panel-row-style panel-row-style-for-20-0\" data-stretch-type=\"full\" ><div id=\"pgc-20-0-0\"  class=\"panel-grid-cell panel-grid-cell-empty\" ><\/div><div id=\"pgc-20-0-1\"  class=\"panel-grid-cell panel-grid-cell-mobile-last\" ><div id=\"panel-20-0-1-0\" class=\"so-panel widget widget_sow-editor panel-first-child\" data-index=\"0\" ><div\n\t\t\t\n\t\t\tclass=\"so-widget-sow-editor so-widget-sow-editor-base\"\n\t\t\t\n\t\t>\n<div class=\"siteorigin-widget-tinymce textwidget\">\n\t<h1 class=\"zfr3Q CDt4Ke \" dir=\"ltr\" style=\"text-align: center;\"><span style=\"color: #008080;\"><strong><span class=\"jgG6ef C9DxTc \">Grupo Socioling\u00fc\u00edstica Andaluza<\/span><\/strong><span class=\"jgG6ef C9DxTc \"><br \/>\n<\/span><span class=\"jgG6ef C9DxTc \">Estudio Socioling\u00fc\u00edstico del Habla de Sevilla<\/span><span class=\"jgG6ef C9DxTc \">\u00a0<\/span><span class=\"jgG6ef C9DxTc \">(HUM 141)<\/span><\/span><\/h1>\n<\/div>\n<\/div><\/div><div id=\"panel-20-0-1-1\" class=\"so-panel widget widget_sow-image panel-last-child\" data-index=\"1\" ><div class=\"so-rounded panel-widget-style panel-widget-style-for-20-0-1-1\" ><div\n\t\t\t\n\t\t\tclass=\"so-widget-sow-image so-widget-sow-image-default-dbf295114b96-20\"\n\t\t\t\n\t\t>\n<div class=\"sow-image-container\">\n\t\t<img loading=\"lazy\" decoding=\"async\" src=\"https:\/\/grupo.us.es\/sociolingand\/wp-content\/uploads\/2025\/02\/azulejos-e1738870307523.jpg\" width=\"1920\" height=\"208\" srcset=\"https:\/\/grupo.us.es\/sociolingand\/wp-content\/uploads\/2025\/02\/azulejos-e1738870307523.jpg 1920w, https:\/\/grupo.us.es\/sociolingand\/wp-content\/uploads\/2025\/02\/azulejos-e1738870307523-300x33.jpg 300w, https:\/\/grupo.us.es\/sociolingand\/wp-content\/uploads\/2025\/02\/azulejos-e1738870307523-1024x111.jpg 1024w, https:\/\/grupo.us.es\/sociolingand\/wp-content\/uploads\/2025\/02\/azulejos-e1738870307523-768x83.jpg 768w, https:\/\/grupo.us.es\/sociolingand\/wp-content\/uploads\/2025\/02\/azulejos-e1738870307523-1536x166.jpg 1536w\" sizes=\"auto, (max-width: 1920px) 100vw, 1920px\" title=\"azulejos\" alt=\"\" \t\tclass=\"so-widget-image\"\/>\n\t<\/div>\n\n<\/div><\/div><\/div><\/div><div id=\"pgc-20-0-2\"  class=\"panel-grid-cell panel-grid-cell-empty\" ><\/div><\/div><\/div><div id=\"pg-20-1\"  class=\"panel-grid panel-no-style\" ><div id=\"pgc-20-1-0\"  class=\"panel-grid-cell panel-grid-cell-empty\" ><\/div><div id=\"pgc-20-1-1\"  class=\"panel-grid-cell panel-grid-cell-mobile-last\" ><div id=\"panel-20-1-1-0\" class=\"so-panel widget widget_sow-editor panel-first-child panel-last-child\" data-index=\"2\" ><div\n\t\t\t\n\t\t\tclass=\"so-widget-sow-editor so-widget-sow-editor-base\"\n\t\t\t\n\t\t>\n<div class=\"siteorigin-widget-tinymce textwidget\">\n\t<p dir=\"ltr\" style=\"text-align: justify;\"><span style=\"color: #000000;\"><span class=\"C9DxTc \">La descripci\u00f3n del habla de la ciudad de Sevilla, teniendo en cuenta los procesos de variaci\u00f3n ling\u00fc\u00edstica y la influencia que ejercen sobre ellos los rasgos sociales de los hablantes, tuvo como punto de partida la creaci\u00f3n en 1972 del grupo de investigaci\u00f3n\u00a0S<em>ociolingu\u0308\u00edstica andaluza: estudio sociolingu\u0308\u00edstico del habla de Sevilla<\/em>\u00a0(HUM 141), bajo la direcci\u00f3n de Vidal Lam\u00edquiz. Para acometer los objetivos de esta prometedora empresa era fundamental contar con muestras orales producidas por los sevillanos. Dicha labor se llev\u00f3 a cabo entre las d\u00e9cadas de los a\u00f1os setenta y ochenta de la centuria pasada y culmin\u00f3 con su publicaci\u00f3n en tres vol\u00famenes de la colecci\u00f3n\u00a0<em>Socioling\u00fc\u00edstica Andaluza<\/em>. Estos conten\u00edan la transcripci\u00f3n de encuestas semidirigidas realizadas a informantes, nacidos y residentes en la capital hispalense, que fueron distribuidos seg\u00fan tres factores externos: sexo (n\u00famero equilibrado de hombres y mujeres), edad (primera, segunda y tercera generaci\u00f3n) y nivel educativo (alto, medio y bajo). Dichas muestras de habla sirvieron para la realizaci\u00f3n de numerosas investigaciones que se canalizaron a trav\u00e9s de la defensa de tesis doctorales, de la intervenci\u00f3n en foros cient\u00edficos de los miembros del equipo y de publicaciones de car\u00e1cter nacional e internacional. <a href=\"https:\/\/grupo.us.es\/sociolingand\/descripcion-del-grupo\/\"><strong>+<\/strong><\/a><\/span><\/span><\/p>\n<\/div>\n<\/div><\/div><\/div><div id=\"pgc-20-1-2\"  class=\"panel-grid-cell panel-grid-cell-empty\" ><\/div><\/div><\/div>","protected":false},"excerpt":{"rendered":"<p>Grupo Socioling\u00fc\u00edstica Andaluza Estudio Socioling\u00fc\u00edstico del Habla de Sevilla\u00a0(HUM 141) La descripci\u00f3n del habla de la ciudad de Sevilla, teniendo en cuenta los procesos de variaci\u00f3n ling\u00fc\u00edstica y la influencia que ejercen sobre ellos los rasgos sociales de los hablantes, tuvo como punto de partida la creaci\u00f3n en 1972 del grupo de investigaci\u00f3n\u00a0Sociolingu\u0308\u00edstica andaluza: estudio [&hellip;]<\/p>\n","protected":false},"author":1,"featured_media":0,"parent":0,"menu_order":0,"comment_status":"closed","ping_status":"closed","template":"home-panels.php","meta":{"footnotes":""},"class_list":["post-20","page","type-page","status-publish","hentry","post"],"_links":{"self":[{"href":"https:\/\/grupo.us.es\/sociolingand\/wp-json\/wp\/v2\/pages\/20","targetHints":{"allow":["GET"]}}],"collection":[{"href":"https:\/\/grupo.us.es\/sociolingand\/wp-json\/wp\/v2\/pages"}],"about":[{"href":"https:\/\/grupo.us.es\/sociolingand\/wp-json\/wp\/v2\/types\/page"}],"author":[{"embeddable":true,"href":"https:\/\/grupo.us.es\/sociolingand\/wp-json\/wp\/v2\/users\/1"}],"replies":[{"embeddable":true,"href":"https:\/\/grupo.us.es\/sociolingand\/wp-json\/wp\/v2\/comments?post=20"}],"version-history":[{"count":24,"href":"https:\/\/grupo.us.es\/sociolingand\/wp-json\/wp\/v2\/pages\/20\/revisions"}],"predecessor-version":[{"id":483,"href":"https:\/\/grupo.us.es\/sociolingand\/wp-json\/wp\/v2\/pages\/20\/revisions\/483"}],"wp:attachment":[{"href":"https:\/\/grupo.us.es\/sociolingand\/wp-json\/wp\/v2\/media?parent=20"}],"curies":[{"name":"wp","href":"https:\/\/api.w.org\/{rel}","templated":true}]}}