{"id":34,"date":"2020-01-22T11:49:59","date_gmt":"2020-01-22T11:49:59","guid":{"rendered":"http:\/\/grupo.us.es\/smartd\/?page_id=34"},"modified":"2020-10-15T10:17:52","modified_gmt":"2020-10-15T10:17:52","slug":"enlaces-de-interes","status":"publish","type":"page","link":"https:\/\/grupo.us.es\/smartd\/enlaces-de-interes\/","title":{"rendered":"Enlaces de inter\u00e9s"},"content":{"rendered":"\n<div class=\"wp-block-media-text alignwide has-media-on-the-right is-stacked-on-mobile is-image-fill\"><figure class=\"wp-block-media-text__media\" style=\"background-image:url(http:\/\/grupo.us.es\/smartd\/wp-content\/uploads\/marca-US1-e1602713067340-1024x322.jpg);background-position:50% 50%\"><a href=\"https:\/\/defdo.us.es\/defdo\/?q=Inicio\"><img loading=\"lazy\" width=\"1024\" height=\"322\" src=\"http:\/\/grupo.us.es\/smartd\/wp-content\/uploads\/marca-US1-e1602713067340-1024x322.jpg\" alt=\"\" class=\"wp-image-187\" srcset=\"https:\/\/grupo.us.es\/smartd\/wp-content\/uploads\/marca-US1-e1602713067340-1024x322.jpg 1024w, https:\/\/grupo.us.es\/smartd\/wp-content\/uploads\/marca-US1-e1602713067340-300x94.jpg 300w, https:\/\/grupo.us.es\/smartd\/wp-content\/uploads\/marca-US1-e1602713067340-768x242.jpg 768w, https:\/\/grupo.us.es\/smartd\/wp-content\/uploads\/marca-US1-e1602713067340.jpg 1515w\" sizes=\"(max-width: 1024px) 100vw, 1024px\" \/><\/a><\/figure><div class=\"wp-block-media-text__content\">\n<p class=\"has-medium-font-size\">P\u00e1gina web del Departamento de Econom\u00eda Financiera y Direcci\u00f3n de Operaciones (Universidad de Sevilla)<\/p>\n<\/div><\/div>\n\n\n\n<div class=\"wp-block-media-text alignwide has-media-on-the-right is-stacked-on-mobile is-image-fill\"><figure class=\"wp-block-media-text__media\" style=\"background-image:url(http:\/\/grupo.us.es\/smartd\/wp-content\/uploads\/Administracion.png);background-position:50% 50%\"><a href=\"https:\/\/departamento.us.es\/ademark\/\"><img loading=\"lazy\" width=\"345\" height=\"202\" src=\"http:\/\/grupo.us.es\/smartd\/wp-content\/uploads\/Administracion.png\" alt=\"\" class=\"wp-image-177\" srcset=\"https:\/\/grupo.us.es\/smartd\/wp-content\/uploads\/Administracion.png 345w, https:\/\/grupo.us.es\/smartd\/wp-content\/uploads\/Administracion-300x176.png 300w\" sizes=\"(max-width: 345px) 100vw, 345px\" \/><\/a><\/figure><div class=\"wp-block-media-text__content\">\n<p class=\"has-medium-font-size\">P\u00e1gina web del Departamento de Administraci\u00f3n de Empresas y Marketing (Universidad de Sevilla)<\/p>\n<\/div><\/div>\n\n\n\n<div class=\"wp-block-media-text alignwide has-media-on-the-right is-stacked-on-mobile is-image-fill\"><figure class=\"wp-block-media-text__media\" style=\"background-image:url(http:\/\/grupo.us.es\/smartd\/wp-content\/uploads\/marca-US1-e1602713067340-1024x322.jpg);background-position:50% 50%\"><a href=\"http:\/\/www.departamento.us.es\/deconapli1\/\"><img loading=\"lazy\" width=\"1024\" height=\"322\" src=\"http:\/\/grupo.us.es\/smartd\/wp-content\/uploads\/marca-US1-e1602713067340-1024x322.jpg\" alt=\"\" class=\"wp-image-187\" srcset=\"https:\/\/grupo.us.es\/smartd\/wp-content\/uploads\/marca-US1-e1602713067340-1024x322.jpg 1024w, https:\/\/grupo.us.es\/smartd\/wp-content\/uploads\/marca-US1-e1602713067340-300x94.jpg 300w, https:\/\/grupo.us.es\/smartd\/wp-content\/uploads\/marca-US1-e1602713067340-768x242.jpg 768w, https:\/\/grupo.us.es\/smartd\/wp-content\/uploads\/marca-US1-e1602713067340.jpg 1515w\" sizes=\"(max-width: 1024px) 100vw, 1024px\" \/><\/a><\/figure><div class=\"wp-block-media-text__content\">\n<p class=\"has-medium-font-size\">P\u00e1gina web del Departamento de Econom\u00eda Aplicada I<a href=\"http:\/\/www.departamento.us.es\/deconapli1\/\"> <\/a>(Universidad de Sevilla)<\/p>\n<\/div><\/div>\n\n\n\n<p><\/p>\n","protected":false},"excerpt":{"rendered":"<p>P\u00e1gina web del Departamento de Econom\u00eda Financiera y Direcci\u00f3n de Operaciones (Universidad de Sevilla) P\u00e1gina web del Departamento de Administraci\u00f3n de Empresas y Marketing (Universidad de Sevilla) P\u00e1gina web del Departamento de Econom\u00eda Aplicada I (Universidad de Sevilla)<\/p>\n","protected":false},"author":1,"featured_media":0,"parent":0,"menu_order":0,"comment_status":"closed","ping_status":"closed","template":"","meta":[],"featured_image_src":null,"featured_image_src_square":null,"_links":{"self":[{"href":"https:\/\/grupo.us.es\/smartd\/wp-json\/wp\/v2\/pages\/34"}],"collection":[{"href":"https:\/\/grupo.us.es\/smartd\/wp-json\/wp\/v2\/pages"}],"about":[{"href":"https:\/\/grupo.us.es\/smartd\/wp-json\/wp\/v2\/types\/page"}],"author":[{"embeddable":true,"href":"https:\/\/grupo.us.es\/smartd\/wp-json\/wp\/v2\/users\/1"}],"replies":[{"embeddable":true,"href":"https:\/\/grupo.us.es\/smartd\/wp-json\/wp\/v2\/comments?post=34"}],"version-history":[{"count":4,"href":"https:\/\/grupo.us.es\/smartd\/wp-json\/wp\/v2\/pages\/34\/revisions"}],"predecessor-version":[{"id":193,"href":"https:\/\/grupo.us.es\/smartd\/wp-json\/wp\/v2\/pages\/34\/revisions\/193"}],"wp:attachment":[{"href":"https:\/\/grupo.us.es\/smartd\/wp-json\/wp\/v2\/media?parent=34"}],"curies":[{"name":"wp","href":"https:\/\/api.w.org\/{rel}","templated":true}]}}