{"id":60,"date":"2023-03-02T12:30:06","date_gmt":"2023-03-02T12:30:06","guid":{"rendered":"http:\/\/grupo.us.es\/sepeco\/?page_id=60"},"modified":"2024-01-11T14:25:39","modified_gmt":"2024-01-11T14:25:39","slug":"sociedad-punitiva","status":"publish","type":"page","link":"https:\/\/grupo.us.es\/sepeco\/sociedad-punitiva\/","title":{"rendered":"Seminario abierto de lectura La sociedad punitiva"},"content":{"rendered":"\n<div class=\"wp-block-columns is-layout-flex wp-container-core-columns-is-layout-9d6595d7 wp-block-columns-is-layout-flex\">\n<div class=\"wp-block-column is-layout-flow wp-block-column-is-layout-flow\" style=\"flex-basis:66.66%\">\n<p><strong>Presentaci\u00f3n del seminario y conferencia de introducci\u00f3n: \u201c1973, el momento marxista de Foucault\u201d<\/strong><\/p>\n\n\n\n<p>Aula de grado, Facultad de Filosof\u00eda. 18.00h, 15 de marzo.<\/p>\n\n\n\n<p>Ponente: Emmanuel Chamorro (US).<\/p>\n\n\n\n<p><strong>Primera sesi\u00f3n del seminario: Exclusi\u00f3n :: guerra civil :: peligrosidad social<\/strong><\/p>\n\n\n\n<p>Seminario de Metaf\u00edsica 1, Facultad de filosof\u00eda, 18.00h, 29 de marzo.<\/p>\n\n\n\n<p>Textos a comentar: Lecciones del 3, 10 y 17 de enero de 1973.<\/p>\n\n\n\n<p><b>Segunda <\/b><strong style=\"font-weight: bold;\">sesi\u00f3n del<\/strong><strong> <\/strong><strong>s<\/strong><strong>eminario: Peligrosidad social :: forma-prisi\u00f3n y forma-salario :: sistema penal brit\u00e1nico<\/strong><\/p>\n\n\n\n<p>Seminario de Metaf\u00edsica 1, Facultad de filosof\u00eda,18.00h, 12 de abril.<\/p>\n\n\n\n<p>Textos a comentar: Lecciones del 24 y 31 de enero y del 7 de febrero de 1973.<\/p>\n\n\n\n<p><strong>Tercera <strong>sesi\u00f3n del <\/strong>seminario: Ilegalismo popular y desarrollo capitalista :: castigo y moralizaci\u00f3n de clase :: sobre los robos de le\u00f1a (Marx)<\/strong><\/p>\n\n\n\n<p>Seminario 4.4, Facultad de derecho,18.00h, 19 de abril.<\/p>\n\n\n\n<p>Textos a comentar: Lecciones del 14, 21 y 28 de febrero de 1973.<\/p>\n\n\n\n<p><strong>Cuarta <strong>sesi\u00f3n del <\/strong>seminario: Libertad de mercado y disciplina :: nuevos ilegalismos :: anal\u00edtica del poder<\/strong><\/p>\n\n\n\n<p>Seminario 4.4, Facultad de derecho,18.00h, 3 de mayo.<\/p>\n\n\n\n<p>Textos a comentar: Lecciones del 7, 14, 21 y 28 de marzo de 1973.<\/p>\n\n\n\n<p><strong>Conferencia de clausura a cargo de Pablo L\u00f3piz (UNIZAR):<\/strong><strong>\u00a0\u00a0<\/strong><strong>\u00abInfrapenalidad. La teor\u00eda foucaultiana de los ilegalismos\u00bb<\/strong><\/p>\n\n\n\n<p>Sal\u00f3n de grados, Facultad de derecho,18.00h, 17 de mayo.<\/p>\n\n\n\n<p><\/p>\n\n\n\n<p><strong>*Aunque es recomendable, no ser\u00e1 necesario haber le\u00eddo todos los textos para participar en las sesiones.<\/strong><\/p>\n<\/div>\n\n\n\n<div class=\"wp-block-column is-layout-flow wp-block-column-is-layout-flow\" style=\"flex-basis:33.33%\">\n<figure class=\"wp-block-image size-large\"><a href=\"http:\/\/grupo.us.es\/sepeco\/wp-content\/uploads\/2023\/03\/Foucault-Marx-1-2.jpg\"><img loading=\"lazy\" decoding=\"async\" width=\"724\" height=\"1024\" src=\"http:\/\/grupo.us.es\/sepeco\/wp-content\/uploads\/2023\/03\/Foucault-Marx-1-2-724x1024.jpg\" alt=\"\" class=\"wp-image-65\" srcset=\"https:\/\/grupo.us.es\/sepeco\/wp-content\/uploads\/2023\/03\/Foucault-Marx-1-2-724x1024.jpg 724w, https:\/\/grupo.us.es\/sepeco\/wp-content\/uploads\/2023\/03\/Foucault-Marx-1-2-212x300.jpg 212w, https:\/\/grupo.us.es\/sepeco\/wp-content\/uploads\/2023\/03\/Foucault-Marx-1-2-768x1086.jpg 768w, https:\/\/grupo.us.es\/sepeco\/wp-content\/uploads\/2023\/03\/Foucault-Marx-1-2-1086x1536.jpg 1086w, https:\/\/grupo.us.es\/sepeco\/wp-content\/uploads\/2023\/03\/Foucault-Marx-1-2-1448x2048.jpg 1448w, https:\/\/grupo.us.es\/sepeco\/wp-content\/uploads\/2023\/03\/Foucault-Marx-1-2.jpg 1587w\" sizes=\"auto, (max-width: 724px) 100vw, 724px\" \/><\/a><\/figure>\n<\/div>\n<\/div>\n","protected":false},"excerpt":{"rendered":"<p>Presentaci\u00f3n del seminario y conferencia de introducci\u00f3n: \u201c1973, el momento marxista de Foucault\u201d Aula de grado, Facultad de Filosof\u00eda. 18.00h, 15 de marzo. Ponente: Emmanuel Chamorro (US). Primera sesi\u00f3n del seminario: Exclusi\u00f3n :: guerra civil :: peligrosidad social Seminario de Metaf\u00edsica 1, Facultad de filosof\u00eda, 18.00h, 29 de marzo. Textos a comentar: Lecciones del 3, &hellip; <\/p>\n<p class=\"link-more\"><a href=\"https:\/\/grupo.us.es\/sepeco\/sociedad-punitiva\/\" class=\"more-link\">Leer m\u00e1s<span class=\"screen-reader-text\"> \u00abSeminario abierto de lectura La sociedad punitiva\u00bb<\/span><\/a><\/p>\n","protected":false},"author":1,"featured_media":0,"parent":0,"menu_order":0,"comment_status":"closed","ping_status":"closed","template":"","meta":{"footnotes":""},"class_list":["post-60","page","type-page","status-publish","hentry"],"_links":{"self":[{"href":"https:\/\/grupo.us.es\/sepeco\/wp-json\/wp\/v2\/pages\/60","targetHints":{"allow":["GET"]}}],"collection":[{"href":"https:\/\/grupo.us.es\/sepeco\/wp-json\/wp\/v2\/pages"}],"about":[{"href":"https:\/\/grupo.us.es\/sepeco\/wp-json\/wp\/v2\/types\/page"}],"author":[{"embeddable":true,"href":"https:\/\/grupo.us.es\/sepeco\/wp-json\/wp\/v2\/users\/1"}],"replies":[{"embeddable":true,"href":"https:\/\/grupo.us.es\/sepeco\/wp-json\/wp\/v2\/comments?post=60"}],"version-history":[{"count":6,"href":"https:\/\/grupo.us.es\/sepeco\/wp-json\/wp\/v2\/pages\/60\/revisions"}],"predecessor-version":[{"id":360,"href":"https:\/\/grupo.us.es\/sepeco\/wp-json\/wp\/v2\/pages\/60\/revisions\/360"}],"wp:attachment":[{"href":"https:\/\/grupo.us.es\/sepeco\/wp-json\/wp\/v2\/media?parent=60"}],"curies":[{"name":"wp","href":"https:\/\/api.w.org\/{rel}","templated":true}]}}