{"id":441,"date":"2024-03-14T15:53:24","date_gmt":"2024-03-14T15:53:24","guid":{"rendered":"https:\/\/grupo.us.es\/sepeco\/bourdieu-heidegger-copy\/"},"modified":"2024-03-20T08:14:28","modified_gmt":"2024-03-20T08:14:28","slug":"seminario-fraser","status":"publish","type":"page","link":"https:\/\/grupo.us.es\/sepeco\/seminario-fraser\/","title":{"rendered":"Seminario abierto de lectura Nancy Fraser"},"content":{"rendered":"\n<div class=\"wp-block-columns is-layout-flex wp-container-core-columns-is-layout-9d6595d7 wp-block-columns-is-layout-flex\">\n<div class=\"wp-block-column is-layout-flow wp-block-column-is-layout-flow\" style=\"flex-basis:66.66%\">\n<p><strong>Conferencia de apertura<br><\/strong>Soledad Cerezo: \u201cMovimientos reaccionarios y el fin del neoliberalismo progresista\u201d y David Vila-Vi\u00f1as: \u201cNancy Fraser y la<br>justicia del cuidado\u201d<br>Aula de grado, Facultad de Filosof\u00eda. 18.00h, 2 de abril.<\/p>\n\n\n\n<p><strong>Primera sesi\u00f3n del seminario<br><\/strong>Seminario 4.4 Fac. de Derecho,18.00h, 8 de abril.<\/p>\n\n\n\n<p><strong>Segunda sesi\u00f3n del seminario<br><\/strong>Seminario 4.4 Fac. de Derecho, 18.00h, 23 de abril.<\/p>\n\n\n\n<p><strong>Tercera sesi\u00f3n del seminario<br><\/strong>Seminario 4.4. Fac. de Derecho,18.00h, 7 de mayo.<\/p>\n\n\n\n<p><\/p>\n\n\n\n<p>Organiza: Seminario de Pensamiento Contempor\u00e1neo US \u2013 Grupo de Investigaci\u00f3n \u201cTransformaci\u00f3n del Mundo Hist\u00f3rico-Vital de Nuestra \u00c9poca\u201d (HUM245) y Proyecto \u00abTransformaciones socio-jur\u00eddicas en el empleo de hogar y de cuidados y su impacto sobre la sostenibilidad de la vida (25-5-ID23)\u00bb \u2013 Facultad de Filosof\u00eda de la Universidad de Sevilla \u2013 Facultad de Derecho de la Universidad de Sevilla<\/p>\n<\/div>\n\n\n\n<div class=\"wp-block-column is-layout-flow wp-block-column-is-layout-flow\" style=\"flex-basis:33.33%\">\n<figure class=\"wp-block-image size-large\"><a href=\"http:\/\/grupo.us.es\/sepeco\/wp-content\/uploads\/2024\/03\/seminario-no-doc-scaled.jpg\"><img loading=\"lazy\" decoding=\"async\" width=\"724\" height=\"1024\" src=\"http:\/\/grupo.us.es\/sepeco\/wp-content\/uploads\/2024\/03\/seminario-no-doc-724x1024.jpg\" alt=\"\" class=\"wp-image-443\" srcset=\"https:\/\/grupo.us.es\/sepeco\/wp-content\/uploads\/2024\/03\/seminario-no-doc-724x1024.jpg 724w, https:\/\/grupo.us.es\/sepeco\/wp-content\/uploads\/2024\/03\/seminario-no-doc-212x300.jpg 212w, https:\/\/grupo.us.es\/sepeco\/wp-content\/uploads\/2024\/03\/seminario-no-doc-768x1086.jpg 768w, https:\/\/grupo.us.es\/sepeco\/wp-content\/uploads\/2024\/03\/seminario-no-doc-1086x1536.jpg 1086w, https:\/\/grupo.us.es\/sepeco\/wp-content\/uploads\/2024\/03\/seminario-no-doc-1449x2048.jpg 1449w, https:\/\/grupo.us.es\/sepeco\/wp-content\/uploads\/2024\/03\/seminario-no-doc-2000x2828.jpg 2000w, https:\/\/grupo.us.es\/sepeco\/wp-content\/uploads\/2024\/03\/seminario-no-doc-scaled.jpg 1811w\" sizes=\"auto, (max-width: 724px) 100vw, 724px\" \/><\/a><\/figure>\n<\/div>\n<\/div>\n","protected":false},"excerpt":{"rendered":"<p>Conferencia de aperturaSoledad Cerezo: \u201cMovimientos reaccionarios y el fin del neoliberalismo progresista\u201d y David Vila-Vi\u00f1as: \u201cNancy Fraser y lajusticia del cuidado\u201dAula de grado, Facultad de Filosof\u00eda. 18.00h, 2 de abril. Primera sesi\u00f3n del seminarioSeminario 4.4 Fac. de Derecho,18.00h, 8 de abril. Segunda sesi\u00f3n del seminarioSeminario 4.4 Fac. de Derecho, 18.00h, 23 de abril. Tercera sesi\u00f3n &hellip; <\/p>\n<p class=\"link-more\"><a href=\"https:\/\/grupo.us.es\/sepeco\/seminario-fraser\/\" class=\"more-link\">Leer m\u00e1s<span class=\"screen-reader-text\"> \u00abSeminario abierto de lectura Nancy Fraser\u00bb<\/span><\/a><\/p>\n","protected":false},"author":2,"featured_media":0,"parent":0,"menu_order":0,"comment_status":"closed","ping_status":"closed","template":"","meta":{"footnotes":""},"class_list":["post-441","page","type-page","status-publish","hentry"],"_links":{"self":[{"href":"https:\/\/grupo.us.es\/sepeco\/wp-json\/wp\/v2\/pages\/441","targetHints":{"allow":["GET"]}}],"collection":[{"href":"https:\/\/grupo.us.es\/sepeco\/wp-json\/wp\/v2\/pages"}],"about":[{"href":"https:\/\/grupo.us.es\/sepeco\/wp-json\/wp\/v2\/types\/page"}],"author":[{"embeddable":true,"href":"https:\/\/grupo.us.es\/sepeco\/wp-json\/wp\/v2\/users\/2"}],"replies":[{"embeddable":true,"href":"https:\/\/grupo.us.es\/sepeco\/wp-json\/wp\/v2\/comments?post=441"}],"version-history":[{"count":2,"href":"https:\/\/grupo.us.es\/sepeco\/wp-json\/wp\/v2\/pages\/441\/revisions"}],"predecessor-version":[{"id":447,"href":"https:\/\/grupo.us.es\/sepeco\/wp-json\/wp\/v2\/pages\/441\/revisions\/447"}],"wp:attachment":[{"href":"https:\/\/grupo.us.es\/sepeco\/wp-json\/wp\/v2\/media?parent=441"}],"curies":[{"name":"wp","href":"https:\/\/api.w.org\/{rel}","templated":true}]}}