{"id":348,"date":"2024-01-10T16:50:46","date_gmt":"2024-01-10T16:50:46","guid":{"rendered":"https:\/\/grupo.us.es\/sepeco\/bourdieu-heidegger-copy\/"},"modified":"2024-03-13T13:51:20","modified_gmt":"2024-03-13T13:51:20","slug":"workshop","status":"publish","type":"page","link":"https:\/\/grupo.us.es\/sepeco\/workshop\/","title":{"rendered":"Workshop internacional: \u00abTecnolog\u00edas pol\u00edticas contempor\u00e1neas. Gobernar el problema de la incertidumbre despu\u00e9s de Foucault\u00bb"},"content":{"rendered":"\t\t<div data-elementor-type=\"wp-page\" data-elementor-id=\"348\" class=\"elementor elementor-348\">\n\t\t\t\t\t\t\t\t\t<section class=\"elementor-section elementor-top-section elementor-element elementor-element-2d5d7b42 elementor-section-boxed elementor-section-height-default elementor-section-height-default\" data-id=\"2d5d7b42\" data-element_type=\"section\">\n\t\t\t\t\t\t<div class=\"elementor-container elementor-column-gap-default\">\n\t\t\t\t\t<div class=\"elementor-column elementor-col-100 elementor-top-column elementor-element elementor-element-60c2f242\" data-id=\"60c2f242\" data-element_type=\"column\">\n\t\t\t<div class=\"elementor-widget-wrap elementor-element-populated\">\n\t\t\t\t\t\t\t\t<div class=\"elementor-element elementor-element-14aa4016 elementor-widget elementor-widget-text-editor\" data-id=\"14aa4016\" data-element_type=\"widget\" data-widget_type=\"text-editor.default\">\n\t\t\t\t<div class=\"elementor-widget-container\">\n\t\t\t<style>\/*! elementor - v3.11.2 - 22-02-2023 *\/\n.elementor-widget-text-editor.elementor-drop-cap-view-stacked .elementor-drop-cap{background-color:#818a91;color:#fff}.elementor-widget-text-editor.elementor-drop-cap-view-framed .elementor-drop-cap{color:#818a91;border:3px solid;background-color:transparent}.elementor-widget-text-editor:not(.elementor-drop-cap-view-default) .elementor-drop-cap{margin-top:8px}.elementor-widget-text-editor:not(.elementor-drop-cap-view-default) .elementor-drop-cap-letter{width:1em;height:1em}.elementor-widget-text-editor .elementor-drop-cap{float:left;text-align:center;line-height:1;font-size:50px}.elementor-widget-text-editor .elementor-drop-cap-letter{display:inline-block}<\/style>\t\t\t\t<p><!-- wp:columns --><\/p>\n<div class=\"wp-block-columns\">\n<p><!-- wp:column {\"width\":\"66.66%\"} --><\/p>\n<div class=\"wp-block-column\" style=\"flex-basis: 66.66%;\">\n<p><!-- wp:paragraph --><\/p>\n<p>8 y 9 de mayo de 2024. Universidad de Sevilla<\/p>\n<p><!-- \/wp:paragraph --><\/p>\n<p><!-- wp:paragraph --><\/p>\n<p>Programa definitivo del Workshop pr\u00f3ximamente.<\/p>\n<p><!-- \/wp:paragraph --><\/p>\n<\/div>\n<p><!-- \/wp:column --><\/p>\n<p><!-- wp:column {\"width\":\"33.33%\"} --><\/p>\n<div class=\"wp-block-column\" style=\"flex-basis: 33.33%;\">\n<p><!-- wp:image {\"id\":356,\"sizeSlug\":\"large\",\"linkDestination\":\"media\"} --><\/p>\n<figure class=\"wp-block-image size-large\"><a href=\"https:\/\/grupo.us.es\/sepeco\/wp-content\/uploads\/2024\/01\/Sevilla.jpg\"><img loading=\"lazy\" decoding=\"async\" width=\"1024\" height=\"1024\" class=\"wp-image-356\" src=\"https:\/\/grupo.us.es\/sepeco\/wp-content\/uploads\/2024\/01\/Sevilla-1024x1024.jpg\" alt=\"\" srcset=\"https:\/\/grupo.us.es\/sepeco\/wp-content\/uploads\/2024\/01\/Sevilla-1024x1024.jpg 1024w, https:\/\/grupo.us.es\/sepeco\/wp-content\/uploads\/2024\/01\/Sevilla-300x300.jpg 300w, https:\/\/grupo.us.es\/sepeco\/wp-content\/uploads\/2024\/01\/Sevilla-150x150.jpg 150w, https:\/\/grupo.us.es\/sepeco\/wp-content\/uploads\/2024\/01\/Sevilla-768x768.jpg 768w, https:\/\/grupo.us.es\/sepeco\/wp-content\/uploads\/2024\/01\/Sevilla-1536x1536.jpg 1536w, https:\/\/grupo.us.es\/sepeco\/wp-content\/uploads\/2024\/01\/Sevilla.jpg 1563w\" sizes=\"auto, (max-width: 1024px) 100vw, 1024px\" \/><\/a><\/figure>\n<p><!-- \/wp:image --><\/p>\n<p><!-- wp:paragraph --><\/p>\n<p><strong>Comit\u00e9 organizador:<br \/><\/strong>Luciana \u00c1lvarez. Universidad de Zaragoza<br \/>Emmanuel Chamorro. Universidad de Sevilla<br \/>David Vila-Vi\u00f1as.\u00a0Universidad de Sevilla<\/p>\n<p><strong>Comit\u00e9 cient\u00edfico:<br \/><\/strong>Cristina Catalina (Univ. Complutense Madrid)<br \/>Daniel J. Garc\u00eda L\u00f3pez (Univ. Granada)<br \/>Anxo Garrido (Univ. Complutense Madrid)<br \/>Ester Jordana (Univ. Zaragoza)<br \/>Marcelo Raffin (Univ. Buenos Aires-Conicet)<br \/>Ad\u00e1n Salinas (Universidad Academia de Humanismo Cristiano)<br \/>Gabriela Seghezzo (Univ. Buenos Aires-Conicet)<br \/>Senda Sferco (Univ. Buenos Aires-Conicet)\u00a0<\/p>\n<p>\u00a0<\/p>\n<p><!-- \/wp:paragraph --><\/p>\n<p><!-- wp:paragraph --><\/p>\n<p><strong>Contacto:<\/strong>\u00a0<a href=\"mailto:sepecous@gmail.com\">sepecous@gmail.com<\/a><\/p>\n<p><!-- \/wp:paragraph --><\/p>\n<p><!-- wp:image {\"id\":352,\"sizeSlug\":\"large\",\"linkDestination\":\"media\"} --><\/p>\n<figure class=\"wp-block-image size-large\"><a href=\"https:\/\/grupo.us.es\/sepeco\/wp-content\/uploads\/2024\/01\/Cartel-Workshop-A3-scaled.jpg\"><img loading=\"lazy\" decoding=\"async\" width=\"724\" height=\"1024\" class=\"wp-image-352\" src=\"https:\/\/grupo.us.es\/sepeco\/wp-content\/uploads\/2024\/01\/Cartel-Workshop-A3-724x1024.jpg\" alt=\"\" srcset=\"https:\/\/grupo.us.es\/sepeco\/wp-content\/uploads\/2024\/01\/Cartel-Workshop-A3-724x1024.jpg 724w, https:\/\/grupo.us.es\/sepeco\/wp-content\/uploads\/2024\/01\/Cartel-Workshop-A3-212x300.jpg 212w, https:\/\/grupo.us.es\/sepeco\/wp-content\/uploads\/2024\/01\/Cartel-Workshop-A3-768x1086.jpg 768w, https:\/\/grupo.us.es\/sepeco\/wp-content\/uploads\/2024\/01\/Cartel-Workshop-A3-1086x1536.jpg 1086w, https:\/\/grupo.us.es\/sepeco\/wp-content\/uploads\/2024\/01\/Cartel-Workshop-A3-1449x2048.jpg 1449w, https:\/\/grupo.us.es\/sepeco\/wp-content\/uploads\/2024\/01\/Cartel-Workshop-A3-2000x2828.jpg 2000w, https:\/\/grupo.us.es\/sepeco\/wp-content\/uploads\/2024\/01\/Cartel-Workshop-A3-scaled.jpg 1811w\" sizes=\"auto, (max-width: 724px) 100vw, 724px\" \/><\/a><\/figure>\n<p><!-- \/wp:image --><\/p>\n<p><!-- wp:image {\"id\":353,\"sizeSlug\":\"large\",\"linkDestination\":\"media\"} --><\/p>\n<figure class=\"wp-block-image size-large\"><a href=\"https:\/\/grupo.us.es\/sepeco\/wp-content\/uploads\/2024\/01\/English-Workshop-A3-scaled.jpg\"><img loading=\"lazy\" decoding=\"async\" width=\"724\" height=\"1024\" class=\"wp-image-353\" src=\"https:\/\/grupo.us.es\/sepeco\/wp-content\/uploads\/2024\/01\/English-Workshop-A3-724x1024.jpg\" alt=\"\" srcset=\"https:\/\/grupo.us.es\/sepeco\/wp-content\/uploads\/2024\/01\/English-Workshop-A3-724x1024.jpg 724w, https:\/\/grupo.us.es\/sepeco\/wp-content\/uploads\/2024\/01\/English-Workshop-A3-212x300.jpg 212w, https:\/\/grupo.us.es\/sepeco\/wp-content\/uploads\/2024\/01\/English-Workshop-A3-768x1086.jpg 768w, https:\/\/grupo.us.es\/sepeco\/wp-content\/uploads\/2024\/01\/English-Workshop-A3-1086x1536.jpg 1086w, https:\/\/grupo.us.es\/sepeco\/wp-content\/uploads\/2024\/01\/English-Workshop-A3-1449x2048.jpg 1449w, https:\/\/grupo.us.es\/sepeco\/wp-content\/uploads\/2024\/01\/English-Workshop-A3-2000x2828.jpg 2000w, https:\/\/grupo.us.es\/sepeco\/wp-content\/uploads\/2024\/01\/English-Workshop-A3-scaled.jpg 1811w\" sizes=\"auto, (max-width: 724px) 100vw, 724px\" \/><\/a><\/figure>\n<p><!-- \/wp:image --><\/p>\n<\/div>\n<p><!-- \/wp:column --><\/p>\n<\/div>\n<p><!-- \/wp:columns --><\/p>\n<p><!-- wp:paragraph --><\/p>\n<p><!-- \/wp:paragraph --><\/p>\n<p><!-- wp:paragraph --><\/p>\n<p><!-- \/wp:paragraph --><\/p>\n<p><!-- wp:paragraph --><\/p>\n<p><!-- \/wp:paragraph --><\/p>\n<p><!-- wp:paragraph --><\/p>\n<p><!-- \/wp:paragraph --><\/p>\t\t\t\t\t\t<\/div>\n\t\t\t\t<\/div>\n\t\t\t\t\t<\/div>\n\t\t<\/div>\n\t\t\t\t\t\t\t<\/div>\n\t\t<\/section>\n\t\t\t\t\t\t\t<\/div>\n\t\t","protected":false},"excerpt":{"rendered":"<p>8 y 9 de mayo de 2024. Universidad de Sevilla Programa definitivo del Workshop pr\u00f3ximamente. Comit\u00e9 organizador:Luciana \u00c1lvarez. Universidad de ZaragozaEmmanuel Chamorro. Universidad de SevillaDavid Vila-Vi\u00f1as.\u00a0Universidad de Sevilla Comit\u00e9 cient\u00edfico:Cristina Catalina (Univ. Complutense Madrid)Daniel J. Garc\u00eda L\u00f3pez (Univ. Granada)Anxo Garrido (Univ. Complutense Madrid)Ester Jordana (Univ. Zaragoza)Marcelo Raffin (Univ. Buenos Aires-Conicet)Ad\u00e1n Salinas (Universidad Academia de Humanismo &hellip; <\/p>\n<p class=\"link-more\"><a href=\"https:\/\/grupo.us.es\/sepeco\/workshop\/\" class=\"more-link\">Leer m\u00e1s<span class=\"screen-reader-text\"> \u00abWorkshop internacional: \u00abTecnolog\u00edas pol\u00edticas contempor\u00e1neas. Gobernar el problema de la incertidumbre despu\u00e9s de Foucault\u00bb\u00bb<\/span><\/a><\/p>\n","protected":false},"author":1,"featured_media":0,"parent":0,"menu_order":0,"comment_status":"closed","ping_status":"closed","template":"","meta":{"footnotes":""},"class_list":["post-348","page","type-page","status-publish","hentry"],"_links":{"self":[{"href":"https:\/\/grupo.us.es\/sepeco\/wp-json\/wp\/v2\/pages\/348","targetHints":{"allow":["GET"]}}],"collection":[{"href":"https:\/\/grupo.us.es\/sepeco\/wp-json\/wp\/v2\/pages"}],"about":[{"href":"https:\/\/grupo.us.es\/sepeco\/wp-json\/wp\/v2\/types\/page"}],"author":[{"embeddable":true,"href":"https:\/\/grupo.us.es\/sepeco\/wp-json\/wp\/v2\/users\/1"}],"replies":[{"embeddable":true,"href":"https:\/\/grupo.us.es\/sepeco\/wp-json\/wp\/v2\/comments?post=348"}],"version-history":[{"count":19,"href":"https:\/\/grupo.us.es\/sepeco\/wp-json\/wp\/v2\/pages\/348\/revisions"}],"predecessor-version":[{"id":440,"href":"https:\/\/grupo.us.es\/sepeco\/wp-json\/wp\/v2\/pages\/348\/revisions\/440"}],"wp:attachment":[{"href":"https:\/\/grupo.us.es\/sepeco\/wp-json\/wp\/v2\/media?parent=348"}],"curies":[{"name":"wp","href":"https:\/\/api.w.org\/{rel}","templated":true}]}}