{"id":307,"date":"2023-09-03T12:29:28","date_gmt":"2023-09-03T12:29:28","guid":{"rendered":"http:\/\/grupo.us.es\/sepeco\/seminario-de-lectura-de-la-sociedad-punitiva-el-momento-marxista-de-foucault-copy\/"},"modified":"2024-01-14T16:15:59","modified_gmt":"2024-01-14T16:15:59","slug":"bourdieu-heidegger","status":"publish","type":"page","link":"https:\/\/grupo.us.es\/sepeco\/bourdieu-heidegger\/","title":{"rendered":"Seminario abierto de lectura Bourdieu-Heidegger"},"content":{"rendered":"\n<div class=\"wp-block-columns is-layout-flex wp-container-core-columns-is-layout-9d6595d7 wp-block-columns-is-layout-flex\">\n<div class=\"wp-block-column is-layout-flow wp-block-column-is-layout-flow\" style=\"flex-basis:66.66%\">\n<p><strong>21 de septiembre de 2023:&nbsp;<\/strong>Presentaci\u00f3n del seminario sobre la obra de Pierre Bourdieu&nbsp;<em>La ontolog\u00eda pol\u00edtica de Heidegger<\/em>&nbsp;y conferencia de apertura a cargo de Jos\u00e9 Luis Moreno Pesta\u00f1a (UGR): \u201cEl canon como mutilaci\u00f3n y las condiciones sociales para una revoluci\u00f3n simb\u00f3lica\u201d. Aula de grado, Facultad de Filosof\u00eda. 18.00h.<\/p>\n\n\n\n<p><strong>18 de octubre de 2023<\/strong>: Primera sesi\u00f3n del seminario de lectura de&nbsp;<em>La ontolog\u00eda pol\u00edtica de Heidegger<\/em>. Seminario de Metaf\u00edsica 1, Facultad de Filosof\u00eda, 18.00h. Lecturas: Introducci\u00f3n y cap\u00edtulo 1.*<\/p>\n\n\n\n<p><strong>15 de noviembre de 2023<\/strong>: Segunda sesi\u00f3n del seminario de lectura de&nbsp;<em>La ontolog\u00eda pol\u00edtica de Heidegger<\/em>. Seminario 4.4, Facultad de Derecho, 18.00h. Lecturas: cap\u00edtulos 2 y 3*<\/p>\n\n\n\n<p><strong>13 de diciembre de 2023<\/strong>: Tercera sesi\u00f3n del seminario de lectura de&nbsp;<em>La ontolog\u00eda pol\u00edtica de Heidegger<\/em>. Seminario 4.4, Facultad de Derecho, 18.00h. Lecturas: cap\u00edtulos 4, 5 y 6.*<\/p>\n\n\n\n<p><strong>1 de febrero de 2024<\/strong>: Conferencia de clausura del seminario sobre La ontolog\u00eda pol\u00edtica de Heidegger a cargo de Francisco V\u00e1zquez Garc\u00eda (Universidad de C\u00e1diz): \u201cPierre Bourdieu y la recepci\u00f3n del \u2018caso Heidegger\u2019 en Espa\u00f1a\u201d. R\u00e9plica a cargo de Manuel Barrios Casares (Universidad de Sevilla). Aula de grado, Facultad de Filosof\u00eda, 18.00h.<\/p>\n\n\n\n<p><\/p>\n\n\n\n<p><strong>*Aunque es recomendable, no ser\u00e1 necesario haber le\u00eddo los textos para participar en las sesiones.<\/strong><\/p>\n<\/div>\n\n\n\n<div class=\"wp-block-column is-layout-flow wp-block-column-is-layout-flow\" style=\"flex-basis:33.33%\">\n<figure class=\"wp-block-image size-large\"><a href=\"http:\/\/grupo.us.es\/sepeco\/wp-content\/uploads\/2024\/01\/HEIDEGGER-BOURDIEU-DEF-scaled.jpg\"><img loading=\"lazy\" decoding=\"async\" width=\"724\" height=\"1024\" src=\"http:\/\/grupo.us.es\/sepeco\/wp-content\/uploads\/2024\/01\/HEIDEGGER-BOURDIEU-DEF-724x1024.jpg\" alt=\"\" class=\"wp-image-384\" srcset=\"https:\/\/grupo.us.es\/sepeco\/wp-content\/uploads\/2024\/01\/HEIDEGGER-BOURDIEU-DEF-724x1024.jpg 724w, https:\/\/grupo.us.es\/sepeco\/wp-content\/uploads\/2024\/01\/HEIDEGGER-BOURDIEU-DEF-212x300.jpg 212w, https:\/\/grupo.us.es\/sepeco\/wp-content\/uploads\/2024\/01\/HEIDEGGER-BOURDIEU-DEF-768x1086.jpg 768w, https:\/\/grupo.us.es\/sepeco\/wp-content\/uploads\/2024\/01\/HEIDEGGER-BOURDIEU-DEF-1086x1536.jpg 1086w, https:\/\/grupo.us.es\/sepeco\/wp-content\/uploads\/2024\/01\/HEIDEGGER-BOURDIEU-DEF-1449x2048.jpg 1449w, https:\/\/grupo.us.es\/sepeco\/wp-content\/uploads\/2024\/01\/HEIDEGGER-BOURDIEU-DEF-2000x2828.jpg 2000w, https:\/\/grupo.us.es\/sepeco\/wp-content\/uploads\/2024\/01\/HEIDEGGER-BOURDIEU-DEF-scaled.jpg 1811w\" sizes=\"auto, (max-width: 724px) 100vw, 724px\" \/><\/a><\/figure>\n<\/div>\n<\/div>\n","protected":false},"excerpt":{"rendered":"<p>21 de septiembre de 2023:&nbsp;Presentaci\u00f3n del seminario sobre la obra de Pierre Bourdieu&nbsp;La ontolog\u00eda pol\u00edtica de Heidegger&nbsp;y conferencia de apertura a cargo de Jos\u00e9 Luis Moreno Pesta\u00f1a (UGR): \u201cEl canon como mutilaci\u00f3n y las condiciones sociales para una revoluci\u00f3n simb\u00f3lica\u201d. Aula de grado, Facultad de Filosof\u00eda. 18.00h. 18 de octubre de 2023: Primera sesi\u00f3n del &hellip; <\/p>\n<p class=\"link-more\"><a href=\"https:\/\/grupo.us.es\/sepeco\/bourdieu-heidegger\/\" class=\"more-link\">Leer m\u00e1s<span class=\"screen-reader-text\"> \u00abSeminario abierto de lectura Bourdieu-Heidegger\u00bb<\/span><\/a><\/p>\n","protected":false},"author":1,"featured_media":0,"parent":0,"menu_order":0,"comment_status":"closed","ping_status":"closed","template":"","meta":{"footnotes":""},"class_list":["post-307","page","type-page","status-publish","hentry"],"_links":{"self":[{"href":"https:\/\/grupo.us.es\/sepeco\/wp-json\/wp\/v2\/pages\/307","targetHints":{"allow":["GET"]}}],"collection":[{"href":"https:\/\/grupo.us.es\/sepeco\/wp-json\/wp\/v2\/pages"}],"about":[{"href":"https:\/\/grupo.us.es\/sepeco\/wp-json\/wp\/v2\/types\/page"}],"author":[{"embeddable":true,"href":"https:\/\/grupo.us.es\/sepeco\/wp-json\/wp\/v2\/users\/1"}],"replies":[{"embeddable":true,"href":"https:\/\/grupo.us.es\/sepeco\/wp-json\/wp\/v2\/comments?post=307"}],"version-history":[{"count":8,"href":"https:\/\/grupo.us.es\/sepeco\/wp-json\/wp\/v2\/pages\/307\/revisions"}],"predecessor-version":[{"id":385,"href":"https:\/\/grupo.us.es\/sepeco\/wp-json\/wp\/v2\/pages\/307\/revisions\/385"}],"wp:attachment":[{"href":"https:\/\/grupo.us.es\/sepeco\/wp-json\/wp\/v2\/media?parent=307"}],"curies":[{"name":"wp","href":"https:\/\/api.w.org\/{rel}","templated":true}]}}