{"id":12,"date":"2023-02-23T11:01:53","date_gmt":"2023-02-23T11:01:53","guid":{"rendered":"http:\/\/grupo.us.es\/sepeco\/?page_id=12"},"modified":"2024-03-07T13:16:29","modified_gmt":"2024-03-07T13:16:29","slug":"inicio","status":"publish","type":"page","link":"https:\/\/grupo.us.es\/sepeco\/","title":{"rendered":"Inicio"},"content":{"rendered":"\t\t<div data-elementor-type=\"wp-page\" data-elementor-id=\"12\" class=\"elementor elementor-12\">\n\t\t\t\t\t\t\t\t\t<section class=\"elementor-section elementor-top-section elementor-element elementor-element-46393566 elementor-section-boxed elementor-section-height-default elementor-section-height-default\" data-id=\"46393566\" data-element_type=\"section\">\n\t\t\t\t\t\t<div class=\"elementor-container elementor-column-gap-default\">\n\t\t\t\t\t<div class=\"elementor-column elementor-col-100 elementor-top-column elementor-element elementor-element-2565f294\" data-id=\"2565f294\" data-element_type=\"column\">\n\t\t\t<div class=\"elementor-widget-wrap elementor-element-populated\">\n\t\t\t\t\t\t\t\t<div class=\"elementor-element elementor-element-12e6a47b elementor-widget elementor-widget-text-editor\" data-id=\"12e6a47b\" data-element_type=\"widget\" data-widget_type=\"text-editor.default\">\n\t\t\t\t<div class=\"elementor-widget-container\">\n\t\t\t<style>\/*! elementor - v3.11.2 - 22-02-2023 *\/\n.elementor-widget-text-editor.elementor-drop-cap-view-stacked .elementor-drop-cap{background-color:#818a91;color:#fff}.elementor-widget-text-editor.elementor-drop-cap-view-framed .elementor-drop-cap{color:#818a91;border:3px solid;background-color:transparent}.elementor-widget-text-editor:not(.elementor-drop-cap-view-default) .elementor-drop-cap{margin-top:8px}.elementor-widget-text-editor:not(.elementor-drop-cap-view-default) .elementor-drop-cap-letter{width:1em;height:1em}.elementor-widget-text-editor .elementor-drop-cap{float:left;text-align:center;line-height:1;font-size:50px}.elementor-widget-text-editor .elementor-drop-cap-letter{display:inline-block}<\/style>\t\t\t\t<p><!-- wp:paragraph {\"textColor\":\"ast-global-color-2\"} --><\/p>\n<p>El SPC-US nace con la vocaci\u00f3n de construir un espacio de reflexi\u00f3n interdisciplinar acerca de los problemas contempor\u00e1neos. Combina actividades de lectura de obras fundamentales en el pensamiento contempor\u00e1neo con otras dirigidas a abordar cuestiones espec\u00edficas. Se trata de un espacio abierto al encuentro de diferentes disciplinas y esferas sociales.<\/p>\n<p><!-- \/wp:paragraph --><\/p>\n<p><!-- wp:paragraph {\"textColor\":\"ast-global-color-8\"} --><\/p>\n<p>El Seminario de Pensamiento Contempor\u00e1neo US surge bajo el auspicio del grupo de investigaci\u00f3n <a href=\"https:\/\/investigacion.us.es\/sisius\/sis_depgrupos.php?ct=&amp;cs=&amp;seltext=HUM-245&amp;selfield=CodPAI\" target=\"_blank\" rel=\"noreferrer noopener\">HUM245: Reflexion (Transformacion Mundo Historico-Vital)<\/a> y est\u00e1 vinculado al departamento de Metaf\u00edsica y Corrientes Actuales de la Filosof\u00eda, \u00c9tica y Filosof\u00eda Pol\u00edtica de la Universidad de Sevilla.<\/p>\n<p><!-- \/wp:paragraph --><\/p>\n<p><!-- wp:paragraph --><\/p>\n<p>Contacto: <a href=\"mailto:sepecous@gmail.com\">sepecous@gmail.com<\/a>.<\/p>\n<p>Suscr\u00edbete a nuestra lista de correo y recibe todas las novedades del Seminario:<\/p>\n<script>(function() {\n\twindow.mc4wp = window.mc4wp || {\n\t\tlisteners: [],\n\t\tforms: {\n\t\t\ton: function(evt, cb) {\n\t\t\t\twindow.mc4wp.listeners.push(\n\t\t\t\t\t{\n\t\t\t\t\t\tevent   : evt,\n\t\t\t\t\t\tcallback: cb\n\t\t\t\t\t}\n\t\t\t\t);\n\t\t\t}\n\t\t}\n\t}\n})();\n<\/script><!-- Mailchimp for WordPress v4.9.1 - https:\/\/wordpress.org\/plugins\/mailchimp-for-wp\/ --><form id=\"mc4wp-form-1\" class=\"mc4wp-form mc4wp-form-202\" method=\"post\" data-id=\"202\" data-name=\"Lista de correo\" ><div class=\"mc4wp-form-fields\"><p>\r\n\t<label>Nombre y apellidos (opcional)<\/label>\r\n    <input type=\"text\" name=\"FNAME\">\r\n  \r\n  <label>Email: \r\n\t\t<input type=\"email\" name=\"EMAIL\" placeholder=\"Tu direcci\u00f3n de correo electr\u00f3nico\" required \/>\r\n<\/label>\r\n  \r\n\r\n    \r\n\r\n\r\n\t<input type=\"submit\" value=\"Enviar\" \/>\r\n<\/p><\/div><label style=\"display: none !important;\">Deja vac\u00edo este campo si eres humano: <input type=\"text\" name=\"_mc4wp_honeypot\" value=\"\" tabindex=\"-1\" autocomplete=\"off\" \/><\/label><input type=\"hidden\" name=\"_mc4wp_timestamp\" value=\"1777111425\" \/><input type=\"hidden\" name=\"_mc4wp_form_id\" value=\"202\" \/><input type=\"hidden\" name=\"_mc4wp_form_element_id\" value=\"mc4wp-form-1\" \/><div class=\"mc4wp-response\"><\/div><\/form><!-- \/ Mailchimp for WordPress Plugin -->\n<p><!-- \/wp:paragraph --><\/p>\t\t\t\t\t\t<\/div>\n\t\t\t\t<\/div>\n\t\t\t\t\t<\/div>\n\t\t<\/div>\n\t\t\t\t\t\t\t<\/div>\n\t\t<\/section>\n\t\t\t\t\t\t\t<\/div>\n\t\t","protected":false},"excerpt":{"rendered":"<p>El SPC-US nace con la vocaci\u00f3n de construir un espacio de reflexi\u00f3n interdisciplinar acerca de los problemas contempor\u00e1neos. Combina actividades de lectura de obras fundamentales en el pensamiento contempor\u00e1neo con otras dirigidas a abordar cuestiones espec\u00edficas. Se trata de un espacio abierto al encuentro de diferentes disciplinas y esferas sociales. El Seminario de Pensamiento Contempor\u00e1neo &hellip; <\/p>\n<p class=\"link-more\"><a href=\"https:\/\/grupo.us.es\/sepeco\/\" class=\"more-link\">Leer m\u00e1s<span class=\"screen-reader-text\"> \u00abInicio\u00bb<\/span><\/a><\/p>\n","protected":false},"author":1,"featured_media":0,"parent":0,"menu_order":0,"comment_status":"closed","ping_status":"closed","template":"page-templates\/homepage-builder-bb.php","meta":{"footnotes":""},"class_list":["post-12","page","type-page","status-publish","hentry"],"_links":{"self":[{"href":"https:\/\/grupo.us.es\/sepeco\/wp-json\/wp\/v2\/pages\/12","targetHints":{"allow":["GET"]}}],"collection":[{"href":"https:\/\/grupo.us.es\/sepeco\/wp-json\/wp\/v2\/pages"}],"about":[{"href":"https:\/\/grupo.us.es\/sepeco\/wp-json\/wp\/v2\/types\/page"}],"author":[{"embeddable":true,"href":"https:\/\/grupo.us.es\/sepeco\/wp-json\/wp\/v2\/users\/1"}],"replies":[{"embeddable":true,"href":"https:\/\/grupo.us.es\/sepeco\/wp-json\/wp\/v2\/comments?post=12"}],"version-history":[{"count":30,"href":"https:\/\/grupo.us.es\/sepeco\/wp-json\/wp\/v2\/pages\/12\/revisions"}],"predecessor-version":[{"id":424,"href":"https:\/\/grupo.us.es\/sepeco\/wp-json\/wp\/v2\/pages\/12\/revisions\/424"}],"wp:attachment":[{"href":"https:\/\/grupo.us.es\/sepeco\/wp-json\/wp\/v2\/media?parent=12"}],"curies":[{"name":"wp","href":"https:\/\/api.w.org\/{rel}","templated":true}]}}