{"id":277,"date":"2023-06-30T12:02:35","date_gmt":"2023-06-30T10:02:35","guid":{"rendered":"https:\/\/grupo.us.es\/sanevec\/?page_id=277"},"modified":"2025-11-03T19:11:32","modified_gmt":"2025-11-03T18:11:32","slug":"results","status":"publish","type":"page","link":"https:\/\/grupo.us.es\/sanevec\/en\/results\/","title":{"rendered":"Results"},"content":{"rendered":"\n<h4>Documentation and Source Code<\/h4>\n\n\n\n<div class=\"is-layout-flex wp-container-2 wp-block-columns\">\n<div class=\"is-layout-flow wp-block-column\">\n<p><a href=\"https:\/\/github.com\/sanevec\/\">Link <\/a>to the source code of the SANEVEC project.<\/p>\n\n\n\n<p><a href=\"https:\/\/sanevec.github.io\/Sanevec-docs\/utils\/documentation_workflow\/\">Link <\/a>to documentation of the SANEVEC project<\/p>\n<\/div>\n<\/div>\n\n\n\n<h4>Publications generated in the SANEVEC Project<\/h4>\n\n\n\n<div class=\"is-layout-flex wp-container-4 wp-block-columns\">\n<div class=\"is-layout-flow wp-block-column\">\n<p>H. Molina-Abril, M.J. Mor\u00f3n-Fern\u00e1ndez, M. Benito-Marim\u00f3n, F. D\u00edaz-del-R\u00edo, P. Real, \u201c<strong>Topological scale framework for hypergraphs<\/strong>\u201d. Applied Mathematics and Computation. Vol. 485, 2025. [<a href=\"https:\/\/doi.org\/10.1016\/j.amc.2024.128989\">DOI<\/a>, <a href=\"https:\/\/prisma.us.es\/publicacion\/249693\">PRISMA<\/a>]<\/p>\n\n\n\n<p>E. Cerezuela-Escudero, J.M, Montes-Sanchez, J.P, Dominguez-Morales,&nbsp;\u201c<strong>A systematic comparison of different machine learning models for the spatial estimation of air pollution<\/strong>\u201d.&nbsp;<em>Appl Intell<\/em>&nbsp;53, 29604\u201329619 (2023).&nbsp;[<a href=\"https:\/\/doi.org\/10.1007\/s10489-023-05109-y\">DOI<\/a>, <a href=\"https:\/\/prisma.us.es\/publicacion\/233426\">PRISMA<\/a>]<\/p>\n\n\n\n<p>J.L. Guisado-Lizar, G. Jimenez-Moreno, F. D\u00edaz-del-Rio, J.L. Sevillano-Ramos, D. Cagigas-Mu\u00f1iz, M.J. Mor\u00f3n-Fern\u00e1ndez, D. Cascado-Caballero, F. Jim\u00e9nez-Morales, M. C\u00e1rdenas-Montes, G. A. Wainer, D. Ragel-D\u00edaz-Jara, J. Rodr\u00edguez-Leal, E. Cerezuela-Escudero, J. M. Montes-S\u00e1nchez, D. Casanueva-Morato, A. Ayuso-Mart\u00ednez, \u201c<strong>Designing ev charging stations deployment through holistic simulations: the sanevec project<\/strong>\u201d. IET Conference Proceedings (2732-4494), Vol. 2023,  num. 24, 2023. [<a href=\"https:\/\/doi.org\/10.1049\/icp.2023.3140\">DOI<\/a>, <a href=\"https:\/\/prisma.us.es\/publicacion\/242460\">PRISMA<\/a>]<\/p>\n\n\n\n<p>D. Casanueva-Morato, A. Ayuso-Martinez, J.P. Dominguez-Morales, A. Jimenez-Fernandez, G. Jimenez-Moreno, \u201c<strong>Bio-inspired computational memory model of the Hippocampus: An approach to a neuromorphic spike-based Content-Addressable Memory<\/strong>\u201d. Neural Networks, Volume 178, 2024, [<a href=\"https:\/\/doi.org\/10.1016\/j.neunet.2024.106474\">DOI<\/a>, <a href=\"https:\/\/prisma.us.es\/publicacion\/247628\">PRISMA<\/a>]<\/p>\n\n\n\n<p>D. Cascado-Caballero, F. Diaz-del-Rio, D. Cagigas-Mu\u00f1iz, D. Orellana-Mart\u00edn, I. P\u00e9rez-Hurtado, \u201c<strong>A new approach for software-simulation of membrane systems using a multi-thread programming model<\/strong>\u201d. Simulation Modelling Practice and Theory, Volume 136, 2024. [<a href=\"https:\/\/doi.org\/10.1016\/j.simpat.2024.103007\">DOI<\/a>, <a href=\"https:\/\/prisma.us.es\/publicacion\/249584\">PRISMA<\/a>]<\/p>\n\n\n\n<p>F. D\u00edas-del-R\u00edo, D. Ragel-D\u00edaz-Jara, M.J. Mor\u00f3n-Fern\u00e1ndez, D.Cagigas-Mu\u00f1iz, D. Cascado-Caballero, J.L. Guisado-Lizar, A. Riscos-N\u00fa\u00f1ez, G. Wainer, \u201c<strong>Comparing the&nbsp;Efficiency of&nbsp;Traffic Simulations Using Cellular Automata<\/strong>\u201d. Simulation Tools and Techniques, Vol. 519, Pages: 182-194, 2024, Springer Nature Switzerland. [<a href=\"https:\/\/doi.org\/10.1007\/978-3-031-57523-5_14\">DOI<\/a>, <a href=\"https:\/\/prisma.us.es\/publicacion\/246022\">PRISMA<\/a>]<\/p>\n\n\n\n<p>D. Ragel-D\u00edaz-Jara, J.L. Guisado-Lizar, F. D\u00edaz-del-R\u00edo, M.J. Mor\u00f3n-Fern\u00e1ndez, D. Cagigas-M\u00fa\u00f1iz, D. Cascado-Caballero, G. Jim\u00e9nez-Moreno, E. Cerezuela-Escudero, A. Riscos-N\u00fa\u00f1ez, G. Wainer, \u201c<strong>Integrating Efficient Routes with Station Monitoring for Electric Vehicles in Urban Enviroments: Simulation and Analysis<\/strong>\u201d. Simulation Tools and Techniques, Vol. 519, Pages: 166-181, 2024, Springer Nature Switzerland. [<a href=\"https:\/\/doi.org\/10.1007\/978-3-031-57523-5_13\">DOI<\/a>, <a href=\"https:\/\/prisma.us.es\/publicacion\/246025\">PRISMA<\/a>]<\/p>\n<\/div>\n<\/div>\n\n\n\n<p class=\"has-ast-global-color-2-color has-text-color\"><strong>Previous Publications<\/strong><\/p>\n\n\n\n<p>A. Garc\u00eda-Su\u00e1rez, J.L. Guisado-Lizar, F. Diaz-del-Rio, F. Jim\u00e9nez-Morales. \u201cA Cellular Automata Agent-Based Hybrid Simulation Tool to Analyze the Deployment of Electric Vehicle Charging Stations\u201d. Sustainability, Vol. 13, Issue 10, Article Id. 5421, 2021. DOI<\/p>\n\n\n\n<p>Optimizaci\u00f3n del despliegue de una red de cargadores el\u00e9ctricos mediante simulaci\u00f3n computacional. Amaro Garcia-Suarez, Jos\u00e9-Luis Guisado-Lizar, Fernando Diaz-del-Rio, Francisco Jim\u00e9nez-Morales. In book: La investigaci\u00f3n de hoy, el futuro de ma\u00f1ana. Pages: 177-180. ISBN: 978-84-121459-2-2. 3Ciencias, 2020. DOI<\/p>\n\n\n\n<p><\/p>\n\n\n\n<p class=\"has-ast-global-color-2-color has-text-color\"><strong>Master&#8217;s Thesis and Final Degree Projects<\/strong><\/p>\n\n\n\n<p>Final Degree Project: \u00abSIMTRAVEL: Urban traffic simulator for the optimization of an electric vehicle charging station network\u00bb. Author: Amaro Garc\u00eda Su\u00e1rez. Directors: Jos\u00e9 Luis Guisado Lizar and Fernando D\u00edaz del R\u00edo. Degree in Computer Engineering-Computer Technologies. University of Seville, 2020.<\/p>\n\n\n\n<p>Master&#8217;s Thesis: Design, modeling and simulation in OpenDSS of a network of electric vehicle charging stations. Author: Adri\u00e1n Gonz\u00e1lez Jim\u00e9nez. Directors: Jos\u00e9 Luis Guisado Lizar and Fernando D\u00edaz del R\u00edo. Official Master&#8217;s Degree in Intelligent Systems in Energy and Transport (Smart Cities Specialty). University of Seville, 2022.<\/p>\n\n\n\n<p>Master&#8217;s Thesis: Urban Traffic Simulator Applied to the Study of the Deployment of Electric Vehicle Charging Lanes. Author: Alfonso Rodr\u00edguez Pascual. Directors: Jos\u00e9 Luis Guisado Lizar and Fernando D\u00edaz del R\u00edo. Official Master&#8217;s Degree in Intelligent Systems in Energy and Transportation (Smart Cities Specialty). University of Seville, 2022.<\/p>\n\n\n\n<p><\/p>\n\n\n\n<p class=\"has-ast-global-color-2-color has-text-color\"><strong>Publications related to the project<\/strong><\/p>\n\n\n\n<p>Daniel Cagigas-Mu\u00f1iz, Fernando Diaz-del-Rio, Jose Luis Sevillano-Ramos, Jose-Luis Guisado-Lizar. Efficient simulation execution of cellular automata on GPU. Simulation Modelling Practice And Theory, 118, 2022. DOI<\/p>\n\n\n\n<p>Fernando Diaz-del-Rio, Daniel Cagigas-Mu\u00f1iz, Jose-Luis Guisado-Lizar and Jose Luis Sevillano-Ramos. Efficient parallel implementation of cellular automata and stencil computations in current processors. Advances in computing, informatics, networking and cybersecurity: a book honoring professor Mohammad S. Obaidat\u2019s significant scientific contributions. Lecture Notes in Networks and Systems, 289, 93-120. Springer, 2022. DOI<\/p>\n\n\n\n<p>Francisco Jim\u00e9nez-Morales , Jos\u00e9-Luis Guisado-Lizar, Jos\u00e9 Manuel Guerra. A Cellular Automaton Model of a Laser with Saturable Absorber Reproducing Laser Passive Q-switching. International Conference on Cellular Automata for Research and Industry, ACRI 2022. Lecture Notes in Computer Science, 13402, 163-172. Springer, 2022. DOI<\/p>\n\n\n\n<p>Pablo S\u00e1nchez Cuevas, Fernando D\u00edaz del R\u00edo, Daniel Cagigas Mu\u00f1iz, Jos\u00e9 Luis Guisado Lizar, Mar\u00eda Jos\u00e9 Mor\u00f3n Fern\u00e1ndez, Pedro Real Jurado. Versatilidad y eficiencia de los aut\u00f3matas celulares para la simulaci\u00f3n y an\u00e1lisis de sistemas complejos en Ingenier\u00eda. In book: Sinerg\u00edas en la investigaci\u00f3n en STEM. Pages: 75-79. ISBN: 978-84-123872-6-1. 3Ciencias, Alcoy (Alicante), 2022. DOI<\/p>\n\n\n\n<p>D. Cascado-Caballero, F. Diaz-del-Rio, D. Cagigas-Mu\u00f1iz, A. Rios-Navarro, J.L. Guisado-Lizar, I. P\u00e9rez-Hurtado, A. Riscos-N\u00fa\u00f1ez, MAREX: A general purpose hardware architecture for membrane computing, Information Sciences, Volume 584, 360-386, 2022. DOI<\/p>\n\n\n\n<p>Miguel C\u00e1rdenas-Montes. Detection of anomalous episodes in urban Ozone maps. Expert Systems.; 38:e12636, (2021). DOI<\/p>\n\n\n\n<p>J V\u00e1zquez-Escobar, JM Hern\u00e1ndez, M C\u00e1rdenas-Montes. Estimation of Machine Learning model uncertainty in particle physics event classifiers. Computer Physics Communications 268, 108100, (2021). DOI<\/p>\n\n\n\n<p>D. Cagigas-Mu\u00f1iz, F. Diaz-del-Rio, M.R. L\u00f3pez-Torres, F. Jim\u00e9nez-Morales, J.L. Guisado. Developing Efficient Discrete Simulations on Multicore and GPU Architectures. Electronics, Vol. 9, Issue 1, Art. Id. 189, 2020. DOI<\/p>\n\n\n\n<p>J. Kroc, F. Jim\u00e9nez-Morales, J.L. Guisado, M. Carmen-Lemos, J. Tkac. Building efficient computational cellular automata models of complex systems: background, applications, results, software and pathologies. Advances in Complex Systems, Vol. 22, Issue 5, Art. Id. 1950013, 2019. DOI<\/p>\n\n\n\n<p>M C\u00e1rdenas-Montes, Forecast daily air-pollution time series with deep learning. International Conference on Hybrid Artificial Intelligence Systems. Lecture Notes in Computer Science, vol 11734. 431-443, (2019). DOI<\/p>\n\n\n\n<p>G.A. Wainer, Traffic modeling and simulation: a devs library. Proceedings of the 2019 Summer Simulation Conference, 45, 1-11. 2019. DOI<\/p>\n\n\n\n<p>J. P. Dominguez-Morales, A. F. Jimenez-Fernandez, M. J. Dominguez-Morales and G. Jimenez-Moreno, \u00abDeep Neural Networks for the Recognition and Classification of Heart Murmurs Using Neuromorphic Auditory Sensors\u00bb, IEEE Transactions on Biomedical Circuits and Systems, vol. 12, no. 1, pp. 24-34, (2018). DOI<\/p>\n\n\n\n<p>F. Jim\u00e9nez-Morales, J.L. Guisado, J.M. Guerra. Simulating Laser Dynamics with Cellular Automata. Nonlinear Systems, Vol. 1: Mathematical Theory and Computational Methods, 405-422. Understanding Complex Systems Series, Springer, 2018. DOI<\/p>\n\n\n\n<p>Ra\u00fal Garc\u00eda-Calvo, J.L. Guisado, Fernando Diaz-del-Rio, Antonio C\u00f3rdoba, and Francisco Jim\u00e9nez-Morales. Graphics Processing Unit\u2013Enhanced Genetic Algorithms for Solving the Temporal Dynamics of Gene Regulatory Networks. Evolutionary Bioinformatics. Vol. 14, Issue Jan. 1, Pp. 1-16, 2018. DOI<\/p>\n\n\n\n<p>Jim\u00e9nez-Morales, F., Lemos, M.C. A cellular automaton model for the catalytic oxidation of CO including CO desorption and diffusion: Intermittent oscillations in a cellular automaton model for a surface reaction. Nonlinear Systems, Vol. 2. Understanding Complex Systems, Springer, pp. 197-220. (2018). DOI<\/p>\n\n\n\n<p>L. Mir\u00f3-Amarante, F. G\u00f3mez-Rodr\u00edguez, A. Jim\u00e9nez-Fern\u00e1ndez, G. Jim\u00e9nez-Moreno. A spiking neural network for real-time Spanish vowel phonemes recognition. Neurocomputing, 226, 249-261, (2017). DOI<\/p>\n\n\n\n<p>Francisco Rodr\u00edguez y Silva, Juan Ram\u00f3n Molina Mart\u00ednez, Miguel Angel Herrera Machuca, Jes\u00fas Rodr\u00edguez Leal. VISUAL-SEVEIF, a Tool for Integrating Fire Behavior Simulation and Economic Evaluation of the Impact of Wildfires. Proc. of the fourth international symposium on fire economics, planning, and policy: climate change and wildfires, Gen. Tech. Rep. PSW-GTR-245, (2013). DOI<\/p>\n\n\n\n<p>F. Jim\u00e9nez-Morales, J.L. Guisado. \u201cA Genetic Algorithm to Study a P3 Non-Trivial Collective Task\u201d. 4th.International Conference on Evolutionary Computation Theory and Applications, ECTA 2012. INSTICC, Institute for Systems and Technologies of Information Control and Communication. Barcelona, Espa\u00f1a. P\u00e1gs: 250-256. (2012). DOI<\/p>\n\n\n\n<p>G.A. Wainer, Discrete-Event Modeling and Simulation: A Practitioner&#8217;s Approach. CRC Press, Boca Raton, FL. 2009.<\/p>\n\n\n\n<p>J.L. Guisado, F. Jim\u00e9nez-Morales, F. Fern\u00e1ndez de Vega, \u201cCellular automata and cluster computing: An application to the simulation of laser dynamics\u201d. Advances in Complex Systems, Vol.: 10, N\u00fam.: 1, P\u00e1gs.: 167-190, (2007). DOI<\/p>\n","protected":false},"excerpt":{"rendered":"<p>Documentation and Source Code Link to the source code of the SANEVEC project. Link to documentation of the SANEVEC project Publications generated in the SANEVEC Project H. Molina-Abril, M.J. Mor\u00f3n-Fern\u00e1ndez, M. Benito-Marim\u00f3n, F. D\u00edaz-del-R\u00edo, P. Real, \u201cTopological scale framework for hypergraphs\u201d. Applied Mathematics and Computation. Vol. 485, 2025. [DOI, PRISMA] E. Cerezuela-Escudero, J.M, Montes-Sanchez, J.P, [&hellip;]<\/p>\n","protected":false},"author":1,"featured_media":0,"parent":0,"menu_order":4,"comment_status":"closed","ping_status":"closed","template":"","meta":{"site-sidebar-layout":"default","site-content-layout":"","ast-site-content-layout":"default","site-content-style":"default","site-sidebar-style":"default","ast-global-header-display":"","ast-banner-title-visibility":"","ast-main-header-display":"","ast-hfb-above-header-display":"","ast-hfb-below-header-display":"","ast-hfb-mobile-header-display":"","site-post-title":"","ast-breadcrumbs-content":"","ast-featured-img":"","footer-sml-layout":"","theme-transparent-header-meta":"","adv-header-id-meta":"","stick-header-meta":"","header-above-stick-meta":"","header-main-stick-meta":"","header-below-stick-meta":"","astra-migrate-meta-layouts":"set","ast-page-background-enabled":"default","ast-page-background-meta":{"desktop":{"background-color":"","background-image":"","background-repeat":"repeat","background-position":"center center","background-size":"auto","background-attachment":"scroll","background-type":"","background-media":"","overlay-type":"","overlay-color":"","overlay-opacity":"","overlay-gradient":""},"tablet":{"background-color":"","background-image":"","background-repeat":"repeat","background-position":"center center","background-size":"auto","background-attachment":"scroll","background-type":"","background-media":"","overlay-type":"","overlay-color":"","overlay-opacity":"","overlay-gradient":""},"mobile":{"background-color":"","background-image":"","background-repeat":"repeat","background-position":"center center","background-size":"auto","background-attachment":"scroll","background-type":"","background-media":"","overlay-type":"","overlay-color":"","overlay-opacity":"","overlay-gradient":""}},"ast-content-background-meta":{"desktop":{"background-color":"var(--ast-global-color-5)","background-image":"","background-repeat":"repeat","background-position":"center center","background-size":"auto","background-attachment":"scroll","background-type":"","background-media":"","overlay-type":"","overlay-color":"","overlay-opacity":"","overlay-gradient":""},"tablet":{"background-color":"var(--ast-global-color-5)","background-image":"","background-repeat":"repeat","background-position":"center center","background-size":"auto","background-attachment":"scroll","background-type":"","background-media":"","overlay-type":"","overlay-color":"","overlay-opacity":"","overlay-gradient":""},"mobile":{"background-color":"var(--ast-global-color-5)","background-image":"","background-repeat":"repeat","background-position":"center center","background-size":"auto","background-attachment":"scroll","background-type":"","background-media":"","overlay-type":"","overlay-color":"","overlay-opacity":"","overlay-gradient":""}}},"_links":{"self":[{"href":"https:\/\/grupo.us.es\/sanevec\/wp-json\/wp\/v2\/pages\/277"}],"collection":[{"href":"https:\/\/grupo.us.es\/sanevec\/wp-json\/wp\/v2\/pages"}],"about":[{"href":"https:\/\/grupo.us.es\/sanevec\/wp-json\/wp\/v2\/types\/page"}],"author":[{"embeddable":true,"href":"https:\/\/grupo.us.es\/sanevec\/wp-json\/wp\/v2\/users\/1"}],"replies":[{"embeddable":true,"href":"https:\/\/grupo.us.es\/sanevec\/wp-json\/wp\/v2\/comments?post=277"}],"version-history":[{"count":3,"href":"https:\/\/grupo.us.es\/sanevec\/wp-json\/wp\/v2\/pages\/277\/revisions"}],"predecessor-version":[{"id":595,"href":"https:\/\/grupo.us.es\/sanevec\/wp-json\/wp\/v2\/pages\/277\/revisions\/595"}],"wp:attachment":[{"href":"https:\/\/grupo.us.es\/sanevec\/wp-json\/wp\/v2\/media?parent=277"}],"curies":[{"name":"wp","href":"https:\/\/api.w.org\/{rel}","templated":true}]}}