{"id":2,"date":"2023-01-15T23:03:48","date_gmt":"2023-01-15T22:03:48","guid":{"rendered":"https:\/\/grupo.us.es\/sanevec\/?page_id=2"},"modified":"2024-06-17T19:12:47","modified_gmt":"2024-06-17T17:12:47","slug":"personal","status":"publish","type":"page","link":"https:\/\/grupo.us.es\/sanevec\/personal\/","title":{"rendered":"Equipo"},"content":{"rendered":"\n<h4>INVESTIGADORES PRINCIPALES:<\/h4>\n\n\n\n<div class=\"is-layout-flex wp-container-2 wp-block-columns\">\n<div class=\"is-layout-flow wp-block-column\" style=\"flex-basis:100%\">\n<p><a href=\"https:\/\/personal.us.es\/jlguisado\/\" data-type=\"URL\" data-id=\"https:\/\/personal.us.es\/jlguisado\/\" target=\"_blank\" rel=\"noreferrer noopener\">Jos\u00e9 Luis Guisado Lizar<\/a> (Departamento de Arquitectura y Tecnolog\u00eda de Computadores, Universidad de Sevilla)<\/p>\n<\/div>\n<\/div>\n\n\n\n<div class=\"is-layout-flex wp-container-4 wp-block-columns\">\n<div class=\"is-layout-flow wp-block-column\" style=\"flex-basis:100%\">\n<p><a href=\"https:\/\/investigacion.us.es\/sisius\/sis_showpub.php?idpers=4060\" target=\"_blank\" rel=\"noreferrer noopener\">Gabriel Jim\u00e9nez Moreno<\/a> (Departamento de Arquitectura y Tecnolog\u00eda de Computadores, Universidad de Sevilla)<\/p>\n\n\n\n<p><\/p>\n<\/div>\n<\/div>\n\n\n\n<h4>EQUIPO DE INVESTIGACI\u00d3N:<\/h4>\n\n\n\n<div class=\"is-layout-flex wp-container-6 wp-block-columns\">\n<div class=\"is-layout-flow wp-block-column\" style=\"flex-basis:100%\">\n<p><a href=\"https:\/\/investigacion.us.es\/sisius\/sis_showpub.php?idpers=2960\" target=\"_blank\" rel=\"noreferrer noopener\">Jos\u00e9 Luis Sevillano Ramos<\/a> (Departamento de Arquitectura y Tecnolog\u00eda de Computadores, Universidad de Sevilla)<\/p>\n<\/div>\n<\/div>\n\n\n\n<div class=\"is-layout-flex wp-container-8 wp-block-columns\">\n<div class=\"is-layout-flow wp-block-column\" style=\"flex-basis:100%\">\n<p><a href=\"https:\/\/personal.us.es\/dcagigas\/\" target=\"_blank\" rel=\"noreferrer noopener\">Daniel Cagigas Mu\u00f1iz<\/a> (Departamento de Arquitectura y Tecnolog\u00eda de Computadores, Universidad de Sevilla)<\/p>\n<\/div>\n<\/div>\n\n\n\n<div class=\"is-layout-flex wp-container-10 wp-block-columns\">\n<div class=\"is-layout-flow wp-block-column\" style=\"flex-basis:100%\">\n<p><a href=\"https:\/\/investigacion.us.es\/sisius\/sis_showpub.php?idpers=19298\" target=\"_blank\" rel=\"noreferrer noopener\">Mar\u00eda Jos\u00e9 Mor\u00f3n Fern\u00e1ndez<\/a> (Departamento de Arquitectura y Tecnolog\u00eda de Computadores, Universidad de Sevilla)<\/p>\n<\/div>\n<\/div>\n\n\n\n<div class=\"is-layout-flex wp-container-12 wp-block-columns\">\n<div class=\"is-layout-flow wp-block-column\" style=\"flex-basis:100%\">\n<p><a href=\"https:\/\/investigacion.us.es\/sisius\/sis_showpub.php?idpers=4064\" target=\"_blank\" rel=\"noreferrer noopener\">Daniel Cascado Caballero<\/a> (Departamento de Arquitectura y Tecnolog\u00eda de Computadores, Universidad de Sevilla)<\/p>\n<\/div>\n<\/div>\n\n\n\n<div class=\"is-layout-flex wp-container-14 wp-block-columns\">\n<div class=\"is-layout-flow wp-block-column\" style=\"flex-basis:100%\">\n<p><a href=\"https:\/\/investigacion.us.es\/sisius\/sis_showpub.php?idpers=4061\" target=\"_blank\" rel=\"noreferrer noopener\">Fernando D\u00edaz del R\u00edo<\/a> (Departamento de Arquitectura y Tecnolog\u00eda de Computadores, Universidad de Sevilla)<\/p>\n<\/div>\n<\/div>\n\n\n\n<div class=\"is-layout-flex wp-container-16 wp-block-columns\">\n<div class=\"is-layout-flow wp-block-column\" style=\"flex-basis:100%\">\n<p><a href=\"https:\/\/investigacion.us.es\/sisius\/sis_showpub.php?idpers=917\" target=\"_blank\" rel=\"noreferrer noopener\">Francisco de Paula Jim\u00e9nez Morales<\/a> (Departamento de F\u00edsica de la Materia Condensada, Universidad de Sevilla)<\/p>\n<\/div>\n<\/div>\n\n\n\n<div class=\"is-layout-flex wp-container-18 wp-block-columns\">\n<div class=\"is-layout-flow wp-block-column\" style=\"flex-basis:100%\">\n<p><a href=\"https:\/\/www.researchgate.net\/profile\/Miguel-Cardenas-Montes\" target=\"_blank\" rel=\"noreferrer noopener\">Miguel C\u00e1rdenas Montes<\/a> (Centro de Investigaciones Energ\u00e9ticas, Medioambientales y Tecnol\u00f3gicas CIEMAT, Madrid)<\/p>\n\n\n\n<p><\/p>\n<\/div>\n<\/div>\n\n\n\n<h4>EQUIPO DE TRABAJO:<\/h4>\n\n\n\n<div class=\"is-layout-flex wp-container-20 wp-block-columns\">\n<div class=\"is-layout-flow wp-block-column\" style=\"flex-basis:100%\">\n<p><a href=\"http:\/\/www.sce.carleton.ca\/faculty\/wainer\/doku.php\" target=\"_blank\" rel=\"noreferrer noopener\">Gabriel Wainer<\/a> (Advanced Real-Time Simulation Laboratory, Department of Systems and Computer Engineering, Carleton University, Canada)<\/p>\n<\/div>\n<\/div>\n\n\n\n<div class=\"is-layout-flex wp-container-22 wp-block-columns\">\n<div class=\"is-layout-flow wp-block-column\" style=\"flex-basis:100%\">\n<p>J<a href=\"https:\/\/www.researchgate.net\/profile\/Jesus-Rodriguez-Leal\" target=\"_blank\" rel=\"noreferrer noopener\">es\u00fas Mar\u00eda Rodr\u00edguez Leal<\/a> (Departamento de Arquitectura y Tecnolog\u00eda de Computadores, Universidad de Sevilla)<\/p>\n<\/div>\n<\/div>\n\n\n\n<div class=\"is-layout-flex wp-container-24 wp-block-columns\">\n<div class=\"is-layout-flow wp-block-column\" style=\"flex-basis:100%\">\n<p><a href=\"https:\/\/prisma.us.es\/investigador\/8926\">David Ragel D\u00edaz-Jara<\/a> (Departamento de Arquitectura y Tecnolog\u00eda de Computadores, Universidad de Sevilla)<\/p>\n<\/div>\n<\/div>\n\n\n\n<div class=\"is-layout-flex wp-container-26 wp-block-columns\">\n<div class=\"is-layout-flow wp-block-column\" style=\"flex-basis:100%\">\n<p><a href=\"https:\/\/investigacion.us.es\/sisius\/sis_showpub.php?idpers=18159\" target=\"_blank\" rel=\"noreferrer noopener\">Elena Cerezuela Escudero<\/a> (Departamento de Arquitectura y Tecnolog\u00eda de Computadores, Universidad de Sevilla)<\/p>\n<\/div>\n<\/div>\n\n\n\n<div class=\"is-layout-flex wp-container-28 wp-block-columns\">\n<div class=\"is-layout-flow wp-block-column\" style=\"flex-basis:100%\">\n<p><a href=\"https:\/\/investigacion.us.es\/sisius\/sis_showpub.php?idpers=31049\" target=\"_blank\" rel=\"noreferrer noopener\">Juan Manuel Montes S\u00e1nchez<\/a> (Departamento de Arquitectura y Tecnolog\u00eda de Computadores, Universidad de Sevilla)<\/p>\n<\/div>\n<\/div>\n\n\n\n<div class=\"is-layout-flex wp-container-30 wp-block-columns\">\n<div class=\"is-layout-flow wp-block-column\" style=\"flex-basis:100%\">\n<p><a href=\"https:\/\/www.researchgate.net\/profile\/Daniel-Casanueva-Morato\" target=\"_blank\" rel=\"noreferrer noopener\">Daniel Casanueva Morato<\/a> (Departamento de Arquitectura y Tecnolog\u00eda de Computadores, Universidad de Sevilla)<\/p>\n<\/div>\n<\/div>\n\n\n\n<div class=\"is-layout-flex wp-container-32 wp-block-columns\">\n<div class=\"is-layout-flow wp-block-column\" style=\"flex-basis:100%\">\n<p><a href=\"https:\/\/www.researchgate.net\/profile\/Alvaro-Ayuso-Martinez\" target=\"_blank\" rel=\"noreferrer noopener\">\u00c1lvaro Ayuso Mart\u00ednez<\/a> (Departamento de Arquitectura y Tecnolog\u00eda de Computadores, Universidad de Sevilla)<\/p>\n<\/div>\n<\/div>\n\n\n\n<div class=\"is-layout-flex wp-container-34 wp-block-columns\">\n<div class=\"is-layout-flow wp-block-column\" style=\"flex-basis:100%\">\n<p><a href=\"https:\/\/orcid.org\/0009-0005-4179-7452\" target=\"_blank\" rel=\"noreferrer noopener\">Antonio Navas Orozco<\/a> (Departamento de Arquitectura y Tecnolog\u00eda de Computadores, Universidad de Sevilla)<\/p>\n<\/div>\n<\/div>\n\n\n\n<div class=\"is-layout-flex wp-container-36 wp-block-columns\">\n<div class=\"is-layout-flow wp-block-column\" style=\"flex-basis:100%\">\n<p><a href=\"https:\/\/orcid.org\/0009-0008-9970-7167\" target=\"_blank\" rel=\"noreferrer noopener\">Jos\u00e9 Morera Figueroa<\/a> (Departamento de Arquitectura y Tecnolog\u00eda de Computadores, Universidad de Sevilla)<\/p>\n<\/div>\n<\/div>\n","protected":false},"excerpt":{"rendered":"<p>INVESTIGADORES PRINCIPALES: Jos\u00e9 Luis Guisado Lizar (Departamento de Arquitectura y Tecnolog\u00eda de Computadores, Universidad de Sevilla) Gabriel Jim\u00e9nez Moreno (Departamento de Arquitectura y Tecnolog\u00eda de Computadores, Universidad de Sevilla) EQUIPO DE INVESTIGACI\u00d3N: Jos\u00e9 Luis Sevillano Ramos (Departamento de Arquitectura y Tecnolog\u00eda de Computadores, Universidad de Sevilla) Daniel Cagigas Mu\u00f1iz (Departamento de Arquitectura y Tecnolog\u00eda de [&hellip;]<\/p>\n","protected":false},"author":1,"featured_media":0,"parent":0,"menu_order":5,"comment_status":"closed","ping_status":"closed","template":"","meta":{"site-sidebar-layout":"default","site-content-layout":"","ast-site-content-layout":"default","site-content-style":"default","site-sidebar-style":"default","ast-global-header-display":"","ast-banner-title-visibility":"","ast-main-header-display":"","ast-hfb-above-header-display":"","ast-hfb-below-header-display":"","ast-hfb-mobile-header-display":"","site-post-title":"","ast-breadcrumbs-content":"","ast-featured-img":"","footer-sml-layout":"","theme-transparent-header-meta":"","adv-header-id-meta":"","stick-header-meta":"","header-above-stick-meta":"","header-main-stick-meta":"","header-below-stick-meta":"","astra-migrate-meta-layouts":"set","ast-page-background-enabled":"default","ast-page-background-meta":{"desktop":{"background-color":"","background-image":"","background-repeat":"repeat","background-position":"center center","background-size":"auto","background-attachment":"scroll","background-type":"","background-media":"","overlay-type":"","overlay-color":"","overlay-opacity":"","overlay-gradient":""},"tablet":{"background-color":"","background-image":"","background-repeat":"repeat","background-position":"center center","background-size":"auto","background-attachment":"scroll","background-type":"","background-media":"","overlay-type":"","overlay-color":"","overlay-opacity":"","overlay-gradient":""},"mobile":{"background-color":"","background-image":"","background-repeat":"repeat","background-position":"center center","background-size":"auto","background-attachment":"scroll","background-type":"","background-media":"","overlay-type":"","overlay-color":"","overlay-opacity":"","overlay-gradient":""}},"ast-content-background-meta":{"desktop":{"background-color":"var(--ast-global-color-5)","background-image":"","background-repeat":"repeat","background-position":"center center","background-size":"auto","background-attachment":"scroll","background-type":"","background-media":"","overlay-type":"","overlay-color":"","overlay-opacity":"","overlay-gradient":""},"tablet":{"background-color":"var(--ast-global-color-5)","background-image":"","background-repeat":"repeat","background-position":"center center","background-size":"auto","background-attachment":"scroll","background-type":"","background-media":"","overlay-type":"","overlay-color":"","overlay-opacity":"","overlay-gradient":""},"mobile":{"background-color":"var(--ast-global-color-5)","background-image":"","background-repeat":"repeat","background-position":"center center","background-size":"auto","background-attachment":"scroll","background-type":"","background-media":"","overlay-type":"","overlay-color":"","overlay-opacity":"","overlay-gradient":""}}},"_links":{"self":[{"href":"https:\/\/grupo.us.es\/sanevec\/wp-json\/wp\/v2\/pages\/2"}],"collection":[{"href":"https:\/\/grupo.us.es\/sanevec\/wp-json\/wp\/v2\/pages"}],"about":[{"href":"https:\/\/grupo.us.es\/sanevec\/wp-json\/wp\/v2\/types\/page"}],"author":[{"embeddable":true,"href":"https:\/\/grupo.us.es\/sanevec\/wp-json\/wp\/v2\/users\/1"}],"replies":[{"embeddable":true,"href":"https:\/\/grupo.us.es\/sanevec\/wp-json\/wp\/v2\/comments?post=2"}],"version-history":[{"count":24,"href":"https:\/\/grupo.us.es\/sanevec\/wp-json\/wp\/v2\/pages\/2\/revisions"}],"predecessor-version":[{"id":571,"href":"https:\/\/grupo.us.es\/sanevec\/wp-json\/wp\/v2\/pages\/2\/revisions\/571"}],"wp:attachment":[{"href":"https:\/\/grupo.us.es\/sanevec\/wp-json\/wp\/v2\/media?parent=2"}],"curies":[{"name":"wp","href":"https:\/\/api.w.org\/{rel}","templated":true}]}}