{"id":195,"date":"2023-02-28T20:38:53","date_gmt":"2023-02-28T19:38:53","guid":{"rendered":"https:\/\/grupo.us.es\/sanevec\/?page_id=195"},"modified":"2025-11-03T19:10:36","modified_gmt":"2025-11-03T18:10:36","slug":"resultados","status":"publish","type":"page","link":"https:\/\/grupo.us.es\/sanevec\/resultados\/","title":{"rendered":"Resultados"},"content":{"rendered":"\n<h4>Documentaci\u00f3n y c\u00f3digo fuente<\/h4>\n\n\n\n<div class=\"is-layout-flex wp-container-2 wp-block-columns\">\n<div class=\"is-layout-flow wp-block-column\">\n<p><a href=\"https:\/\/github.com\/sanevec\/\">Enlace<\/a> al c\u00f3digo fuente del proyecto SANEVEC.<\/p>\n\n\n\n<p><a href=\"https:\/\/sanevec.github.io\/Sanevec-docs\/utils\/documentation_workflow\/\">Enlace <\/a>a la documentaci\u00f3n del proyecto SANEVEC<\/p>\n<\/div>\n<\/div>\n\n\n\n<h4>Publicaciones generadas en el Proyecto SANEVEC<\/h4>\n\n\n\n<div class=\"is-layout-flex wp-container-4 wp-block-columns\">\n<div class=\"is-layout-flow wp-block-column\">\n<p>H. Molina-Abril, M.J. Mor\u00f3n-Fern\u00e1ndez, M. Benito-Marim\u00f3n, F. D\u00edaz-del-R\u00edo, P. Real, \u201c<strong>Topological scale framework for hypergraphs<\/strong>\u201d. Applied Mathematics and Computation. Vol. 485, 2025. [<a href=\"https:\/\/doi.org\/10.1016\/j.amc.2024.128989\">DOI<\/a>, <a href=\"https:\/\/prisma.us.es\/publicacion\/249693\">PRISMA<\/a>]<\/p>\n\n\n\n<p>E. Cerezuela-Escudero, J.M, Montes-Sanchez, J.P, Dominguez-Morales,&nbsp;\u201c<strong>A systematic comparison of different machine learning models for the spatial estimation of air pollution<\/strong>\u201d.&nbsp;<em>Appl Intell<\/em>&nbsp;53, 29604\u201329619 (2023).&nbsp;[<a href=\"https:\/\/doi.org\/10.1007\/s10489-023-05109-y\">DOI<\/a>, <a href=\"https:\/\/prisma.us.es\/publicacion\/233426\">PRISMA<\/a>]<\/p>\n\n\n\n<p>J.L. Guisado-Lizar, G. Jimenez-Moreno, F. D\u00edaz-del-Rio, J.L. Sevillano-Ramos, D. Cagigas-Mu\u00f1iz, M.J. Mor\u00f3n-Fern\u00e1ndez, D. Cascado-Caballero, F. Jim\u00e9nez-Morales, M. C\u00e1rdenas-Montes, G. A. Wainer, D. Ragel-D\u00edaz-Jara, J. Rodr\u00edguez-Leal, E. Cerezuela-Escudero, J. M. Montes-S\u00e1nchez, D. Casanueva-Morato, A. Ayuso-Mart\u00ednez, \u201c<strong>Designing ev charging stations deployment through holistic simulations: the sanevec project<\/strong>\u201d. IET Conference Proceedings (2732-4494), Vol. 2023,  num. 24, 2023. [<a href=\"https:\/\/doi.org\/10.1049\/icp.2023.3140\">DOI<\/a>, <a href=\"https:\/\/prisma.us.es\/publicacion\/242460\">PRISMA<\/a>]<\/p>\n\n\n\n<p>D. Casanueva-Morato, A. Ayuso-Martinez, J.P. Dominguez-Morales, A. Jimenez-Fernandez, G. Jimenez-Moreno, \u201c<strong>Bio-inspired computational memory model of the Hippocampus: An approach to a neuromorphic spike-based Content-Addressable Memory<\/strong>\u201d. Neural Networks, Volume 178, 2024, [<a href=\"https:\/\/doi.org\/10.1016\/j.neunet.2024.106474\">DOI<\/a>, <a href=\"https:\/\/prisma.us.es\/publicacion\/247628\">PRISMA<\/a>]<\/p>\n\n\n\n<p>D. Cascado-Caballero, F. Diaz-del-Rio, D. Cagigas-Mu\u00f1iz, D. Orellana-Mart\u00edn, I. P\u00e9rez-Hurtado, \u201c<strong>A new approach for software-simulation of membrane systems using a multi-thread programming model<\/strong>\u201d. Simulation Modelling Practice and Theory, Volume 136, 2024. [<a href=\"https:\/\/doi.org\/10.1016\/j.simpat.2024.103007\">DOI<\/a>, <a href=\"https:\/\/prisma.us.es\/publicacion\/249584\">PRISMA<\/a>]<\/p>\n\n\n\n<p>F. D\u00edas-del-R\u00edo, D. Ragel-D\u00edaz-Jara, M.J. Mor\u00f3n-Fern\u00e1ndez, D.Cagigas-Mu\u00f1iz, D. Cascado-Caballero, J.L. Guisado-Lizar, A. Riscos-N\u00fa\u00f1ez, G. Wainer, \u201c<strong>Comparing the&nbsp;Efficiency of&nbsp;Traffic Simulations Using Cellular Automata<\/strong>\u201d. Simulation Tools and Techniques, Vol. 519, Pages: 182-194, 2024, Springer Nature Switzerland. [<a href=\"https:\/\/doi.org\/10.1007\/978-3-031-57523-5_14\">DOI<\/a>, <a href=\"https:\/\/prisma.us.es\/publicacion\/246022\">PRISMA<\/a>]<\/p>\n\n\n\n<p>D. Ragel-D\u00edaz-Jara, J.L. Guisado-Lizar, F. D\u00edaz-del-R\u00edo, M.J. Mor\u00f3n-Fern\u00e1ndez, D. Cagigas-M\u00fa\u00f1iz, D. Cascado-Caballero, G. Jim\u00e9nez-Moreno, E. Cerezuela-Escudero, A. Riscos-N\u00fa\u00f1ez, G. Wainer, \u201c<strong>Integrating Efficient Routes with Station Monitoring for Electric Vehicles in Urban Enviroments: Simulation and Analysis<\/strong>\u201d. Simulation Tools and Techniques, Vol. 519, Pages: 166-181, 2024, Springer Nature Switzerland. [<a href=\"https:\/\/doi.org\/10.1007\/978-3-031-57523-5_13\">DOI<\/a>, <a href=\"https:\/\/prisma.us.es\/publicacion\/246025\">PRISMA<\/a>]<\/p>\n<\/div>\n<\/div>\n\n\n\n<h4>Publicaciones previas<\/h4>\n\n\n\n<div class=\"is-layout-flex wp-container-6 wp-block-columns\">\n<div class=\"is-layout-flow wp-block-column\" style=\"flex-basis:100%\">\n<p>A. Garc\u00eda-Su\u00e1rez, J.L. Guisado-Lizar, F. Diaz-del-Rio, F. Jim\u00e9nez-Morales. \u201c<strong>A Cellular Automata Agent-Based Hybrid Simulation Tool to Analyze the Deployment of Electric Vehicle Charging Stations<\/strong>\u201d. Sustainability, Vol. 13, Issue 10, Article Id. 5421, 2021. <a href=\"https:\/\/doi.org\/10.3390\/su13105421\" data-type=\"URL\" data-id=\"https:\/\/doi.org\/10.3390\/su13105421\" target=\"_blank\" rel=\"noreferrer noopener\">DOI<\/a><\/p>\n<\/div>\n<\/div>\n\n\n\n<div class=\"is-layout-flex wp-container-8 wp-block-columns\">\n<div class=\"is-layout-flow wp-block-column\" style=\"flex-basis:100%\">\n<p><strong>Optimizaci\u00f3n del despliegue de una red de cargadores el\u00e9ctricos mediante simulaci\u00f3n computacional<\/strong>. Amaro Garcia-Suarez, Jos\u00e9-Luis Guisado-Lizar, Fernando Diaz-del-Rio, Francisco Jim\u00e9nez-Morales. In book: La investigaci\u00f3n de hoy, el futuro de ma\u00f1ana. Pages: 177-180. ISBN: 978-84-121459-2-2. 3Ciencias, 2020. <a rel=\"noreferrer noopener\" href=\"https:\/\/hdl.handle.net\/11441\/128976\" data-type=\"URL\" data-id=\"https:\/\/hdl.handle.net\/11441\/128976\" target=\"_blank\">DOI<\/a><\/p>\n<\/div>\n<\/div>\n\n\n\n<p><\/p>\n\n\n\n<h4>Trabajos Fin de M\u00e1ster y Trabajos Fin de Grado<\/h4>\n\n\n\n<div class=\"is-layout-flex wp-container-10 wp-block-columns\">\n<div class=\"is-layout-flow wp-block-column\" style=\"flex-basis:100%\">\n<p>Trabajo Fin de Grado: \u00ab<strong>SIMTRAVEL: Simulador de tr\u00e1fico urbano para la optimizaci\u00f3n de una red de estaciones de recarga de veh\u00edculos el\u00e9c<\/strong>tricos\u00bb. Autor: Amaro Garc\u00eda Su\u00e1rez. Directores: Jos\u00e9 Luis Guisado Lizar y Fernando D\u00edaz del R\u00edo. Grado en Ingenier\u00eda Inform\u00e1tica-Tecnolog\u00edas Inform\u00e1ticas. Universidad de Sevilla, 2020.<\/p>\n<\/div>\n<\/div>\n\n\n\n<div class=\"is-layout-flex wp-container-12 wp-block-columns\">\n<div class=\"is-layout-flow wp-block-column\" style=\"flex-basis:100%\">\n<p>Trabajo Fin de M\u00e1ster: <strong>Dise\u00f1o, modelado y simulaci\u00f3n en OpenDSS de una red de estaciones de recarga de veh\u00edculos el\u00e9ctricos<\/strong>. Autor: Adri\u00e1n Gonz\u00e1lez Jim\u00e9nez. Directores: Jos\u00e9 Luis Guisado Lizar y Fernando D\u00edaz del R\u00edo. M\u00e1ster Universitario Oficial en Sistemas Inteligentes en Energ\u00eda y Transporte (Especialidad Smart Cities). Universidad de Sevilla, 2022.<\/p>\n<\/div>\n<\/div>\n\n\n\n<div class=\"is-layout-flex wp-container-14 wp-block-columns\">\n<div class=\"is-layout-flow wp-block-column\" style=\"flex-basis:100%\">\n<p>Trabajo Fin de M\u00e1ster: <strong>Simulador de tr\u00e1fico urbano aplicado al estudio del despliegue de carriles de recarga de veh\u00edculos el\u00e9ctricos<\/strong>. Autor: Alfonso Rodr\u00edguez Pascual. Directores: Jos\u00e9 Luis Guisado Lizar y Fernando D\u00edaz del R\u00edo. M\u00e1ster Universitario Oficial en Sistemas Inteligentes en Energ\u00eda y Transporte (Especialidad Smart Cities). Universidad de Sevilla, 2022.<\/p>\n<\/div>\n<\/div>\n\n\n\n<p><\/p>\n\n\n\n<h4>Publicaciones relacionadas con el proyecto<\/h4>\n\n\n\n<div class=\"is-layout-flex wp-container-16 wp-block-columns\">\n<div class=\"is-layout-flow wp-block-column\" style=\"flex-basis:100%\">\n<p>Daniel Cagigas-Mu\u00f1iz, Fernando Diaz-del-Rio, Jose Luis Sevillano-Ramos, Jose-Luis Guisado-Lizar. Efficient simulation execution of cellular automata on GPU. Simulation Modelling Practice And Theory, 118, 2022. <a rel=\"noreferrer noopener\" href=\"https:\/\/doi.org\/10.1016\/j.simpat.2022.102519\" target=\"_blank\">DOI<\/a><\/p>\n<\/div>\n<\/div>\n\n\n\n<div class=\"is-layout-flex wp-container-18 wp-block-columns\">\n<div class=\"is-layout-flow wp-block-column\" style=\"flex-basis:100%\">\n<p> Fernando Diaz-del-Rio, Daniel Cagigas-Mu\u00f1iz, Jose-Luis Guisado-Lizar and Jose Luis Sevillano-Ramos. Efficient parallel implementation of cellular automata and stencil computations in current processors. Advances in computing, informatics, networking and cybersecurity: a book honoring professor Mohammad S. Obaidat\u2019s significant scientific contributions. Lecture Notes in Networks and Systems, 289, 93-120. Springer, 2022. <a href=\"https:\/\/doi.org\/10.1007\/978-3-030-87049-2_4\">DOI<\/a><\/p>\n<\/div>\n<\/div>\n\n\n\n<div class=\"is-layout-flex wp-container-20 wp-block-columns\">\n<div class=\"is-layout-flow wp-block-column\" style=\"flex-basis:100%\">\n<p>Francisco Jim\u00e9nez-Morales , Jos\u00e9-Luis Guisado-Lizar, Jos\u00e9 Manuel Guerra. A Cellular Automaton Model of a Laser with Saturable Absorber Reproducing Laser Passive Q-switching. International Conference on Cellular Automata for Research and Industry, ACRI 2022. Lecture Notes in Computer Science, 13402, 163-172. Springer, 2022. <a href=\"https:\/\/doi.org\/10.1007\/978-3-031-14926-9_15\">DOI<\/a><\/p>\n<\/div>\n<\/div>\n\n\n\n<div class=\"is-layout-flex wp-container-22 wp-block-columns\">\n<div class=\"is-layout-flow wp-block-column\" style=\"flex-basis:100%\">\n<p>Pablo S\u00e1nchez Cuevas, Fernando D\u00edaz del R\u00edo, Daniel Cagigas Mu\u00f1iz, Jos\u00e9 Luis Guisado Lizar, Mar\u00eda Jos\u00e9 Mor\u00f3n Fern\u00e1ndez, Pedro Real Jurado. Versatilidad y eficiencia de los aut\u00f3matas celulares para la simulaci\u00f3n y an\u00e1lisis de sistemas complejos en Ingenier\u00eda. In book: Sinerg\u00edas en la investigaci\u00f3n en STEM. Pages: 75-79. ISBN: 978-84-123872-6-1. 3Ciencias, Alcoy (Alicante), 2022. <a href=\"https:\/\/idus.us.es\/handle\/11441\/132939\">DOI<\/a><\/p>\n<\/div>\n<\/div>\n\n\n\n<div class=\"is-layout-flex wp-container-24 wp-block-columns\">\n<div class=\"is-layout-flow wp-block-column\" style=\"flex-basis:100%\">\n<p>D. Cascado-Caballero, F. Diaz-del-Rio, D. Cagigas-Mu\u00f1iz, A. Rios-Navarro, J.L. Guisado-Lizar, I. P\u00e9rez-Hurtado, A. Riscos-N\u00fa\u00f1ez, MAREX: A general purpose hardware architecture for membrane computing, Information Sciences, Volume 584, 360-386, 2022. <a href=\"https:\/\/doi.org\/10.1016\/j.ins.2021.10.064\">DOI<\/a><\/p>\n<\/div>\n<\/div>\n\n\n\n<div class=\"is-layout-flex wp-container-26 wp-block-columns\">\n<div class=\"is-layout-flow wp-block-column\" style=\"flex-basis:100%\">\n<p>Miguel C\u00e1rdenas-Montes. Detection of anomalous episodes in urban Ozone maps. Expert Systems.; 38:e12636, (2021). <a href=\"https:\/\/doi.org\/10.1111\/exsy.12636\">DOI<\/a><\/p>\n<\/div>\n<\/div>\n\n\n\n<div class=\"is-layout-flex wp-container-28 wp-block-columns\">\n<div class=\"is-layout-flow wp-block-column\" style=\"flex-basis:100%\">\n<p>J V\u00e1zquez-Escobar, JM Hern\u00e1ndez, M C\u00e1rdenas-Montes. Estimation of Machine Learning model uncertainty in particle physics event classifiers. Computer Physics Communications 268, 108100, (2021). <a href=\"https:\/\/doi.org\/10.1016\/j.cpc.2021.108100\">DOI<\/a><\/p>\n<\/div>\n<\/div>\n\n\n\n<div class=\"is-layout-flex wp-container-30 wp-block-columns\">\n<div class=\"is-layout-flow wp-block-column\" style=\"flex-basis:100%\">\n<p>D. Cagigas-Mu\u00f1iz, F. Diaz-del-Rio, M.R. L\u00f3pez-Torres, F. Jim\u00e9nez-Morales, J.L. Guisado. Developing Efficient Discrete Simulations on Multicore and GPU Architectures. Electronics, Vol. 9, Issue 1, Art. Id. 189, 2020. <a href=\"https:\/\/doi.org\/10.3390\/electronics9010189\">DOI<\/a><\/p>\n<\/div>\n<\/div>\n\n\n\n<div class=\"is-layout-flex wp-container-32 wp-block-columns\">\n<div class=\"is-layout-flow wp-block-column\" style=\"flex-basis:100%\">\n<p>J. Kroc, F. Jim\u00e9nez-Morales, J.L. Guisado, M. Carmen-Lemos, J. Tkac. Building efficient computational cellular automata models of complex systems: background, applications, results, software and pathologies. Advances in Complex Systems, Vol. 22, Issue 5, Art. Id. 1950013, 2019. <a href=\"https:\/\/doi.org\/10.1142\/S0219525919500139\">DOI<\/a><\/p>\n<\/div>\n<\/div>\n\n\n\n<div class=\"is-layout-flex wp-container-34 wp-block-columns\">\n<div class=\"is-layout-flow wp-block-column\" style=\"flex-basis:100%\">\n<p>M C\u00e1rdenas-Montes, Forecast daily air-pollution time series with deep learning. International Conference on Hybrid Artificial Intelligence Systems. Lecture Notes in Computer Science, vol 11734. 431-443, (2019). <a href=\"https:\/\/doi.org\/10.1007\/978-3-030-29859-3_37\">DOI<\/a><\/p>\n<\/div>\n<\/div>\n\n\n\n<div class=\"is-layout-flex wp-container-36 wp-block-columns\">\n<div class=\"is-layout-flow wp-block-column\" style=\"flex-basis:100%\">\n<p>G.A. Wainer, Traffic modeling and simulation: a devs library. Proceedings of the 2019 Summer Simulation Conference, 45, 1-11. 2019. <a href=\"https:\/\/dl.acm.org\/doi\/abs\/10.5555\/3374138.3374183\">DOI<\/a><\/p>\n<\/div>\n<\/div>\n\n\n\n<div class=\"is-layout-flex wp-container-38 wp-block-columns\">\n<div class=\"is-layout-flow wp-block-column\" style=\"flex-basis:100%\">\n<p>J. P. Dominguez-Morales, A. F. Jimenez-Fernandez, M. J. Dominguez-Morales and G. Jimenez-Moreno, \u00abDeep Neural Networks for the Recognition and Classification of Heart Murmurs Using Neuromorphic Auditory Sensors\u00bb, IEEE Transactions on Biomedical Circuits and Systems, vol. 12, no. 1, pp. 24-34, (2018). <a href=\"https:\/\/doi.org\/doi:10.1109\/TBCAS.2017.2751545\">DOI<\/a><\/p>\n<\/div>\n<\/div>\n\n\n\n<div class=\"is-layout-flex wp-container-40 wp-block-columns\">\n<div class=\"is-layout-flow wp-block-column\" style=\"flex-basis:100%\">\n<p>F. Jim\u00e9nez-Morales, J.L. Guisado, J.M. Guerra. Simulating Laser Dynamics with Cellular Automata. Nonlinear Systems, Vol. 1: Mathematical Theory and Computational Methods, 405-422. Understanding Complex Systems Series, Springer, 2018. <a href=\"https:\/\/doi.org\/10.1007\/978-3-319-66766-9_14\">DOI<\/a><\/p>\n<\/div>\n<\/div>\n\n\n\n<div class=\"is-layout-flex wp-container-42 wp-block-columns\">\n<div class=\"is-layout-flow wp-block-column\" style=\"flex-basis:100%\">\n<p>Ra\u00fal Garc\u00eda-Calvo, J.L. Guisado, Fernando Diaz-del-Rio, Antonio C\u00f3rdoba, and Francisco Jim\u00e9nez-Morales. Graphics Processing Unit\u2013Enhanced Genetic Algorithms for Solving the Temporal Dynamics of Gene Regulatory Networks. Evolutionary Bioinformatics. Vol. 14, Issue Jan. 1, Pp. 1-16, 2018. <a href=\"https:\/\/doi.org\/10.1177\/1176934318767889\">DOI<\/a><\/p>\n<\/div>\n<\/div>\n\n\n\n<div class=\"is-layout-flex wp-container-44 wp-block-columns\">\n<div class=\"is-layout-flow wp-block-column\" style=\"flex-basis:100%\">\n<p>Jim\u00e9nez-Morales, F., Lemos, M.C. A cellular automaton model for the catalytic oxidation of CO including CO desorption and diffusion: Intermittent oscillations in a cellular automaton model for a surface reaction. Nonlinear Systems, Vol. 2. Understanding Complex Systems, Springer, pp. 197-220. (2018). <a href=\"https:\/\/doi.org\/10.1007\/978-3-319-72218-4_8\">DOI<\/a><\/p>\n<\/div>\n<\/div>\n\n\n\n<div class=\"is-layout-flex wp-container-46 wp-block-columns\">\n<div class=\"is-layout-flow wp-block-column\" style=\"flex-basis:100%\">\n<p>L. Mir\u00f3-Amarante, F. G\u00f3mez-Rodr\u00edguez, A. Jim\u00e9nez-Fern\u00e1ndez, G. Jim\u00e9nez-Moreno. A spiking neural network for real-time Spanish vowel phonemes recognition. Neurocomputing, 226, 249-261, (2017). <a href=\"https:\/\/doi.org\/10.1016\/j.neucom.2016.12.005\">DOI<\/a><\/p>\n<\/div>\n<\/div>\n\n\n\n<div class=\"is-layout-flex wp-container-48 wp-block-columns\">\n<div class=\"is-layout-flow wp-block-column\" style=\"flex-basis:100%\">\n<p>Francisco Rodr\u00edguez y Silva, Juan Ram\u00f3n Molina Mart\u00ednez, Miguel Angel Herrera Machuca, Jes\u00fas Rodr\u00edguez Leal. VISUAL-SEVEIF, a Tool for Integrating Fire Behavior Simulation and Economic Evaluation of the Impact of Wildfires. Proc. of the fourth international symposium on fire economics, planning, and policy: climate change and wildfires, Gen. Tech. Rep. PSW-GTR-245, (2013). <a href=\"https:\/\/www.fs.fed.us\/psw\/publications\/documents\/psw_gtr245\/psw_gtr245_163.pdf\">DOI<\/a><\/p>\n<\/div>\n<\/div>\n\n\n\n<div class=\"is-layout-flex wp-container-50 wp-block-columns\">\n<div class=\"is-layout-flow wp-block-column\" style=\"flex-basis:100%\">\n<p>F. Jim\u00e9nez-Morales, J.L. Guisado. \u201cA Genetic Algorithm to Study a P3 Non-Trivial Collective Task\u201d. 4th.International Conference on Evolutionary Computation Theory and Applications, ECTA 2012. INSTICC, Institute for Systems and Technologies of Information Control and Communication. Barcelona, Espa\u00f1a. P\u00e1gs: 250-256. (2012). <a href=\"https:\/\/doi.org\/10.5220\/0004179502500256\">DOI<\/a><\/p>\n<\/div>\n<\/div>\n\n\n\n<div class=\"is-layout-flex wp-container-52 wp-block-columns\">\n<div class=\"is-layout-flow wp-block-column\" style=\"flex-basis:100%\">\n<p>G.A. Wainer, Discrete-Event Modeling and Simulation: A Practitioner&#8217;s Approach. CRC Press, Boca Raton, FL. 2009.<\/p>\n<\/div>\n<\/div>\n\n\n\n<div class=\"is-layout-flex wp-container-54 wp-block-columns\">\n<div class=\"is-layout-flow wp-block-column\" style=\"flex-basis:100%\">\n<p>J.L. Guisado, F. Jim\u00e9nez-Morales, F. Fern\u00e1ndez de Vega, \u201cCellular automata and cluster computing: An application to the simulation of laser dynamics\u201d. Advances in Complex Systems, Vol.: 10, N\u00fam.: 1, P\u00e1gs.: 167-190, (2007). <a href=\"https:\/\/doi.org\/10.1142\/s0219525907001100\">DOI<\/a><\/p>\n<\/div>\n<\/div>\n","protected":false},"excerpt":{"rendered":"<p>Documentaci\u00f3n y c\u00f3digo fuente Enlace al c\u00f3digo fuente del proyecto SANEVEC. Enlace a la documentaci\u00f3n del proyecto SANEVEC Publicaciones generadas en el Proyecto SANEVEC H. Molina-Abril, M.J. Mor\u00f3n-Fern\u00e1ndez, M. Benito-Marim\u00f3n, F. D\u00edaz-del-R\u00edo, P. Real, \u201cTopological scale framework for hypergraphs\u201d. Applied Mathematics and Computation. Vol. 485, 2025. [DOI, PRISMA] E. Cerezuela-Escudero, J.M, Montes-Sanchez, J.P, Dominguez-Morales,&nbsp;\u201cA systematic [&hellip;]<\/p>\n","protected":false},"author":1,"featured_media":0,"parent":0,"menu_order":4,"comment_status":"closed","ping_status":"closed","template":"","meta":{"site-sidebar-layout":"default","site-content-layout":"","ast-site-content-layout":"default","site-content-style":"default","site-sidebar-style":"default","ast-global-header-display":"","ast-banner-title-visibility":"","ast-main-header-display":"","ast-hfb-above-header-display":"","ast-hfb-below-header-display":"","ast-hfb-mobile-header-display":"","site-post-title":"","ast-breadcrumbs-content":"","ast-featured-img":"","footer-sml-layout":"","theme-transparent-header-meta":"","adv-header-id-meta":"","stick-header-meta":"","header-above-stick-meta":"","header-main-stick-meta":"","header-below-stick-meta":"","astra-migrate-meta-layouts":"set","ast-page-background-enabled":"default","ast-page-background-meta":{"desktop":{"background-color":"","background-image":"","background-repeat":"repeat","background-position":"center center","background-size":"auto","background-attachment":"scroll","background-type":"","background-media":"","overlay-type":"","overlay-color":"","overlay-opacity":"","overlay-gradient":""},"tablet":{"background-color":"","background-image":"","background-repeat":"repeat","background-position":"center center","background-size":"auto","background-attachment":"scroll","background-type":"","background-media":"","overlay-type":"","overlay-color":"","overlay-opacity":"","overlay-gradient":""},"mobile":{"background-color":"","background-image":"","background-repeat":"repeat","background-position":"center center","background-size":"auto","background-attachment":"scroll","background-type":"","background-media":"","overlay-type":"","overlay-color":"","overlay-opacity":"","overlay-gradient":""}},"ast-content-background-meta":{"desktop":{"background-color":"var(--ast-global-color-5)","background-image":"","background-repeat":"repeat","background-position":"center center","background-size":"auto","background-attachment":"scroll","background-type":"","background-media":"","overlay-type":"","overlay-color":"","overlay-opacity":"","overlay-gradient":""},"tablet":{"background-color":"var(--ast-global-color-5)","background-image":"","background-repeat":"repeat","background-position":"center center","background-size":"auto","background-attachment":"scroll","background-type":"","background-media":"","overlay-type":"","overlay-color":"","overlay-opacity":"","overlay-gradient":""},"mobile":{"background-color":"var(--ast-global-color-5)","background-image":"","background-repeat":"repeat","background-position":"center center","background-size":"auto","background-attachment":"scroll","background-type":"","background-media":"","overlay-type":"","overlay-color":"","overlay-opacity":"","overlay-gradient":""}}},"_links":{"self":[{"href":"https:\/\/grupo.us.es\/sanevec\/wp-json\/wp\/v2\/pages\/195"}],"collection":[{"href":"https:\/\/grupo.us.es\/sanevec\/wp-json\/wp\/v2\/pages"}],"about":[{"href":"https:\/\/grupo.us.es\/sanevec\/wp-json\/wp\/v2\/types\/page"}],"author":[{"embeddable":true,"href":"https:\/\/grupo.us.es\/sanevec\/wp-json\/wp\/v2\/users\/1"}],"replies":[{"embeddable":true,"href":"https:\/\/grupo.us.es\/sanevec\/wp-json\/wp\/v2\/comments?post=195"}],"version-history":[{"count":13,"href":"https:\/\/grupo.us.es\/sanevec\/wp-json\/wp\/v2\/pages\/195\/revisions"}],"predecessor-version":[{"id":594,"href":"https:\/\/grupo.us.es\/sanevec\/wp-json\/wp\/v2\/pages\/195\/revisions\/594"}],"wp:attachment":[{"href":"https:\/\/grupo.us.es\/sanevec\/wp-json\/wp\/v2\/media?parent=195"}],"curies":[{"name":"wp","href":"https:\/\/api.w.org\/{rel}","templated":true}]}}