{"id":153,"date":"2023-02-27T14:39:59","date_gmt":"2023-02-27T13:39:59","guid":{"rendered":"https:\/\/grupo.us.es\/sanevec\/?page_id=153"},"modified":"2024-06-06T14:37:11","modified_gmt":"2024-06-06T12:37:11","slug":"proyecto-sanevec","status":"publish","type":"page","link":"https:\/\/grupo.us.es\/sanevec\/","title":{"rendered":"Proyecto"},"content":{"rendered":"\n<p class=\"has-text-align-center\"><strong>Un enfoque basado en simulaci\u00f3n para determinar el despliegue de una red urbana de estaciones de recarga de veh\u00edculos el\u00e9ctricos con beneficios medioambientales y sociales<\/strong><\/p>\n\n\n\n<p><br>Bienvenido al sitio del <strong>Proyecto SANEVEC<\/strong> (Un enfoque basado en simulaci\u00f3n para determinar el despliegue de una red urbana de estaciones de recarga de veh\u00edculos el\u00e9ctricos con beneficios medioambientales y sociales), TED2021-130825B-I00.<br>SANEVEC es un proyecto financiado por la Agencia Estatal de Investigaci\u00f3n, del Ministerio de Ciencia e Innovaci\u00f3n, con fondos NextGenerationEU de la Uni\u00f3n Europea, dentro de la convocatoria de Proyectos Estrat\u00e9gicos Orientados a la Transici\u00f3n Ecol\u00f3gica y a la Transici\u00f3n Digital 2021.<\/p>\n\n\n\n<p>PRESUPUESTO: 281.750 \u20ac<br>Fechas de inicio y fin: 01\/12\/2022 \u2013-&gt; 30\/11\/2024<br>ENTIDAD Y CENTRO: Universidad de Sevilla, Instituto Universitario en Ingenier\u00eda Inform\u00e1tica (I3US)<\/p>\n\n\n\n<p>Objetivos de SANEVEC:<br>Investigar, dise\u00f1ar e implementar un modelo de simulaci\u00f3n inform\u00e1tica para predecir los efectos de la disposici\u00f3n de una red urbana de estaciones de recarga de veh\u00edculos el\u00e9ctricos sobre los siguientes aspectos de una ciudad real:<\/p>\n\n\n\n<ul>\n<li>Congesti\u00f3n del tr\u00e1fico.<\/li>\n\n\n\n<li>Calidad del aire.<\/li>\n\n\n\n<li>Huella de carbono.<\/li>\n\n\n\n<li>Uso de la red el\u00e9ctrica.<\/li>\n<\/ul>\n\n\n\n<p>SANEVEC pretende construir una completa herramienta de simulaci\u00f3n, partiendo del simulador preliminar SIMTRAVEL, que ha sido implementado previamente, el cual nos permiti\u00f3 validar la idea de concepto sobre una ciudad sint\u00e9tica de prueba: <a rel=\"noreferrer noopener\" href=\"https:\/\/github.com\/amarogs\/simtravel\" target=\"_blank\">https:\/\/github.com\/amarogs\/simtravel<\/a><\/p>\n\n\n\n<p>Nuestra visi\u00f3n es crear una herramienta de an\u00e1lisis potente y flexible que se pondr\u00e1 a disposici\u00f3n de municipios, gobiernos, empresas, grupos de investigaci\u00f3n y universidades.<\/p>\n\n\n\n<p><strong><a href=\"https:\/\/grupo.us.es\/sanevec\/detalles\/\">Conocer m\u00e1s detalles del Proyecto SANEVEC.<\/a><\/strong><\/p>\n","protected":false},"excerpt":{"rendered":"<p>Un enfoque basado en simulaci\u00f3n para determinar el despliegue de una red urbana de estaciones de recarga de veh\u00edculos el\u00e9ctricos con beneficios medioambientales y sociales Bienvenido al sitio del Proyecto SANEVEC (Un enfoque basado en simulaci\u00f3n para determinar el despliegue de una red urbana de estaciones de recarga de veh\u00edculos el\u00e9ctricos con beneficios medioambientales y [&hellip;]<\/p>\n","protected":false},"author":1,"featured_media":0,"parent":0,"menu_order":1,"comment_status":"closed","ping_status":"closed","template":"","meta":{"site-sidebar-layout":"default","site-content-layout":"","ast-site-content-layout":"default","site-content-style":"default","site-sidebar-style":"default","ast-global-header-display":"","ast-banner-title-visibility":"","ast-main-header-display":"","ast-hfb-above-header-display":"","ast-hfb-below-header-display":"","ast-hfb-mobile-header-display":"","site-post-title":"disabled","ast-breadcrumbs-content":"","ast-featured-img":"","footer-sml-layout":"","theme-transparent-header-meta":"","adv-header-id-meta":"","stick-header-meta":"","header-above-stick-meta":"","header-main-stick-meta":"","header-below-stick-meta":"","astra-migrate-meta-layouts":"set","ast-page-background-enabled":"default","ast-page-background-meta":{"desktop":{"background-color":"","background-image":"","background-repeat":"repeat","background-position":"center center","background-size":"auto","background-attachment":"scroll","background-type":"","background-media":"","overlay-type":"","overlay-color":"","overlay-opacity":"","overlay-gradient":""},"tablet":{"background-color":"","background-image":"","background-repeat":"repeat","background-position":"center center","background-size":"auto","background-attachment":"scroll","background-type":"","background-media":"","overlay-type":"","overlay-color":"","overlay-opacity":"","overlay-gradient":""},"mobile":{"background-color":"","background-image":"","background-repeat":"repeat","background-position":"center center","background-size":"auto","background-attachment":"scroll","background-type":"","background-media":"","overlay-type":"","overlay-color":"","overlay-opacity":"","overlay-gradient":""}},"ast-content-background-meta":{"desktop":{"background-color":"var(--ast-global-color-5)","background-image":"","background-repeat":"repeat","background-position":"center center","background-size":"auto","background-attachment":"scroll","background-type":"","background-media":"","overlay-type":"","overlay-color":"","overlay-opacity":"","overlay-gradient":""},"tablet":{"background-color":"var(--ast-global-color-5)","background-image":"","background-repeat":"repeat","background-position":"center center","background-size":"auto","background-attachment":"scroll","background-type":"","background-media":"","overlay-type":"","overlay-color":"","overlay-opacity":"","overlay-gradient":""},"mobile":{"background-color":"var(--ast-global-color-5)","background-image":"","background-repeat":"repeat","background-position":"center center","background-size":"auto","background-attachment":"scroll","background-type":"","background-media":"","overlay-type":"","overlay-color":"","overlay-opacity":"","overlay-gradient":""}}},"_links":{"self":[{"href":"https:\/\/grupo.us.es\/sanevec\/wp-json\/wp\/v2\/pages\/153"}],"collection":[{"href":"https:\/\/grupo.us.es\/sanevec\/wp-json\/wp\/v2\/pages"}],"about":[{"href":"https:\/\/grupo.us.es\/sanevec\/wp-json\/wp\/v2\/types\/page"}],"author":[{"embeddable":true,"href":"https:\/\/grupo.us.es\/sanevec\/wp-json\/wp\/v2\/users\/1"}],"replies":[{"embeddable":true,"href":"https:\/\/grupo.us.es\/sanevec\/wp-json\/wp\/v2\/comments?post=153"}],"version-history":[{"count":27,"href":"https:\/\/grupo.us.es\/sanevec\/wp-json\/wp\/v2\/pages\/153\/revisions"}],"predecessor-version":[{"id":380,"href":"https:\/\/grupo.us.es\/sanevec\/wp-json\/wp\/v2\/pages\/153\/revisions\/380"}],"wp:attachment":[{"href":"https:\/\/grupo.us.es\/sanevec\/wp-json\/wp\/v2\/media?parent=153"}],"curies":[{"name":"wp","href":"https:\/\/api.w.org\/{rel}","templated":true}]}}