{"id":78,"date":"2024-09-20T10:15:28","date_gmt":"2024-09-20T08:15:28","guid":{"rendered":"http:\/\/grupo.us.es\/rethinking\/?page_id=78"},"modified":"2024-09-24T09:22:52","modified_gmt":"2024-09-24T07:22:52","slug":"78-2","status":"publish","type":"page","link":"http:\/\/grupo.us.es\/rethinking\/?page_id=78","title":{"rendered":"Proyecto"},"content":{"rendered":"\n<h2 class=\"wp-block-heading\">Repensando la Antig\u00fcedad romana <\/h2>\n\n\n\n<p><strong>Enfoques inclusivos y tratamientos innovadores de la poes\u00eda epigr\u00e1fica latina (RETHINKING)<\/strong><\/p>\n\n\n\n<p>Una parte de las inscripciones de la antigua Roma, aproximadamente el 2% de las que se conservan, estaban escritas en verso. Este conjunto de textos com\u00fanmente conocido como <em>Carmina Latina Epigraphica<\/em> constituye un aut\u00e9ntico tesoro en el patrimonio epigr\u00e1fico de la Antig\u00fcedad latina. Acompa\u00f1aron al Imperio Romano en su devenir desde, al menos, principios del siglo III a. C. hasta la Antig\u00fcedad tard\u00eda en una tradici\u00f3n ininterrumpida que se extiende m\u00e1s all\u00e1 de la Alta Edad Media.<\/p>\n\n\n\n<blockquote class=\"wp-block-quote is-layout-flow wp-block-quote-is-layout-flow\">\n<p>A diferencia de cualquier otra forma de poes\u00eda del mundo romano, este formato nos proporciona una evidencia monumental \u00fanica de textos que han llegado hasta nosotros en la misma forma en que fueron producidos en la antigua Roma.<\/p>\n<\/blockquote>\n\n\n\n<p>Los trabajos recientes se han centrado, sobre todo, en aspectos filol\u00f3gicos m\u00e1s comunes como las caracter\u00edsticas ling\u00fc\u00edsticas, las formas literarias y la m\u00e9trica. El proyecto RETHINKING propone un nuevo enfoque aplicable al estudio de campos menos tradicionales, como el dise\u00f1o formal y la disposici\u00f3n de estos textos sobre su soporte (en relaci\u00f3n con la efectividad del mensaje que se quiere difundir), su exposici\u00f3n y percepci\u00f3n a ojos del lector y su atractivo para el sensorial humano. Abordamos asimismo el an\u00e1lisis de cuestiones de g\u00e9nero, migraci\u00f3n de poblaci\u00f3n, interculturalidad y biling\u00fcismo, recepci\u00f3n y percepci\u00f3n de sus caracter\u00edsticas literarias en la antig\u00fcedad y su pervivencia en otras \u00e9pocas.<\/p>\n\n\n\n<p>Partiendo de una tem\u00e1tica amplia y no acotada, si bien con una l\u00ednea de investigaci\u00f3n concreta, avanzaremos en el conocimiento de esta manifestaci\u00f3n art\u00edstica de la antig\u00fcedad desde nuevos puntos de vista.<\/p>\n\n\n\n<ul class=\"wp-block-list\">\n<li>Tipo de Proyecto: Plan Estatal 2021-2023 &#8211; Ministerio de Ciencia e Innovaci\u00f3n<\/li>\n\n\n\n<li>Referencia: PID2022-141426NB-I00<\/li>\n\n\n\n<li>Fecha de Inicio: 01-09-2023<\/li>\n\n\n\n<li>Fecha de Finalizaci\u00f3n: 31-08-2026<\/li>\n\n\n\n<li>Financiaci\u00f3n: 71.500\u20ac<\/li>\n<\/ul>\n\n\n\n<p><\/p>\n\n\n\n<p><\/p>\n\n\n\n<p><\/p>\n\n\n\n<p><\/p>\n","protected":false},"excerpt":{"rendered":"<p>Repensando la Antig\u00fcedad romana Enfoques inclusivos y tratamientos innovadores de la poes\u00eda epigr\u00e1fica latina (RETHINKING) Una parte de las inscripciones de la antigua Roma, aproximadamente el 2% de las que se conservan, estaban escritas en verso. Este conjunto de textos<\/p>\n","protected":false},"author":1,"featured_media":0,"parent":0,"menu_order":0,"comment_status":"closed","ping_status":"closed","template":"","meta":{"footnotes":""},"class_list":["post-78","page","type-page","status-publish","hentry"],"_links":{"self":[{"href":"http:\/\/grupo.us.es\/rethinking\/index.php?rest_route=\/wp\/v2\/pages\/78","targetHints":{"allow":["GET"]}}],"collection":[{"href":"http:\/\/grupo.us.es\/rethinking\/index.php?rest_route=\/wp\/v2\/pages"}],"about":[{"href":"http:\/\/grupo.us.es\/rethinking\/index.php?rest_route=\/wp\/v2\/types\/page"}],"author":[{"embeddable":true,"href":"http:\/\/grupo.us.es\/rethinking\/index.php?rest_route=\/wp\/v2\/users\/1"}],"replies":[{"embeddable":true,"href":"http:\/\/grupo.us.es\/rethinking\/index.php?rest_route=%2Fwp%2Fv2%2Fcomments&post=78"}],"version-history":[{"count":12,"href":"http:\/\/grupo.us.es\/rethinking\/index.php?rest_route=\/wp\/v2\/pages\/78\/revisions"}],"predecessor-version":[{"id":505,"href":"http:\/\/grupo.us.es\/rethinking\/index.php?rest_route=\/wp\/v2\/pages\/78\/revisions\/505"}],"wp:attachment":[{"href":"http:\/\/grupo.us.es\/rethinking\/index.php?rest_route=%2Fwp%2Fv2%2Fmedia&parent=78"}],"curies":[{"name":"wp","href":"https:\/\/api.w.org\/{rel}","templated":true}]}}