{"id":397,"date":"2024-09-24T09:44:46","date_gmt":"2024-09-24T07:44:46","guid":{"rendered":"http:\/\/grupo.us.es\/rethinking\/?page_id=397"},"modified":"2024-09-24T09:47:15","modified_gmt":"2024-09-24T07:47:15","slug":"cleonline","status":"publish","type":"page","link":"http:\/\/grupo.us.es\/rethinking\/?page_id=397","title":{"rendered":"CLEOnline"},"content":{"rendered":"\n<p class=\"has-text-align-left\">CLEO es una base de datos interactiva, desarrollada en EpiDoc, cuyo objetivo es recoger la edici\u00f3n y comentario de las inscripciones latinas en verso sobre las que trabajamos en RETHINKING, din\u00e1mica y en constante crecimiento, permitiendo b\u00fasquedas sencillas y avanzadas, y convirti\u00e9ndose as\u00ed en una herramienta \u00fatil para los estudiosos.<\/p>\n\n\n\n<p>Desde este punto de partida, y plante\u00e1ndonos como prioridad el enlace de esta base de datos interactiva con otras internacionales, hemos abordado el proyecto CLEO, adaptando nuestros contenidos a los est\u00e1ndares que se est\u00e1n imponiendo a nivel mundial en la edici\u00f3n digital de textos epigr\u00e1ficos, adoptando el sistema de codificaci\u00f3n&nbsp;<em>Text Encoding Initiative<\/em>&nbsp;(TEI) con&nbsp;<em>Extensible Markup Language<\/em>&nbsp;(XML) propuesto por el proyecto internacional EPIDOC. Esto permitir\u00e1 unificar la metodolog\u00eda y el contenido con el de otras instituciones internacionales. El intercambio de informaci\u00f3n con otras bases de datos epigr\u00e1ficas que utilizan este sistema, as\u00ed como la fusi\u00f3n con alguna de ellas, si fuera oportuno, se har\u00e1 siempre sobre ediciones con el mismo formato, por lo que el traspaso de datos se efectuar\u00e1 de forma autom\u00e1tica, sin necesidad de volver a adaptar contenidos, con la consecuente p\u00e9rdida de tiempo y necesidad de recursos.<\/p>\n\n\n\n<p>A trav\u00e9s de sucesivos proyectos de investigaci\u00f3n, CLEO ha ido creciendo y su mantenimiento y ampliaci\u00f3n forman parte de los objetivos de RETHINKING.<\/p>\n\n\n\n<div class=\"wp-block-buttons is-content-justification-right is-layout-flex wp-container-core-buttons-is-layout-765c4724 wp-block-buttons-is-layout-flex\">\n<div class=\"wp-block-button\"><a class=\"wp-block-button__link wp-element-button\" href=\"https:\/\/institucional.us.es\/cleo\/?lang=es\">Ir a CLEOnline<\/a><\/div>\n<\/div>\n","protected":false},"excerpt":{"rendered":"<p>CLEO es una base de datos interactiva, desarrollada en EpiDoc, cuyo objetivo es recoger la edici\u00f3n y comentario de las inscripciones latinas en verso sobre las que trabajamos en RETHINKING, din\u00e1mica y en constante crecimiento, permitiendo b\u00fasquedas sencillas y avanzadas,<\/p>\n","protected":false},"author":1,"featured_media":396,"parent":0,"menu_order":0,"comment_status":"closed","ping_status":"closed","template":"","meta":{"footnotes":""},"class_list":["post-397","page","type-page","status-publish","has-post-thumbnail","hentry"],"_links":{"self":[{"href":"http:\/\/grupo.us.es\/rethinking\/index.php?rest_route=\/wp\/v2\/pages\/397","targetHints":{"allow":["GET"]}}],"collection":[{"href":"http:\/\/grupo.us.es\/rethinking\/index.php?rest_route=\/wp\/v2\/pages"}],"about":[{"href":"http:\/\/grupo.us.es\/rethinking\/index.php?rest_route=\/wp\/v2\/types\/page"}],"author":[{"embeddable":true,"href":"http:\/\/grupo.us.es\/rethinking\/index.php?rest_route=\/wp\/v2\/users\/1"}],"replies":[{"embeddable":true,"href":"http:\/\/grupo.us.es\/rethinking\/index.php?rest_route=%2Fwp%2Fv2%2Fcomments&post=397"}],"version-history":[{"count":3,"href":"http:\/\/grupo.us.es\/rethinking\/index.php?rest_route=\/wp\/v2\/pages\/397\/revisions"}],"predecessor-version":[{"id":402,"href":"http:\/\/grupo.us.es\/rethinking\/index.php?rest_route=\/wp\/v2\/pages\/397\/revisions\/402"}],"wp:featuredmedia":[{"embeddable":true,"href":"http:\/\/grupo.us.es\/rethinking\/index.php?rest_route=\/wp\/v2\/media\/396"}],"wp:attachment":[{"href":"http:\/\/grupo.us.es\/rethinking\/index.php?rest_route=%2Fwp%2Fv2%2Fmedia&parent=397"}],"curies":[{"name":"wp","href":"https:\/\/api.w.org\/{rel}","templated":true}]}}