{"id":392,"date":"2024-09-24T09:32:45","date_gmt":"2024-09-24T07:32:45","guid":{"rendered":"http:\/\/grupo.us.es\/rethinking\/?page_id=392"},"modified":"2024-09-24T09:36:34","modified_gmt":"2024-09-24T07:36:34","slug":"que-es-un-carmen-epigraphicum","status":"publish","type":"page","link":"http:\/\/grupo.us.es\/rethinking\/?page_id=392","title":{"rendered":"\u00bfQu\u00e9 es un Carmen Epigraphicum?"},"content":{"rendered":"\n<p>Aunque definir los l\u00edmites de su naturaleza puede ser a veces una tarea no exenta de discusi\u00f3n para los investigadores, un poema epigr\u00e1fico (un<em> carmen epigraphicum<\/em>; en lat\u00edn <em>carmen<\/em> significa \u201cpoema\u201d) es estrictamente un poema en lat\u00edn grabado sobre un soporte duradero. Conservamos poemas epigr\u00e1ficos inscritos sobre piedra, recipientes de barro, objetos de metal o hueso e, incluso, esgrafiados sobre el estuco de las paredes de las casas romanas.<\/p>\n\n\n\n<p>La poes\u00eda latina fue un g\u00e9nero literario muy cultivado que basaba sus composiciones en esquemas m\u00e9tricos que alternaban s\u00edlabas largas y breves. A diferencia de algunas lenguas romances surgidas del lat\u00edn, la lengua de Roma ten\u00eda vocales largas y  breves, algo que puede ser dif\u00edcil de concebir para quienes hoy no tenemos esta distinci\u00f3n en nuestras lenguas. Ya lo era, de hecho, para muchos pueblos que se incorporaban al Imperio romano y que no ten\u00edan esa caracter\u00edstica en su lengua materna. San Agust\u00edn, por ejemplo, dice al respecto:<\/p>\n\n\n\n<blockquote class=\"wp-block-quote is-layout-flow wp-block-quote-is-layout-flow\">\n<p><em>\u201cLos o\u00eddos africanos no distinguen entre vocales breves o largas\u201d (<\/em>Afrae aures de correptione vocalium vel productione non iudicant, <em>De Doctrina Christiana, IV, 10, 24). <\/em><\/p>\n<\/blockquote>\n\n\n\n<p>Los romanos, pues, constru\u00edan su poes\u00eda siguiendo distintos esquemas y tipos de versos que, a diferencia de los nuestros, no se basaban en el sistema de rimas sino en el ritmo que daba al verso esta alternancia entre vocales largas y breves y el distinto tono que caracterizaba a cada una de ellas, sobre todo al leerlas en voz alta.<\/p>\n\n\n\n<p>Y as\u00ed, uniendo piedra y verso, los romanos crearon tambi\u00e9n el h\u00e1bito de conmemorar sus vidas con poemas epigr\u00e1ficos, un tipo de inscripciones que a ellos les han brindado la eternidad y que nosotros hoy conocemos como <em>Carmina Latina Epigraphica<\/em>.<\/p>\n","protected":false},"excerpt":{"rendered":"<p>Aunque definir los l\u00edmites de su naturaleza puede ser a veces una tarea no exenta de discusi\u00f3n para los investigadores, un poema epigr\u00e1fico (un carmen epigraphicum; en lat\u00edn carmen significa \u201cpoema\u201d) es estrictamente un poema en lat\u00edn grabado sobre un<\/p>\n","protected":false},"author":1,"featured_media":0,"parent":0,"menu_order":0,"comment_status":"closed","ping_status":"closed","template":"","meta":{"footnotes":""},"class_list":["post-392","page","type-page","status-publish","hentry"],"_links":{"self":[{"href":"http:\/\/grupo.us.es\/rethinking\/index.php?rest_route=\/wp\/v2\/pages\/392","targetHints":{"allow":["GET"]}}],"collection":[{"href":"http:\/\/grupo.us.es\/rethinking\/index.php?rest_route=\/wp\/v2\/pages"}],"about":[{"href":"http:\/\/grupo.us.es\/rethinking\/index.php?rest_route=\/wp\/v2\/types\/page"}],"author":[{"embeddable":true,"href":"http:\/\/grupo.us.es\/rethinking\/index.php?rest_route=\/wp\/v2\/users\/1"}],"replies":[{"embeddable":true,"href":"http:\/\/grupo.us.es\/rethinking\/index.php?rest_route=%2Fwp%2Fv2%2Fcomments&post=392"}],"version-history":[{"count":3,"href":"http:\/\/grupo.us.es\/rethinking\/index.php?rest_route=\/wp\/v2\/pages\/392\/revisions"}],"predecessor-version":[{"id":395,"href":"http:\/\/grupo.us.es\/rethinking\/index.php?rest_route=\/wp\/v2\/pages\/392\/revisions\/395"}],"wp:attachment":[{"href":"http:\/\/grupo.us.es\/rethinking\/index.php?rest_route=%2Fwp%2Fv2%2Fmedia&parent=392"}],"curies":[{"name":"wp","href":"https:\/\/api.w.org\/{rel}","templated":true}]}}