{"id":359,"date":"2024-09-23T19:21:04","date_gmt":"2024-09-23T17:21:04","guid":{"rendered":"http:\/\/grupo.us.es\/rethinking\/?page_id=359"},"modified":"2024-09-23T22:11:37","modified_gmt":"2024-09-23T20:11:37","slug":"objetivos","status":"publish","type":"page","link":"http:\/\/grupo.us.es\/rethinking\/?page_id=359","title":{"rendered":"Objetivos"},"content":{"rendered":"\n<p>RETHINKING se propone, como objetivo general, reconceptualizar los procesos de producci\u00f3n y recepci\u00f3n de la poes\u00eda epigr\u00e1fica latina y explorar el potencial de la literatura romana como recurso, hasta ahora infrautilizado, para proporcionar una comprensi\u00f3n sustancialmente mejor del compromiso personal con la materialidad de las inscripciones de versos latinos en su contexto. De igual forma, analizaremos los efectos que este tipo de ep\u00edgrafes ten\u00eda en los receptores, reajustando el enfoque de la producci\u00f3n al consumo de los textos materiales en el mundo romano. Se explorar\u00e1 asimismo el papel social y cultural de las inscripciones en verso como una pr\u00e1ctica representativa especialmente de las clases bajas y marginales de Roma.<\/p>\n\n\n\n<div class=\"wp-block-buttons is-layout-flex wp-block-buttons-is-layout-flex\">\n<div class=\"wp-block-button\"><a class=\"wp-block-button__link wp-element-button\" href=\"http:\/\/grupo.us.es\/rethinking\/?page_id=360\">Leer objetivos espec\u00edficos<\/a><\/div>\n<\/div>\n","protected":false},"excerpt":{"rendered":"<p>RETHINKING se propone, como objetivo general, reconceptualizar los procesos de producci\u00f3n y recepci\u00f3n de la poes\u00eda epigr\u00e1fica latina y explorar el potencial de la literatura romana como recurso, hasta ahora infrautilizado, para proporcionar una comprensi\u00f3n sustancialmente mejor del compromiso personal<\/p>\n","protected":false},"author":1,"featured_media":0,"parent":0,"menu_order":0,"comment_status":"closed","ping_status":"closed","template":"","meta":{"footnotes":""},"class_list":["post-359","page","type-page","status-publish","hentry"],"_links":{"self":[{"href":"http:\/\/grupo.us.es\/rethinking\/index.php?rest_route=\/wp\/v2\/pages\/359","targetHints":{"allow":["GET"]}}],"collection":[{"href":"http:\/\/grupo.us.es\/rethinking\/index.php?rest_route=\/wp\/v2\/pages"}],"about":[{"href":"http:\/\/grupo.us.es\/rethinking\/index.php?rest_route=\/wp\/v2\/types\/page"}],"author":[{"embeddable":true,"href":"http:\/\/grupo.us.es\/rethinking\/index.php?rest_route=\/wp\/v2\/users\/1"}],"replies":[{"embeddable":true,"href":"http:\/\/grupo.us.es\/rethinking\/index.php?rest_route=%2Fwp%2Fv2%2Fcomments&post=359"}],"version-history":[{"count":2,"href":"http:\/\/grupo.us.es\/rethinking\/index.php?rest_route=\/wp\/v2\/pages\/359\/revisions"}],"predecessor-version":[{"id":377,"href":"http:\/\/grupo.us.es\/rethinking\/index.php?rest_route=\/wp\/v2\/pages\/359\/revisions\/377"}],"wp:attachment":[{"href":"http:\/\/grupo.us.es\/rethinking\/index.php?rest_route=%2Fwp%2Fv2%2Fmedia&parent=359"}],"curies":[{"name":"wp","href":"https:\/\/api.w.org\/{rel}","templated":true}]}}