{"id":2845,"date":"2023-11-27T11:39:11","date_gmt":"2023-11-27T11:39:11","guid":{"rendered":"https:\/\/grupo.us.es\/redlectin\/?page_id=2845"},"modified":"2024-02-13T09:02:27","modified_gmt":"2024-02-13T09:02:27","slug":"participa","status":"publish","type":"page","link":"https:\/\/grupo.us.es\/redlectin\/participa\/","title":{"rendered":"Participa"},"content":{"rendered":"\t\t<div data-elementor-type=\"wp-page\" data-elementor-id=\"2845\" class=\"elementor elementor-2845\" data-elementor-post-type=\"page\">\n\t\t\t\t<div class=\"elementor-element elementor-element-b59602b e-flex e-con-boxed e-con e-parent\" data-id=\"b59602b\" data-element_type=\"container\">\n\t\t\t\t\t<div class=\"e-con-inner\">\n\t\t<div class=\"elementor-element elementor-element-6c0296b e-flex e-con-boxed e-con e-child\" data-id=\"6c0296b\" data-element_type=\"container\">\n\t\t\t\t\t<div class=\"e-con-inner\">\n\t\t\t\t<div class=\"elementor-element elementor-element-65343be elementor-widget elementor-widget-text-editor\" data-id=\"65343be\" data-element_type=\"widget\" data-widget_type=\"text-editor.default\">\n\t\t\t\t<div class=\"elementor-widget-container\">\n\t\t\t\t\t\t\t\t\t<div style=\"text-align: justify;\">Lista de distribuci\u00f3n para recibir informaci\u00f3n sobre los proyectos y\/o eventos que se est\u00e1n llevando a cabo o est\u00e1n siendo organizados por los miembros de la Red LECTIN:<\/div>\t\t\t\t\t\t\t\t<\/div>\n\t\t\t\t<\/div>\n\t\t\t\t\t<\/div>\n\t\t\t\t<\/div>\n\t\t<div class=\"elementor-element elementor-element-4e1b417 e-flex e-con-boxed e-con e-child\" data-id=\"4e1b417\" data-element_type=\"container\">\n\t\t\t\t\t<div class=\"e-con-inner\">\n\t\t\t\t<div class=\"elementor-element elementor-element-5d8c057 elementor-widget elementor-widget-text-editor\" data-id=\"5d8c057\" data-element_type=\"widget\" data-widget_type=\"text-editor.default\">\n\t\t\t\t<div class=\"elementor-widget-container\">\n\t\t\t\t\t\t\t\t\t<ul><li><div>Para darse de alta env\u00ede un correo a <a href=\"mailto:red-lectin-join@listasvol.us.es\">red-lectin-join@listasvol.us.es\u00a0<\/a> (sin asunto ni texto, no son necesarios).<\/div><\/li><li><div>Para darse de baja env\u00ede un correo a <a href=\"mailto:red-lectin-leave@listasvol.us.es\">red-lectin-leave@listasvol.us.es<\/a> \u00a0(sin asunto ni texto, no son necesarios).<\/div><\/li><\/ul>\t\t\t\t\t\t\t\t<\/div>\n\t\t\t\t<\/div>\n\t\t\t\t\t<\/div>\n\t\t\t\t<\/div>\n\t\t<div class=\"elementor-element elementor-element-9c169db e-flex e-con-boxed e-con e-child\" data-id=\"9c169db\" data-element_type=\"container\">\n\t\t\t\t\t<div class=\"e-con-inner\">\n\t\t\t\t<div class=\"elementor-element elementor-element-e32da3d elementor-widget elementor-widget-text-editor\" data-id=\"e32da3d\" data-element_type=\"widget\" data-widget_type=\"text-editor.default\">\n\t\t\t\t<div class=\"elementor-widget-container\">\n\t\t\t\t\t\t\t\t\t<div><p style=\"text-align: justify;\">Si quieres participar como integrante de la muestra en nuestras investigaciones, conoces a personas que pudieran estar interesadas, o quieres participar como investigador\/a o colaborador\/a en nuestros estudios o como profesional o centro que quiere recibir informaci\u00f3n sobre los mismos, escribe a: <a href=\"mailto:red-lectin@us.es\">red-lectin@us.es<\/a><\/p><\/div>\t\t\t\t\t\t\t\t<\/div>\n\t\t\t\t<\/div>\n\t\t\t\t\t<\/div>\n\t\t\t\t<\/div>\n\t\t\t\t\t<\/div>\n\t\t\t\t<\/div>\n\t\t\t\t<\/div>\n\t\t","protected":false},"excerpt":{"rendered":"<p>Lista de distribuci\u00f3n para recibir informaci\u00f3n sobre los proyectos y\/o eventos que se est\u00e1n llevando a cabo o est\u00e1n siendo organizados por los miembros de la Red LECTIN: Para darse de alta env\u00ede un correo a red-lectin-join@listasvol.us.es\u00a0 (sin asunto ni texto, no son necesarios). Para darse de baja env\u00ede un correo a red-lectin-leave@listasvol.us.es \u00a0(sin asunto [&hellip;]<\/p>\n","protected":false},"author":3,"featured_media":0,"parent":0,"menu_order":0,"comment_status":"closed","ping_status":"closed","template":"","meta":{"footnotes":""},"class_list":["post-2845","page","type-page","status-publish","hentry"],"yoast_head":"<!-- This site is optimized with the Yoast SEO plugin v27.4 - https:\/\/yoast.com\/product\/yoast-seo-wordpress\/ -->\n<title>Participa - Red Lectin<\/title>\n<meta name=\"robots\" content=\"index, follow, max-snippet:-1, max-image-preview:large, max-video-preview:-1\" \/>\n<link rel=\"canonical\" href=\"https:\/\/grupo.us.es\/redlectin\/participa\/\" \/>\n<meta property=\"og:locale\" content=\"es_ES\" \/>\n<meta property=\"og:type\" content=\"article\" \/>\n<meta property=\"og:title\" content=\"Participa - Red Lectin\" \/>\n<meta property=\"og:description\" content=\"Lista de distribuci\u00f3n para recibir informaci\u00f3n sobre los proyectos y\/o eventos que se est\u00e1n llevando a cabo o est\u00e1n siendo organizados por los miembros de la Red LECTIN: Para darse de alta env\u00ede un correo a red-lectin-join@listasvol.us.es\u00a0 (sin asunto ni texto, no son necesarios). Para darse de baja env\u00ede un correo a red-lectin-leave@listasvol.us.es \u00a0(sin asunto [&hellip;]\" \/>\n<meta property=\"og:url\" content=\"https:\/\/grupo.us.es\/redlectin\/participa\/\" \/>\n<meta property=\"og:site_name\" content=\"Red Lectin\" \/>\n<meta property=\"article:modified_time\" content=\"2024-02-13T09:02:27+00:00\" \/>\n<meta name=\"twitter:card\" content=\"summary_large_image\" \/>\n<meta name=\"twitter:label1\" content=\"Tiempo de lectura\" \/>\n\t<meta name=\"twitter:data1\" content=\"1 minuto\" \/>\n<script type=\"application\/ld+json\" class=\"yoast-schema-graph\">{\"@context\":\"https:\\\/\\\/schema.org\",\"@graph\":[{\"@type\":\"WebPage\",\"@id\":\"https:\\\/\\\/grupo.us.es\\\/redlectin\\\/participa\\\/\",\"url\":\"https:\\\/\\\/grupo.us.es\\\/redlectin\\\/participa\\\/\",\"name\":\"Participa - Red Lectin\",\"isPartOf\":{\"@id\":\"https:\\\/\\\/grupo.us.es\\\/redlectin\\\/#website\"},\"datePublished\":\"2023-11-27T11:39:11+00:00\",\"dateModified\":\"2024-02-13T09:02:27+00:00\",\"inLanguage\":\"es\",\"potentialAction\":[{\"@type\":\"ReadAction\",\"target\":[\"https:\\\/\\\/grupo.us.es\\\/redlectin\\\/participa\\\/\"]}]},{\"@type\":\"WebSite\",\"@id\":\"https:\\\/\\\/grupo.us.es\\\/redlectin\\\/#website\",\"url\":\"https:\\\/\\\/grupo.us.es\\\/redlectin\\\/\",\"name\":\"Red Lectin\",\"description\":\"Red Lectura inclusiva: Red para la investigaci\u00f3n e innovaci\u00f3n en lectura at\u00edpica\",\"publisher\":{\"@id\":\"https:\\\/\\\/grupo.us.es\\\/redlectin\\\/#organization\"},\"potentialAction\":[{\"@type\":\"SearchAction\",\"target\":{\"@type\":\"EntryPoint\",\"urlTemplate\":\"https:\\\/\\\/grupo.us.es\\\/redlectin\\\/?s={search_term_string}\"},\"query-input\":{\"@type\":\"PropertyValueSpecification\",\"valueRequired\":true,\"valueName\":\"search_term_string\"}}],\"inLanguage\":\"es\"},{\"@type\":\"Organization\",\"@id\":\"https:\\\/\\\/grupo.us.es\\\/redlectin\\\/#organization\",\"name\":\"Red Lectin\",\"url\":\"https:\\\/\\\/grupo.us.es\\\/redlectin\\\/\",\"logo\":{\"@type\":\"ImageObject\",\"inLanguage\":\"es\",\"@id\":\"https:\\\/\\\/grupo.us.es\\\/redlectin\\\/#\\\/schema\\\/logo\\\/image\\\/\",\"url\":\"https:\\\/\\\/grupo.us.es\\\/redlectin\\\/wp-content\\\/uploads\\\/2022\\\/03\\\/logo_us.png\",\"contentUrl\":\"https:\\\/\\\/grupo.us.es\\\/redlectin\\\/wp-content\\\/uploads\\\/2022\\\/03\\\/logo_us.png\",\"width\":300,\"height\":307,\"caption\":\"Red Lectin\"},\"image\":{\"@id\":\"https:\\\/\\\/grupo.us.es\\\/redlectin\\\/#\\\/schema\\\/logo\\\/image\\\/\"}}]}<\/script>\n<!-- \/ Yoast SEO plugin. -->","yoast_head_json":{"title":"Participa - Red Lectin","robots":{"index":"index","follow":"follow","max-snippet":"max-snippet:-1","max-image-preview":"max-image-preview:large","max-video-preview":"max-video-preview:-1"},"canonical":"https:\/\/grupo.us.es\/redlectin\/participa\/","og_locale":"es_ES","og_type":"article","og_title":"Participa - Red Lectin","og_description":"Lista de distribuci\u00f3n para recibir informaci\u00f3n sobre los proyectos y\/o eventos que se est\u00e1n llevando a cabo o est\u00e1n siendo organizados por los miembros de la Red LECTIN: Para darse de alta env\u00ede un correo a red-lectin-join@listasvol.us.es\u00a0 (sin asunto ni texto, no son necesarios). Para darse de baja env\u00ede un correo a red-lectin-leave@listasvol.us.es \u00a0(sin asunto [&hellip;]","og_url":"https:\/\/grupo.us.es\/redlectin\/participa\/","og_site_name":"Red Lectin","article_modified_time":"2024-02-13T09:02:27+00:00","twitter_card":"summary_large_image","twitter_misc":{"Tiempo de lectura":"1 minuto"},"schema":{"@context":"https:\/\/schema.org","@graph":[{"@type":"WebPage","@id":"https:\/\/grupo.us.es\/redlectin\/participa\/","url":"https:\/\/grupo.us.es\/redlectin\/participa\/","name":"Participa - Red Lectin","isPartOf":{"@id":"https:\/\/grupo.us.es\/redlectin\/#website"},"datePublished":"2023-11-27T11:39:11+00:00","dateModified":"2024-02-13T09:02:27+00:00","inLanguage":"es","potentialAction":[{"@type":"ReadAction","target":["https:\/\/grupo.us.es\/redlectin\/participa\/"]}]},{"@type":"WebSite","@id":"https:\/\/grupo.us.es\/redlectin\/#website","url":"https:\/\/grupo.us.es\/redlectin\/","name":"Red Lectin","description":"Red Lectura inclusiva: Red para la investigaci\u00f3n e innovaci\u00f3n en lectura at\u00edpica","publisher":{"@id":"https:\/\/grupo.us.es\/redlectin\/#organization"},"potentialAction":[{"@type":"SearchAction","target":{"@type":"EntryPoint","urlTemplate":"https:\/\/grupo.us.es\/redlectin\/?s={search_term_string}"},"query-input":{"@type":"PropertyValueSpecification","valueRequired":true,"valueName":"search_term_string"}}],"inLanguage":"es"},{"@type":"Organization","@id":"https:\/\/grupo.us.es\/redlectin\/#organization","name":"Red Lectin","url":"https:\/\/grupo.us.es\/redlectin\/","logo":{"@type":"ImageObject","inLanguage":"es","@id":"https:\/\/grupo.us.es\/redlectin\/#\/schema\/logo\/image\/","url":"https:\/\/grupo.us.es\/redlectin\/wp-content\/uploads\/2022\/03\/logo_us.png","contentUrl":"https:\/\/grupo.us.es\/redlectin\/wp-content\/uploads\/2022\/03\/logo_us.png","width":300,"height":307,"caption":"Red Lectin"},"image":{"@id":"https:\/\/grupo.us.es\/redlectin\/#\/schema\/logo\/image\/"}}]}},"_links":{"self":[{"href":"https:\/\/grupo.us.es\/redlectin\/wp-json\/wp\/v2\/pages\/2845","targetHints":{"allow":["GET"]}}],"collection":[{"href":"https:\/\/grupo.us.es\/redlectin\/wp-json\/wp\/v2\/pages"}],"about":[{"href":"https:\/\/grupo.us.es\/redlectin\/wp-json\/wp\/v2\/types\/page"}],"author":[{"embeddable":true,"href":"https:\/\/grupo.us.es\/redlectin\/wp-json\/wp\/v2\/users\/3"}],"replies":[{"embeddable":true,"href":"https:\/\/grupo.us.es\/redlectin\/wp-json\/wp\/v2\/comments?post=2845"}],"version-history":[{"count":0,"href":"https:\/\/grupo.us.es\/redlectin\/wp-json\/wp\/v2\/pages\/2845\/revisions"}],"wp:attachment":[{"href":"https:\/\/grupo.us.es\/redlectin\/wp-json\/wp\/v2\/media?parent=2845"}],"curies":[{"name":"wp","href":"https:\/\/api.w.org\/{rel}","templated":true}]}}