{"id":2833,"date":"2023-11-27T11:36:54","date_gmt":"2023-11-27T11:36:54","guid":{"rendered":"https:\/\/grupo.us.es\/redlectin\/?page_id=2833"},"modified":"2024-02-09T08:41:22","modified_gmt":"2024-02-09T08:41:22","slug":"objetivos","status":"publish","type":"page","link":"https:\/\/grupo.us.es\/redlectin\/objetivos\/","title":{"rendered":"Objetivos"},"content":{"rendered":"\t\t<div data-elementor-type=\"wp-page\" data-elementor-id=\"2833\" class=\"elementor elementor-2833\" data-elementor-post-type=\"page\">\n\t\t\t\t<div class=\"elementor-element elementor-element-a4b71c5 e-flex e-con-boxed e-con e-parent\" data-id=\"a4b71c5\" data-element_type=\"container\">\n\t\t\t\t\t<div class=\"e-con-inner\">\n\t\t<div class=\"elementor-element elementor-element-325a187 e-con-full e-flex e-con e-child\" data-id=\"325a187\" data-element_type=\"container\">\n\t\t\t\t<div class=\"elementor-element elementor-element-02d23f2 elementor-widget elementor-widget-text-editor\" data-id=\"02d23f2\" data-element_type=\"widget\" data-widget_type=\"text-editor.default\">\n\t\t\t\t<div class=\"elementor-widget-container\">\n\t\t\t\t\t\t\t\t\t<ol><li style=\"text-align: left;\">Desarrollar estrategias coordinadas de investigaci\u00f3n, que permitan establecer est\u00e1ndares de calidad y una definici\u00f3n de los objetivos centrales de investigaci\u00f3n en la lectura en personas con desarrollo at\u00edpico, con especial atenci\u00f3n a las personas sordas, personas con discapacidad intelectual y las personas autistas.<\/li><li>Iniciar la creaci\u00f3n de una base de datos de entidades y usuarios que permita maximizar la capacidad de captaci\u00f3n de reclutamiento de participantes por parte de los socios.<\/li><li>Promover la recogida de datos conjunta anonimizada en un repositorio online.<\/li><li>Promover la conciencia de la necesidad de acceso a la lectura en estas personas, as\u00ed como difundir y promover la adaptaci\u00f3n a lectura f\u00e1cil de materiales y recursos.<\/li><li>Fomentar el conocimiento de est\u00e1ndares de calidad en la intervenci\u00f3n en lectura y en lectura f\u00e1cil.<\/li><li>Incorporar a la red de forma paulatina a investigadores especializados m\u00e1s all\u00e1 de la red actual, tanto en el territorio espa\u00f1ol como en otros pa\u00edses.<\/li><\/ol>\t\t\t\t\t\t\t\t<\/div>\n\t\t\t\t<\/div>\n\t\t\t\t<\/div>\n\t\t\t\t\t<\/div>\n\t\t\t\t<\/div>\n\t\t\t\t<\/div>\n\t\t","protected":false},"excerpt":{"rendered":"<p>Desarrollar estrategias coordinadas de investigaci\u00f3n, que permitan establecer est\u00e1ndares de calidad y una definici\u00f3n de los objetivos centrales de investigaci\u00f3n en la lectura en personas con desarrollo at\u00edpico, con especial atenci\u00f3n a las personas sordas, personas con discapacidad intelectual y las personas autistas. Iniciar la creaci\u00f3n de una base de datos de entidades y usuarios [&hellip;]<\/p>\n","protected":false},"author":3,"featured_media":0,"parent":0,"menu_order":0,"comment_status":"closed","ping_status":"closed","template":"","meta":{"footnotes":""},"class_list":["post-2833","page","type-page","status-publish","hentry"],"yoast_head":"<!-- This site is optimized with the Yoast SEO plugin v27.4 - https:\/\/yoast.com\/product\/yoast-seo-wordpress\/ -->\n<title>Objetivos - Red Lectin<\/title>\n<meta name=\"robots\" content=\"index, follow, max-snippet:-1, max-image-preview:large, max-video-preview:-1\" \/>\n<link rel=\"canonical\" href=\"https:\/\/grupo.us.es\/redlectin\/objetivos\/\" \/>\n<meta property=\"og:locale\" content=\"es_ES\" \/>\n<meta property=\"og:type\" content=\"article\" \/>\n<meta property=\"og:title\" content=\"Objetivos - Red Lectin\" \/>\n<meta property=\"og:description\" content=\"Desarrollar estrategias coordinadas de investigaci\u00f3n, que permitan establecer est\u00e1ndares de calidad y una definici\u00f3n de los objetivos centrales de investigaci\u00f3n en la lectura en personas con desarrollo at\u00edpico, con especial atenci\u00f3n a las personas sordas, personas con discapacidad intelectual y las personas autistas. Iniciar la creaci\u00f3n de una base de datos de entidades y usuarios [&hellip;]\" \/>\n<meta property=\"og:url\" content=\"https:\/\/grupo.us.es\/redlectin\/objetivos\/\" \/>\n<meta property=\"og:site_name\" content=\"Red Lectin\" \/>\n<meta property=\"article:modified_time\" content=\"2024-02-09T08:41:22+00:00\" \/>\n<meta name=\"twitter:card\" content=\"summary_large_image\" \/>\n<meta name=\"twitter:label1\" content=\"Tiempo de lectura\" \/>\n\t<meta name=\"twitter:data1\" content=\"1 minuto\" \/>\n<script type=\"application\/ld+json\" class=\"yoast-schema-graph\">{\"@context\":\"https:\\\/\\\/schema.org\",\"@graph\":[{\"@type\":\"WebPage\",\"@id\":\"https:\\\/\\\/grupo.us.es\\\/redlectin\\\/objetivos\\\/\",\"url\":\"https:\\\/\\\/grupo.us.es\\\/redlectin\\\/objetivos\\\/\",\"name\":\"Objetivos - Red Lectin\",\"isPartOf\":{\"@id\":\"https:\\\/\\\/grupo.us.es\\\/redlectin\\\/#website\"},\"datePublished\":\"2023-11-27T11:36:54+00:00\",\"dateModified\":\"2024-02-09T08:41:22+00:00\",\"inLanguage\":\"es\",\"potentialAction\":[{\"@type\":\"ReadAction\",\"target\":[\"https:\\\/\\\/grupo.us.es\\\/redlectin\\\/objetivos\\\/\"]}]},{\"@type\":\"WebSite\",\"@id\":\"https:\\\/\\\/grupo.us.es\\\/redlectin\\\/#website\",\"url\":\"https:\\\/\\\/grupo.us.es\\\/redlectin\\\/\",\"name\":\"Red Lectin\",\"description\":\"Red Lectura inclusiva: Red para la investigaci\u00f3n e innovaci\u00f3n en lectura at\u00edpica\",\"publisher\":{\"@id\":\"https:\\\/\\\/grupo.us.es\\\/redlectin\\\/#organization\"},\"potentialAction\":[{\"@type\":\"SearchAction\",\"target\":{\"@type\":\"EntryPoint\",\"urlTemplate\":\"https:\\\/\\\/grupo.us.es\\\/redlectin\\\/?s={search_term_string}\"},\"query-input\":{\"@type\":\"PropertyValueSpecification\",\"valueRequired\":true,\"valueName\":\"search_term_string\"}}],\"inLanguage\":\"es\"},{\"@type\":\"Organization\",\"@id\":\"https:\\\/\\\/grupo.us.es\\\/redlectin\\\/#organization\",\"name\":\"Red Lectin\",\"url\":\"https:\\\/\\\/grupo.us.es\\\/redlectin\\\/\",\"logo\":{\"@type\":\"ImageObject\",\"inLanguage\":\"es\",\"@id\":\"https:\\\/\\\/grupo.us.es\\\/redlectin\\\/#\\\/schema\\\/logo\\\/image\\\/\",\"url\":\"https:\\\/\\\/grupo.us.es\\\/redlectin\\\/wp-content\\\/uploads\\\/2022\\\/03\\\/logo_us.png\",\"contentUrl\":\"https:\\\/\\\/grupo.us.es\\\/redlectin\\\/wp-content\\\/uploads\\\/2022\\\/03\\\/logo_us.png\",\"width\":300,\"height\":307,\"caption\":\"Red Lectin\"},\"image\":{\"@id\":\"https:\\\/\\\/grupo.us.es\\\/redlectin\\\/#\\\/schema\\\/logo\\\/image\\\/\"}}]}<\/script>\n<!-- \/ Yoast SEO plugin. -->","yoast_head_json":{"title":"Objetivos - Red Lectin","robots":{"index":"index","follow":"follow","max-snippet":"max-snippet:-1","max-image-preview":"max-image-preview:large","max-video-preview":"max-video-preview:-1"},"canonical":"https:\/\/grupo.us.es\/redlectin\/objetivos\/","og_locale":"es_ES","og_type":"article","og_title":"Objetivos - Red Lectin","og_description":"Desarrollar estrategias coordinadas de investigaci\u00f3n, que permitan establecer est\u00e1ndares de calidad y una definici\u00f3n de los objetivos centrales de investigaci\u00f3n en la lectura en personas con desarrollo at\u00edpico, con especial atenci\u00f3n a las personas sordas, personas con discapacidad intelectual y las personas autistas. Iniciar la creaci\u00f3n de una base de datos de entidades y usuarios [&hellip;]","og_url":"https:\/\/grupo.us.es\/redlectin\/objetivos\/","og_site_name":"Red Lectin","article_modified_time":"2024-02-09T08:41:22+00:00","twitter_card":"summary_large_image","twitter_misc":{"Tiempo de lectura":"1 minuto"},"schema":{"@context":"https:\/\/schema.org","@graph":[{"@type":"WebPage","@id":"https:\/\/grupo.us.es\/redlectin\/objetivos\/","url":"https:\/\/grupo.us.es\/redlectin\/objetivos\/","name":"Objetivos - Red Lectin","isPartOf":{"@id":"https:\/\/grupo.us.es\/redlectin\/#website"},"datePublished":"2023-11-27T11:36:54+00:00","dateModified":"2024-02-09T08:41:22+00:00","inLanguage":"es","potentialAction":[{"@type":"ReadAction","target":["https:\/\/grupo.us.es\/redlectin\/objetivos\/"]}]},{"@type":"WebSite","@id":"https:\/\/grupo.us.es\/redlectin\/#website","url":"https:\/\/grupo.us.es\/redlectin\/","name":"Red Lectin","description":"Red Lectura inclusiva: Red para la investigaci\u00f3n e innovaci\u00f3n en lectura at\u00edpica","publisher":{"@id":"https:\/\/grupo.us.es\/redlectin\/#organization"},"potentialAction":[{"@type":"SearchAction","target":{"@type":"EntryPoint","urlTemplate":"https:\/\/grupo.us.es\/redlectin\/?s={search_term_string}"},"query-input":{"@type":"PropertyValueSpecification","valueRequired":true,"valueName":"search_term_string"}}],"inLanguage":"es"},{"@type":"Organization","@id":"https:\/\/grupo.us.es\/redlectin\/#organization","name":"Red Lectin","url":"https:\/\/grupo.us.es\/redlectin\/","logo":{"@type":"ImageObject","inLanguage":"es","@id":"https:\/\/grupo.us.es\/redlectin\/#\/schema\/logo\/image\/","url":"https:\/\/grupo.us.es\/redlectin\/wp-content\/uploads\/2022\/03\/logo_us.png","contentUrl":"https:\/\/grupo.us.es\/redlectin\/wp-content\/uploads\/2022\/03\/logo_us.png","width":300,"height":307,"caption":"Red Lectin"},"image":{"@id":"https:\/\/grupo.us.es\/redlectin\/#\/schema\/logo\/image\/"}}]}},"_links":{"self":[{"href":"https:\/\/grupo.us.es\/redlectin\/wp-json\/wp\/v2\/pages\/2833","targetHints":{"allow":["GET"]}}],"collection":[{"href":"https:\/\/grupo.us.es\/redlectin\/wp-json\/wp\/v2\/pages"}],"about":[{"href":"https:\/\/grupo.us.es\/redlectin\/wp-json\/wp\/v2\/types\/page"}],"author":[{"embeddable":true,"href":"https:\/\/grupo.us.es\/redlectin\/wp-json\/wp\/v2\/users\/3"}],"replies":[{"embeddable":true,"href":"https:\/\/grupo.us.es\/redlectin\/wp-json\/wp\/v2\/comments?post=2833"}],"version-history":[{"count":0,"href":"https:\/\/grupo.us.es\/redlectin\/wp-json\/wp\/v2\/pages\/2833\/revisions"}],"wp:attachment":[{"href":"https:\/\/grupo.us.es\/redlectin\/wp-json\/wp\/v2\/media?parent=2833"}],"curies":[{"name":"wp","href":"https:\/\/api.w.org\/{rel}","templated":true}]}}