{"id":14,"date":"2022-03-14T08:20:56","date_gmt":"2022-03-14T08:20:56","guid":{"rendered":"https:\/\/grupo.us.es\/redlectin\/?page_id=14"},"modified":"2024-02-13T13:11:52","modified_gmt":"2024-02-13T13:11:52","slug":"inicio","status":"publish","type":"page","link":"https:\/\/grupo.us.es\/redlectin\/","title":{"rendered":"Inicio"},"content":{"rendered":"\t\t<div data-elementor-type=\"wp-page\" data-elementor-id=\"14\" class=\"elementor elementor-14\" data-elementor-post-type=\"page\">\n\t\t\t\t<div class=\"elementor-element elementor-element-9d3d019 e-con-full e-flex e-con e-parent\" data-id=\"9d3d019\" data-element_type=\"container\">\n\t\t<div class=\"elementor-element elementor-element-e55f9e3 e-con-full e-flex e-con e-child\" data-id=\"e55f9e3\" data-element_type=\"container\" data-settings=\"{&quot;background_background&quot;:&quot;classic&quot;}\">\n\t\t\t\t<div class=\"elementor-element elementor-element-9ba5dda elementor-widget__width-initial elementor-widget elementor-widget-heading\" data-id=\"9ba5dda\" data-element_type=\"widget\" data-widget_type=\"heading.default\">\n\t\t\t\t<div class=\"elementor-widget-container\">\n\t\t\t\t\t<h2 class=\"elementor-heading-title elementor-size-default\">\u201cLa lectura es\nun mundo m\u00e1gico que todos podemos explorar\u201d<\/h2>\t\t\t\t<\/div>\n\t\t\t\t<\/div>\n\t\t\t\t<\/div>\n\t\t\t\t<div class=\"elementor-element elementor-element-58bf008 elementor-widget__width-initial elementor-widget elementor-widget-image\" data-id=\"58bf008\" data-element_type=\"widget\" data-widget_type=\"image.default\">\n\t\t\t\t<div class=\"elementor-widget-container\">\n\t\t\t\t\t\t\t\t\t\t\t\t\t\t\t<img fetchpriority=\"high\" decoding=\"async\" width=\"800\" height=\"800\" src=\"https:\/\/grupo.us.es\/redlectin\/wp-content\/uploads\/2024\/01\/001-Imagen-portada.jpg\" class=\"attachment-large size-large wp-image-3803\" alt=\"Imagen portada: Grupo de personas sentadas en circulo leyendo alrededor de unos libros\" srcset=\"https:\/\/grupo.us.es\/redlectin\/wp-content\/uploads\/2024\/01\/001-Imagen-portada.jpg 1024w, https:\/\/grupo.us.es\/redlectin\/wp-content\/uploads\/2024\/01\/001-Imagen-portada-300x300.jpg 300w, https:\/\/grupo.us.es\/redlectin\/wp-content\/uploads\/2024\/01\/001-Imagen-portada-150x150.jpg 150w, https:\/\/grupo.us.es\/redlectin\/wp-content\/uploads\/2024\/01\/001-Imagen-portada-768x768.jpg 768w\" sizes=\"(max-width: 800px) 100vw, 800px\" \/>\t\t\t\t\t\t\t\t\t\t\t\t\t\t\t<\/div>\n\t\t\t\t<\/div>\n\t\t<div class=\"elementor-element elementor-element-411a3f3 e-con-full e-flex e-con e-child\" data-id=\"411a3f3\" data-element_type=\"container\" data-settings=\"{&quot;background_background&quot;:&quot;classic&quot;}\">\n\t\t\t\t<div class=\"elementor-element elementor-element-f26c130 elementor-widget__width-initial elementor-widget elementor-widget-heading\" data-id=\"f26c130\" data-element_type=\"widget\" data-widget_type=\"heading.default\">\n\t\t\t\t<div class=\"elementor-widget-container\">\n\t\t\t\t\t<h2 class=\"elementor-heading-title elementor-size-default\">\u201cLa lectura es un derecho, \u00a1y todos merecemos disfrutarlo!\u201d<\/h2>\t\t\t\t<\/div>\n\t\t\t\t<\/div>\n\t\t\t\t<\/div>\n\t\t\t\t<\/div>\n\t\t<div class=\"elementor-element elementor-element-a07a121 e-flex e-con-boxed elementor-invisible e-con e-parent\" data-id=\"a07a121\" data-element_type=\"container\" data-settings=\"{&quot;animation&quot;:&quot;fadeInUp&quot;,&quot;background_background&quot;:&quot;classic&quot;}\">\n\t\t\t\t\t<div class=\"e-con-inner\">\n\t\t<div class=\"elementor-element elementor-element-07648c9 e-con-full e-flex e-con e-child\" data-id=\"07648c9\" data-element_type=\"container\">\n\t\t\t\t<div class=\"elementor-element elementor-element-f2b504c elementor-widget elementor-widget-heading\" data-id=\"f2b504c\" data-element_type=\"widget\" data-widget_type=\"heading.default\">\n\t\t\t\t<div class=\"elementor-widget-container\">\n\t\t\t\t\t<h3 class=\"elementor-heading-title elementor-size-default\">Bienvenidos a la p\u00e1gina web de Red Lectin <\/h3>\t\t\t\t<\/div>\n\t\t\t\t<\/div>\n\t\t\t\t<div class=\"elementor-element elementor-element-b0d3608 elementor-widget elementor-widget-text-editor\" data-id=\"b0d3608\" data-element_type=\"widget\" data-widget_type=\"text-editor.default\">\n\t\t\t\t<div class=\"elementor-widget-container\">\n\t\t\t\t\t\t\t\t\t<p>Red Lectura inclusiva (LECTIN): Red para la investigaci\u00f3n e innovaci\u00f3n en lectura at\u00edpica.&nbsp;<\/p>\t\t\t\t\t\t\t\t<\/div>\n\t\t\t\t<\/div>\n\t\t\t\t<div class=\"elementor-element elementor-element-7c92941 elementor-align-left elementor-mobile-align-center elementor-widget elementor-widget-button\" data-id=\"7c92941\" data-element_type=\"widget\" data-widget_type=\"button.default\">\n\t\t\t\t<div class=\"elementor-widget-container\">\n\t\t\t\t\t\t\t\t\t<div class=\"elementor-button-wrapper\">\n\t\t\t\t\t<a class=\"elementor-button elementor-button-link elementor-size-sm\" href=\"https:\/\/grupo.us.es\/redlectin\/objetivos\/\">\n\t\t\t\t\t\t<span class=\"elementor-button-content-wrapper\">\n\t\t\t\t\t\t\t\t\t<span class=\"elementor-button-text\">Conoce nuestros objetivos &gt;&gt;<\/span>\n\t\t\t\t\t<\/span>\n\t\t\t\t\t<\/a>\n\t\t\t\t<\/div>\n\t\t\t\t\t\t\t\t<\/div>\n\t\t\t\t<\/div>\n\t\t\t\t<\/div>\n\t\t\t\t\t<\/div>\n\t\t\t\t<\/div>\n\t\t<div class=\"elementor-element elementor-element-4f7ebb5 e-flex e-con-boxed e-con e-parent\" data-id=\"4f7ebb5\" data-element_type=\"container\">\n\t\t\t\t\t<div class=\"e-con-inner\">\n\t\t<div class=\"elementor-element elementor-element-b3d2b28 e-con-full e-flex e-con e-child\" data-id=\"b3d2b28\" data-element_type=\"container\" data-settings=\"{&quot;background_background&quot;:&quot;classic&quot;}\">\n\t\t\t\t<div class=\"elementor-element elementor-element-c4d37d9 elementor-align-center elementor-tablet-align-center elementor-widget-mobile__width-initial elementor-widget elementor-widget-button\" data-id=\"c4d37d9\" data-element_type=\"widget\" data-widget_type=\"button.default\">\n\t\t\t\t<div class=\"elementor-widget-container\">\n\t\t\t\t\t\t\t\t\t<div class=\"elementor-button-wrapper\">\n\t\t\t\t\t<a class=\"elementor-button elementor-button-link elementor-size-md\" href=\"https:\/\/grupo.us.es\/redlectin\/quienes-somos\/\">\n\t\t\t\t\t\t<span class=\"elementor-button-content-wrapper\">\n\t\t\t\t\t\t\t\t\t<span class=\"elementor-button-text\">Conoce qui\u00e9nes somos &gt;&gt;<\/span>\n\t\t\t\t\t<\/span>\n\t\t\t\t\t<\/a>\n\t\t\t\t<\/div>\n\t\t\t\t\t\t\t\t<\/div>\n\t\t\t\t<\/div>\n\t\t\t\t<\/div>\n\t\t\t\t\t<\/div>\n\t\t\t\t<\/div>\n\t\t<div class=\"elementor-element elementor-element-39d7eb4 e-flex e-con-boxed e-con e-parent\" data-id=\"39d7eb4\" data-element_type=\"container\">\n\t\t\t\t\t<div class=\"e-con-inner\">\n\t\t<div class=\"elementor-element elementor-element-6671951 e-con-full e-flex e-con e-child\" data-id=\"6671951\" data-element_type=\"container\">\n\t\t<div class=\"elementor-element elementor-element-45062cd e-con-full e-flex e-con e-child\" data-id=\"45062cd\" data-element_type=\"container\">\n\t\t<div class=\"elementor-element elementor-element-c8d0f5e e-con-full e-flex e-con e-child\" data-id=\"c8d0f5e\" data-element_type=\"container\">\n\t\t\t\t<div class=\"elementor-element elementor-element-30314e1 elementor-cta--skin-classic elementor-animated-content elementor-bg-transform elementor-bg-transform-zoom-in elementor-widget elementor-widget-call-to-action\" data-id=\"30314e1\" data-element_type=\"widget\" data-widget_type=\"call-to-action.default\">\n\t\t\t\t<div class=\"elementor-widget-container\">\n\t\t\t\t\t\t\t<div class=\"elementor-cta\">\n\t\t\t\t\t<div class=\"elementor-cta__bg-wrapper\">\n\t\t\t\t<div class=\"elementor-cta__bg elementor-bg\" style=\"background-image: url(https:\/\/grupo.us.es\/redlectin\/wp-content\/uploads\/2023\/11\/glasses-1052010_1920-1024x768.jpg);\" role=\"img\" aria-label=\"Imagen de un libro abierto con unas gafas encima\"><\/div>\n\t\t\t\t<div class=\"elementor-cta__bg-overlay\"><\/div>\n\t\t\t<\/div>\n\t\t\t\t\t\t\t<div class=\"elementor-cta__content\">\n\t\t\t\t\n\t\t\t\t\t\t\t\t\t<h2 class=\"elementor-cta__title elementor-cta__content-item elementor-content-item\">\n\t\t\t\t\t\tInvestigaci\u00f3n\t\t\t\t\t<\/h2>\n\t\t\t\t\n\t\t\t\t\n\t\t\t\t\t\t\t\t\t<div class=\"elementor-cta__button-wrapper elementor-cta__content-item elementor-content-item \">\n\t\t\t\t\t<a class=\"elementor-cta__button elementor-button elementor-size-sm\" href=\"https:\/\/grupo.us.es\/redlectin\/la-investigacion\/\">\n\t\t\t\t\t\tLeer M\u00e1s >>\t\t\t\t\t<\/a>\n\t\t\t\t\t<\/div>\n\t\t\t\t\t\t\t<\/div>\n\t\t\t\t\t\t<\/div>\n\t\t\t\t\t\t<\/div>\n\t\t\t\t<\/div>\n\t\t\t\t<\/div>\n\t\t<div class=\"elementor-element elementor-element-f78015f e-con-full e-flex e-con e-child\" data-id=\"f78015f\" data-element_type=\"container\">\n\t\t\t\t<div class=\"elementor-element elementor-element-cdd0a4f elementor-cta--skin-classic elementor-animated-content elementor-bg-transform elementor-bg-transform-zoom-in elementor-widget elementor-widget-call-to-action\" data-id=\"cdd0a4f\" data-element_type=\"widget\" data-widget_type=\"call-to-action.default\">\n\t\t\t\t<div class=\"elementor-widget-container\">\n\t\t\t\t\t\t\t<div class=\"elementor-cta\">\n\t\t\t\t\t<div class=\"elementor-cta__bg-wrapper\">\n\t\t\t\t<div class=\"elementor-cta__bg elementor-bg\" style=\"background-image: url(https:\/\/grupo.us.es\/redlectin\/wp-content\/uploads\/2024\/01\/books-2606859_1280-1024x682.jpg);\" role=\"img\" aria-label=\"Imagen de una estanter\u00eda llena de libros antiguos\"><\/div>\n\t\t\t\t<div class=\"elementor-cta__bg-overlay\"><\/div>\n\t\t\t<\/div>\n\t\t\t\t\t\t\t<div class=\"elementor-cta__content\">\n\t\t\t\t\n\t\t\t\t\t\t\t\t\t<h2 class=\"elementor-cta__title elementor-cta__content-item elementor-content-item\">\n\t\t\t\t\t\tRecursos\t\t\t\t\t<\/h2>\n\t\t\t\t\n\t\t\t\t\n\t\t\t\t\t\t\t\t\t<div class=\"elementor-cta__button-wrapper elementor-cta__content-item elementor-content-item \">\n\t\t\t\t\t<a class=\"elementor-cta__button elementor-button elementor-size-sm\" href=\"https:\/\/grupo.us.es\/redlectin\/recursos\/\">\n\t\t\t\t\t\tLeer M\u00e1s >>\t\t\t\t\t<\/a>\n\t\t\t\t\t<\/div>\n\t\t\t\t\t\t\t<\/div>\n\t\t\t\t\t\t<\/div>\n\t\t\t\t\t\t<\/div>\n\t\t\t\t<\/div>\n\t\t\t\t<\/div>\n\t\t<div class=\"elementor-element elementor-element-a9d7a67 e-con-full e-flex e-con e-child\" data-id=\"a9d7a67\" data-element_type=\"container\">\n\t\t\t\t<div class=\"elementor-element elementor-element-1d200a1 elementor-cta--skin-classic elementor-animated-content elementor-bg-transform elementor-bg-transform-zoom-in elementor-widget elementor-widget-call-to-action\" data-id=\"1d200a1\" data-element_type=\"widget\" data-widget_type=\"call-to-action.default\">\n\t\t\t\t<div class=\"elementor-widget-container\">\n\t\t\t\t\t\t\t<div class=\"elementor-cta\">\n\t\t\t\t\t<div class=\"elementor-cta__bg-wrapper\">\n\t\t\t\t<div class=\"elementor-cta__bg elementor-bg\" style=\"background-image: url(https:\/\/grupo.us.es\/redlectin\/wp-content\/uploads\/2024\/01\/event-venue-1597531_1280-1024x682.jpg);\" role=\"img\" aria-label=\"Imagen de un evento\"><\/div>\n\t\t\t\t<div class=\"elementor-cta__bg-overlay\"><\/div>\n\t\t\t<\/div>\n\t\t\t\t\t\t\t<div class=\"elementor-cta__content\">\n\t\t\t\t\n\t\t\t\t\t\t\t\t\t<h2 class=\"elementor-cta__title elementor-cta__content-item elementor-content-item\">\n\t\t\t\t\t\tEventos\t\t\t\t\t<\/h2>\n\t\t\t\t\n\t\t\t\t\n\t\t\t\t\t\t\t\t\t<div class=\"elementor-cta__button-wrapper elementor-cta__content-item elementor-content-item \">\n\t\t\t\t\t<a class=\"elementor-cta__button elementor-button elementor-size-sm\" href=\"https:\/\/grupo.us.es\/redlectin\/eventos\/\">\n\t\t\t\t\t\tLeer M\u00e1s >>\t\t\t\t\t<\/a>\n\t\t\t\t\t<\/div>\n\t\t\t\t\t\t\t<\/div>\n\t\t\t\t\t\t<\/div>\n\t\t\t\t\t\t<\/div>\n\t\t\t\t<\/div>\n\t\t\t\t<\/div>\n\t\t\t\t<\/div>\n\t\t\t\t<\/div>\n\t\t\t\t\t<\/div>\n\t\t\t\t<\/div>\n\t\t\t\t<\/div>\n\t\t","protected":false},"excerpt":{"rendered":"<p>\u201cLa lectura es un mundo m\u00e1gico que todos podemos explorar\u201d \u201cLa lectura es un derecho, \u00a1y todos merecemos disfrutarlo!\u201d Bienvenidos a la p\u00e1gina web de Red Lectin Red Lectura inclusiva (LECTIN): Red para la investigaci\u00f3n e innovaci\u00f3n en lectura at\u00edpica.&nbsp; Conoce nuestros objetivos >> Conoce qui\u00e9nes somos >> Investigaci\u00f3n Leer M\u00e1s >> Recursos Leer M\u00e1s [&hellip;]<\/p>\n","protected":false},"author":1,"featured_media":0,"parent":0,"menu_order":0,"comment_status":"closed","ping_status":"closed","template":"","meta":{"footnotes":""},"class_list":["post-14","page","type-page","status-publish","hentry"],"yoast_head":"<!-- This site is optimized with the Yoast SEO plugin v27.4 - https:\/\/yoast.com\/product\/yoast-seo-wordpress\/ -->\n<title>Inicio - Red Lectin<\/title>\n<meta name=\"robots\" content=\"index, follow, max-snippet:-1, max-image-preview:large, max-video-preview:-1\" \/>\n<link rel=\"canonical\" href=\"https:\/\/grupo.us.es\/redlectin\/\" \/>\n<meta property=\"og:locale\" content=\"es_ES\" \/>\n<meta property=\"og:type\" content=\"article\" \/>\n<meta property=\"og:title\" content=\"Inicio - Red Lectin\" \/>\n<meta property=\"og:description\" content=\"\u201cLa lectura es un mundo m\u00e1gico que todos podemos explorar\u201d \u201cLa lectura es un derecho, \u00a1y todos merecemos disfrutarlo!\u201d Bienvenidos a la p\u00e1gina web de Red Lectin Red Lectura inclusiva (LECTIN): Red para la investigaci\u00f3n e innovaci\u00f3n en lectura at\u00edpica.&nbsp; Conoce nuestros objetivos &gt;&gt; Conoce qui\u00e9nes somos &gt;&gt; Investigaci\u00f3n Leer M\u00e1s &gt;&gt; Recursos Leer M\u00e1s [&hellip;]\" \/>\n<meta property=\"og:url\" content=\"https:\/\/grupo.us.es\/redlectin\/\" \/>\n<meta property=\"og:site_name\" content=\"Red Lectin\" \/>\n<meta property=\"article:modified_time\" content=\"2024-02-13T13:11:52+00:00\" \/>\n<meta property=\"og:image\" content=\"https:\/\/grupo.us.es\/redlectin\/wp-content\/uploads\/2024\/01\/001-Imagen-portada.jpg\" \/>\n<meta name=\"twitter:card\" content=\"summary_large_image\" \/>\n<meta name=\"twitter:label1\" content=\"Tiempo de lectura\" \/>\n\t<meta name=\"twitter:data1\" content=\"1 minuto\" \/>\n<script type=\"application\/ld+json\" class=\"yoast-schema-graph\">{\"@context\":\"https:\\\/\\\/schema.org\",\"@graph\":[{\"@type\":\"WebPage\",\"@id\":\"https:\\\/\\\/grupo.us.es\\\/redlectin\\\/\",\"url\":\"https:\\\/\\\/grupo.us.es\\\/redlectin\\\/\",\"name\":\"Inicio - Red Lectin\",\"isPartOf\":{\"@id\":\"https:\\\/\\\/grupo.us.es\\\/redlectin\\\/#website\"},\"primaryImageOfPage\":{\"@id\":\"https:\\\/\\\/grupo.us.es\\\/redlectin\\\/#primaryimage\"},\"image\":{\"@id\":\"https:\\\/\\\/grupo.us.es\\\/redlectin\\\/#primaryimage\"},\"thumbnailUrl\":\"https:\\\/\\\/grupo.us.es\\\/redlectin\\\/wp-content\\\/uploads\\\/2024\\\/01\\\/001-Imagen-portada.jpg\",\"datePublished\":\"2022-03-14T08:20:56+00:00\",\"dateModified\":\"2024-02-13T13:11:52+00:00\",\"inLanguage\":\"es\",\"potentialAction\":[{\"@type\":\"ReadAction\",\"target\":[\"https:\\\/\\\/grupo.us.es\\\/redlectin\\\/\"]}]},{\"@type\":\"ImageObject\",\"inLanguage\":\"es\",\"@id\":\"https:\\\/\\\/grupo.us.es\\\/redlectin\\\/#primaryimage\",\"url\":\"https:\\\/\\\/grupo.us.es\\\/redlectin\\\/wp-content\\\/uploads\\\/2024\\\/01\\\/001-Imagen-portada.jpg\",\"contentUrl\":\"https:\\\/\\\/grupo.us.es\\\/redlectin\\\/wp-content\\\/uploads\\\/2024\\\/01\\\/001-Imagen-portada.jpg\",\"width\":1024,\"height\":1024,\"caption\":\"Imagen portada: Grupo de personas sentadas en circulo leyendo alrededor de unos libros\"},{\"@type\":\"WebSite\",\"@id\":\"https:\\\/\\\/grupo.us.es\\\/redlectin\\\/#website\",\"url\":\"https:\\\/\\\/grupo.us.es\\\/redlectin\\\/\",\"name\":\"Red Lectin\",\"description\":\"Red Lectura inclusiva: Red para la investigaci\u00f3n e innovaci\u00f3n en lectura at\u00edpica\",\"publisher\":{\"@id\":\"https:\\\/\\\/grupo.us.es\\\/redlectin\\\/#organization\"},\"potentialAction\":[{\"@type\":\"SearchAction\",\"target\":{\"@type\":\"EntryPoint\",\"urlTemplate\":\"https:\\\/\\\/grupo.us.es\\\/redlectin\\\/?s={search_term_string}\"},\"query-input\":{\"@type\":\"PropertyValueSpecification\",\"valueRequired\":true,\"valueName\":\"search_term_string\"}}],\"inLanguage\":\"es\"},{\"@type\":\"Organization\",\"@id\":\"https:\\\/\\\/grupo.us.es\\\/redlectin\\\/#organization\",\"name\":\"Red Lectin\",\"url\":\"https:\\\/\\\/grupo.us.es\\\/redlectin\\\/\",\"logo\":{\"@type\":\"ImageObject\",\"inLanguage\":\"es\",\"@id\":\"https:\\\/\\\/grupo.us.es\\\/redlectin\\\/#\\\/schema\\\/logo\\\/image\\\/\",\"url\":\"https:\\\/\\\/grupo.us.es\\\/redlectin\\\/wp-content\\\/uploads\\\/2022\\\/03\\\/logo_us.png\",\"contentUrl\":\"https:\\\/\\\/grupo.us.es\\\/redlectin\\\/wp-content\\\/uploads\\\/2022\\\/03\\\/logo_us.png\",\"width\":300,\"height\":307,\"caption\":\"Red Lectin\"},\"image\":{\"@id\":\"https:\\\/\\\/grupo.us.es\\\/redlectin\\\/#\\\/schema\\\/logo\\\/image\\\/\"}}]}<\/script>\n<!-- \/ Yoast SEO plugin. -->","yoast_head_json":{"title":"Inicio - Red Lectin","robots":{"index":"index","follow":"follow","max-snippet":"max-snippet:-1","max-image-preview":"max-image-preview:large","max-video-preview":"max-video-preview:-1"},"canonical":"https:\/\/grupo.us.es\/redlectin\/","og_locale":"es_ES","og_type":"article","og_title":"Inicio - Red Lectin","og_description":"\u201cLa lectura es un mundo m\u00e1gico que todos podemos explorar\u201d \u201cLa lectura es un derecho, \u00a1y todos merecemos disfrutarlo!\u201d Bienvenidos a la p\u00e1gina web de Red Lectin Red Lectura inclusiva (LECTIN): Red para la investigaci\u00f3n e innovaci\u00f3n en lectura at\u00edpica.&nbsp; Conoce nuestros objetivos >> Conoce qui\u00e9nes somos >> Investigaci\u00f3n Leer M\u00e1s >> Recursos Leer M\u00e1s [&hellip;]","og_url":"https:\/\/grupo.us.es\/redlectin\/","og_site_name":"Red Lectin","article_modified_time":"2024-02-13T13:11:52+00:00","og_image":[{"url":"https:\/\/grupo.us.es\/redlectin\/wp-content\/uploads\/2024\/01\/001-Imagen-portada.jpg","type":"","width":"","height":""}],"twitter_card":"summary_large_image","twitter_misc":{"Tiempo de lectura":"1 minuto"},"schema":{"@context":"https:\/\/schema.org","@graph":[{"@type":"WebPage","@id":"https:\/\/grupo.us.es\/redlectin\/","url":"https:\/\/grupo.us.es\/redlectin\/","name":"Inicio - Red Lectin","isPartOf":{"@id":"https:\/\/grupo.us.es\/redlectin\/#website"},"primaryImageOfPage":{"@id":"https:\/\/grupo.us.es\/redlectin\/#primaryimage"},"image":{"@id":"https:\/\/grupo.us.es\/redlectin\/#primaryimage"},"thumbnailUrl":"https:\/\/grupo.us.es\/redlectin\/wp-content\/uploads\/2024\/01\/001-Imagen-portada.jpg","datePublished":"2022-03-14T08:20:56+00:00","dateModified":"2024-02-13T13:11:52+00:00","inLanguage":"es","potentialAction":[{"@type":"ReadAction","target":["https:\/\/grupo.us.es\/redlectin\/"]}]},{"@type":"ImageObject","inLanguage":"es","@id":"https:\/\/grupo.us.es\/redlectin\/#primaryimage","url":"https:\/\/grupo.us.es\/redlectin\/wp-content\/uploads\/2024\/01\/001-Imagen-portada.jpg","contentUrl":"https:\/\/grupo.us.es\/redlectin\/wp-content\/uploads\/2024\/01\/001-Imagen-portada.jpg","width":1024,"height":1024,"caption":"Imagen portada: Grupo de personas sentadas en circulo leyendo alrededor de unos libros"},{"@type":"WebSite","@id":"https:\/\/grupo.us.es\/redlectin\/#website","url":"https:\/\/grupo.us.es\/redlectin\/","name":"Red Lectin","description":"Red Lectura inclusiva: Red para la investigaci\u00f3n e innovaci\u00f3n en lectura at\u00edpica","publisher":{"@id":"https:\/\/grupo.us.es\/redlectin\/#organization"},"potentialAction":[{"@type":"SearchAction","target":{"@type":"EntryPoint","urlTemplate":"https:\/\/grupo.us.es\/redlectin\/?s={search_term_string}"},"query-input":{"@type":"PropertyValueSpecification","valueRequired":true,"valueName":"search_term_string"}}],"inLanguage":"es"},{"@type":"Organization","@id":"https:\/\/grupo.us.es\/redlectin\/#organization","name":"Red Lectin","url":"https:\/\/grupo.us.es\/redlectin\/","logo":{"@type":"ImageObject","inLanguage":"es","@id":"https:\/\/grupo.us.es\/redlectin\/#\/schema\/logo\/image\/","url":"https:\/\/grupo.us.es\/redlectin\/wp-content\/uploads\/2022\/03\/logo_us.png","contentUrl":"https:\/\/grupo.us.es\/redlectin\/wp-content\/uploads\/2022\/03\/logo_us.png","width":300,"height":307,"caption":"Red Lectin"},"image":{"@id":"https:\/\/grupo.us.es\/redlectin\/#\/schema\/logo\/image\/"}}]}},"_links":{"self":[{"href":"https:\/\/grupo.us.es\/redlectin\/wp-json\/wp\/v2\/pages\/14","targetHints":{"allow":["GET"]}}],"collection":[{"href":"https:\/\/grupo.us.es\/redlectin\/wp-json\/wp\/v2\/pages"}],"about":[{"href":"https:\/\/grupo.us.es\/redlectin\/wp-json\/wp\/v2\/types\/page"}],"author":[{"embeddable":true,"href":"https:\/\/grupo.us.es\/redlectin\/wp-json\/wp\/v2\/users\/1"}],"replies":[{"embeddable":true,"href":"https:\/\/grupo.us.es\/redlectin\/wp-json\/wp\/v2\/comments?post=14"}],"version-history":[{"count":0,"href":"https:\/\/grupo.us.es\/redlectin\/wp-json\/wp\/v2\/pages\/14\/revisions"}],"wp:attachment":[{"href":"https:\/\/grupo.us.es\/redlectin\/wp-json\/wp\/v2\/media?parent=14"}],"curies":[{"name":"wp","href":"https:\/\/api.w.org\/{rel}","templated":true}]}}