{"id":2,"date":"2024-01-16T10:34:30","date_gmt":"2024-01-16T09:34:30","guid":{"rendered":"https:\/\/grupo.us.es\/railus\/?page_id=2"},"modified":"2024-03-08T16:18:06","modified_gmt":"2024-03-08T15:18:06","slug":"training","status":"publish","type":"page","link":"https:\/\/grupo.us.es\/railus\/training\/","title":{"rendered":"Training"},"content":{"rendered":"\n<h2 class=\"wp-block-heading\">PhD Thesis<\/h2>\n\n\n\n<ul>\n<li class=\"has-medium-font-size\"><a href=\"https:\/\/idus.us.es\/handle\/11441\/126574?locale-attribute=en\" target=\"_blank\" rel=\"noreferrer noopener\">Nuevo m\u00e9todo de medici\u00f3n de geometr\u00eda de la v\u00eda con un sistema embarcado en un veh\u00edculo comercial<\/a> (2021). <strong>Author<\/strong>: Eduardo Briales. <strong>Supervisors<\/strong>: Jos\u00e9 L. Escalona and Juan Valverde.<\/li>\n\n\n\n<li class=\"has-medium-font-size\"><a href=\"https:\/\/idus.us.es\/handle\/11441\/91839\" target=\"_blank\" rel=\"noreferrer noopener\">Wheel-rail contact force measurement. A comparison between distance laser and strain gauges measuring technology<\/a> (2019). <strong>Author<\/strong>: Pedro Urda. <strong>Supervisors<\/strong>: Jos\u00e9 L. Escalona y Sergio Mu\u00f1oz.<\/li>\n\n\n\n<li class=\"has-medium-font-size\"><a href=\"https:\/\/idus.us.es\/handle\/11441\/41389\" target=\"_blank\" rel=\"noreferrer noopener\">Multibody modeling of railway vehicles and experimental validation<\/a> (2016). <strong>Author<\/strong>: Javier Fern\u00e1ndez Aceituno. <strong>Supervisor<\/strong>: Jos\u00e9 L. Escalona.<\/li>\n\n\n\n<li class=\"has-medium-font-size\"><a href=\"https:\/\/prisma.us.es\/publicacion\/161946\" target=\"_blank\" rel=\"noreferrer noopener\">Simulation of coupled railroad vehicle-flexible track dynamics using moving modes and Krylov subspaces techniques<\/a> (2015). <strong>Author<\/strong>: Antonio Mart\u00edn Recuero. <strong>Supervisor<\/strong>: Jos\u00e9 L. Escalona.<\/li>\n\n\n\n<li class=\"has-medium-font-size\"><a href=\"https:\/\/idus.us.es\/handle\/11441\/24281\" target=\"_blank\" rel=\"noreferrer noopener\">Simulaci\u00f3n din\u00e1mica del movimiento de veh\u00edculos ferroviarios en v\u00edas deformables<\/a> (2011). <strong>Author<\/strong>: Rosario Chamorro Moreno. <strong>Supervisor<\/strong>: Jos\u00e9 L. Escalona.                                                                                          <\/li>\n<\/ul>\n\n\n\n<h2 class=\"wp-block-heading\">Master Thesis<\/h2>\n\n\n\n<ul>\n<li class=\"has-medium-font-size\"><a href=\"https:\/\/idus.us.es\/handle\/11441\/148559\">Desarrollo de Sistemas Experimentales para la Medici\u00f3n de la Geometr\u00eda de V\u00edas<\/a> (2023). <strong>Autor<\/strong>: Miguel Rodr\u00edguez G\u00f3mez. <strong>Tutores<\/strong>: Jos\u00e9 L. Escalona y Pedro Urda.  <\/li>\n\n\n\n<li class=\"has-medium-font-size\"><a href=\"https:\/\/biblus.us.es\/bibing\/proyectos\/abreproy\/72242\/fichero\/TFM-2242+G%C3%93MEZ+STEENACKERS%2C+ANTONIO.pdf\" target=\"_blank\" rel=\"noreferrer noopener\">Medida de la posici\u00f3n relativa rueda-carril en veh\u00edculos ferroviarios mediante visi\u00f3n artificial<\/a> (2022). <strong>Autor<\/strong>: Antonio G\u00f3mez Steenackers. <strong>Tutores<\/strong>: Jos\u00e9 L. Escalona y Sergio Mu\u00f1oz.<\/li>\n\n\n\n<li class=\"has-medium-font-size\"><a href=\"https:\/\/biblus.us.es\/bibing\/proyectos\/abreproy\/71951\/\" target=\"_blank\" rel=\"noreferrer noopener\">Calibraci\u00f3n y puesta a punto de un sistema de visi\u00f3n artifical para la auscultaci\u00f3n geom\u00e9trica de v\u00edas ferroviarias<\/a> (2021). <strong>Autor<\/strong>: \u00c1lvaro Casas Mart\u00ednez. <strong>Tutor<\/strong>: Jos\u00e9 L. Escalona.<\/li>\n\n\n\n<li class=\"has-medium-font-size\"><a href=\"https:\/\/biblus.us.es\/bibing\/proyectos\/abreproy\/71191\/\" target=\"_blank\" rel=\"noreferrer noopener\">Observaci\u00f3n de Estados de un Veh\u00edculo a Control Remoto Mediante Modelo de Sistema Multicuerpo, Medidas Inerciales y Visi\u00f3n Artificial<\/a> (2018). <strong>Autor<\/strong>: Pedro Urda G\u00f3mez. <strong>Tutor<\/strong>: Sergio Mu\u00f1oz.<\/li>\n\n\n\n<li class=\"has-medium-font-size\"><a href=\"https:\/\/biblus.us.es\/bibing\/proyectos\/abreproy\/70721\/\" target=\"_blank\" rel=\"noreferrer noopener\">Auscultaci\u00f3n geom\u00e9trica de carriles mediante sensores inerciales y filtros complementarios<\/a> (2017). <strong>Autor<\/strong>: Jes\u00fas Ortega Almir\u00f3n. <strong>Tutor<\/strong>: Jos\u00e9 L. Escalona.   <\/li>\n\n\n\n<li class=\"has-medium-font-size\"><a href=\"https:\/\/biblus.us.es\/bibing\/proyectos\/abreproy\/5500\/\" target=\"_blank\" rel=\"noreferrer noopener\">Dise\u00f1o de una v\u00eda de tren y de mecanismos que simulen irregularidades en ella<\/a> (2015). <strong>Autor<\/strong>: Francisco Javier de la Vi\u00f1a Reina. <strong>Tutora<\/strong>: Rosario Chamorro Moreno.  <\/li>\n\n\n\n<li class=\"has-medium-font-size\"><a href=\"https:\/\/biblus.us.es\/bibing\/proyectos\/abreproy\/70467\/\" target=\"_blank\" rel=\"noreferrer noopener\">Modelo de simulaci\u00f3n ferroviaria con tablas precalculadas y an\u00e1lisis simb\u00f3lico<\/a> (2013). <strong>Autor<\/strong>: Javier Fern\u00e1ndez Aceituno. <strong>Tutor<\/strong>: Jos\u00e9 L. Escalona.  <\/li>\n\n\n\n<li class=\"has-medium-font-size\"><a href=\"https:\/\/biblus.us.es\/bibing\/proyectos\/abreproy\/4829\/\" target=\"_blank\" rel=\"noreferrer noopener\">Validaci\u00f3n de un programa de simulaci\u00f3n din\u00e1mica de veh\u00edculos ferroviarios mediante el Benchmark de Manchester<\/a> (2010). <strong>Autor<\/strong>: Juan Gabriel Delgado Beltr\u00e1n. <strong>Tutor<\/strong>: Jos\u00e9 L. Escalona. <\/li>\n\n\n\n<li class=\"has-medium-font-size\"><a href=\"https:\/\/biblus.us.es\/bibing\/proyectos\/abreproy\/4541\/\" target=\"_blank\" rel=\"noreferrer noopener\">Programaci\u00f3n de un preprocesador de v\u00edas para la simulaci\u00f3n din\u00e1mica de veh\u00edculos ferroviarios mediante sistemas multicuerpo<\/a> (2009). <strong>Autor<\/strong>: Enrique Naz Mel\u00f3n. <strong>Tutor<\/strong>: Jos\u00e9 L. Escalona. <\/li>\n\n\n\n<li class=\"has-medium-font-size\"><a href=\"https:\/\/biblus.us.es\/bibing\/proyectos\/abreproy\/4454\/\" target=\"_blank\" rel=\"noreferrer noopener\">Estabilidad lateral de veh\u00edculos ferroviarios<\/a> (2008). <strong>Autor<\/strong>: Jos\u00e9 \u00c1ngel Rodr\u00edguez Fern\u00e1ndez. <strong>Tutor<\/strong>: Jos\u00e9 L. Escalona.    <\/li>\n\n\n\n<li class=\"has-medium-font-size\"><a href=\"https:\/\/biblus.us.es\/bibing\/proyectos\/abreproy\/3933\" target=\"_blank\" rel=\"noreferrer noopener\">Simulaci\u00f3n din\u00e1mica de un veh\u00edculo ferroviario con ADAMS Rail<\/a> (2006). <strong>Autor<\/strong>: Juan Ant\u00fanez Mar\u00edn. <strong>Tutor<\/strong>: Jos\u00e9 L. Escalona.  <\/li>\n\n\n\n<li class=\"has-medium-font-size\"><a href=\"https:\/\/biblus.us.es\/bibing\/proyectos\/abreproy\/3997\/\" target=\"_blank\" rel=\"noreferrer noopener\">Desarrollo de un m\u00e9todo de contacto el\u00e1stico para simulaci\u00f3n din\u00e1mica de ejes ferroviarios<\/a> (2006). <strong>Autor<\/strong>: Juan Antonio Ballesteros Gallardo. <strong>Tutor<\/strong>: Jos\u00e9 L. Escalona.                            <\/li>\n<\/ul>\n\n\n\n<h2 class=\"wp-block-heading\">Bachelor Thesis<\/h2>\n\n\n\n<ul>\n<li class=\"has-medium-font-size\"><a href=\"https:\/\/idus.us.es\/handle\/11441\/143256\" target=\"_blank\" rel=\"noreferrer noopener\">Modelado y simulaci\u00f3n de un veh\u00edculo auscultador para una v\u00eda ferroviaria a escala<\/a> (2021). <strong>Autor<\/strong>: Miguel Rodr\u00edguez G\u00f3mez. <strong>Tutor<\/strong>: Jos\u00e9 L. Escalona.       <\/li>\n\n\n\n<li class=\"has-medium-font-size\"><a href=\"https:\/\/biblus.us.es\/bibing\/proyectos\/abreproy\/93802\/\" target=\"_blank\" rel=\"noreferrer noopener\">Dise\u00f1o de un veh\u00edculo auscultador para v\u00edas f\u00e9rreas a escala<\/a> (2021). <strong>Autor<\/strong>: Antonio Exp\u00f3sito Agudo. <strong>Tutora<\/strong>: Rosario Chamorro Moreno.      <\/li>\n\n\n\n<li class=\"has-medium-font-size\"><a href=\"https:\/\/biblus.us.es\/bibing\/proyectos\/abreproy\/93168\/\" target=\"_blank\" rel=\"noreferrer noopener\">Adaptaci\u00f3n del IMechE Railway Challenge. Dise\u00f1o de TPEUS<\/a> (2020). <strong>Autor<\/strong>: Jos\u00e9 Mar\u00eda Ram\u00edrez Ruiz. <strong>Tutora<\/strong>: Rosario Chamorro Moreno.      <\/li>\n\n\n\n<li class=\"has-medium-font-size\"><a href=\"https:\/\/biblus.us.es\/bibing\/proyectos\/abreproy\/93082\/\" target=\"_blank\" rel=\"noreferrer noopener\">An\u00e1lisis modal mediante elementos finitos de una v\u00eda ferroviaria a escala<\/a> (2020). <strong>Autor<\/strong>: Juan Jos\u00e9 Soler Medina. <strong>Tutora<\/strong>: Rosario Chamorro Moreno.      <\/li>\n\n\n\n<li class=\"has-medium-font-size\"><a href=\"https:\/\/biblus.us.es\/bibing\/proyectos\/abreproy\/92596\/fichero\/TFG-2596-BALLESTER.pdf\" target=\"_blank\" rel=\"noreferrer noopener\">An\u00e1lisis modal experimental de una v\u00eda ferroviaria a escala<\/a> (2019). <strong>Autora<\/strong>: Roc\u00edo Ballester Sola. <strong>Tutora<\/strong>: Rosario Chamorro Moreno.      <\/li>\n\n\n\n<li class=\"has-medium-font-size\"><a href=\"https:\/\/biblus.us.es\/bibing\/proyectos\/abreproy\/92691\/\" target=\"_blank\" rel=\"noreferrer noopener\">Dise\u00f1o, fabricaci\u00f3n, montaje y puesta a punto de un veh\u00edculo aut\u00f3nomo para la auscultaci\u00f3n geom\u00e9trica de una v\u00eda ferroviaria a escala<\/a> (2019). <strong>Autor<\/strong>: Rafael \u00c1lvarez Pariente. <strong>Tutor<\/strong>: Jos\u00e9 L. Escalona.               <\/li>\n\n\n\n<li class=\"has-medium-font-size\"><a href=\"https:\/\/biblus.us.es\/bibing\/proyectos\/abreproy\/90508\/\" target=\"_blank\" rel=\"noreferrer noopener\">Instrumentaci\u00f3n de un veh\u00edculo ferroviario para la auscultaci\u00f3n din\u00e1mica con sistemas de visi\u00f3n artificial<\/a> (2015). <strong>Autor<\/strong>: Juan Manuel Amador Olivares. <strong>Tutor<\/strong>: Jos\u00e9 L. Escalona. <\/li>\n\n\n\n<li class=\"has-medium-font-size\"><a href=\"https:\/\/biblus.us.es\/bibing\/proyectos\/abreproy\/90526\/\" target=\"_blank\" rel=\"noreferrer noopener\">T\u00e9cnica de videocorrelaci\u00f3n aplicada al estudio del contacto entre s\u00f3lidos<\/a> (2015). <strong>Autor<\/strong>: Roberto Serrano Cabello. <strong>Tutora<\/strong>: Rosario Chamorro Moreno.      <\/li>\n<\/ul>\n\n\n\n<p><\/p>\n","protected":false},"excerpt":{"rendered":"<p>PhD Thesis Master Thesis Bachelor Thesis<\/p>\n","protected":false},"author":1,"featured_media":0,"parent":0,"menu_order":0,"comment_status":"closed","ping_status":"open","template":"","meta":{"neve_meta_sidebar":"","neve_meta_container":"","neve_meta_enable_content_width":"","neve_meta_content_width":0,"neve_meta_title_alignment":"","neve_meta_author_avatar":"","neve_post_elements_order":"","neve_meta_disable_header":"","neve_meta_disable_footer":"","neve_meta_disable_title":"","_ti_tpc_template_sync":false,"_ti_tpc_template_id":"","footnotes":""},"_links":{"self":[{"href":"https:\/\/grupo.us.es\/railus\/wp-json\/wp\/v2\/pages\/2"}],"collection":[{"href":"https:\/\/grupo.us.es\/railus\/wp-json\/wp\/v2\/pages"}],"about":[{"href":"https:\/\/grupo.us.es\/railus\/wp-json\/wp\/v2\/types\/page"}],"author":[{"embeddable":true,"href":"https:\/\/grupo.us.es\/railus\/wp-json\/wp\/v2\/users\/1"}],"replies":[{"embeddable":true,"href":"https:\/\/grupo.us.es\/railus\/wp-json\/wp\/v2\/comments?post=2"}],"version-history":[{"count":14,"href":"https:\/\/grupo.us.es\/railus\/wp-json\/wp\/v2\/pages\/2\/revisions"}],"predecessor-version":[{"id":581,"href":"https:\/\/grupo.us.es\/railus\/wp-json\/wp\/v2\/pages\/2\/revisions\/581"}],"wp:attachment":[{"href":"https:\/\/grupo.us.es\/railus\/wp-json\/wp\/v2\/media?parent=2"}],"curies":[{"name":"wp","href":"https:\/\/api.w.org\/{rel}","templated":true}]}}