{"id":481,"date":"2024-06-19T12:16:28","date_gmt":"2024-06-19T10:16:28","guid":{"rendered":"http:\/\/grupo.us.es\/raildynus\/?page_id=481"},"modified":"2024-06-20T12:26:12","modified_gmt":"2024-06-20T10:26:12","slug":"tgms","status":"publish","type":"page","link":"http:\/\/grupo.us.es\/raildynus\/tgms\/","title":{"rendered":"TGMS"},"content":{"rendered":"\n<p class=\"has-medium-font-size\"><strong>System for the estimation of track irregularities based on inertial sensors and computer vision<\/strong><\/p>\n\n\n\n<figure class=\"wp-block-pullquote alignwide has-text-align-center has-small-font-size\"><blockquote><p><br>A new Track Geometry Measuring System (TGMS) was developed to be installed in railway vehicles for the estimation of lateral and vertical track irregularities. The TGMS includes a computer for data acquisition and process, a set of sensors including an inertial measuring unit (IMU, 3D gyroscope and 3D accelerometer), two video cameras and an encoder. The kinematic description, that is borrowed from the multibody dynamics analysis of railway vehicles used in computer simulation codes, is used to calculate the relative motion between the vehicle and the track, and also for the computer vision system and its calibration. The multibody framework is thus used to find the formulas that are needed to calculate the track irregularities (gauge, cross-level, alignment and vertical profile) as a function of sensor data. The TGMS has been experimentally tested in a 1:10 scaled vehicle and track specifically designed for this investigation. The geometric irregularities of a 90 m-scale track have been measured with an alternative and accurate method and the results are compared with the results of the TGMS. Results show a good agreement between both methods of calculation of the geometric irregularities.<br><img loading=\"lazy\" decoding=\"async\" width=\"600\" height=\"256\" class=\"wp-image-485\" style=\"width: 600px;\" src=\"http:\/\/grupo.us.es\/raildynus\/wp-content\/uploads\/2024\/06\/foto1.jpg\" alt=\"\" srcset=\"http:\/\/grupo.us.es\/raildynus\/wp-content\/uploads\/2024\/06\/foto1.jpg 2047w, http:\/\/grupo.us.es\/raildynus\/wp-content\/uploads\/2024\/06\/foto1-300x128.jpg 300w, http:\/\/grupo.us.es\/raildynus\/wp-content\/uploads\/2024\/06\/foto1-1024x436.jpg 1024w, http:\/\/grupo.us.es\/raildynus\/wp-content\/uploads\/2024\/06\/foto1-768x327.jpg 768w, http:\/\/grupo.us.es\/raildynus\/wp-content\/uploads\/2024\/06\/foto1-1536x654.jpg 1536w\" sizes=\"(max-width: 600px) 100vw, 600px\" \/><br><em>Fig.1. Scaled instrumented vehicle with TGMS<\/em><br><br><img loading=\"lazy\" decoding=\"async\" width=\"500\" height=\"416\" class=\"wp-image-550\" style=\"width: 500px;\" src=\"http:\/\/grupo.us.es\/raildynus\/wp-content\/uploads\/2024\/06\/graficaNuevo.jpg\" alt=\"\" srcset=\"http:\/\/grupo.us.es\/raildynus\/wp-content\/uploads\/2024\/06\/graficaNuevo.jpg 1700w, http:\/\/grupo.us.es\/raildynus\/wp-content\/uploads\/2024\/06\/graficaNuevo-300x249.jpg 300w, http:\/\/grupo.us.es\/raildynus\/wp-content\/uploads\/2024\/06\/graficaNuevo-1024x851.jpg 1024w, http:\/\/grupo.us.es\/raildynus\/wp-content\/uploads\/2024\/06\/graficaNuevo-768x638.jpg 768w, http:\/\/grupo.us.es\/raildynus\/wp-content\/uploads\/2024\/06\/graficaNuevo-1536x1277.jpg 1536w\" sizes=\"(max-width: 500px) 100vw, 500px\" \/><img loading=\"lazy\" decoding=\"async\" width=\"500\" height=\"416\" class=\"wp-image-487\" style=\"width: 500px;\" src=\"http:\/\/grupo.us.es\/raildynus\/wp-content\/uploads\/2024\/06\/foto3.jpg\" alt=\"\" srcset=\"http:\/\/grupo.us.es\/raildynus\/wp-content\/uploads\/2024\/06\/foto3.jpg 1356w, http:\/\/grupo.us.es\/raildynus\/wp-content\/uploads\/2024\/06\/foto3-300x250.jpg 300w, http:\/\/grupo.us.es\/raildynus\/wp-content\/uploads\/2024\/06\/foto3-1024x852.jpg 1024w, http:\/\/grupo.us.es\/raildynus\/wp-content\/uploads\/2024\/06\/foto3-768x639.jpg 768w\" sizes=\"(max-width: 500px) 100vw, 500px\" \/><br><em>Fig.2. Estimation of track irregularities<\/em><br><br><\/p><\/blockquote><\/figure>\n\n\n\n<p class=\"has-medium-font-size\"><a href=\"https:\/\/10.3390\/s21030683\">A trac<\/a><a href=\"https:\/\/10.3390\/s21030683\" target=\"_blank\" rel=\"noreferrer noopener\">k geometry measuring system based on <\/a><a href=\"https:\/\/10.3390\/s21030683\">multibody kinematics, inertial sensors and computer vision<\/a> (2021). Escalona, Jos\u00e9 L. ; Urda, Pedro; Mu\u00f1oz, Sergio. <em>Sensors. <\/em><\/p>\n\n\n\n<p class=\"has-medium-font-size\"><a href=\"https:\/\/doi.org\/10.1080\/00423114.2023.2203865\" target=\"_blank\" rel=\"noreferrer noopener\">Estimation of the trajectory and attitude of railway vehicles using inertial sensors with application to track geometry measurement <\/a>(2023). Gonz\u00e1lez-Carbajal, J.; Urda, Pedro; Mu\u00f1oz, Sergio; Escalona, Jos\u00e9 L. <em>Vehicle System Dynamics. <\/em><\/p>\n\n\n\n<div style=\"height:100px\" aria-hidden=\"true\" class=\"wp-block-spacer\"><\/div>\n","protected":false},"excerpt":{"rendered":"<p>System for the estimation of track irregularities based on inertial sensors and computer vision A new Track Geometry Measuring System (TGMS) was developed to be installed in railway vehicles for the estimation of lateral and vertical track irregularities. The TGMS includes a computer for data acquisition and process, a set of sensors including an inertial&hellip;&nbsp;<a href=\"http:\/\/grupo.us.es\/raildynus\/tgms\/\" class=\"\" rel=\"bookmark\">Leer m\u00e1s &raquo;<span class=\"screen-reader-text\">TGMS<\/span><\/a><\/p>\n","protected":false},"author":1,"featured_media":0,"parent":0,"menu_order":0,"comment_status":"closed","ping_status":"closed","template":"","meta":{"neve_meta_sidebar":"","neve_meta_container":"","neve_meta_enable_content_width":"","neve_meta_content_width":0,"neve_meta_title_alignment":"","neve_meta_author_avatar":"","neve_post_elements_order":"","neve_meta_disable_header":"","neve_meta_disable_footer":"","neve_meta_disable_title":"","footnotes":""},"_links":{"self":[{"href":"http:\/\/grupo.us.es\/raildynus\/wp-json\/wp\/v2\/pages\/481"}],"collection":[{"href":"http:\/\/grupo.us.es\/raildynus\/wp-json\/wp\/v2\/pages"}],"about":[{"href":"http:\/\/grupo.us.es\/raildynus\/wp-json\/wp\/v2\/types\/page"}],"author":[{"embeddable":true,"href":"http:\/\/grupo.us.es\/raildynus\/wp-json\/wp\/v2\/users\/1"}],"replies":[{"embeddable":true,"href":"http:\/\/grupo.us.es\/raildynus\/wp-json\/wp\/v2\/comments?post=481"}],"version-history":[{"count":10,"href":"http:\/\/grupo.us.es\/raildynus\/wp-json\/wp\/v2\/pages\/481\/revisions"}],"predecessor-version":[{"id":552,"href":"http:\/\/grupo.us.es\/raildynus\/wp-json\/wp\/v2\/pages\/481\/revisions\/552"}],"wp:attachment":[{"href":"http:\/\/grupo.us.es\/raildynus\/wp-json\/wp\/v2\/media?parent=481"}],"curies":[{"name":"wp","href":"https:\/\/api.w.org\/{rel}","templated":true}]}}