{"id":2406,"date":"2021-02-02T17:56:04","date_gmt":"2021-02-02T17:56:04","guid":{"rendered":"http:\/\/grupo.us.es\/psycoms\/?page_id=2406"},"modified":"2023-09-03T15:43:43","modified_gmt":"2023-09-03T15:43:43","slug":"produccion-cientifica","status":"publish","type":"page","link":"https:\/\/grupo.us.es\/psycoms\/produccion-cientifica\/","title":{"rendered":"Producci\u00f3n Cient\u00edfica"},"content":{"rendered":"<p><section class=\"kc-elm kc-css-842879 kc_row\"><div class=\"kc-row-container  kc-container\"><div class=\"kc-wrap-columns\"><div class=\"kc-elm kc-css-141825 kc_col-sm-6 kc_column kc_col-sm-6\"><div class=\"kc-col-container\"><div class=\"kc-elm kc-css-644506 kc_row kc_row_inner\"><div class=\"kc-elm kc-css-403314 kc_col-sm-12 kc_column_inner kc_col-sm-12\"><div class=\"kc_wrapper kc-col-inner-container\">\n<div class=\"kc-elm kc-css-29297 kc-title-wrap \">\n\n\t<h1 class=\"kc_title\">Isabel Mar\u00eda Herrera S\u00e1nchez<\/h1>\n<\/div>\n<div class=\"kc-elm kc-css-465298 kc_text_block\"><\/p>\n<ul>\n<li>Perfil en ORCID:\u00a0<a href=\"https:\/\/orcid.org\/0000-0003-0452-1834\" target=\"_blank\" rel=\"noopener\">0000-0003-0452-1834<\/a><\/li>\n<li>Perfil en ResearcherID: <a href=\"http:\/\/www.researcherid.com\/rid\/K-4777-2012\" target=\"_blank\" rel=\"noopener\">K-4777-2012<\/a><\/li>\n<li>Perfil en Scopus: <a href=\"https:\/\/www.scopus.com\/authid\/detail.uri?authorId=55845838300\" target=\"_blank\" rel=\"noopener\">55845838300<\/a><\/li>\n<li>Perfil en Dialnet: <a href=\"https:\/\/dialnet.unirioja.es\/servlet\/autor?codigo=1169466\" target=\"_blank\" rel=\"noopener\">1169466<\/a><\/li>\n<\/ul>\n<p>\n<\/div><\/div><\/div><\/div><div class=\"kc-elm kc-css-565998 kc_row kc_row_inner\"><div class=\"kc-elm kc-css-839897 kc_col-sm-12 kc_column_inner kc_col-sm-12\"><div class=\"kc_wrapper kc-col-inner-container\">\n<div class=\"kc-elm kc-css-852210 kc-title-wrap \">\n\n\t<h1 class=\"kc_title\">Silvia Medina Anzano<\/h1>\n<\/div>\n<div class=\"kc-elm kc-css-586950 kc_text_block\"><\/p>\n<ul>\n<li>Perfil en ORCID:\u00a0<a href=\"https:\/\/orcid.org\/0000-0003-0579-2863\" target=\"_blank\" rel=\"noopener\">0000-0003-0579-2863<\/a><\/li>\n<li>Perfil en ResearcherID: <a href=\"http:\/\/www.researcherid.com\/rid\/C-6375-2017\" target=\"_blank\" rel=\"noopener\">C-6375-2017<\/a><\/li>\n<li>Perfil en Scopus: <a href=\"https:\/\/www.scopus.com\/authid\/detail.uri?authorId=37103479800#:~:text=all%20author%20info-,37103479800,-Learn%20more%20about\" target=\"_blank\" rel=\"noopener\">37103479800<\/a><\/li>\n<li>Perfil en Dialnet:\u00a0<a href=\"https:\/\/dialnet.unirioja.es\/servlet\/autor?codigo=985376\" target=\"_blank\" rel=\"noopener\">985376<\/a><\/li>\n<\/ul>\n<p>\n<\/div><\/div><\/div><\/div><\/div><\/div><div class=\"kc-elm kc-css-552279 kc_col-sm-6 kc_column kc_col-sm-6\"><div class=\"kc-col-container\"><div class=\"kc-elm kc-css-731768 kc_row kc_row_inner\"><div class=\"kc-elm kc-css-501351 kc_col-sm-12 kc_column_inner kc_col-sm-12\"><div class=\"kc_wrapper kc-col-inner-container\">\n<div class=\"kc-elm kc-css-536376 kc-title-wrap \">\n\n\t<h1 class=\"kc_title\">Samuel Rueda M\u00e9ndez<\/h1>\n<\/div>\n<div class=\"kc-elm kc-css-176041 kc_text_block\"><\/p>\n<ul>\n<li>Perfil en ORCID:\u00a0<a href=\"https:\/\/orcid.org\/0000-0002-9543-0294\" target=\"_blank\" rel=\"noopener\">0000-0002-9543-0294<\/a><\/li>\n<li>Perfil en ResearcherID: <a href=\"http:\/\/www.researcherid.com\/rid\/F-9967-2016\" target=\"_blank\" rel=\"noopener\">F-9967-2016<\/a><\/li>\n<li>Perfil en Scopus: <a href=\"https:\/\/www.scopus.com\/authid\/detail.uri?authorId=56118147200\" target=\"_blank\" rel=\"noopener\">56118147200<\/a><\/li>\n<li>Perfil en Dialnet: <a href=\"https:\/\/dialnet.unirioja.es\/servlet\/autor?codigo=985455\" target=\"_blank\" rel=\"noopener\">985455<\/a><\/li>\n<\/ul>\n<p>\n<\/div><\/div><\/div><\/div><div class=\"kc-elm kc-css-955907 kc_row kc_row_inner\"><div class=\"kc-elm kc-css-451972 kc_col-sm-12 kc_column_inner kc_col-sm-12\"><div class=\"kc_wrapper kc-col-inner-container\">\n<div class=\"kc-elm kc-css-240367 kc-title-wrap \">\n\n\t<h1 class=\"kc_title\">Sara Vera Gil<\/h1>\n<\/div>\n<div class=\"kc-elm kc-css-549518 kc_text_block\"><\/p>\n<ul>\n<li>Perfil en ORCID: <a href=\"https:\/\/orcid.org\/0000-0001-7026-1992\" target=\"_blank\" rel=\"noopener\">0000-0001-7026-1992<\/a><\/li>\n<li>Perfil en ResearcherID: <a href=\"https:\/\/publons.com\/researcher\/2251169\/sara-vera-gil\/\" target=\"_blank\" rel=\"noopener\">J-1927-2016<\/a><\/li>\n<li>Perfil en Dialnet:\u00a0<a href=\"https:\/\/dialnet.unirioja.es\/servlet\/autor?codigo=2924851\" target=\"_blank\" rel=\"noopener\">2924851<\/a><\/li>\n<\/ul>\n<p>\n<\/div><\/div><\/div><\/div><\/div><\/div><\/div><\/div><\/section><section class=\"kc-elm kc-css-977084 kc_row\"><div class=\"kc-row-container  kc-container\"><div class=\"kc-wrap-columns\"><div class=\"kc-elm kc-css-141318 kc_col-sm-4 kc_column kc_col-sm-4\"><div class=\"kc-col-container\">\n<div class=\"kc-elm kc-css-461809 kc-title-wrap \">\n\n\t<h1 class=\"kc_title\">Isabel Mar\u00eda Herrera S\u00e1nchez<\/h1>\n<\/div>\n<div class=\"kc-elm kc-css-396363 kc_text_block\"><\/p>\n<ul>\n<li>Perfil en ORCID:\u00a0<a href=\"https:\/\/orcid.org\/0000-0003-0452-1834\" target=\"_blank\" rel=\"noopener\">0000-0003-0452-1834<\/a><\/li>\n<li>Perfil en ResearcherID: <a href=\"http:\/\/www.researcherid.com\/rid\/K-4777-2012\" target=\"_blank\" rel=\"noopener\">K-4777-2012<\/a><\/li>\n<li>Perfil en Scopus: <a href=\"https:\/\/www.scopus.com\/authid\/detail.uri?authorId=55845838300\" target=\"_blank\" rel=\"noopener\">55845838300<\/a><\/li>\n<li>Perfil en Dialnet: <a href=\"https:\/\/dialnet.unirioja.es\/servlet\/autor?codigo=1169466\" target=\"_blank\" rel=\"noopener\">1169466<\/a><\/li>\n<\/ul>\n<p>\n<\/div><\/div><\/div><div class=\"kc-elm kc-css-805630 kc_col-sm-4 kc_column kc_col-sm-4\"><div class=\"kc-col-container\">\n<div class=\"kc-elm kc-css-588094 kc-title-wrap \">\n\n\t<h1 class=\"kc_title\">Silvia Medina Anzano<\/h1>\n<\/div>\n<div class=\"kc-elm kc-css-689688 kc_text_block\"><\/p>\n<ul>\n<li>Perfil en ORCID:\u00a0<a href=\"https:\/\/orcid.org\/0000-0003-0579-2863\" target=\"_blank\" rel=\"noopener\">0000-0003-0579-2863<\/a><\/li>\n<li>Perfil en ResearcherID: <a href=\"http:\/\/www.researcherid.com\/rid\/C-6375-2017\" target=\"_blank\" rel=\"noopener\">C-6375-2017<\/a><\/li>\n<li>Perfil en Dialnet:\u00a0<a href=\"https:\/\/dialnet.unirioja.es\/servlet\/autor?codigo=985376\" target=\"_blank\" rel=\"noopener\">985376<\/a><\/li>\n<\/ul>\n<p>\n<\/div><\/div><\/div><div class=\"kc-elm kc-css-688665 kc_col-sm-4 kc_column kc_col-sm-4\"><div class=\"kc-col-container\">\n<div class=\"kc-elm kc-css-952743 kc-title-wrap \">\n\n\t<h1 class=\"kc_title\">Samuel Rueda M\u00e9ndez<\/h1>\n<\/div>\n<div class=\"kc-elm kc-css-546400 kc_text_block\"><\/p>\n<ul>\n<li>Perfil en ORCID:\u00a0<a href=\"https:\/\/orcid.org\/0000-0002-9543-0294\" target=\"_blank\" rel=\"noopener\">0000-0002-9543-0294<\/a><\/li>\n<li>Perfil en ResearcherID: <a href=\"http:\/\/www.researcherid.com\/rid\/F-9967-2016\" target=\"_blank\" rel=\"noopener\">F-9967-2016<\/a><\/li>\n<li>Perfil en Scopus: <a href=\"https:\/\/www.scopus.com\/authid\/detail.uri?authorId=56118147200\" target=\"_blank\" rel=\"noopener\">56118147200<\/a><\/li>\n<li>Perfil en Dialnet: <a href=\"https:\/\/dialnet.unirioja.es\/servlet\/autor?codigo=985455\" target=\"_blank\" rel=\"noopener\">985455<\/a><\/li>\n<\/ul>\n<p>\n<\/div><\/div><\/div><\/div><\/div><\/section><section class=\"kc-elm kc-css-623073 kc_row\"><div class=\"kc-row-container  kc-container\"><div class=\"kc-wrap-columns\"><div class=\"kc-elm kc-css-939988 kc_col-sm-12 kc_column kc_col-sm-12\"><div class=\"kc-col-container\"><div class=\"kc-elm kc-css-444044\" style=\"height: 20px; clear: both; width:100%;\"><\/div><\/div><\/div><\/div><\/div><\/section><section data-kc-fullwidth=\"row\" class=\"kc-elm kc-css-326027 kc_row\"><div class=\"kc-row-container  kc-container\"><div class=\"kc-wrap-columns\"><div class=\"kc-elm kc-css-222096 kc_col-sm-6 kc_column kc_col-sm-6\"><div class=\"kc-col-container\">\n<div class=\"kc-elm kc-css-366371 kc-title-wrap \">\n\n\t<h2 class=\"kc_title\">SEJ626: Intervenci\u00f3n Psicosocial y Comunitaria en Salud<\/h2>\n<\/div>\n\n<div class=\"kc-elm kc-css-333524 kc-title-wrap \">\n\n\t<h3 class=\"kc_title stage-title font-md lil-line\">L\u00edneas de Investigaci\u00f3n<\/h3>\n<\/div>\n<div class=\"kc-elm kc-css-291156 kc_text_block\"><\/p>\n<ul>\n<li>Atenci\u00f3n a Colectivos Vulnerables<\/li>\n<li>Evaluaci\u00f3n de Programas<\/li>\n<li>Prevenci\u00f3n y Promoci\u00f3n en Salud<\/li>\n<li>Metodolog\u00eda de la Intervenci\u00f3n Social y Comunitaria<\/li>\n<li>Prevenci\u00f3n Adicciones<\/li>\n<li>Promoci\u00f3n de la Salud Sexual<\/li>\n<\/ul>\n<p>\n<\/div><\/div><\/div><div class=\"kc-elm kc-css-896503 kc_col-sm-6 kc_column kc_col-sm-6\"><div class=\"kc-col-container\"><\/div><\/div><\/div><\/div><\/section><\/p>\n","protected":false},"excerpt":{"rendered":"","protected":false},"author":1,"featured_media":3249,"parent":0,"menu_order":0,"comment_status":"closed","ping_status":"closed","template":"","meta":{"footnotes":""},"class_list":["post-2406","page","type-page","status-publish","has-post-thumbnail","hentry"],"yoast_head":"<!-- This site is optimized with the Yoast SEO plugin v27.5 - https:\/\/yoast.com\/product\/yoast-seo-wordpress\/ -->\n<title>Producci\u00f3n Cient\u00edfica - Grupo de Investigaci\u00f3n<\/title>\n<meta name=\"robots\" content=\"index, follow, max-snippet:-1, max-image-preview:large, max-video-preview:-1\" \/>\n<link rel=\"canonical\" href=\"https:\/\/grupo.us.es\/psycoms\/produccion-cientifica\/\" \/>\n<meta property=\"og:locale\" content=\"es_ES\" \/>\n<meta property=\"og:type\" content=\"article\" \/>\n<meta property=\"og:title\" content=\"Producci\u00f3n Cient\u00edfica - Grupo de Investigaci\u00f3n\" \/>\n<meta property=\"og:description\" content=\"Isabel Mar\u00eda Herrera S\u00e1nchez Perfil en ORCID:\u00a00000-0003-0452-1834 Perfil en ResearcherID: K-4777-2012 Perfil en Scopus: 55845838300 Perfil en Dialnet: 1169466 Silvia Medina Anzano Perfil en ORCID:\u00a00000-0003-0579-2863 Perfil en ResearcherID: C-6375-2017 Perfil en Scopus: 37103479800 Perfil en Dialnet:\u00a0985376 Samuel Rueda M\u00e9ndez Perfil en ORCID:\u00a00000-0002-9543-0294 Perfil en ResearcherID: F-9967-2016 Perfil en Scopus: 56118147200 Perfil en Dialnet: 985455 Sara [&hellip;]\" \/>\n<meta property=\"og:url\" content=\"https:\/\/grupo.us.es\/psycoms\/produccion-cientifica\/\" \/>\n<meta property=\"og:site_name\" content=\"Grupo de Investigaci\u00f3n\" \/>\n<meta property=\"article:modified_time\" content=\"2023-09-03T15:43:43+00:00\" \/>\n<meta property=\"og:image\" content=\"https:\/\/grupo.us.es\/psycoms\/wp-content\/uploads\/2022\/01\/library-1147815_1920.jpg\" \/>\n\t<meta property=\"og:image:width\" content=\"1920\" \/>\n\t<meta property=\"og:image:height\" content=\"1271\" \/>\n\t<meta property=\"og:image:type\" content=\"image\/jpeg\" \/>\n<meta name=\"twitter:card\" content=\"summary_large_image\" \/>\n<meta name=\"twitter:label1\" content=\"Tiempo de lectura\" \/>\n\t<meta name=\"twitter:data1\" content=\"2 minutos\" \/>\n<script type=\"application\/ld+json\" class=\"yoast-schema-graph\">{\"@context\":\"https:\\\/\\\/schema.org\",\"@graph\":[{\"@type\":\"WebPage\",\"@id\":\"https:\\\/\\\/grupo.us.es\\\/psycoms\\\/produccion-cientifica\\\/\",\"url\":\"https:\\\/\\\/grupo.us.es\\\/psycoms\\\/produccion-cientifica\\\/\",\"name\":\"Producci\u00f3n Cient\u00edfica - Grupo de Investigaci\u00f3n\",\"isPartOf\":{\"@id\":\"https:\\\/\\\/grupo.us.es\\\/psycoms\\\/#website\"},\"primaryImageOfPage\":{\"@id\":\"https:\\\/\\\/grupo.us.es\\\/psycoms\\\/produccion-cientifica\\\/#primaryimage\"},\"image\":{\"@id\":\"https:\\\/\\\/grupo.us.es\\\/psycoms\\\/produccion-cientifica\\\/#primaryimage\"},\"thumbnailUrl\":\"https:\\\/\\\/grupo.us.es\\\/psycoms\\\/wp-content\\\/uploads\\\/2022\\\/01\\\/library-1147815_1920.jpg\",\"datePublished\":\"2021-02-02T17:56:04+00:00\",\"dateModified\":\"2023-09-03T15:43:43+00:00\",\"breadcrumb\":{\"@id\":\"https:\\\/\\\/grupo.us.es\\\/psycoms\\\/produccion-cientifica\\\/#breadcrumb\"},\"inLanguage\":\"es\",\"potentialAction\":[{\"@type\":\"ReadAction\",\"target\":[\"https:\\\/\\\/grupo.us.es\\\/psycoms\\\/produccion-cientifica\\\/\"]}]},{\"@type\":\"ImageObject\",\"inLanguage\":\"es\",\"@id\":\"https:\\\/\\\/grupo.us.es\\\/psycoms\\\/produccion-cientifica\\\/#primaryimage\",\"url\":\"https:\\\/\\\/grupo.us.es\\\/psycoms\\\/wp-content\\\/uploads\\\/2022\\\/01\\\/library-1147815_1920.jpg\",\"contentUrl\":\"https:\\\/\\\/grupo.us.es\\\/psycoms\\\/wp-content\\\/uploads\\\/2022\\\/01\\\/library-1147815_1920.jpg\",\"width\":1920,\"height\":1271},{\"@type\":\"BreadcrumbList\",\"@id\":\"https:\\\/\\\/grupo.us.es\\\/psycoms\\\/produccion-cientifica\\\/#breadcrumb\",\"itemListElement\":[{\"@type\":\"ListItem\",\"position\":1,\"name\":\"Inicio\",\"item\":\"https:\\\/\\\/grupo.us.es\\\/psycoms\\\/\"},{\"@type\":\"ListItem\",\"position\":2,\"name\":\"Producci\u00f3n Cient\u00edfica\"}]},{\"@type\":\"WebSite\",\"@id\":\"https:\\\/\\\/grupo.us.es\\\/psycoms\\\/#website\",\"url\":\"https:\\\/\\\/grupo.us.es\\\/psycoms\\\/\",\"name\":\"Grupo de Investigaci\u00f3n\",\"description\":\"Departamento de Psicolog\u00eda Social de la Universidad de Sevilla\",\"potentialAction\":[{\"@type\":\"SearchAction\",\"target\":{\"@type\":\"EntryPoint\",\"urlTemplate\":\"https:\\\/\\\/grupo.us.es\\\/psycoms\\\/?s={search_term_string}\"},\"query-input\":{\"@type\":\"PropertyValueSpecification\",\"valueRequired\":true,\"valueName\":\"search_term_string\"}}],\"inLanguage\":\"es\"}]}<\/script>\n<!-- \/ Yoast SEO plugin. -->","yoast_head_json":{"title":"Producci\u00f3n Cient\u00edfica - Grupo de Investigaci\u00f3n","robots":{"index":"index","follow":"follow","max-snippet":"max-snippet:-1","max-image-preview":"max-image-preview:large","max-video-preview":"max-video-preview:-1"},"canonical":"https:\/\/grupo.us.es\/psycoms\/produccion-cientifica\/","og_locale":"es_ES","og_type":"article","og_title":"Producci\u00f3n Cient\u00edfica - Grupo de Investigaci\u00f3n","og_description":"Isabel Mar\u00eda Herrera S\u00e1nchez Perfil en ORCID:\u00a00000-0003-0452-1834 Perfil en ResearcherID: K-4777-2012 Perfil en Scopus: 55845838300 Perfil en Dialnet: 1169466 Silvia Medina Anzano Perfil en ORCID:\u00a00000-0003-0579-2863 Perfil en ResearcherID: C-6375-2017 Perfil en Scopus: 37103479800 Perfil en Dialnet:\u00a0985376 Samuel Rueda M\u00e9ndez Perfil en ORCID:\u00a00000-0002-9543-0294 Perfil en ResearcherID: F-9967-2016 Perfil en Scopus: 56118147200 Perfil en Dialnet: 985455 Sara [&hellip;]","og_url":"https:\/\/grupo.us.es\/psycoms\/produccion-cientifica\/","og_site_name":"Grupo de Investigaci\u00f3n","article_modified_time":"2023-09-03T15:43:43+00:00","og_image":[{"width":1920,"height":1271,"url":"https:\/\/grupo.us.es\/psycoms\/wp-content\/uploads\/2022\/01\/library-1147815_1920.jpg","type":"image\/jpeg"}],"twitter_card":"summary_large_image","twitter_misc":{"Tiempo de lectura":"2 minutos"},"schema":{"@context":"https:\/\/schema.org","@graph":[{"@type":"WebPage","@id":"https:\/\/grupo.us.es\/psycoms\/produccion-cientifica\/","url":"https:\/\/grupo.us.es\/psycoms\/produccion-cientifica\/","name":"Producci\u00f3n Cient\u00edfica - Grupo de Investigaci\u00f3n","isPartOf":{"@id":"https:\/\/grupo.us.es\/psycoms\/#website"},"primaryImageOfPage":{"@id":"https:\/\/grupo.us.es\/psycoms\/produccion-cientifica\/#primaryimage"},"image":{"@id":"https:\/\/grupo.us.es\/psycoms\/produccion-cientifica\/#primaryimage"},"thumbnailUrl":"https:\/\/grupo.us.es\/psycoms\/wp-content\/uploads\/2022\/01\/library-1147815_1920.jpg","datePublished":"2021-02-02T17:56:04+00:00","dateModified":"2023-09-03T15:43:43+00:00","breadcrumb":{"@id":"https:\/\/grupo.us.es\/psycoms\/produccion-cientifica\/#breadcrumb"},"inLanguage":"es","potentialAction":[{"@type":"ReadAction","target":["https:\/\/grupo.us.es\/psycoms\/produccion-cientifica\/"]}]},{"@type":"ImageObject","inLanguage":"es","@id":"https:\/\/grupo.us.es\/psycoms\/produccion-cientifica\/#primaryimage","url":"https:\/\/grupo.us.es\/psycoms\/wp-content\/uploads\/2022\/01\/library-1147815_1920.jpg","contentUrl":"https:\/\/grupo.us.es\/psycoms\/wp-content\/uploads\/2022\/01\/library-1147815_1920.jpg","width":1920,"height":1271},{"@type":"BreadcrumbList","@id":"https:\/\/grupo.us.es\/psycoms\/produccion-cientifica\/#breadcrumb","itemListElement":[{"@type":"ListItem","position":1,"name":"Inicio","item":"https:\/\/grupo.us.es\/psycoms\/"},{"@type":"ListItem","position":2,"name":"Producci\u00f3n Cient\u00edfica"}]},{"@type":"WebSite","@id":"https:\/\/grupo.us.es\/psycoms\/#website","url":"https:\/\/grupo.us.es\/psycoms\/","name":"Grupo de Investigaci\u00f3n","description":"Departamento de Psicolog\u00eda Social de la Universidad de Sevilla","potentialAction":[{"@type":"SearchAction","target":{"@type":"EntryPoint","urlTemplate":"https:\/\/grupo.us.es\/psycoms\/?s={search_term_string}"},"query-input":{"@type":"PropertyValueSpecification","valueRequired":true,"valueName":"search_term_string"}}],"inLanguage":"es"}]}},"_links":{"self":[{"href":"https:\/\/grupo.us.es\/psycoms\/wp-json\/wp\/v2\/pages\/2406","targetHints":{"allow":["GET"]}}],"collection":[{"href":"https:\/\/grupo.us.es\/psycoms\/wp-json\/wp\/v2\/pages"}],"about":[{"href":"https:\/\/grupo.us.es\/psycoms\/wp-json\/wp\/v2\/types\/page"}],"author":[{"embeddable":true,"href":"https:\/\/grupo.us.es\/psycoms\/wp-json\/wp\/v2\/users\/1"}],"replies":[{"embeddable":true,"href":"https:\/\/grupo.us.es\/psycoms\/wp-json\/wp\/v2\/comments?post=2406"}],"version-history":[{"count":0,"href":"https:\/\/grupo.us.es\/psycoms\/wp-json\/wp\/v2\/pages\/2406\/revisions"}],"wp:featuredmedia":[{"embeddable":true,"href":"https:\/\/grupo.us.es\/psycoms\/wp-json\/wp\/v2\/media\/3249"}],"wp:attachment":[{"href":"https:\/\/grupo.us.es\/psycoms\/wp-json\/wp\/v2\/media?parent=2406"}],"curies":[{"name":"wp","href":"https:\/\/api.w.org\/{rel}","templated":true}]}}