{"id":1990,"date":"2018-09-27T04:18:43","date_gmt":"2018-09-27T04:18:43","guid":{"rendered":"https:\/\/rushmore.dev\/?page_id=1990"},"modified":"2022-07-21T15:50:25","modified_gmt":"2022-07-21T15:50:25","slug":"school-home","status":"publish","type":"page","link":"https:\/\/grupo.us.es\/psycoms\/","title":{"rendered":"Inicio"},"content":{"rendered":"<p><section data-kc-fullwidth=\"row\" class=\"kc-elm kc-css-267850 kc_row\"><div class=\"kc-row-container  kc-container\"><div class=\"kc-wrap-columns\"><div class=\"kc-elm kc-css-329656 kc_col-sm-6 kc_column kc_col-sm-6\"><div class=\"kc-col-container\"><\/div><\/div><div class=\"kc-elm kc-css-3161 kc_col-sm-6 kc_column kc_col-sm-6\"><div class=\"kc-col-container\">\n<div class=\"kc-elm kc-css-228764 kc-title-wrap \">\n\n\t<h1 class=\"kc_title\">PsycomS<\/h1>\n<\/div>\n<div class=\"kc-elm kc-css-256471 kc_text_block\"><\/p>\n<h2>Intervenci\u00f3n Psicosocial y Comunitaria en Salud<\/h2>\n<p>\n<\/div><a href=\"http:\/\/grupo.us.es\/psycoms\/contacto\/\" title=\"\" target=\"_self\" class=\"btn btn-action btn-gules kc-elm kc-css-908355\">Contacto<\/a><\/div><\/div><\/div><\/div><\/section><section data-kc-fullwidth=\"row\" class=\"kc-elm kc-css-41655 kc_row\"><div class=\"kc-row-container  kc-container\"><div class=\"kc-wrap-columns\"><div class=\"kc-elm kc-css-111350 kc_col-sm-6 kc_column kc_col-sm-6\"><div class=\"kc-col-container\">\n<div class=\"kc-elm kc-css-243190 kc-title-wrap \">\n\n\t<h2 class=\"kc_title\">SEJ626: Intervenci\u00f3n Psicosocial y Comunitaria en Salud<\/h2>\n<\/div>\n\n<div class=\"kc-elm kc-css-881350 kc-title-wrap \">\n\n\t<h3 class=\"kc_title stage-title font-md lil-line\">L\u00edneas de Investigaci\u00f3n<\/h3>\n<\/div>\n<div class=\"kc-elm kc-css-390728 kc_text_block\"><\/p>\n<ul>\n<li>Atenci\u00f3n a Colectivos Vulnerables<\/li>\n<li>Evaluaci\u00f3n de Programas<\/li>\n<li>Prevenci\u00f3n y Promoci\u00f3n en Salud<\/li>\n<li>Metodolog\u00eda de la Intervenci\u00f3n Social y Comunitaria<\/li>\n<li>Prevenci\u00f3n Adicciones<\/li>\n<li>Promoci\u00f3n de la Salud Sexual<\/li>\n<\/ul>\n<p>\n<\/div><\/div><\/div><div class=\"kc-elm kc-css-744479 kc_col-sm-6 kc_column kc_col-sm-6\"><div class=\"kc-col-container\"><div class=\"kc-elm kc-css-756067 kc_text_block\"><\/p>\n<p>\nBienvenidos a<\/p>\n<p>\n<\/div>\n<div class=\"kc-elm kc-css-449454 kc-title-wrap \">\n\n\t<h3 class=\"kc_title\">PsycomS<\/h3>\n<\/div>\n<div class=\"kc-elm kc-css-783339 kc_text_block\"><\/p>\n<p>El grupo de investigaci\u00f3n Intervenci\u00f3n Psicosocial y Comunitaria en Salud \u2013 <a href=\"http:\/\/grupo.us.es\/psycoms\/\">PsycomS<\/a> &#8211; (SEJ-626) de la Universidad de Sevilla est\u00e1 constituido por<br \/>investigadores\/as acad\u00e9micos\/as y profesionales del campo de la Psicolog\u00eda.<br \/>Nuestro objetivo es avanzar en el conocimiento de los factores psicosociales y<br \/>comunitarios que influyen la salud y el bienestar, atendiendo de forma<br \/>preferente a colectivos vulnerables. Para ello, dise\u00f1amos, implementamos y<br \/>evaluamos programas basados en los modelos psicosociales explicativos de<br \/>los comportamientos aplicados a la prevenci\u00f3n y promoci\u00f3n de la salud. Para la<br \/>realizaci\u00f3n de nuestras actividades de investigaci\u00f3n desarrollamos<br \/>metodolog\u00edas de car\u00e1cter cuantitativo y cualitativo, adoptando el enfoque de<br \/>investigaci\u00f3n-acci\u00f3n participativa y considerando la perspectiva de g\u00e9nero de<br \/>manera transversal.<\/p>\n<p>\n<\/div><a href=\"http:\/\/grupo.us.es\/psycoms\/recursos\/\" title=\"\" target=\"_self\" class=\"btn btn-action btn-gules kc-elm kc-css-553356\">Ver Recursos<\/a><\/div><\/div><\/div><\/div><\/section><section data-kc-fullwidth=\"content\" class=\"kc-elm kc-css-787806 kc_row\"><div class=\"kc-row-container\"><div class=\"kc-wrap-columns\"><div class=\"kc-elm kc-css-642420 kc_col-sm-6 kc_column kc_col-sm-6\"><div class=\"outofboxright kc-col-container\">\n<div class=\"kc-elm kc-css-145731 kc-title-wrap \">\n\n\t<h2 class=\"kc_title\">Proyectos de Investigaci\u00f3n<\/h2>\n<\/div>\n\n<div class=\"kc-elm kc-css-532209 divider_line\">\n\t<div class=\"divider_inner divider_line1\">\n\t\t\t<\/div>\n<\/div>\n<div class=\"kc-elm kc-css-526966 kc_text_block\"><\/p>\n<p>\n<\/div><a href=\"http:\/\/grupo.us.es\/psycoms\/proyectos\/\" title=\"\" target=\"_self\" class=\"btn btn-action btn-gules kc-elm kc-css-567924\">Ver Proyectos de Investigaci\u00f3n<\/a><\/div><\/div><div class=\"kc-elm kc-css-265630 kc_col-sm-6 kc_column kc_col-sm-6\"><div class=\"outofboxleft kc-col-container\">\n<div class=\"kc-elm kc-css-198363 kc-title-wrap \">\n\n\t<h2 class=\"kc_title\">Producci\u00f3n Cient\u00edfica<\/h2>\n<\/div>\n\n<div class=\"kc-elm kc-css-282650 divider_line\">\n\t<div class=\"divider_inner divider_line1\">\n\t\t\t<\/div>\n<\/div>\n<div class=\"kc-elm kc-css-563503 kc_text_block\"><\/p>\n<p>\n<\/div><a href=\"http:\/\/grupo.us.es\/psycoms\/produccion-cientifica\/\" title=\"\" target=\"_self\" class=\"btn btn-action btn-gules kc-elm kc-css-204271\">Ver Producci\u00f3n Cient\u00edfica<\/a><\/div><\/div><\/div><\/div><\/section><section data-kc-fullwidth=\"row\" class=\"kc-elm kc-css-508972 kc_row\"><div class=\"kc-row-container  kc-container\"><div class=\"kc-wrap-columns\"><div class=\"kc-elm kc-css-805485 kc_col-sm-12 kc_column kc_col-sm-12\"><div class=\"kc-col-container\">\n<div class=\"kc-elm kc-css-72901 kc-title-wrap \">\n\n\t<h2 class=\"kc_title\">Latest News<\/h2>\n<\/div>\n\n<div class=\"kc-elm kc-css-279953 divider_line\">\n\t<div class=\"divider_inner divider_line1\">\n\t\t\t<\/div>\n<\/div>\n\n<div class=\"kc-elm kc-css-19214 kc-blog-posts kc-blog-posts-3 kc-blog-grid kc_blog_masonry kc-image-align-both\">\n\t\n\t\t<h3>Blog Post: Nothing not found.<\/h3>\n\n\t\n<\/div>\n<div class=\"kc-elm kc-css-638728 kc_row kc_row_inner\"><div class=\"kc-elm kc-css-278524 kc_col-sm-12 kc_column_inner kc_col-sm-12\"><div class=\"kc_wrapper kc-col-inner-container\"><a href=\"https:\/\/academix.wpcolorlab.com\/blog\/\" title=\"\" target=\"_self\" class=\"btn btn-action btn-gules kc-elm kc-css-255377\">Read All<\/a><\/div><\/div><\/div><\/div><\/div><\/div><\/div><\/section><section class=\"kc-elm kc-css-586794 kc_row\"><div class=\"kc-row-container  kc-container\"><div class=\"kc-wrap-columns\"><div class=\"kc-elm kc-css-959651 kc_col-sm-12 kc_column kc_col-sm-12\"><div class=\"kc-col-container\">\n<div class=\"kc-elm kc-css-118732 kc-title-wrap \">\n\n\t<h2 class=\"kc_title\">Equipo<\/h2>\n<\/div>\n\n<div class=\"kc-elm kc-css-231238 divider_line\">\n\t<div class=\"divider_inner divider_line1\">\n\t\t\t<\/div>\n<\/div>\n<\/div><\/div><\/div><\/div><\/section><section class=\"kc-elm kc-css-951552 kc_row\"><div class=\"kc-row-container  kc-container\"><div class=\"kc-wrap-columns\"><\/div><\/div><\/section><section class=\"kc-elm kc-css-793351 kc_row\"><div class=\"kc-row-container  kc-container\"><div class=\"kc-wrap-columns\"><div class=\"kc-elm kc-css-940601 kc_col-sm-12 kc_column kc_col-sm-12\"><div class=\"kc-col-container\"><a href=\"http:\/\/grupo.us.es\/psycoms\/equipo\/\" title=\"\" target=\"_self\" class=\"btn btn-action btn-gules kc-elm kc-css-436529\">Ver Equipo<\/a><div class=\"kc-elm kc-css-229769\" style=\"height: 100px; clear: both; width:100%;\"><\/div><\/div><\/div><\/div><\/div><\/section><section data-kc-fullwidth=\"row\" class=\"kc-elm kc-css-630235 kc_row\"><div class=\"kc-row-container  kc-container\"><div class=\"kc-wrap-columns\"><div class=\"kc-elm kc-css-353948 kc_col-sm-12 kc_column kc_col-sm-12\"><div class=\"kc-col-container\"><div class=\"kc-elm kc-css-558573\" style=\"height: 500px; clear: both; width:100%;\"><\/div><\/div><\/div><\/div><\/div><\/section><\/p>\n","protected":false},"excerpt":{"rendered":"","protected":false},"author":1,"featured_media":0,"parent":0,"menu_order":0,"comment_status":"closed","ping_status":"closed","template":"","meta":{"footnotes":""},"class_list":["post-1990","page","type-page","status-publish","hentry"],"yoast_head":"<!-- This site is optimized with the Yoast SEO plugin v27.5 - https:\/\/yoast.com\/product\/yoast-seo-wordpress\/ -->\n<title>Inicio - Grupo de Investigaci\u00f3n<\/title>\n<meta name=\"description\" content=\"El grupo de investigaci\u00f3n Intervenci\u00f3n Psicosocial y Comunitaria en Salud \u2013 PsycomS - (SEJ-626) de la Universidad de Sevilla est\u00e1 constituido por investigadores\/as acad\u00e9micos\/as y profesionales del campo de la Psicolog\u00eda.\" \/>\n<meta name=\"robots\" content=\"index, follow, max-snippet:-1, max-image-preview:large, max-video-preview:-1\" \/>\n<link rel=\"canonical\" href=\"https:\/\/grupo.us.es\/psycoms\/\" \/>\n<meta property=\"og:locale\" content=\"es_ES\" \/>\n<meta property=\"og:type\" content=\"article\" \/>\n<meta property=\"og:title\" content=\"Inicio - Grupo de Investigaci\u00f3n\" \/>\n<meta property=\"og:description\" content=\"El grupo de investigaci\u00f3n Intervenci\u00f3n Psicosocial y Comunitaria en Salud \u2013 PsycomS - (SEJ-626) de la Universidad de Sevilla est\u00e1 constituido por investigadores\/as acad\u00e9micos\/as y profesionales del campo de la Psicolog\u00eda.\" \/>\n<meta property=\"og:url\" content=\"https:\/\/grupo.us.es\/psycoms\/\" \/>\n<meta property=\"og:site_name\" content=\"Grupo de Investigaci\u00f3n\" \/>\n<meta property=\"article:modified_time\" content=\"2022-07-21T15:50:25+00:00\" \/>\n<meta property=\"og:image\" content=\"http:\/\/grupo.us.es\/psycoms\/wp-content\/uploads\/2022\/02\/team_home_isabel-150x150.png\" \/>\n<meta name=\"twitter:card\" content=\"summary_large_image\" \/>\n<meta name=\"twitter:label1\" content=\"Tiempo de lectura\" \/>\n\t<meta name=\"twitter:data1\" content=\"2 minutos\" \/>\n<script type=\"application\/ld+json\" class=\"yoast-schema-graph\">{\"@context\":\"https:\\\/\\\/schema.org\",\"@graph\":[{\"@type\":\"WebPage\",\"@id\":\"https:\\\/\\\/grupo.us.es\\\/psycoms\\\/\",\"url\":\"https:\\\/\\\/grupo.us.es\\\/psycoms\\\/\",\"name\":\"Inicio - Grupo de Investigaci\u00f3n\",\"isPartOf\":{\"@id\":\"https:\\\/\\\/grupo.us.es\\\/psycoms\\\/#website\"},\"primaryImageOfPage\":{\"@id\":\"https:\\\/\\\/grupo.us.es\\\/psycoms\\\/#primaryimage\"},\"image\":{\"@id\":\"https:\\\/\\\/grupo.us.es\\\/psycoms\\\/#primaryimage\"},\"thumbnailUrl\":\"http:\\\/\\\/grupo.us.es\\\/psycoms\\\/wp-content\\\/uploads\\\/2022\\\/02\\\/team_home_isabel-150x150.png\",\"datePublished\":\"2018-09-27T04:18:43+00:00\",\"dateModified\":\"2022-07-21T15:50:25+00:00\",\"description\":\"El grupo de investigaci\u00f3n Intervenci\u00f3n Psicosocial y Comunitaria en Salud \u2013 PsycomS - (SEJ-626) de la Universidad de Sevilla est\u00e1 constituido por investigadores\\\/as acad\u00e9micos\\\/as y profesionales del campo de la Psicolog\u00eda.\",\"breadcrumb\":{\"@id\":\"https:\\\/\\\/grupo.us.es\\\/psycoms\\\/#breadcrumb\"},\"inLanguage\":\"es\",\"potentialAction\":[{\"@type\":\"ReadAction\",\"target\":[\"https:\\\/\\\/grupo.us.es\\\/psycoms\\\/\"]}]},{\"@type\":\"ImageObject\",\"inLanguage\":\"es\",\"@id\":\"https:\\\/\\\/grupo.us.es\\\/psycoms\\\/#primaryimage\",\"url\":\"https:\\\/\\\/grupo.us.es\\\/psycoms\\\/wp-content\\\/uploads\\\/2022\\\/02\\\/team_home_isabel.png\",\"contentUrl\":\"https:\\\/\\\/grupo.us.es\\\/psycoms\\\/wp-content\\\/uploads\\\/2022\\\/02\\\/team_home_isabel.png\",\"width\":350,\"height\":350},{\"@type\":\"BreadcrumbList\",\"@id\":\"https:\\\/\\\/grupo.us.es\\\/psycoms\\\/#breadcrumb\",\"itemListElement\":[{\"@type\":\"ListItem\",\"position\":1,\"name\":\"Inicio\",\"item\":\"https:\\\/\\\/grupo.us.es\\\/psycoms\\\/\"},{\"@type\":\"ListItem\",\"position\":2,\"name\":\"Inicio\"}]},{\"@type\":\"WebSite\",\"@id\":\"https:\\\/\\\/grupo.us.es\\\/psycoms\\\/#website\",\"url\":\"https:\\\/\\\/grupo.us.es\\\/psycoms\\\/\",\"name\":\"Grupo de Investigaci\u00f3n\",\"description\":\"Departamento de Psicolog\u00eda Social de la Universidad de Sevilla\",\"potentialAction\":[{\"@type\":\"SearchAction\",\"target\":{\"@type\":\"EntryPoint\",\"urlTemplate\":\"https:\\\/\\\/grupo.us.es\\\/psycoms\\\/?s={search_term_string}\"},\"query-input\":{\"@type\":\"PropertyValueSpecification\",\"valueRequired\":true,\"valueName\":\"search_term_string\"}}],\"inLanguage\":\"es\"}]}<\/script>\n<!-- \/ Yoast SEO plugin. -->","yoast_head_json":{"title":"Inicio - Grupo de Investigaci\u00f3n","description":"El grupo de investigaci\u00f3n Intervenci\u00f3n Psicosocial y Comunitaria en Salud \u2013 PsycomS - (SEJ-626) de la Universidad de Sevilla est\u00e1 constituido por investigadores\/as acad\u00e9micos\/as y profesionales del campo de la Psicolog\u00eda.","robots":{"index":"index","follow":"follow","max-snippet":"max-snippet:-1","max-image-preview":"max-image-preview:large","max-video-preview":"max-video-preview:-1"},"canonical":"https:\/\/grupo.us.es\/psycoms\/","og_locale":"es_ES","og_type":"article","og_title":"Inicio - Grupo de Investigaci\u00f3n","og_description":"El grupo de investigaci\u00f3n Intervenci\u00f3n Psicosocial y Comunitaria en Salud \u2013 PsycomS - (SEJ-626) de la Universidad de Sevilla est\u00e1 constituido por investigadores\/as acad\u00e9micos\/as y profesionales del campo de la Psicolog\u00eda.","og_url":"https:\/\/grupo.us.es\/psycoms\/","og_site_name":"Grupo de Investigaci\u00f3n","article_modified_time":"2022-07-21T15:50:25+00:00","og_image":[{"url":"http:\/\/grupo.us.es\/psycoms\/wp-content\/uploads\/2022\/02\/team_home_isabel-150x150.png","type":"","width":"","height":""}],"twitter_card":"summary_large_image","twitter_misc":{"Tiempo de lectura":"2 minutos"},"schema":{"@context":"https:\/\/schema.org","@graph":[{"@type":"WebPage","@id":"https:\/\/grupo.us.es\/psycoms\/","url":"https:\/\/grupo.us.es\/psycoms\/","name":"Inicio - Grupo de Investigaci\u00f3n","isPartOf":{"@id":"https:\/\/grupo.us.es\/psycoms\/#website"},"primaryImageOfPage":{"@id":"https:\/\/grupo.us.es\/psycoms\/#primaryimage"},"image":{"@id":"https:\/\/grupo.us.es\/psycoms\/#primaryimage"},"thumbnailUrl":"http:\/\/grupo.us.es\/psycoms\/wp-content\/uploads\/2022\/02\/team_home_isabel-150x150.png","datePublished":"2018-09-27T04:18:43+00:00","dateModified":"2022-07-21T15:50:25+00:00","description":"El grupo de investigaci\u00f3n Intervenci\u00f3n Psicosocial y Comunitaria en Salud \u2013 PsycomS - (SEJ-626) de la Universidad de Sevilla est\u00e1 constituido por investigadores\/as acad\u00e9micos\/as y profesionales del campo de la Psicolog\u00eda.","breadcrumb":{"@id":"https:\/\/grupo.us.es\/psycoms\/#breadcrumb"},"inLanguage":"es","potentialAction":[{"@type":"ReadAction","target":["https:\/\/grupo.us.es\/psycoms\/"]}]},{"@type":"ImageObject","inLanguage":"es","@id":"https:\/\/grupo.us.es\/psycoms\/#primaryimage","url":"https:\/\/grupo.us.es\/psycoms\/wp-content\/uploads\/2022\/02\/team_home_isabel.png","contentUrl":"https:\/\/grupo.us.es\/psycoms\/wp-content\/uploads\/2022\/02\/team_home_isabel.png","width":350,"height":350},{"@type":"BreadcrumbList","@id":"https:\/\/grupo.us.es\/psycoms\/#breadcrumb","itemListElement":[{"@type":"ListItem","position":1,"name":"Inicio","item":"https:\/\/grupo.us.es\/psycoms\/"},{"@type":"ListItem","position":2,"name":"Inicio"}]},{"@type":"WebSite","@id":"https:\/\/grupo.us.es\/psycoms\/#website","url":"https:\/\/grupo.us.es\/psycoms\/","name":"Grupo de Investigaci\u00f3n","description":"Departamento de Psicolog\u00eda Social de la Universidad de Sevilla","potentialAction":[{"@type":"SearchAction","target":{"@type":"EntryPoint","urlTemplate":"https:\/\/grupo.us.es\/psycoms\/?s={search_term_string}"},"query-input":{"@type":"PropertyValueSpecification","valueRequired":true,"valueName":"search_term_string"}}],"inLanguage":"es"}]}},"_links":{"self":[{"href":"https:\/\/grupo.us.es\/psycoms\/wp-json\/wp\/v2\/pages\/1990","targetHints":{"allow":["GET"]}}],"collection":[{"href":"https:\/\/grupo.us.es\/psycoms\/wp-json\/wp\/v2\/pages"}],"about":[{"href":"https:\/\/grupo.us.es\/psycoms\/wp-json\/wp\/v2\/types\/page"}],"author":[{"embeddable":true,"href":"https:\/\/grupo.us.es\/psycoms\/wp-json\/wp\/v2\/users\/1"}],"replies":[{"embeddable":true,"href":"https:\/\/grupo.us.es\/psycoms\/wp-json\/wp\/v2\/comments?post=1990"}],"version-history":[{"count":0,"href":"https:\/\/grupo.us.es\/psycoms\/wp-json\/wp\/v2\/pages\/1990\/revisions"}],"wp:attachment":[{"href":"https:\/\/grupo.us.es\/psycoms\/wp-json\/wp\/v2\/media?parent=1990"}],"curies":[{"name":"wp","href":"https:\/\/api.w.org\/{rel}","templated":true}]}}