{"id":13,"date":"2020-09-02T20:14:45","date_gmt":"2020-09-02T20:14:45","guid":{"rendered":"http:\/\/grupo.us.es\/psycoms\/?page_id=13"},"modified":"2023-01-20T21:51:03","modified_gmt":"2023-01-20T21:51:03","slug":"recursos","status":"publish","type":"page","link":"https:\/\/grupo.us.es\/psycoms\/recursos\/","title":{"rendered":"Recursos"},"content":{"rendered":"<p><section class=\"kc-elm kc-css-584546 kc_row\"><div class=\"kc-row-container  kc-container\"><div class=\"kc-wrap-columns\"><div class=\"kc-elm kc-css-90056 kc_col-sm-12 kc_column kc_col-sm-12\"><div class=\"kc-col-container\"><div class=\"kc-elm kc-css-99018 kc_row kc_row_inner\"><div class=\"kc-elm kc-css-974064 kc_col-sm-12 kc_column_inner kc_col-sm-12\"><div class=\"kc_wrapper kc-col-inner-container\">\n<div class=\"kc-elm kc-css-892402 kc-title-wrap \">\n\n\t<h1 class=\"kc_title\">GU\u00cdAS<\/h1>\n<\/div>\n<\/div><\/div><\/div><\/div><\/div><\/div><\/div><\/section><section class=\"kc-elm kc-css-994750 kc_row\"><div class=\"kc-row-container  kc-container\"><div class=\"kc-wrap-columns\"><div class=\"kc-elm kc-css-218057 kc_col-sm-12 kc_column kc_col-sm-12\"><div class=\"kc-col-container\"><div class=\"kc-elm kc-css-312006\" style=\"height: 20px; clear: both; width:100%;\"><\/div><\/div><\/div><\/div><\/div><\/section><section class=\"kc-elm kc-css-794806 kc_row\"><div class=\"kc-row-container  kc-container\"><div class=\"kc-wrap-columns\"><div class=\"kc-elm kc-css-955540 kc_col-sm-4 kc_column kc_col-sm-4\"><div class=\"kc-col-container\"><div class=\"kc-elm kc-css-219260 kc_shortcode kc_single_image\">\n\n        <a  href=\"http:\/\/grupo.us.es\/psycoms\/wp-content\/uploads\/2022\/11\/Infografia_PIPND_2022.pdf\" title=\"\" target=\"_blank\">\n        <img decoding=\"async\" data-src=\"https:\/\/grupo.us.es\/psycoms\/wp-content\/uploads\/2022\/11\/Infografia_PIPND_2022-212x300.jpg\" alt=\"Infograf\u00eda PIPND\" src=\"data:image\/svg+xml;base64,PHN2ZyB3aWR0aD0iMSIgaGVpZ2h0PSIxIiB4bWxucz0iaHR0cDovL3d3dy53My5vcmcvMjAwMC9zdmciPjwvc3ZnPg==\" class=\"lazyload\" style=\"--smush-placeholder-width: 212px; --smush-placeholder-aspect-ratio: 212\/300;\" \/>    <\/a>\n    <\/div>\n<\/div><\/div><div class=\"kc-elm kc-css-810347 kc_col-sm-8 kc_column kc_col-sm-8\"><div class=\"kc-col-container\">\n<div class=\"kc-elm kc-css-808782 divider_line\">\n\t<div class=\"divider_inner divider_line1\">\n\t\t\t<\/div>\n<\/div>\n<div class=\"kc-elm kc-css-949957 kc_text_block\"><\/p>\n<h2>Consulta la Infograf\u00eda de &#8220;CaNNbiando: las historias de Laura y de Manu\" haciendo click en la imagen.<\/h2>\n<p>\n<\/div><\/div><\/div><\/div><\/div><\/section><section class=\"kc-elm kc-css-32853 kc_row\"><div class=\"kc-row-container  kc-container\"><div class=\"kc-wrap-columns\"><div class=\"kc-elm kc-css-155155 kc_col-sm-12 kc_column kc_col-sm-12\"><div class=\"kc-col-container\"><div class=\"kc-elm kc-css-700693\" style=\"height: 30px; clear: both; width:100%;\"><\/div><\/div><\/div><\/div><\/div><\/section><section class=\"kc-elm kc-css-987680 kc_row\"><div class=\"kc-row-container  kc-container\"><div class=\"kc-wrap-columns\"><div class=\"kc-elm kc-css-382776 kc_col-sm-4 kc_column kc_col-sm-4\"><div class=\"kc-col-container\"><div class=\"kc-elm kc-css-91348 kc_shortcode kc_single_image\">\n\n        <a  href=\"https:\/\/www.comunicacionsocial.es\/libro\/cannbiando-las-historias-de-paula-y-de-alex_120716\/edicion\/pdf-110565\/\" title=\"\" target=\"_blank\">\n        <img decoding=\"async\" data-src=\"https:\/\/grupo.us.es\/psycoms\/wp-content\/uploads\/2022\/01\/edition-110565-236x346-1-205x300.jpg\" alt=\"\" src=\"data:image\/svg+xml;base64,PHN2ZyB3aWR0aD0iMSIgaGVpZ2h0PSIxIiB4bWxucz0iaHR0cDovL3d3dy53My5vcmcvMjAwMC9zdmciPjwvc3ZnPg==\" class=\"lazyload\" style=\"--smush-placeholder-width: 205px; --smush-placeholder-aspect-ratio: 205\/300;\" \/>    <\/a>\n    <\/div>\n<\/div><\/div><div class=\"kc-elm kc-css-270137 kc_col-sm-8 kc_column kc_col-sm-8\"><div class=\"kc-col-container\">\n<div class=\"kc-elm kc-css-457911 divider_line\">\n\t<div class=\"divider_inner divider_line1\">\n\t\t\t<\/div>\n<\/div>\n<div class=\"kc-elm kc-css-967189 kc_text_block\"><\/p>\n<h2>Puede descargar la GU\u00cdA de &#8220;CaNNbiando: las historias de Paula y de \u00c1lex\" haciendo click en la imagen.<\/h2>\n<p>\n<\/div><\/div><\/div><\/div><\/div><\/section><section class=\"kc-elm kc-css-565954 kc_row\"><div class=\"kc-row-container  kc-container\"><div class=\"kc-wrap-columns\"><div class=\"kc-elm kc-css-833392 kc_col-sm-12 kc_column kc_col-sm-12\"><div class=\"kc-col-container\"><div class=\"kc-elm kc-css-542106\" style=\"height: 30px; clear: both; width:100%;\"><\/div><\/div><\/div><\/div><\/div><\/section><section class=\"kc-elm kc-css-181662 kc_row\"><div class=\"kc-row-container  kc-container\"><div class=\"kc-wrap-columns\"><div class=\"kc-elm kc-css-515094 kc_col-sm-4 kc_column kc_col-sm-4\"><div class=\"kc-col-container\"><div class=\"kc-elm kc-css-697757 kc_shortcode kc_single_image\">\n\n        <a  href=\"http:\/\/grupo.us.es\/psycoms\/wp-content\/uploads\/2021\/04\/Guia_Uso_Escala_Autoeficacia_AF_2012.pdf\" title=\"\" target=\"_blank\">\n        <img decoding=\"async\" data-src=\"https:\/\/grupo.us.es\/psycoms\/wp-content\/uploads\/2021\/04\/guia_autoeficacia-212x300.png\" alt=\"\" src=\"data:image\/svg+xml;base64,PHN2ZyB3aWR0aD0iMSIgaGVpZ2h0PSIxIiB4bWxucz0iaHR0cDovL3d3dy53My5vcmcvMjAwMC9zdmciPjwvc3ZnPg==\" class=\"lazyload\" style=\"--smush-placeholder-width: 212px; --smush-placeholder-aspect-ratio: 212\/300;\" \/>    <\/a>\n    <\/div>\n<\/div><\/div><div class=\"kc-elm kc-css-607941 kc_col-sm-8 kc_column kc_col-sm-8\"><div class=\"kc-col-container\">\n<div class=\"kc-elm kc-css-216687 divider_line\">\n\t<div class=\"divider_inner divider_line1\">\n\t\t\t<\/div>\n<\/div>\n<div class=\"kc-elm kc-css-668018 kc_text_block\"><\/p>\n<h2>Puede descargar la &#8220;GU\u00cdA de USO de la escala de AUTOEFICACIA para la ACTIVIDAD F\u00cdSICA\" haciendo click en la imagen.<\/h2>\n<p>\n<\/div><\/div><\/div><\/div><\/div><\/section><section class=\"kc-elm kc-css-519672 kc_row\"><div class=\"kc-row-container  kc-container\"><div class=\"kc-wrap-columns\"><div class=\"kc-elm kc-css-115411 kc_col-sm-12 kc_column kc_col-sm-12\"><div class=\"kc-col-container\"><div class=\"kc-elm kc-css-339048\" style=\"height: 20px; clear: both; width:100%;\"><\/div>\n<div class=\"kc-elm kc-css-132305 divider_line\">\n\t<div class=\"divider_inner divider_line1\">\n\t\t\t<\/div>\n<\/div>\n<\/div><\/div><\/div><\/div><\/section><section class=\"kc-elm kc-css-729713 kc_row\"><div class=\"kc-row-container  kc-container\"><div class=\"kc-wrap-columns\"><div class=\"kc-elm kc-css-278849 kc_col-sm-8 kc_column kc_col-sm-8\"><div class=\"kc-col-container\">\n<div class=\"kc-elm kc-css-636095 kc-title-wrap \">\n\n\t<h1 class=\"kc_title\">VIDEOS<\/h1>\n<\/div>\n\n<div class=\"kc-elm kc-css-685509 divider_line\">\n\t<div class=\"divider_inner divider_line1\">\n\t\t\t<\/div>\n<\/div>\n<div class=\"kc-elm kc-css-566548 kc_text_block\"><\/p>\n<h4>Cortometrajes basados en el storytelling, destinado a los profesionales de la salud, de la educaci\u00f3n y de la intervenci\u00f3n social y comunitaria, para la prevenci\u00f3n universal y selectiva de drogodependencia, para el empleo con adolescentes entre 12 y 18 a\u00f1os.<\/h4>\n<p>\n<\/div><\/div><\/div><div class=\"kc-elm kc-css-969520 kc_col-sm-4 kc_column kc_col-sm-4\"><div class=\"kc-col-container\"><div class=\"kc-elm kc-css-784804 kc-animated kc-animate-eff-fadeInUp kc_shortcode kc_single_image\">\n\n        <img decoding=\"async\" data-src=\"https:\/\/grupo.us.es\/psycoms\/wp-content\/uploads\/2021\/04\/logo_cannbiando_original-RGB_x2-300x246.png\" alt=\"\" src=\"data:image\/svg+xml;base64,PHN2ZyB3aWR0aD0iMSIgaGVpZ2h0PSIxIiB4bWxucz0iaHR0cDovL3d3dy53My5vcmcvMjAwMC9zdmciPjwvc3ZnPg==\" class=\"lazyload\" style=\"--smush-placeholder-width: 300px; --smush-placeholder-aspect-ratio: 300\/246;\" \/>    <\/div>\n<\/div><\/div><\/div><\/div><\/section><section class=\"kc-elm kc-css-873304 kc_row\"><div class=\"kc-row-container  kc-container\"><div class=\"kc-wrap-columns\"><div class=\"kc-elm kc-css-770632 kc_col-sm-12 kc_column kc_col-sm-12\"><div class=\"kc-col-container\"><div class=\"kc-elm kc-css-233998\" style=\"height: 20px; clear: both; width:100%;\"><\/div><\/div><\/div><\/div><\/div><\/section><section class=\"kc-elm kc-css-135475 kc_row\"><div class=\"kc-row-container  kc-container\"><div class=\"kc-wrap-columns\"><div class=\"kc-elm kc-css-513964 kc_col-sm-6 kc_column kc_col-sm-6\"><div class=\"kc-col-container\"><div class=\"kc-elm kc-css-130392 kc_text_block\"><\/p>\n<p>\n<iframe title=\"YouTube video player\" data-src=\"https:\/\/www.youtube.com\/embed\/drWmtYKlQps\" width=\"560\" height=\"315\" frameborder=\"0\" allowfullscreen=\"allowfullscreen\" src=\"data:image\/svg+xml;base64,PHN2ZyB3aWR0aD0iMSIgaGVpZ2h0PSIxIiB4bWxucz0iaHR0cDovL3d3dy53My5vcmcvMjAwMC9zdmciPjwvc3ZnPg==\" class=\"lazyload\" data-load-mode=\"1\"><\/iframe><\/p>\n<p>\n<\/div><div class=\"kc-elm kc-css-506424\" style=\"height: 20px; clear: both; width:100%;\"><\/div><div class=\"kc-elm kc-css-818114 kc_text_block\"><\/p>\n<p><iframe title=\"YouTube video player\" data-src=\"https:\/\/www.youtube.com\/embed\/mx_Cf4irp_U\" width=\"560\" height=\"315\" frameborder=\"0\" allowfullscreen=\"allowfullscreen\" src=\"data:image\/svg+xml;base64,PHN2ZyB3aWR0aD0iMSIgaGVpZ2h0PSIxIiB4bWxucz0iaHR0cDovL3d3dy53My5vcmcvMjAwMC9zdmciPjwvc3ZnPg==\" class=\"lazyload\" data-load-mode=\"1\"><\/iframe><\/p>\n<p>\n<\/div><\/div><\/div><div class=\"kc-elm kc-css-122150 kc_col-sm-6 kc_column kc_col-sm-6\"><div class=\"kc-col-container\"><div class=\"kc-elm kc-css-585557 kc_text_block\"><\/p>\n<p>\n<iframe title=\"YouTube video player\" data-src=\"https:\/\/www.youtube.com\/embed\/aurQ5Y8rDag\" width=\"560\" height=\"315\" frameborder=\"0\" allowfullscreen=\"allowfullscreen\" src=\"data:image\/svg+xml;base64,PHN2ZyB3aWR0aD0iMSIgaGVpZ2h0PSIxIiB4bWxucz0iaHR0cDovL3d3dy53My5vcmcvMjAwMC9zdmciPjwvc3ZnPg==\" class=\"lazyload\" data-load-mode=\"1\"><\/iframe><\/p>\n<p>\n<\/div><div class=\"kc-elm kc-css-662869\" style=\"height: 20px; clear: both; width:100%;\"><\/div><div class=\"kc-elm kc-css-509478 kc_text_block\"><\/p>\n<p>\n<iframe title=\"YouTube video player\" data-src=\"https:\/\/www.youtube.com\/embed\/gw6o3BcOcMs\" width=\"560\" height=\"315\" frameborder=\"0\" allowfullscreen=\"allowfullscreen\" src=\"data:image\/svg+xml;base64,PHN2ZyB3aWR0aD0iMSIgaGVpZ2h0PSIxIiB4bWxucz0iaHR0cDovL3d3dy53My5vcmcvMjAwMC9zdmciPjwvc3ZnPg==\" class=\"lazyload\" data-load-mode=\"1\"><\/iframe><\/p>\n<p>\n<\/div><\/div><\/div><\/div><\/div><\/section><\/p>\n","protected":false},"excerpt":{"rendered":"","protected":false},"author":1,"featured_media":0,"parent":0,"menu_order":0,"comment_status":"closed","ping_status":"closed","template":"","meta":{"footnotes":""},"class_list":["post-13","page","type-page","status-publish","hentry"],"yoast_head":"<!-- This site is optimized with the Yoast SEO plugin v27.5 - https:\/\/yoast.com\/product\/yoast-seo-wordpress\/ -->\n<title>Recursos - Grupo de Investigaci\u00f3n<\/title>\n<meta name=\"robots\" content=\"index, follow, max-snippet:-1, max-image-preview:large, max-video-preview:-1\" \/>\n<link rel=\"canonical\" href=\"https:\/\/grupo.us.es\/psycoms\/recursos\/\" \/>\n<meta property=\"og:locale\" content=\"es_ES\" \/>\n<meta property=\"og:type\" content=\"article\" \/>\n<meta property=\"og:title\" content=\"Recursos - Grupo de Investigaci\u00f3n\" \/>\n<meta property=\"og:description\" content=\"GU\u00cdAS Consulta la Infograf\u00eda de &#8220;CaNNbiando: las historias de Laura y de Manu&#8221; haciendo click en la imagen. Puede descargar la GU\u00cdA de &#8220;CaNNbiando: las historias de Paula y de \u00c1lex&#8221; haciendo click en la imagen. Puede descargar la &#8220;GU\u00cdA de USO de la escala de AUTOEFICACIA para la ACTIVIDAD F\u00cdSICA&#8221; haciendo click en la [&hellip;]\" \/>\n<meta property=\"og:url\" content=\"https:\/\/grupo.us.es\/psycoms\/recursos\/\" \/>\n<meta property=\"og:site_name\" content=\"Grupo de Investigaci\u00f3n\" \/>\n<meta property=\"article:modified_time\" content=\"2023-01-20T21:51:03+00:00\" \/>\n<meta property=\"og:image\" content=\"http:\/\/grupo.us.es\/psycoms\/wp-content\/uploads\/2022\/11\/Infografia_PIPND_2022-212x300.jpg\" \/>\n<meta name=\"twitter:card\" content=\"summary_large_image\" \/>\n<meta name=\"twitter:label1\" content=\"Tiempo de lectura\" \/>\n\t<meta name=\"twitter:data1\" content=\"2 minutos\" \/>\n<script type=\"application\/ld+json\" class=\"yoast-schema-graph\">{\"@context\":\"https:\\\/\\\/schema.org\",\"@graph\":[{\"@type\":\"WebPage\",\"@id\":\"https:\\\/\\\/grupo.us.es\\\/psycoms\\\/recursos\\\/\",\"url\":\"https:\\\/\\\/grupo.us.es\\\/psycoms\\\/recursos\\\/\",\"name\":\"Recursos - Grupo de Investigaci\u00f3n\",\"isPartOf\":{\"@id\":\"https:\\\/\\\/grupo.us.es\\\/psycoms\\\/#website\"},\"primaryImageOfPage\":{\"@id\":\"https:\\\/\\\/grupo.us.es\\\/psycoms\\\/recursos\\\/#primaryimage\"},\"image\":{\"@id\":\"https:\\\/\\\/grupo.us.es\\\/psycoms\\\/recursos\\\/#primaryimage\"},\"thumbnailUrl\":\"http:\\\/\\\/grupo.us.es\\\/psycoms\\\/wp-content\\\/uploads\\\/2022\\\/11\\\/Infografia_PIPND_2022-212x300.jpg\",\"datePublished\":\"2020-09-02T20:14:45+00:00\",\"dateModified\":\"2023-01-20T21:51:03+00:00\",\"breadcrumb\":{\"@id\":\"https:\\\/\\\/grupo.us.es\\\/psycoms\\\/recursos\\\/#breadcrumb\"},\"inLanguage\":\"es\",\"potentialAction\":[{\"@type\":\"ReadAction\",\"target\":[\"https:\\\/\\\/grupo.us.es\\\/psycoms\\\/recursos\\\/\"]}]},{\"@type\":\"ImageObject\",\"inLanguage\":\"es\",\"@id\":\"https:\\\/\\\/grupo.us.es\\\/psycoms\\\/recursos\\\/#primaryimage\",\"url\":\"https:\\\/\\\/grupo.us.es\\\/psycoms\\\/wp-content\\\/uploads\\\/2022\\\/11\\\/Infografia_PIPND_2022-scaled.jpg\",\"contentUrl\":\"https:\\\/\\\/grupo.us.es\\\/psycoms\\\/wp-content\\\/uploads\\\/2022\\\/11\\\/Infografia_PIPND_2022-scaled.jpg\",\"width\":1811,\"height\":2560},{\"@type\":\"BreadcrumbList\",\"@id\":\"https:\\\/\\\/grupo.us.es\\\/psycoms\\\/recursos\\\/#breadcrumb\",\"itemListElement\":[{\"@type\":\"ListItem\",\"position\":1,\"name\":\"Inicio\",\"item\":\"https:\\\/\\\/grupo.us.es\\\/psycoms\\\/\"},{\"@type\":\"ListItem\",\"position\":2,\"name\":\"Recursos\"}]},{\"@type\":\"WebSite\",\"@id\":\"https:\\\/\\\/grupo.us.es\\\/psycoms\\\/#website\",\"url\":\"https:\\\/\\\/grupo.us.es\\\/psycoms\\\/\",\"name\":\"Grupo de Investigaci\u00f3n\",\"description\":\"Departamento de Psicolog\u00eda Social de la Universidad de Sevilla\",\"potentialAction\":[{\"@type\":\"SearchAction\",\"target\":{\"@type\":\"EntryPoint\",\"urlTemplate\":\"https:\\\/\\\/grupo.us.es\\\/psycoms\\\/?s={search_term_string}\"},\"query-input\":{\"@type\":\"PropertyValueSpecification\",\"valueRequired\":true,\"valueName\":\"search_term_string\"}}],\"inLanguage\":\"es\"}]}<\/script>\n<!-- \/ Yoast SEO plugin. -->","yoast_head_json":{"title":"Recursos - Grupo de Investigaci\u00f3n","robots":{"index":"index","follow":"follow","max-snippet":"max-snippet:-1","max-image-preview":"max-image-preview:large","max-video-preview":"max-video-preview:-1"},"canonical":"https:\/\/grupo.us.es\/psycoms\/recursos\/","og_locale":"es_ES","og_type":"article","og_title":"Recursos - Grupo de Investigaci\u00f3n","og_description":"GU\u00cdAS Consulta la Infograf\u00eda de &#8220;CaNNbiando: las historias de Laura y de Manu&#8221; haciendo click en la imagen. Puede descargar la GU\u00cdA de &#8220;CaNNbiando: las historias de Paula y de \u00c1lex&#8221; haciendo click en la imagen. Puede descargar la &#8220;GU\u00cdA de USO de la escala de AUTOEFICACIA para la ACTIVIDAD F\u00cdSICA&#8221; haciendo click en la [&hellip;]","og_url":"https:\/\/grupo.us.es\/psycoms\/recursos\/","og_site_name":"Grupo de Investigaci\u00f3n","article_modified_time":"2023-01-20T21:51:03+00:00","og_image":[{"url":"http:\/\/grupo.us.es\/psycoms\/wp-content\/uploads\/2022\/11\/Infografia_PIPND_2022-212x300.jpg","type":"","width":"","height":""}],"twitter_card":"summary_large_image","twitter_misc":{"Tiempo de lectura":"2 minutos"},"schema":{"@context":"https:\/\/schema.org","@graph":[{"@type":"WebPage","@id":"https:\/\/grupo.us.es\/psycoms\/recursos\/","url":"https:\/\/grupo.us.es\/psycoms\/recursos\/","name":"Recursos - Grupo de Investigaci\u00f3n","isPartOf":{"@id":"https:\/\/grupo.us.es\/psycoms\/#website"},"primaryImageOfPage":{"@id":"https:\/\/grupo.us.es\/psycoms\/recursos\/#primaryimage"},"image":{"@id":"https:\/\/grupo.us.es\/psycoms\/recursos\/#primaryimage"},"thumbnailUrl":"http:\/\/grupo.us.es\/psycoms\/wp-content\/uploads\/2022\/11\/Infografia_PIPND_2022-212x300.jpg","datePublished":"2020-09-02T20:14:45+00:00","dateModified":"2023-01-20T21:51:03+00:00","breadcrumb":{"@id":"https:\/\/grupo.us.es\/psycoms\/recursos\/#breadcrumb"},"inLanguage":"es","potentialAction":[{"@type":"ReadAction","target":["https:\/\/grupo.us.es\/psycoms\/recursos\/"]}]},{"@type":"ImageObject","inLanguage":"es","@id":"https:\/\/grupo.us.es\/psycoms\/recursos\/#primaryimage","url":"https:\/\/grupo.us.es\/psycoms\/wp-content\/uploads\/2022\/11\/Infografia_PIPND_2022-scaled.jpg","contentUrl":"https:\/\/grupo.us.es\/psycoms\/wp-content\/uploads\/2022\/11\/Infografia_PIPND_2022-scaled.jpg","width":1811,"height":2560},{"@type":"BreadcrumbList","@id":"https:\/\/grupo.us.es\/psycoms\/recursos\/#breadcrumb","itemListElement":[{"@type":"ListItem","position":1,"name":"Inicio","item":"https:\/\/grupo.us.es\/psycoms\/"},{"@type":"ListItem","position":2,"name":"Recursos"}]},{"@type":"WebSite","@id":"https:\/\/grupo.us.es\/psycoms\/#website","url":"https:\/\/grupo.us.es\/psycoms\/","name":"Grupo de Investigaci\u00f3n","description":"Departamento de Psicolog\u00eda Social de la Universidad de Sevilla","potentialAction":[{"@type":"SearchAction","target":{"@type":"EntryPoint","urlTemplate":"https:\/\/grupo.us.es\/psycoms\/?s={search_term_string}"},"query-input":{"@type":"PropertyValueSpecification","valueRequired":true,"valueName":"search_term_string"}}],"inLanguage":"es"}]}},"_links":{"self":[{"href":"https:\/\/grupo.us.es\/psycoms\/wp-json\/wp\/v2\/pages\/13","targetHints":{"allow":["GET"]}}],"collection":[{"href":"https:\/\/grupo.us.es\/psycoms\/wp-json\/wp\/v2\/pages"}],"about":[{"href":"https:\/\/grupo.us.es\/psycoms\/wp-json\/wp\/v2\/types\/page"}],"author":[{"embeddable":true,"href":"https:\/\/grupo.us.es\/psycoms\/wp-json\/wp\/v2\/users\/1"}],"replies":[{"embeddable":true,"href":"https:\/\/grupo.us.es\/psycoms\/wp-json\/wp\/v2\/comments?post=13"}],"version-history":[{"count":0,"href":"https:\/\/grupo.us.es\/psycoms\/wp-json\/wp\/v2\/pages\/13\/revisions"}],"wp:attachment":[{"href":"https:\/\/grupo.us.es\/psycoms\/wp-json\/wp\/v2\/media?parent=13"}],"curies":[{"name":"wp","href":"https:\/\/api.w.org\/{rel}","templated":true}]}}