{"id":62,"date":"2020-11-11T09:10:13","date_gmt":"2020-11-11T09:10:13","guid":{"rendered":"http:\/\/grupo.us.es\/psicosej547\/?page_id=62"},"modified":"2020-12-16T18:48:42","modified_gmt":"2020-12-16T18:48:42","slug":"inicio","status":"publish","type":"page","link":"https:\/\/grupo.us.es\/psicosej547\/","title":{"rendered":"Inicio"},"content":{"rendered":"\n<figure class=\"wp-block-image size-large is-resized\"><img loading=\"lazy\" src=\"http:\/\/grupo.us.es\/psicosej547\/wp-content\/uploads\/2020\/11\/FACULTAD-PSICO-22.jpg\" alt=\"\" class=\"wp-image-157\" width=\"763\" height=\"174\" srcset=\"https:\/\/grupo.us.es\/psicosej547\/wp-content\/uploads\/2020\/11\/FACULTAD-PSICO-22.jpg 1010w, https:\/\/grupo.us.es\/psicosej547\/wp-content\/uploads\/2020\/11\/FACULTAD-PSICO-22-300x69.jpg 300w, https:\/\/grupo.us.es\/psicosej547\/wp-content\/uploads\/2020\/11\/FACULTAD-PSICO-22-768x176.jpg 768w\" sizes=\"(max-width: 763px) 100vw, 763px\" \/><\/figure>\n\n\n\n<div class=\"wp-block-group\"><div class=\"wp-block-group__inner-container\">\n<p>El grupo de investigaci\u00f3n&nbsp;<em>Procesos de desarrollo y educaci\u00f3n en contextos familiares y escolares&nbsp;<\/em>comienza su andadura en 1985,bajo la direcci\u00f3n del profesor Jes\u00fas Palacios. Si en aquel momento no llegaba a una decena las personas que lo formaban, y las l\u00edneas y los proyectos de investigaci\u00f3n y de transferencia eran a\u00fan muy modestos, hoy podemos decir no s\u00f3lo que el grupo ha crecido en cuanto al n\u00famero de integrantes, sino que tambi\u00e9n lo ha hecho en lo que respecta a la diversidad y alcance de los objetivos de investigaci\u00f3n e intervenci\u00f3n, as\u00ed como en su visibilidad nacional e internacional.<\/p>\n<\/div><\/div>\n\n\n\n<div class=\"wp-block-columns\">\n<div class=\"wp-block-column\" style=\"flex-basis:33.33%\">\n<figure class=\"wp-block-image size-large is-resized\"><img loading=\"lazy\" src=\"http:\/\/grupo.us.es\/psicosej547\/wp-content\/uploads\/2020\/11\/fama-Nia-Fernandez-285x1024.jpg\" alt=\"\" class=\"wp-image-162\" width=\"163\" height=\"584\" srcset=\"https:\/\/grupo.us.es\/psicosej547\/wp-content\/uploads\/2020\/11\/fama-Nia-Fernandez-84x300.jpg 84w, https:\/\/grupo.us.es\/psicosej547\/wp-content\/uploads\/2020\/11\/fama-Nia-Fernandez-428x1536.jpg 428w, https:\/\/grupo.us.es\/psicosej547\/wp-content\/uploads\/2020\/11\/fama-Nia-Fernandez-42x150.jpg 42w, https:\/\/grupo.us.es\/psicosej547\/wp-content\/uploads\/2020\/11\/fama-Nia-Fernandez.jpg 659w\" sizes=\"(max-width: 163px) 100vw, 163px\" \/><figcaption><sup>Fotograf\u00eda de N\u00eda Fern\u00e1ndez<\/sup><\/figcaption><\/figure>\n<\/div>\n\n\n\n<div class=\"wp-block-column\" style=\"flex-basis:66.66%\">\n<p>A pesar del tiempo transcurrido y del crecimiento experimentado, el grupo mantiene como se\u00f1as de identidad lo que podemos considerar como \u201cdesiderata\u201d de la investigaci\u00f3n en psicolog\u00eda evolutiva y de la educaci\u00f3n, es decir, aquellas caracter\u00edsticas que la investigaci\u00f3n en nuestra disciplina deber\u00eda reunir idealmente y en las que no ser\u00eda dif\u00edcil encontrar consenso entre los acad\u00e9micos del \u00e1rea de conocimiento a la hora de reconocerlas como tales. Entre estas caracter\u00edsticas est\u00e1n las siguientes: un planteamiento metodol\u00f3gico de corte&nbsp;longitudinal, transgeneracional y transcultural, la consideraci\u00f3n de la persona teniendo en cuenta los&nbsp;contextos en los que tiene lugar su desarrollo, un an\u00e1lisis minucioso de las&nbsp;interacciones&nbsp;que en tales contextos se producen y de otras caracter\u00edsticas que los definen, la importancia de&nbsp;tener presente realidades de desarrollo muy diversas, no s\u00f3lo las m\u00e1s convencionales o normativas, sino tambi\u00e9n aquellas que incluso puedan concebirse como situaciones de&nbsp;riesgo&nbsp;y, finalmente, la conveniencia de que las investigaciones en nuestro campo puedan servir o tener como objetivo la&nbsp;intervenci\u00f3n&nbsp;sobre el desarrollo, contribuir a la&nbsp;transferencia&nbsp;del conocimiento a la sociedad.<\/p>\n<\/div>\n<\/div>\n","protected":false},"excerpt":{"rendered":"<p>A pesar del tiempo transcurrido y del crecimiento experimentado, el grupo mantiene como se\u00f1as de identidad lo que podemos considerar como \u201cdesiderata\u201d de la investigaci\u00f3n en psicolog\u00eda evolutiva y de <a class=\"more-link\" href=\"https:\/\/grupo.us.es\/psicosej547\/\">Leer m\u00e1s&#8230;<\/a><\/p>\n","protected":false},"author":1,"featured_media":0,"parent":0,"menu_order":1,"comment_status":"closed","ping_status":"closed","template":"","meta":[],"_links":{"self":[{"href":"https:\/\/grupo.us.es\/psicosej547\/wp-json\/wp\/v2\/pages\/62"}],"collection":[{"href":"https:\/\/grupo.us.es\/psicosej547\/wp-json\/wp\/v2\/pages"}],"about":[{"href":"https:\/\/grupo.us.es\/psicosej547\/wp-json\/wp\/v2\/types\/page"}],"author":[{"embeddable":true,"href":"https:\/\/grupo.us.es\/psicosej547\/wp-json\/wp\/v2\/users\/1"}],"replies":[{"embeddable":true,"href":"https:\/\/grupo.us.es\/psicosej547\/wp-json\/wp\/v2\/comments?post=62"}],"version-history":[{"count":14,"href":"https:\/\/grupo.us.es\/psicosej547\/wp-json\/wp\/v2\/pages\/62\/revisions"}],"predecessor-version":[{"id":166,"href":"https:\/\/grupo.us.es\/psicosej547\/wp-json\/wp\/v2\/pages\/62\/revisions\/166"}],"wp:attachment":[{"href":"https:\/\/grupo.us.es\/psicosej547\/wp-json\/wp\/v2\/media?parent=62"}],"curies":[{"name":"wp","href":"https:\/\/api.w.org\/{rel}","templated":true}]}}