{"id":45,"date":"2020-11-11T08:37:09","date_gmt":"2020-11-11T08:37:09","guid":{"rendered":"http:\/\/grupo.us.es\/psicosej547\/?page_id=45"},"modified":"2020-11-11T12:05:07","modified_gmt":"2020-11-11T12:05:07","slug":"recursos-y-materiales-de-interes","status":"publish","type":"page","link":"https:\/\/grupo.us.es\/psicosej547\/recursos-y-materiales-de-interes\/","title":{"rendered":"Recursos y materiales de inter\u00e9s"},"content":{"rendered":"\n<div class=\"wp-block-columns\">\n<div class=\"wp-block-column\">\n<figure class=\"wp-block-image size-large is-resized\"><img loading=\"lazy\" src=\"http:\/\/grupo.us.es\/psicosej547\/wp-content\/uploads\/2020\/11\/Bienestar-y-desarrollo-positivo...-2.png\" alt=\"\" class=\"wp-image-137\" width=\"246\" height=\"349\" srcset=\"https:\/\/grupo.us.es\/psicosej547\/wp-content\/uploads\/2020\/11\/Bienestar-y-desarrollo-positivo...-2.png 420w, https:\/\/grupo.us.es\/psicosej547\/wp-content\/uploads\/2020\/11\/Bienestar-y-desarrollo-positivo...-2-211x300.png 211w, https:\/\/grupo.us.es\/psicosej547\/wp-content\/uploads\/2020\/11\/Bienestar-y-desarrollo-positivo...-2-106x150.png 106w\" sizes=\"(max-width: 246px) 100vw, 246px\" \/><\/figure>\n<\/div>\n\n\n\n<div class=\"wp-block-column\">\n<p>Oliva, A.; Antol\u00edn-Su\u00e1rez, L.; Povedano, A.; Su\u00e1rez, C.; del Moral, G.; Rodr\u00edguez-Meirinhos, A.; Capecci, V.; Musitu, G. (2020) Bienestar y desarrollo positivo adolescente desde una perspectiva de g\u00e9nero: Un estudio cualitativo. Madrid: Centro Reina Sof\u00eda sobre Adolescencia y Juventud, Fad. DOI: 10.5281\/zenodo.3648632<\/p>\n\n\n\n<p><a href=\"https:\/\/www.cop-cv.org\/db\/docu\/180523151308ubRakz7A3tIV.pdf\">Clica para acceder al documento<\/a><\/p>\n<\/div>\n<\/div>\n\n\n\n<div class=\"wp-block-columns\">\n<div class=\"wp-block-column\">\n<p class=\"has-text-align-left\">Hidalgo, M.V., Oliva, A., Jim\u00e9nez, L., Antol\u00edn, L., Menendez, S., Lorence, B. (2017). Programa de Apoyo Integral a las Familias. Dossier Profesionales y Familias. Santander. Direcci\u00f3n General de Politica Social. Gobierno de Cantabria. 2017<\/p>\n\n\n\n<p><a href=\"https:\/\/www.serviciossocialescantabria.org\/uploads\/documentos%20e%20informes\/PAIF%20dossier%20profesionales%20y%20familias.pdf\">Clica para acceder al documento<\/a><\/p>\n<\/div>\n\n\n\n<div class=\"wp-block-column\">\n<figure class=\"wp-block-image size-large is-resized\"><img loading=\"lazy\" src=\"http:\/\/grupo.us.es\/psicosej547\/wp-content\/uploads\/2020\/11\/PAIS.png\" alt=\"\" class=\"wp-image-141\" width=\"280\" height=\"395\" srcset=\"https:\/\/grupo.us.es\/psicosej547\/wp-content\/uploads\/2020\/11\/PAIS.png 189w, https:\/\/grupo.us.es\/psicosej547\/wp-content\/uploads\/2020\/11\/PAIS-106x150.png 106w\" sizes=\"(max-width: 280px) 100vw, 280px\" \/><\/figure>\n<\/div>\n<\/div>\n","protected":false},"excerpt":{"rendered":"<p>Oliva, A.; Antol\u00edn-Su\u00e1rez, L.; Povedano, A.; Su\u00e1rez, C.; del Moral, G.; Rodr\u00edguez-Meirinhos, A.; Capecci, V.; Musitu, G. (2020) Bienestar y desarrollo positivo adolescente desde una perspectiva de g\u00e9nero: Un estudio <a class=\"more-link\" href=\"https:\/\/grupo.us.es\/psicosej547\/recursos-y-materiales-de-interes\/\">Leer m\u00e1s&#8230;<\/a><\/p>\n","protected":false},"author":1,"featured_media":0,"parent":0,"menu_order":4,"comment_status":"closed","ping_status":"closed","template":"","meta":[],"_links":{"self":[{"href":"https:\/\/grupo.us.es\/psicosej547\/wp-json\/wp\/v2\/pages\/45"}],"collection":[{"href":"https:\/\/grupo.us.es\/psicosej547\/wp-json\/wp\/v2\/pages"}],"about":[{"href":"https:\/\/grupo.us.es\/psicosej547\/wp-json\/wp\/v2\/types\/page"}],"author":[{"embeddable":true,"href":"https:\/\/grupo.us.es\/psicosej547\/wp-json\/wp\/v2\/users\/1"}],"replies":[{"embeddable":true,"href":"https:\/\/grupo.us.es\/psicosej547\/wp-json\/wp\/v2\/comments?post=45"}],"version-history":[{"count":3,"href":"https:\/\/grupo.us.es\/psicosej547\/wp-json\/wp\/v2\/pages\/45\/revisions"}],"predecessor-version":[{"id":142,"href":"https:\/\/grupo.us.es\/psicosej547\/wp-json\/wp\/v2\/pages\/45\/revisions\/142"}],"wp:attachment":[{"href":"https:\/\/grupo.us.es\/psicosej547\/wp-json\/wp\/v2\/media?parent=45"}],"curies":[{"name":"wp","href":"https:\/\/api.w.org\/{rel}","templated":true}]}}