{"id":31,"date":"2022-03-14T11:03:28","date_gmt":"2022-03-14T11:03:28","guid":{"rendered":"https:\/\/grupo.us.es\/proyectos990\/?page_id=31"},"modified":"2023-10-03T06:56:31","modified_gmt":"2023-10-03T06:56:31","slug":"cookie-policy","status":"publish","type":"page","link":"https:\/\/grupo.us.es\/proyectos990\/cookie-policy\/","title":{"rendered":"Cookie policy"},"content":{"rendered":"<p>Esta Pol\u00edtica de Gesti\u00f3n de cookies explica c\u00f3mo se usan las cookies en <a href=\"https:\/\/www.grupo.us.es\/proyectos990\">https:\/\/www.grupo.us.es\/proyectos990<\/a>\u00a0y c\u00f3mo se pueden habilitar y deshabilitar.<\/p>\n<p><strong>No recopilaremos informaci\u00f3n personal sobre ti sin tu consentimiento.<\/strong><\/p>\n<p><strong>\u00bfQu\u00e9 es una cookie?<\/strong><\/p>\n<p>Una cookie es informaci\u00f3n\u00a0<strong>an\u00f3nima\u00a0<\/strong>que<strong>\u00a0<\/strong>se almacena en un ordenador, tablet o m\u00f3vil cuando navegas por internet permitiendo reconocer el equipo que est\u00e1s utilizando.<\/p>\n<p>Cuando navegas por <a href=\"https:\/\/grupo.us.es\/proyectos990\/\">https:\/\/grupo.us.es\/proyectos990\/<\/a>, el sitio puede tener \u00abcookies\u00bb.<\/p>\n<p>Las cookies graban informaci\u00f3n de forma an\u00f3nima y\u00a0<strong>no da\u00f1an tu equipo.<\/strong><\/p>\n<p><strong>\u00bfQu\u00e9 son las cookies que utiliza <a href=\"https:\/\/www.grupo.us.es\/proyectos990\">https:\/\/www.grupo.us.es\/proyectos990<\/a><\/strong>?<\/p>\n<table>\n<tbody>\n<tr>\n<td><strong>Tipo de cookies<\/strong><\/td>\n<td><strong>Finalidad de la cookie<\/strong><\/td>\n<td><strong>Consecuencia de deshabilitar la cookie<\/strong><\/td>\n<\/tr>\n<tr>\n<td><strong>Fundamental<\/strong><\/td>\n<td>Estas cookies b\u00e1sicas son imprescindibles para garantizar que tengas una visita sin incidencias: permiten que la p\u00e1gina web te reconozca y deje tu sesi\u00f3n abierta. Adem\u00e1s, facilitan que uses otras herramientas b\u00e1sicas.<\/td>\n<td>La p\u00e1gina web no funciona correctamente sin estas cookies, por lo que deben estar siempre activas. De lo contrario, puede que algunos accesos queden bloqueados.<\/td>\n<\/tr>\n<tr>\n<td><strong>Funcional<\/strong><\/td>\n<td>Estas cookies ayudan a mejorar tu experiencia y te permiten usar el contenido comparti\u00e9ndolo en twitter, facebook, instagram\u2026<\/td>\n<td>Sin estas cookies, puede que tengas acceso restringido a algunos contenidos y herramientas.<\/td>\n<\/tr>\n<tr>\n<td><strong>An\u00e1lisis<\/strong><\/td>\n<td>Estas cookies de an\u00e1lisis recopilan informaci\u00f3n en relaci\u00f3n con el uso de nuestra web que nos permite elaborar estad\u00edsticas de nuestras visitas a la web y as\u00ed realizar los cambios pertinentes para mejorar la experiencia online.<\/td>\n<td>Sin esta informaci\u00f3n, no podremos mejorar nuestra web en base a tu experiencia online, conocer las estad\u00edsticas globales y an\u00f3nimas del tr\u00e1fico web, etc. .<\/td>\n<\/tr>\n<\/tbody>\n<\/table>\n<p>En tu primera visita a nuestra web aparecer\u00e1 un banner informativo en el que podr\u00e1s dar tu consentimiento para el uso de cookies con fines publicitarios.<\/p>\n<p>Al pinchar aqu\u00ed podr\u00e1s controlar el registro de cookies y personalizar los ajustes.<\/p>\n<p><strong>\u00bfQui\u00e9n tiene acceso a tus cookies?<\/strong><\/p>\n<p>Las p\u00e1ginas de internet solo pueden acceder a las cookies que han almacenado en tu equipo. Por ejemplo, si la empresa X guarda una cookie en tu navegador, X podr\u00e1 acceder a su propia cookie pero no a aquellas de otra empresa.<\/p>\n","protected":false},"excerpt":{"rendered":"<p>Esta Pol\u00edtica de Gesti\u00f3n de cookies explica c\u00f3mo se usan las cookies en https:\/\/www.grupo.us.es\/proyectos990\u00a0y c\u00f3mo se pueden habilitar y deshabilitar.<\/p>\n","protected":false},"author":1,"featured_media":0,"parent":0,"menu_order":0,"comment_status":"closed","ping_status":"closed","template":"","meta":{"footnotes":""},"yoast_head":"<!-- This site is optimized with the Yoast SEO plugin v21.9.1 - https:\/\/yoast.com\/wordpress\/plugins\/seo\/ -->\n<title>Cookie policy - Grupo TEP990. Proyectos de Ingenier\u00eda<\/title>\n<meta name=\"robots\" content=\"index, follow, max-snippet:-1, max-image-preview:large, max-video-preview:-1\" \/>\n<link rel=\"canonical\" href=\"https:\/\/grupo.us.es\/proyectos990\/cookie-policy\/\" \/>\n<meta property=\"og:locale\" content=\"en_GB\" \/>\n<meta property=\"og:type\" content=\"article\" \/>\n<meta property=\"og:title\" content=\"Cookie policy - Grupo TEP990. Proyectos de Ingenier\u00eda\" \/>\n<meta property=\"og:description\" content=\"Esta Pol\u00edtica de Gesti\u00f3n de cookies explica c\u00f3mo se usan las cookies en https:\/\/www.grupo.us.es\/proyectos990\u00a0y c\u00f3mo se pueden habilitar y deshabilitar.\" \/>\n<meta property=\"og:url\" content=\"https:\/\/grupo.us.es\/proyectos990\/cookie-policy\/\" \/>\n<meta property=\"og:site_name\" content=\"Grupo TEP990. Proyectos de Ingenier\u00eda\" \/>\n<meta property=\"article:modified_time\" content=\"2023-10-03T06:56:31+00:00\" \/>\n<meta name=\"twitter:card\" content=\"summary_large_image\" \/>\n<meta name=\"twitter:label1\" content=\"Estimated reading time\" \/>\n\t<meta name=\"twitter:data1\" content=\"2 minutes\" \/>\n<script type=\"application\/ld+json\" class=\"yoast-schema-graph\">{\"@context\":\"https:\/\/schema.org\",\"@graph\":[{\"@type\":\"WebPage\",\"@id\":\"https:\/\/grupo.us.es\/proyectos990\/cookie-policy\/\",\"url\":\"https:\/\/grupo.us.es\/proyectos990\/cookie-policy\/\",\"name\":\"Cookie policy - Grupo TEP990. Proyectos de Ingenier\u00eda\",\"isPartOf\":{\"@id\":\"https:\/\/grupo.us.es\/proyectos990\/#website\"},\"datePublished\":\"2022-03-14T11:03:28+00:00\",\"dateModified\":\"2023-10-03T06:56:31+00:00\",\"inLanguage\":\"en-GB\",\"potentialAction\":[{\"@type\":\"ReadAction\",\"target\":[\"https:\/\/grupo.us.es\/proyectos990\/cookie-policy\/\"]}]},{\"@type\":\"WebSite\",\"@id\":\"https:\/\/grupo.us.es\/proyectos990\/#website\",\"url\":\"https:\/\/grupo.us.es\/proyectos990\/\",\"name\":\"Grupo TEP990. Proyectos de Ingenier\u00eda\",\"description\":\"Universidad de Sevilla\",\"publisher\":{\"@id\":\"https:\/\/grupo.us.es\/proyectos990\/#organization\"},\"potentialAction\":[{\"@type\":\"SearchAction\",\"target\":{\"@type\":\"EntryPoint\",\"urlTemplate\":\"https:\/\/grupo.us.es\/proyectos990\/?s={search_term_string}\"},\"query-input\":\"required name=search_term_string\"}],\"inLanguage\":\"en-GB\"},{\"@type\":\"Organization\",\"@id\":\"https:\/\/grupo.us.es\/proyectos990\/#organization\",\"name\":\"Grupo TEP990. Proyectos de Ingenier\u00eda\",\"url\":\"https:\/\/grupo.us.es\/proyectos990\/\",\"logo\":{\"@type\":\"ImageObject\",\"inLanguage\":\"en-GB\",\"@id\":\"https:\/\/grupo.us.es\/proyectos990\/#\/schema\/logo\/image\/\",\"url\":\"https:\/\/grupo.us.es\/proyectos990\/wp-content\/uploads\/2022\/03\/US-marca-digital-cuadrada-200.png\",\"contentUrl\":\"https:\/\/grupo.us.es\/proyectos990\/wp-content\/uploads\/2022\/03\/US-marca-digital-cuadrada-200.png\",\"width\":200,\"height\":205,\"caption\":\"Grupo TEP990. Proyectos de Ingenier\u00eda\"},\"image\":{\"@id\":\"https:\/\/grupo.us.es\/proyectos990\/#\/schema\/logo\/image\/\"}}]}<\/script>\n<!-- \/ Yoast SEO plugin. -->","yoast_head_json":{"title":"Cookie policy - Grupo TEP990. Proyectos de Ingenier\u00eda","robots":{"index":"index","follow":"follow","max-snippet":"max-snippet:-1","max-image-preview":"max-image-preview:large","max-video-preview":"max-video-preview:-1"},"canonical":"https:\/\/grupo.us.es\/proyectos990\/cookie-policy\/","og_locale":"en_GB","og_type":"article","og_title":"Cookie policy - Grupo TEP990. Proyectos de Ingenier\u00eda","og_description":"Esta Pol\u00edtica de Gesti\u00f3n de cookies explica c\u00f3mo se usan las cookies en https:\/\/www.grupo.us.es\/proyectos990\u00a0y c\u00f3mo se pueden habilitar y deshabilitar.","og_url":"https:\/\/grupo.us.es\/proyectos990\/cookie-policy\/","og_site_name":"Grupo TEP990. Proyectos de Ingenier\u00eda","article_modified_time":"2023-10-03T06:56:31+00:00","twitter_card":"summary_large_image","twitter_misc":{"Estimated reading time":"2 minutes"},"schema":{"@context":"https:\/\/schema.org","@graph":[{"@type":"WebPage","@id":"https:\/\/grupo.us.es\/proyectos990\/cookie-policy\/","url":"https:\/\/grupo.us.es\/proyectos990\/cookie-policy\/","name":"Cookie policy - Grupo TEP990. Proyectos de Ingenier\u00eda","isPartOf":{"@id":"https:\/\/grupo.us.es\/proyectos990\/#website"},"datePublished":"2022-03-14T11:03:28+00:00","dateModified":"2023-10-03T06:56:31+00:00","inLanguage":"en-GB","potentialAction":[{"@type":"ReadAction","target":["https:\/\/grupo.us.es\/proyectos990\/cookie-policy\/"]}]},{"@type":"WebSite","@id":"https:\/\/grupo.us.es\/proyectos990\/#website","url":"https:\/\/grupo.us.es\/proyectos990\/","name":"Grupo TEP990. Proyectos de Ingenier\u00eda","description":"Universidad de Sevilla","publisher":{"@id":"https:\/\/grupo.us.es\/proyectos990\/#organization"},"potentialAction":[{"@type":"SearchAction","target":{"@type":"EntryPoint","urlTemplate":"https:\/\/grupo.us.es\/proyectos990\/?s={search_term_string}"},"query-input":"required name=search_term_string"}],"inLanguage":"en-GB"},{"@type":"Organization","@id":"https:\/\/grupo.us.es\/proyectos990\/#organization","name":"Grupo TEP990. Proyectos de Ingenier\u00eda","url":"https:\/\/grupo.us.es\/proyectos990\/","logo":{"@type":"ImageObject","inLanguage":"en-GB","@id":"https:\/\/grupo.us.es\/proyectos990\/#\/schema\/logo\/image\/","url":"https:\/\/grupo.us.es\/proyectos990\/wp-content\/uploads\/2022\/03\/US-marca-digital-cuadrada-200.png","contentUrl":"https:\/\/grupo.us.es\/proyectos990\/wp-content\/uploads\/2022\/03\/US-marca-digital-cuadrada-200.png","width":200,"height":205,"caption":"Grupo TEP990. Proyectos de Ingenier\u00eda"},"image":{"@id":"https:\/\/grupo.us.es\/proyectos990\/#\/schema\/logo\/image\/"}}]}},"_links":{"self":[{"href":"https:\/\/grupo.us.es\/proyectos990\/wp-json\/wp\/v2\/pages\/31"}],"collection":[{"href":"https:\/\/grupo.us.es\/proyectos990\/wp-json\/wp\/v2\/pages"}],"about":[{"href":"https:\/\/grupo.us.es\/proyectos990\/wp-json\/wp\/v2\/types\/page"}],"author":[{"embeddable":true,"href":"https:\/\/grupo.us.es\/proyectos990\/wp-json\/wp\/v2\/users\/1"}],"replies":[{"embeddable":true,"href":"https:\/\/grupo.us.es\/proyectos990\/wp-json\/wp\/v2\/comments?post=31"}],"version-history":[{"count":0,"href":"https:\/\/grupo.us.es\/proyectos990\/wp-json\/wp\/v2\/pages\/31\/revisions"}],"wp:attachment":[{"href":"https:\/\/grupo.us.es\/proyectos990\/wp-json\/wp\/v2\/media?parent=31"}],"curies":[{"name":"wp","href":"https:\/\/api.w.org\/{rel}","templated":true}]}}