{"id":2,"date":"2024-05-21T21:55:52","date_gmt":"2024-05-21T19:55:52","guid":{"rendered":"http:\/\/grupo.us.es\/proyectomemories\/?page_id=2"},"modified":"2024-06-04T22:45:59","modified_gmt":"2024-06-04T20:45:59","slug":"inicio-proyectos-memories","status":"publish","type":"page","link":"https:\/\/grupo.us.es\/proyectomemories\/","title":{"rendered":"Inicio"},"content":{"rendered":"\t\t<div data-elementor-type=\"wp-page\" data-elementor-id=\"2\" class=\"elementor elementor-2\">\n\t\t\t\t<div class=\"elementor-element elementor-element-4f249505 e-flex e-con-boxed e-con e-parent\" data-id=\"4f249505\" data-element_type=\"container\">\n\t\t\t\t\t<div class=\"e-con-inner\">\n\t\t\t\t<div class=\"elementor-element elementor-element-643be54 elementor-widget elementor-widget-heading\" data-id=\"643be54\" data-element_type=\"widget\" data-widget_type=\"heading.default\">\n\t\t\t\t<div class=\"elementor-widget-container\">\n\t\t\t<style>\/*! elementor - v3.21.0 - 26-05-2024 *\/\n.elementor-heading-title{padding:0;margin:0;line-height:1}.elementor-widget-heading .elementor-heading-title[class*=elementor-size-]>a{color:inherit;font-size:inherit;line-height:inherit}.elementor-widget-heading .elementor-heading-title.elementor-size-small{font-size:15px}.elementor-widget-heading .elementor-heading-title.elementor-size-medium{font-size:19px}.elementor-widget-heading .elementor-heading-title.elementor-size-large{font-size:29px}.elementor-widget-heading .elementor-heading-title.elementor-size-xl{font-size:39px}.elementor-widget-heading .elementor-heading-title.elementor-size-xxl{font-size:59px}<\/style><h1 class=\"elementor-heading-title elementor-size-default\">Memoria de Mujeres.<\/h1>\t\t<\/div>\n\t\t\t\t<\/div>\n\t\t\t\t<div class=\"elementor-element elementor-element-050bb11 elementor-widget elementor-widget-heading\" data-id=\"050bb11\" data-element_type=\"widget\" data-widget_type=\"heading.default\">\n\t\t\t\t<div class=\"elementor-widget-container\">\n\t\t\t<h3 class=\"elementor-heading-title elementor-size-default\">\nRECUPERANDO IDENTIDADES SINGULARES EN LA PREHISTORIA\n<\/h3>\t\t<\/div>\n\t\t\t\t<\/div>\n\t\t\t\t\t<\/div>\n\t\t\t\t<\/div>\n\t\t<div class=\"elementor-element elementor-element-cd3def8 e-flex e-con-boxed e-con e-parent\" data-id=\"cd3def8\" data-element_type=\"container\">\n\t\t\t\t\t<div class=\"e-con-inner\">\n\t\t<div class=\"elementor-element elementor-element-369b3db e-flex e-con-boxed e-con e-child\" data-id=\"369b3db\" data-element_type=\"container\">\n\t\t\t\t\t<div class=\"e-con-inner\">\n\t\t\t\t<div class=\"elementor-element elementor-element-906d21d elementor-widget elementor-widget-text-editor\" data-id=\"906d21d\" data-element_type=\"widget\" data-widget_type=\"text-editor.default\">\n\t\t\t\t<div class=\"elementor-widget-container\">\n\t\t\t<style>\/*! elementor - v3.21.0 - 26-05-2024 *\/\n.elementor-widget-text-editor.elementor-drop-cap-view-stacked .elementor-drop-cap{background-color:#69727d;color:#fff}.elementor-widget-text-editor.elementor-drop-cap-view-framed .elementor-drop-cap{color:#69727d;border:3px solid;background-color:transparent}.elementor-widget-text-editor:not(.elementor-drop-cap-view-default) .elementor-drop-cap{margin-top:8px}.elementor-widget-text-editor:not(.elementor-drop-cap-view-default) .elementor-drop-cap-letter{width:1em;height:1em}.elementor-widget-text-editor .elementor-drop-cap{float:left;text-align:center;line-height:1;font-size:50px}.elementor-widget-text-editor .elementor-drop-cap-letter{display:inline-block}<\/style>\t\t\t\t<p>El proyecto Memories persigue aportar nuevos datos arqueol\u00f3gicos que sirvan para replantear o repensar modelos tradicionales sobre complejidad social y la relaci\u00f3n entre las mujeres y el poder durante la Prehistoria Reciente de la pen\u00ednsula ib\u00e9rica.<\/p><p>El objetivo principal del proyecto es profundizar en esta l\u00ednea de investigaci\u00f3n a partir del estudio exhaustivo de un contexto funerario particular como es la cueva artificial de La Molina (Lora de Estepa, Sevilla), en cuyo interior se encontraron los restos de una mujer (seg\u00fan estudio antropol\u00f3gico) asociados a un ajuar muy destacado compuesto, entre otros, por objetos de marfil y en el que el pigmento rojo ten\u00eda una presencia destacada. A trav\u00e9s de la recuperaci\u00f3n de la identidad de la mujer de La Molina y su contextualizaci\u00f3n con otras mujeres y hombres contempor\u00e1neos (como las mujeres enterradas en Valencina de la Concepci\u00f3n\u00a0&#8211; Castilleja de Guzm\u00e1n, Sevilla) ser\u00e1 posible contribuir a la recuperaci\u00f3n de la memoria colectiva m\u00e1s lejana, as\u00ed como valorar si las mujeres tuvieron un papel preeminente en los procesos de complejidad y jerarquizaci\u00f3n social previos al origen del Estado, y qu\u00e9 vinculaci\u00f3n tuvo esto con el origen y desarrollo de la desigualdad entre mujeres y hombres.<\/p><p>El proyecto, gracias a un equipo internacional de especialistas, realiza un estudio hol\u00edstico y multidisciplinar del registro material de la cueva artificial de La Molina, con el que se obtendr\u00e1n nuevos datos cient\u00edficos de calidad gracias a la aplicaci\u00f3n de las \u00faltimas t\u00e9cnicas anal\u00edticas disponibles.<\/p>\t\t\t\t\t\t<\/div>\n\t\t\t\t<\/div>\n\t\t\t\t\t<\/div>\n\t\t\t\t<\/div>\n\t\t<div class=\"elementor-element elementor-element-4fce5a6 e-flex e-con-boxed e-con e-child\" data-id=\"4fce5a6\" data-element_type=\"container\">\n\t\t\t\t\t<div class=\"e-con-inner\">\n\t\t\t\t<div class=\"elementor-element elementor-element-daf28bb elementor-widget elementor-widget-image\" data-id=\"daf28bb\" data-element_type=\"widget\" data-widget_type=\"image.default\">\n\t\t\t\t<div class=\"elementor-widget-container\">\n\t\t\t<style>\/*! elementor - v3.21.0 - 26-05-2024 *\/\n.elementor-widget-image{text-align:center}.elementor-widget-image a{display:inline-block}.elementor-widget-image a img[src$=\".svg\"]{width:48px}.elementor-widget-image img{vertical-align:middle;display:inline-block}<\/style>\t\t\t\t\t\t\t\t\t\t\t<a href=\"http:\/\/grupo.us.es\/proyectomemories\/wp-content\/uploads\/2024\/05\/5-La-molina-desde-dentro-scaled.jpg\">\n\t\t\t\t\t\t\t<img fetchpriority=\"high\" decoding=\"async\" width=\"800\" height=\"522\" src=\"https:\/\/grupo.us.es\/proyectomemories\/wp-content\/uploads\/2024\/05\/5-La-molina-desde-dentro-1024x668.jpg\" class=\"attachment-large size-large wp-image-103\" alt=\"\" srcset=\"https:\/\/grupo.us.es\/proyectomemories\/wp-content\/uploads\/2024\/05\/5-La-molina-desde-dentro-1024x668.jpg 1024w, https:\/\/grupo.us.es\/proyectomemories\/wp-content\/uploads\/2024\/05\/5-La-molina-desde-dentro-300x196.jpg 300w, https:\/\/grupo.us.es\/proyectomemories\/wp-content\/uploads\/2024\/05\/5-La-molina-desde-dentro-768x501.jpg 768w, https:\/\/grupo.us.es\/proyectomemories\/wp-content\/uploads\/2024\/05\/5-La-molina-desde-dentro-1536x1001.jpg 1536w, https:\/\/grupo.us.es\/proyectomemories\/wp-content\/uploads\/2024\/05\/5-La-molina-desde-dentro-2048x1335.jpg 2048w\" sizes=\"(max-width: 800px) 100vw, 800px\" \/>\t\t\t\t\t\t\t\t<\/a>\n\t\t\t\t\t\t\t\t\t\t\t\t\t<\/div>\n\t\t\t\t<\/div>\n\t\t\t\t\t<\/div>\n\t\t\t\t<\/div>\n\t\t\t\t\t<\/div>\n\t\t\t\t<\/div>\n\t\t<div class=\"elementor-element elementor-element-c97d0e9 e-flex e-con-boxed e-con e-parent\" data-id=\"c97d0e9\" data-element_type=\"container\">\n\t\t\t\t\t<div class=\"e-con-inner\">\n\t\t<div class=\"elementor-element elementor-element-75b71a9 e-flex e-con-boxed e-con e-child\" data-id=\"75b71a9\" data-element_type=\"container\" data-settings=\"{&quot;background_background&quot;:&quot;classic&quot;}\">\n\t\t\t\t\t<div class=\"e-con-inner\">\n\t\t\t\t<div class=\"elementor-element elementor-element-bc67ef2 elementor-widget elementor-widget-text-editor\" data-id=\"bc67ef2\" data-element_type=\"widget\" data-widget_type=\"text-editor.default\">\n\t\t\t\t<div class=\"elementor-widget-container\">\n\t\t\t\t\t\t\t<h5>\u00a0El enfoque feminista\u00a0en Arqueolog\u00eda: una reconstrucci\u00f3n del pasado que incluya a mujeres y hombres, ni\u00f1os\/as y mayores; una Historia m\u00e1s completa y, en consecuencia, m\u00e1s real, que nos explique a todas y a todos<\/h5>\t\t\t\t\t\t<\/div>\n\t\t\t\t<\/div>\n\t\t\t\t\t<\/div>\n\t\t\t\t<\/div>\n\t\t\t\t\t<\/div>\n\t\t\t\t<\/div>\n\t\t\t\t<\/div>\n\t\t","protected":false},"excerpt":{"rendered":"<p>Memoria de Mujeres. RECUPERANDO IDENTIDADES SINGULARES EN LA PREHISTORIA El proyecto Memories persigue aportar nuevos datos arqueol\u00f3gicos que sirvan para replantear o repensar modelos tradicionales sobre complejidad social y la relaci\u00f3n entre las mujeres y el poder durante la Prehistoria Reciente de la pen\u00ednsula ib\u00e9rica. El objetivo principal del proyecto es profundizar en esta l\u00ednea [&hellip;]<\/p>\n","protected":false},"author":1,"featured_media":0,"parent":0,"menu_order":1,"comment_status":"closed","ping_status":"closed","template":"","meta":{"footnotes":""},"_links":{"self":[{"href":"https:\/\/grupo.us.es\/proyectomemories\/wp-json\/wp\/v2\/pages\/2"}],"collection":[{"href":"https:\/\/grupo.us.es\/proyectomemories\/wp-json\/wp\/v2\/pages"}],"about":[{"href":"https:\/\/grupo.us.es\/proyectomemories\/wp-json\/wp\/v2\/types\/page"}],"author":[{"embeddable":true,"href":"https:\/\/grupo.us.es\/proyectomemories\/wp-json\/wp\/v2\/users\/1"}],"replies":[{"embeddable":true,"href":"https:\/\/grupo.us.es\/proyectomemories\/wp-json\/wp\/v2\/comments?post=2"}],"version-history":[{"count":34,"href":"https:\/\/grupo.us.es\/proyectomemories\/wp-json\/wp\/v2\/pages\/2\/revisions"}],"predecessor-version":[{"id":281,"href":"https:\/\/grupo.us.es\/proyectomemories\/wp-json\/wp\/v2\/pages\/2\/revisions\/281"}],"wp:attachment":[{"href":"https:\/\/grupo.us.es\/proyectomemories\/wp-json\/wp\/v2\/media?parent=2"}],"curies":[{"name":"wp","href":"https:\/\/api.w.org\/{rel}","templated":true}]}}