{"id":2069,"date":"2023-07-26T11:48:24","date_gmt":"2023-07-26T11:48:24","guid":{"rendered":"https:\/\/grupo.us.es\/proyectodeter\/?page_id=2069"},"modified":"2023-12-07T11:34:46","modified_gmt":"2023-12-07T11:34:46","slug":"cuestionarios","status":"publish","type":"page","link":"https:\/\/grupo.us.es\/proyectodeter\/el-proyecto\/cuestionarios\/","title":{"rendered":"Cuestionarios"},"content":{"rendered":"\t\t<div data-elementor-type=\"wp-page\" data-elementor-id=\"2069\" class=\"elementor elementor-2069\" data-elementor-post-type=\"page\">\n\t\t\t\t\t\t<section class=\"elementor-section elementor-top-section elementor-element elementor-element-abd3f8f elementor-section-boxed elementor-section-height-default elementor-section-height-default\" data-id=\"abd3f8f\" data-element_type=\"section\">\n\t\t\t\t\t\t<div class=\"elementor-container elementor-column-gap-default\">\n\t\t\t\t\t<div class=\"elementor-column elementor-col-100 elementor-top-column elementor-element elementor-element-15b3087\" data-id=\"15b3087\" data-element_type=\"column\">\n\t\t\t<div class=\"elementor-widget-wrap elementor-element-populated\">\n\t\t\t\t\t\t<div class=\"elementor-element elementor-element-00c41a2 elementor-widget elementor-widget-text-editor\" data-id=\"00c41a2\" data-element_type=\"widget\" data-widget_type=\"text-editor.default\">\n\t\t\t\t<div class=\"elementor-widget-container\">\n\t\t\t<style>\/*! elementor - v3.19.0 - 28-02-2024 *\/\n.elementor-widget-text-editor.elementor-drop-cap-view-stacked .elementor-drop-cap{background-color:#69727d;color:#fff}.elementor-widget-text-editor.elementor-drop-cap-view-framed .elementor-drop-cap{color:#69727d;border:3px solid;background-color:transparent}.elementor-widget-text-editor:not(.elementor-drop-cap-view-default) .elementor-drop-cap{margin-top:8px}.elementor-widget-text-editor:not(.elementor-drop-cap-view-default) .elementor-drop-cap-letter{width:1em;height:1em}.elementor-widget-text-editor .elementor-drop-cap{float:left;text-align:center;line-height:1;font-size:50px}.elementor-widget-text-editor .elementor-drop-cap-letter{display:inline-block}<\/style>\t\t\t\t<p>Los cuestionarios son el principal material que se va a utilizar para obtener datos en esta investigaci\u00f3n. Se trata de una composici\u00f3n, dividida en bloques tem\u00e1ticos, de instrumentos ampliamente validados y muy populares en la investigaci\u00f3n y la pr\u00e1ctica psicol\u00f3gica y psiqui\u00e1trica. Cada bloque va destinado a la adquisici\u00f3n de medidas determinadas. Todos los cuestionarios que se utilizan est\u00e1n recogidos en el <strong>Anexo 1: <\/strong><strong>Cuaderno de recogida de datos (CRD)<\/strong> del protocolo de actuaci\u00f3n del Proyecto DETER. En los test validados se usan las versiones en espa\u00f1ol de los instrumentos o escalas del siguiente listado:<\/p><p><strong>MINI MENTAL STATE EXAMINATION (MMSE)<\/strong><\/p><p>Referencia: Cockrell, J. R., &amp; Folstein, M. F. (2002). Mini-mental state examination. <em>Principles and practice of geriatric psychiatry<\/em>, 140-141.<\/p><p><strong>GLOBAL DETERIORATION SCALE (GDS)<\/strong><\/p><p>Referencia: Reisberg, B., Ferris, S. H., de Leon, M. J., &amp; Crook, T. (1982). The Global Deterioration Scale for assessment of primary degenerative dementia. <em>The American journal of psychiatry, 139<\/em>(9), 1136-1139.<\/p><p><strong>TEST DEL RELOJ<\/strong><\/p><p>Referencia: Cacho, J., Garc\u00eda-Garc\u00eda, R., Arcaya, J., Vicente, J. L., &amp; Lantada, N. (1999). A proposal for application and scoring of the Clock Drawing Test in Alzheimer&#8217;s disease. <em>Revista de Neurologia<\/em>, 28(7), 648-655.<\/p><p><strong>ENCUESTAS Y CUESTIONARIOS:<\/strong><\/p><ul><li>ENCUESTA INICIAL Tipo A: Cuidador profesional<\/li><li>ENCUESTA INICIAL Tipo B: Paciente.<\/li><li>ENCUESTA INICIAL Tipo C: Cuidador familiar.<\/li><li>CUESTIONARIO 1. An\u00e1lisis percepci\u00f3n imagen espacial configurada del plano cognitivo.<\/li><li>CUESTIONARIO 2. An\u00e1lisis del entorno dom\u00e9stico como condicionante de conducta.<\/li><li>CUESTIONARIO 3. An\u00e1lisis de la iluminaci\u00f3n natural como estimulaci\u00f3n sensorial.<\/li><li>CUESTIONARIO 4. An\u00e1lisis sobre la percepci\u00f3n espacial en edificios y espacios urbanos.<\/li><\/ul>\t\t\t\t\t\t<\/div>\n\t\t\t\t<\/div>\n\t\t\t\t\t<\/div>\n\t\t<\/div>\n\t\t\t\t\t<\/div>\n\t\t<\/section>\n\t\t\t\t<\/div>\n\t\t","protected":false},"excerpt":{"rendered":"<p>Los cuestionarios son el principal material que se va a utilizar para obtener datos en esta investigaci\u00f3n. Se trata de<\/p>\n","protected":false},"author":2,"featured_media":0,"parent":2082,"menu_order":0,"comment_status":"closed","ping_status":"closed","template":"","meta":{"footnotes":""},"yoast_head":"<!-- This site is optimized with the Yoast SEO plugin v22.2 - https:\/\/yoast.com\/wordpress\/plugins\/seo\/ -->\n<title>Cuestionarios - DETER<\/title>\n<meta name=\"robots\" content=\"index, follow, max-snippet:-1, max-image-preview:large, max-video-preview:-1\" \/>\n<link rel=\"canonical\" href=\"https:\/\/grupo.us.es\/proyectodeter\/el-proyecto\/cuestionarios\/\" \/>\n<meta property=\"og:locale\" content=\"es_ES\" \/>\n<meta property=\"og:type\" content=\"article\" \/>\n<meta property=\"og:title\" content=\"Cuestionarios - DETER\" \/>\n<meta property=\"og:description\" content=\"Los cuestionarios son el principal material que se va a utilizar para obtener datos en esta investigaci\u00f3n. Se trata de\" \/>\n<meta property=\"og:url\" content=\"https:\/\/grupo.us.es\/proyectodeter\/el-proyecto\/cuestionarios\/\" \/>\n<meta property=\"og:site_name\" content=\"DETER\" \/>\n<meta property=\"article:modified_time\" content=\"2023-12-07T11:34:46+00:00\" \/>\n<meta name=\"twitter:card\" content=\"summary_large_image\" \/>\n<meta name=\"twitter:label1\" content=\"Tiempo de lectura\" \/>\n\t<meta name=\"twitter:data1\" content=\"2 minutos\" \/>\n<script type=\"application\/ld+json\" class=\"yoast-schema-graph\">{\"@context\":\"https:\/\/schema.org\",\"@graph\":[{\"@type\":\"WebPage\",\"@id\":\"https:\/\/grupo.us.es\/proyectodeter\/el-proyecto\/cuestionarios\/\",\"url\":\"https:\/\/grupo.us.es\/proyectodeter\/el-proyecto\/cuestionarios\/\",\"name\":\"Cuestionarios - DETER\",\"isPartOf\":{\"@id\":\"https:\/\/grupo.us.es\/proyectodeter\/#website\"},\"datePublished\":\"2023-07-26T11:48:24+00:00\",\"dateModified\":\"2023-12-07T11:34:46+00:00\",\"breadcrumb\":{\"@id\":\"https:\/\/grupo.us.es\/proyectodeter\/el-proyecto\/cuestionarios\/#breadcrumb\"},\"inLanguage\":\"es\",\"potentialAction\":[{\"@type\":\"ReadAction\",\"target\":[\"https:\/\/grupo.us.es\/proyectodeter\/el-proyecto\/cuestionarios\/\"]}]},{\"@type\":\"BreadcrumbList\",\"@id\":\"https:\/\/grupo.us.es\/proyectodeter\/el-proyecto\/cuestionarios\/#breadcrumb\",\"itemListElement\":[{\"@type\":\"ListItem\",\"position\":1,\"name\":\"El Proyecto\",\"item\":\"https:\/\/grupo.us.es\/proyectodeter\/el-proyecto\/\"},{\"@type\":\"ListItem\",\"position\":2,\"name\":\"Cuestionarios\"}]},{\"@type\":\"WebSite\",\"@id\":\"https:\/\/grupo.us.es\/proyectodeter\/#website\",\"url\":\"https:\/\/grupo.us.es\/proyectodeter\/\",\"name\":\"DETER\",\"description\":\"Proyecto de investigaci\u00f3n FEDER US-1381654\",\"publisher\":{\"@id\":\"https:\/\/grupo.us.es\/proyectodeter\/#organization\"},\"potentialAction\":[{\"@type\":\"SearchAction\",\"target\":{\"@type\":\"EntryPoint\",\"urlTemplate\":\"https:\/\/grupo.us.es\/proyectodeter\/?s={search_term_string}\"},\"query-input\":\"required name=search_term_string\"}],\"inLanguage\":\"es\"},{\"@type\":\"Organization\",\"@id\":\"https:\/\/grupo.us.es\/proyectodeter\/#organization\",\"name\":\"DETER\",\"url\":\"https:\/\/grupo.us.es\/proyectodeter\/\",\"logo\":{\"@type\":\"ImageObject\",\"inLanguage\":\"es\",\"@id\":\"https:\/\/grupo.us.es\/proyectodeter\/#\/schema\/logo\/image\/\",\"url\":\"https:\/\/grupo.us.es\/proyectodeter\/wp-content\/uploads\/2022\/02\/logotipo_deter-1.jpg\",\"contentUrl\":\"https:\/\/grupo.us.es\/proyectodeter\/wp-content\/uploads\/2022\/02\/logotipo_deter-1.jpg\",\"width\":202,\"height\":60,\"caption\":\"DETER\"},\"image\":{\"@id\":\"https:\/\/grupo.us.es\/proyectodeter\/#\/schema\/logo\/image\/\"}}]}<\/script>\n<!-- \/ Yoast SEO plugin. -->","yoast_head_json":{"title":"Cuestionarios - DETER","robots":{"index":"index","follow":"follow","max-snippet":"max-snippet:-1","max-image-preview":"max-image-preview:large","max-video-preview":"max-video-preview:-1"},"canonical":"https:\/\/grupo.us.es\/proyectodeter\/el-proyecto\/cuestionarios\/","og_locale":"es_ES","og_type":"article","og_title":"Cuestionarios - DETER","og_description":"Los cuestionarios son el principal material que se va a utilizar para obtener datos en esta investigaci\u00f3n. Se trata de","og_url":"https:\/\/grupo.us.es\/proyectodeter\/el-proyecto\/cuestionarios\/","og_site_name":"DETER","article_modified_time":"2023-12-07T11:34:46+00:00","twitter_card":"summary_large_image","twitter_misc":{"Tiempo de lectura":"2 minutos"},"schema":{"@context":"https:\/\/schema.org","@graph":[{"@type":"WebPage","@id":"https:\/\/grupo.us.es\/proyectodeter\/el-proyecto\/cuestionarios\/","url":"https:\/\/grupo.us.es\/proyectodeter\/el-proyecto\/cuestionarios\/","name":"Cuestionarios - DETER","isPartOf":{"@id":"https:\/\/grupo.us.es\/proyectodeter\/#website"},"datePublished":"2023-07-26T11:48:24+00:00","dateModified":"2023-12-07T11:34:46+00:00","breadcrumb":{"@id":"https:\/\/grupo.us.es\/proyectodeter\/el-proyecto\/cuestionarios\/#breadcrumb"},"inLanguage":"es","potentialAction":[{"@type":"ReadAction","target":["https:\/\/grupo.us.es\/proyectodeter\/el-proyecto\/cuestionarios\/"]}]},{"@type":"BreadcrumbList","@id":"https:\/\/grupo.us.es\/proyectodeter\/el-proyecto\/cuestionarios\/#breadcrumb","itemListElement":[{"@type":"ListItem","position":1,"name":"El Proyecto","item":"https:\/\/grupo.us.es\/proyectodeter\/el-proyecto\/"},{"@type":"ListItem","position":2,"name":"Cuestionarios"}]},{"@type":"WebSite","@id":"https:\/\/grupo.us.es\/proyectodeter\/#website","url":"https:\/\/grupo.us.es\/proyectodeter\/","name":"DETER","description":"Proyecto de investigaci\u00f3n FEDER US-1381654","publisher":{"@id":"https:\/\/grupo.us.es\/proyectodeter\/#organization"},"potentialAction":[{"@type":"SearchAction","target":{"@type":"EntryPoint","urlTemplate":"https:\/\/grupo.us.es\/proyectodeter\/?s={search_term_string}"},"query-input":"required name=search_term_string"}],"inLanguage":"es"},{"@type":"Organization","@id":"https:\/\/grupo.us.es\/proyectodeter\/#organization","name":"DETER","url":"https:\/\/grupo.us.es\/proyectodeter\/","logo":{"@type":"ImageObject","inLanguage":"es","@id":"https:\/\/grupo.us.es\/proyectodeter\/#\/schema\/logo\/image\/","url":"https:\/\/grupo.us.es\/proyectodeter\/wp-content\/uploads\/2022\/02\/logotipo_deter-1.jpg","contentUrl":"https:\/\/grupo.us.es\/proyectodeter\/wp-content\/uploads\/2022\/02\/logotipo_deter-1.jpg","width":202,"height":60,"caption":"DETER"},"image":{"@id":"https:\/\/grupo.us.es\/proyectodeter\/#\/schema\/logo\/image\/"}}]}},"_links":{"self":[{"href":"https:\/\/grupo.us.es\/proyectodeter\/wp-json\/wp\/v2\/pages\/2069"}],"collection":[{"href":"https:\/\/grupo.us.es\/proyectodeter\/wp-json\/wp\/v2\/pages"}],"about":[{"href":"https:\/\/grupo.us.es\/proyectodeter\/wp-json\/wp\/v2\/types\/page"}],"author":[{"embeddable":true,"href":"https:\/\/grupo.us.es\/proyectodeter\/wp-json\/wp\/v2\/users\/2"}],"replies":[{"embeddable":true,"href":"https:\/\/grupo.us.es\/proyectodeter\/wp-json\/wp\/v2\/comments?post=2069"}],"version-history":[{"count":0,"href":"https:\/\/grupo.us.es\/proyectodeter\/wp-json\/wp\/v2\/pages\/2069\/revisions"}],"up":[{"embeddable":true,"href":"https:\/\/grupo.us.es\/proyectodeter\/wp-json\/wp\/v2\/pages\/2082"}],"wp:attachment":[{"href":"https:\/\/grupo.us.es\/proyectodeter\/wp-json\/wp\/v2\/media?parent=2069"}],"curies":[{"name":"wp","href":"https:\/\/api.w.org\/{rel}","templated":true}]}}