{"id":1401,"date":"2023-06-07T13:27:26","date_gmt":"2023-06-07T13:27:26","guid":{"rendered":"https:\/\/grupo.us.es\/proyectodeter\/?page_id=1401"},"modified":"2023-12-07T11:36:40","modified_gmt":"2023-12-07T11:36:40","slug":"patentes","status":"publish","type":"page","link":"https:\/\/grupo.us.es\/proyectodeter\/transferencia\/patentes\/","title":{"rendered":"Patentes"},"content":{"rendered":"\t\t<div data-elementor-type=\"wp-page\" data-elementor-id=\"1401\" class=\"elementor elementor-1401\" data-elementor-post-type=\"page\">\n\t\t\t\t\t\t<section class=\"elementor-section elementor-top-section elementor-element elementor-element-39d0dc7 elementor-section-boxed elementor-section-height-default elementor-section-height-default\" data-id=\"39d0dc7\" data-element_type=\"section\">\n\t\t\t\t\t\t<div class=\"elementor-container elementor-column-gap-default\">\n\t\t\t\t\t<div class=\"elementor-column elementor-col-100 elementor-top-column elementor-element elementor-element-1cb2552\" data-id=\"1cb2552\" data-element_type=\"column\">\n\t\t\t<div class=\"elementor-widget-wrap elementor-element-populated\">\n\t\t\t\t\t\t<div class=\"elementor-element elementor-element-b5f4350 elementor-widget elementor-widget-heading\" data-id=\"b5f4350\" data-element_type=\"widget\" data-widget_type=\"heading.default\">\n\t\t\t\t<div class=\"elementor-widget-container\">\n\t\t\t<style>\/*! elementor - v3.19.0 - 28-02-2024 *\/\n.elementor-heading-title{padding:0;margin:0;line-height:1}.elementor-widget-heading .elementor-heading-title[class*=elementor-size-]>a{color:inherit;font-size:inherit;line-height:inherit}.elementor-widget-heading .elementor-heading-title.elementor-size-small{font-size:15px}.elementor-widget-heading .elementor-heading-title.elementor-size-medium{font-size:19px}.elementor-widget-heading .elementor-heading-title.elementor-size-large{font-size:29px}.elementor-widget-heading .elementor-heading-title.elementor-size-xl{font-size:39px}.elementor-widget-heading .elementor-heading-title.elementor-size-xxl{font-size:59px}<\/style><h3 class=\"elementor-heading-title elementor-size-default\">DISPOSITIVO DE REFLEXI\u00d3N SELECTIVA DE USUARIOS CON ENFERMEDAD DE ALZHEIMER<\/h3>\t\t<\/div>\n\t\t\t\t<\/div>\n\t\t\t\t\t<\/div>\n\t\t<\/div>\n\t\t\t\t\t<\/div>\n\t\t<\/section>\n\t\t\t\t<section class=\"elementor-section elementor-top-section elementor-element elementor-element-6367d6c elementor-section-boxed elementor-section-height-default elementor-section-height-default\" data-id=\"6367d6c\" data-element_type=\"section\">\n\t\t\t\t\t\t<div class=\"elementor-container elementor-column-gap-default\">\n\t\t\t\t\t<div class=\"elementor-column elementor-col-100 elementor-top-column elementor-element elementor-element-8794ef4\" data-id=\"8794ef4\" data-element_type=\"column\">\n\t\t\t<div class=\"elementor-widget-wrap elementor-element-populated\">\n\t\t\t\t\t\t<div class=\"elementor-element elementor-element-4bb6b96 elementor-widget elementor-widget-image\" data-id=\"4bb6b96\" data-element_type=\"widget\" data-widget_type=\"image.default\">\n\t\t\t\t<div class=\"elementor-widget-container\">\n\t\t\t<style>\/*! elementor - v3.19.0 - 28-02-2024 *\/\n.elementor-widget-image{text-align:center}.elementor-widget-image a{display:inline-block}.elementor-widget-image a img[src$=\".svg\"]{width:48px}.elementor-widget-image img{vertical-align:middle;display:inline-block}<\/style>\t\t\t\t\t\t\t\t\t\t<img fetchpriority=\"high\" decoding=\"async\" width=\"1920\" height=\"720\" src=\"https:\/\/grupo.us.es\/proyectodeter\/wp-content\/uploads\/2023\/07\/Espejo-inteligente.jpg\" class=\"attachment-full size-full wp-image-2170\" alt=\"\" srcset=\"https:\/\/grupo.us.es\/proyectodeter\/wp-content\/uploads\/2023\/07\/Espejo-inteligente.jpg 1920w, https:\/\/grupo.us.es\/proyectodeter\/wp-content\/uploads\/2023\/07\/Espejo-inteligente-300x113.jpg 300w, https:\/\/grupo.us.es\/proyectodeter\/wp-content\/uploads\/2023\/07\/Espejo-inteligente-1024x384.jpg 1024w, https:\/\/grupo.us.es\/proyectodeter\/wp-content\/uploads\/2023\/07\/Espejo-inteligente-768x288.jpg 768w, https:\/\/grupo.us.es\/proyectodeter\/wp-content\/uploads\/2023\/07\/Espejo-inteligente-1536x576.jpg 1536w\" sizes=\"(max-width: 1920px) 100vw, 1920px\" \/>\t\t\t\t\t\t\t\t\t\t\t\t\t<\/div>\n\t\t\t\t<\/div>\n\t\t\t\t\t<\/div>\n\t\t<\/div>\n\t\t\t\t\t<\/div>\n\t\t<\/section>\n\t\t\t\t<section class=\"elementor-section elementor-top-section elementor-element elementor-element-848e145 elementor-section-boxed elementor-section-height-default elementor-section-height-default\" data-id=\"848e145\" data-element_type=\"section\">\n\t\t\t\t\t\t<div class=\"elementor-container elementor-column-gap-default\">\n\t\t\t\t\t<div class=\"elementor-column elementor-col-100 elementor-top-column elementor-element elementor-element-4144681\" data-id=\"4144681\" data-element_type=\"column\">\n\t\t\t<div class=\"elementor-widget-wrap elementor-element-populated\">\n\t\t\t\t\t\t<div class=\"elementor-element elementor-element-9abafee elementor-widget elementor-widget-text-editor\" data-id=\"9abafee\" data-element_type=\"widget\" data-widget_type=\"text-editor.default\">\n\t\t\t\t<div class=\"elementor-widget-container\">\n\t\t\t<style>\/*! elementor - v3.19.0 - 28-02-2024 *\/\n.elementor-widget-text-editor.elementor-drop-cap-view-stacked .elementor-drop-cap{background-color:#69727d;color:#fff}.elementor-widget-text-editor.elementor-drop-cap-view-framed .elementor-drop-cap{color:#69727d;border:3px solid;background-color:transparent}.elementor-widget-text-editor:not(.elementor-drop-cap-view-default) .elementor-drop-cap{margin-top:8px}.elementor-widget-text-editor:not(.elementor-drop-cap-view-default) .elementor-drop-cap-letter{width:1em;height:1em}.elementor-widget-text-editor .elementor-drop-cap{float:left;text-align:center;line-height:1;font-size:50px}.elementor-widget-text-editor .elementor-drop-cap-letter{display:inline-block}<\/style>\t\t\t\t<p>Los resultados alcanzados en este proyecto de investigaci\u00f3n DETER han llevado a proponer soluciones concretas que mejoran y facilitan las actividades Instrumentales de la Vida Diaria de las personas con enfermedad de Alzheimer, as\u00ed como de sus familiares y cuidadores. Una de los hallazgos obtenidos, por su car\u00e1cter novedoso e innovador, y su aplicaci\u00f3n en los hogares y\/o equipamientos ha llevado a solicitar el registro de una patente ante la OPEM con n\u00famero P202330424.<\/p><p>En un punto determinado del desarrollo de esta enfermedad, la persona no se reconoce a s\u00ed misma. Esto implica que cuando el usuario se ve reflejado en determinadas superficies reflectantes puede entrar en p\u00e1nico y estr\u00e9s, provocando cambios de humor fuertes, irritabilidad, agitaci\u00f3n o elevado nivel de estr\u00e9s, ya que los enfermos creen que cerca de \u00e9l o ella se encuentra una persona desconocida o ajena a su cotidianidad, sobre todo si est\u00e1n en habitaciones cerradas como puede ser un ba\u00f1o o un dormitorio. Al creer que est\u00e1n en compa\u00f1\u00eda de personas desconocidas para ellos, su sensaci\u00f3n de intimidad se ve muy disminuida o incluso desaparece, gener\u00e1ndose situaciones de p\u00e1nico y abandono de la estancia Esta circunstancia lleva a muchas familias y cuidadores a tapar o quitar estas superficies reflectantes de las casas y de los espacios dom\u00e9sticos con la consiguiente incomodidad que conlleva para todos los habitantes de la casa que ven limitado su uso.<\/p><p>La patente solicitada intenta resolver esa situaci\u00f3n, generando m\u00e1s confort y seguridad para los habitantes de la unidad familiar o residentes y cuidadores de un centro residencial. La invenci\u00f3n se refiere a un dispositivo de reflexi\u00f3n selectiva, que comprende una superficie reflectante inteligente que refleja o deja de reflejar el entorno en funci\u00f3n de a qui\u00e9n detecte, con el objetivo de a controlar reacciones adversas que pueden tener algunas personas que sufren la enfermedad de Alzheimer, en funci\u00f3n del estado y evoluci\u00f3n de la misma.<\/p>\t\t\t\t\t\t<\/div>\n\t\t\t\t<\/div>\n\t\t\t\t\t<\/div>\n\t\t<\/div>\n\t\t\t\t\t<\/div>\n\t\t<\/section>\n\t\t\t\t<\/div>\n\t\t","protected":false},"excerpt":{"rendered":"<p>DISPOSITIVO DE REFLEXI\u00d3N SELECTIVA DE USUARIOS CON ENFERMEDAD DE ALZHEIMER Los resultados alcanzados en este proyecto de investigaci\u00f3n DETER han<\/p>\n","protected":false},"author":2,"featured_media":0,"parent":218,"menu_order":0,"comment_status":"closed","ping_status":"closed","template":"","meta":{"footnotes":""},"yoast_head":"<!-- This site is optimized with the Yoast SEO plugin v22.2 - https:\/\/yoast.com\/wordpress\/plugins\/seo\/ -->\n<title>Patentes - DETER<\/title>\n<meta name=\"robots\" content=\"index, follow, max-snippet:-1, max-image-preview:large, max-video-preview:-1\" \/>\n<link rel=\"canonical\" href=\"https:\/\/grupo.us.es\/proyectodeter\/transferencia\/patentes\/\" \/>\n<meta property=\"og:locale\" content=\"es_ES\" \/>\n<meta property=\"og:type\" content=\"article\" \/>\n<meta property=\"og:title\" content=\"Patentes - DETER\" \/>\n<meta property=\"og:description\" content=\"DISPOSITIVO DE REFLEXI\u00d3N SELECTIVA DE USUARIOS CON ENFERMEDAD DE ALZHEIMER Los resultados alcanzados en este proyecto de investigaci\u00f3n DETER han\" \/>\n<meta property=\"og:url\" content=\"https:\/\/grupo.us.es\/proyectodeter\/transferencia\/patentes\/\" \/>\n<meta property=\"og:site_name\" content=\"DETER\" \/>\n<meta property=\"article:modified_time\" content=\"2023-12-07T11:36:40+00:00\" \/>\n<meta property=\"og:image\" content=\"https:\/\/grupo.us.es\/proyectodeter\/wp-content\/uploads\/2023\/07\/Espejo-inteligente.jpg\" \/>\n<meta name=\"twitter:card\" content=\"summary_large_image\" \/>\n<meta name=\"twitter:label1\" content=\"Tiempo de lectura\" \/>\n\t<meta name=\"twitter:data1\" content=\"2 minutos\" \/>\n<script type=\"application\/ld+json\" class=\"yoast-schema-graph\">{\"@context\":\"https:\/\/schema.org\",\"@graph\":[{\"@type\":\"WebPage\",\"@id\":\"https:\/\/grupo.us.es\/proyectodeter\/transferencia\/patentes\/\",\"url\":\"https:\/\/grupo.us.es\/proyectodeter\/transferencia\/patentes\/\",\"name\":\"Patentes - DETER\",\"isPartOf\":{\"@id\":\"https:\/\/grupo.us.es\/proyectodeter\/#website\"},\"primaryImageOfPage\":{\"@id\":\"https:\/\/grupo.us.es\/proyectodeter\/transferencia\/patentes\/#primaryimage\"},\"image\":{\"@id\":\"https:\/\/grupo.us.es\/proyectodeter\/transferencia\/patentes\/#primaryimage\"},\"thumbnailUrl\":\"https:\/\/grupo.us.es\/proyectodeter\/wp-content\/uploads\/2023\/07\/Espejo-inteligente.jpg\",\"datePublished\":\"2023-06-07T13:27:26+00:00\",\"dateModified\":\"2023-12-07T11:36:40+00:00\",\"breadcrumb\":{\"@id\":\"https:\/\/grupo.us.es\/proyectodeter\/transferencia\/patentes\/#breadcrumb\"},\"inLanguage\":\"es\",\"potentialAction\":[{\"@type\":\"ReadAction\",\"target\":[\"https:\/\/grupo.us.es\/proyectodeter\/transferencia\/patentes\/\"]}]},{\"@type\":\"ImageObject\",\"inLanguage\":\"es\",\"@id\":\"https:\/\/grupo.us.es\/proyectodeter\/transferencia\/patentes\/#primaryimage\",\"url\":\"https:\/\/grupo.us.es\/proyectodeter\/wp-content\/uploads\/2023\/07\/Espejo-inteligente.jpg\",\"contentUrl\":\"https:\/\/grupo.us.es\/proyectodeter\/wp-content\/uploads\/2023\/07\/Espejo-inteligente.jpg\",\"width\":1920,\"height\":720},{\"@type\":\"BreadcrumbList\",\"@id\":\"https:\/\/grupo.us.es\/proyectodeter\/transferencia\/patentes\/#breadcrumb\",\"itemListElement\":[{\"@type\":\"ListItem\",\"position\":1,\"name\":\"Transferencia\",\"item\":\"https:\/\/grupo.us.es\/proyectodeter\/transferencia\/\"},{\"@type\":\"ListItem\",\"position\":2,\"name\":\"Patentes\"}]},{\"@type\":\"WebSite\",\"@id\":\"https:\/\/grupo.us.es\/proyectodeter\/#website\",\"url\":\"https:\/\/grupo.us.es\/proyectodeter\/\",\"name\":\"DETER\",\"description\":\"Proyecto de investigaci\u00f3n FEDER US-1381654\",\"publisher\":{\"@id\":\"https:\/\/grupo.us.es\/proyectodeter\/#organization\"},\"potentialAction\":[{\"@type\":\"SearchAction\",\"target\":{\"@type\":\"EntryPoint\",\"urlTemplate\":\"https:\/\/grupo.us.es\/proyectodeter\/?s={search_term_string}\"},\"query-input\":\"required name=search_term_string\"}],\"inLanguage\":\"es\"},{\"@type\":\"Organization\",\"@id\":\"https:\/\/grupo.us.es\/proyectodeter\/#organization\",\"name\":\"DETER\",\"url\":\"https:\/\/grupo.us.es\/proyectodeter\/\",\"logo\":{\"@type\":\"ImageObject\",\"inLanguage\":\"es\",\"@id\":\"https:\/\/grupo.us.es\/proyectodeter\/#\/schema\/logo\/image\/\",\"url\":\"https:\/\/grupo.us.es\/proyectodeter\/wp-content\/uploads\/2022\/02\/logotipo_deter-1.jpg\",\"contentUrl\":\"https:\/\/grupo.us.es\/proyectodeter\/wp-content\/uploads\/2022\/02\/logotipo_deter-1.jpg\",\"width\":202,\"height\":60,\"caption\":\"DETER\"},\"image\":{\"@id\":\"https:\/\/grupo.us.es\/proyectodeter\/#\/schema\/logo\/image\/\"}}]}<\/script>\n<!-- \/ Yoast SEO plugin. -->","yoast_head_json":{"title":"Patentes - DETER","robots":{"index":"index","follow":"follow","max-snippet":"max-snippet:-1","max-image-preview":"max-image-preview:large","max-video-preview":"max-video-preview:-1"},"canonical":"https:\/\/grupo.us.es\/proyectodeter\/transferencia\/patentes\/","og_locale":"es_ES","og_type":"article","og_title":"Patentes - DETER","og_description":"DISPOSITIVO DE REFLEXI\u00d3N SELECTIVA DE USUARIOS CON ENFERMEDAD DE ALZHEIMER Los resultados alcanzados en este proyecto de investigaci\u00f3n DETER han","og_url":"https:\/\/grupo.us.es\/proyectodeter\/transferencia\/patentes\/","og_site_name":"DETER","article_modified_time":"2023-12-07T11:36:40+00:00","og_image":[{"url":"https:\/\/grupo.us.es\/proyectodeter\/wp-content\/uploads\/2023\/07\/Espejo-inteligente.jpg"}],"twitter_card":"summary_large_image","twitter_misc":{"Tiempo de lectura":"2 minutos"},"schema":{"@context":"https:\/\/schema.org","@graph":[{"@type":"WebPage","@id":"https:\/\/grupo.us.es\/proyectodeter\/transferencia\/patentes\/","url":"https:\/\/grupo.us.es\/proyectodeter\/transferencia\/patentes\/","name":"Patentes - DETER","isPartOf":{"@id":"https:\/\/grupo.us.es\/proyectodeter\/#website"},"primaryImageOfPage":{"@id":"https:\/\/grupo.us.es\/proyectodeter\/transferencia\/patentes\/#primaryimage"},"image":{"@id":"https:\/\/grupo.us.es\/proyectodeter\/transferencia\/patentes\/#primaryimage"},"thumbnailUrl":"https:\/\/grupo.us.es\/proyectodeter\/wp-content\/uploads\/2023\/07\/Espejo-inteligente.jpg","datePublished":"2023-06-07T13:27:26+00:00","dateModified":"2023-12-07T11:36:40+00:00","breadcrumb":{"@id":"https:\/\/grupo.us.es\/proyectodeter\/transferencia\/patentes\/#breadcrumb"},"inLanguage":"es","potentialAction":[{"@type":"ReadAction","target":["https:\/\/grupo.us.es\/proyectodeter\/transferencia\/patentes\/"]}]},{"@type":"ImageObject","inLanguage":"es","@id":"https:\/\/grupo.us.es\/proyectodeter\/transferencia\/patentes\/#primaryimage","url":"https:\/\/grupo.us.es\/proyectodeter\/wp-content\/uploads\/2023\/07\/Espejo-inteligente.jpg","contentUrl":"https:\/\/grupo.us.es\/proyectodeter\/wp-content\/uploads\/2023\/07\/Espejo-inteligente.jpg","width":1920,"height":720},{"@type":"BreadcrumbList","@id":"https:\/\/grupo.us.es\/proyectodeter\/transferencia\/patentes\/#breadcrumb","itemListElement":[{"@type":"ListItem","position":1,"name":"Transferencia","item":"https:\/\/grupo.us.es\/proyectodeter\/transferencia\/"},{"@type":"ListItem","position":2,"name":"Patentes"}]},{"@type":"WebSite","@id":"https:\/\/grupo.us.es\/proyectodeter\/#website","url":"https:\/\/grupo.us.es\/proyectodeter\/","name":"DETER","description":"Proyecto de investigaci\u00f3n FEDER US-1381654","publisher":{"@id":"https:\/\/grupo.us.es\/proyectodeter\/#organization"},"potentialAction":[{"@type":"SearchAction","target":{"@type":"EntryPoint","urlTemplate":"https:\/\/grupo.us.es\/proyectodeter\/?s={search_term_string}"},"query-input":"required name=search_term_string"}],"inLanguage":"es"},{"@type":"Organization","@id":"https:\/\/grupo.us.es\/proyectodeter\/#organization","name":"DETER","url":"https:\/\/grupo.us.es\/proyectodeter\/","logo":{"@type":"ImageObject","inLanguage":"es","@id":"https:\/\/grupo.us.es\/proyectodeter\/#\/schema\/logo\/image\/","url":"https:\/\/grupo.us.es\/proyectodeter\/wp-content\/uploads\/2022\/02\/logotipo_deter-1.jpg","contentUrl":"https:\/\/grupo.us.es\/proyectodeter\/wp-content\/uploads\/2022\/02\/logotipo_deter-1.jpg","width":202,"height":60,"caption":"DETER"},"image":{"@id":"https:\/\/grupo.us.es\/proyectodeter\/#\/schema\/logo\/image\/"}}]}},"_links":{"self":[{"href":"https:\/\/grupo.us.es\/proyectodeter\/wp-json\/wp\/v2\/pages\/1401"}],"collection":[{"href":"https:\/\/grupo.us.es\/proyectodeter\/wp-json\/wp\/v2\/pages"}],"about":[{"href":"https:\/\/grupo.us.es\/proyectodeter\/wp-json\/wp\/v2\/types\/page"}],"author":[{"embeddable":true,"href":"https:\/\/grupo.us.es\/proyectodeter\/wp-json\/wp\/v2\/users\/2"}],"replies":[{"embeddable":true,"href":"https:\/\/grupo.us.es\/proyectodeter\/wp-json\/wp\/v2\/comments?post=1401"}],"version-history":[{"count":0,"href":"https:\/\/grupo.us.es\/proyectodeter\/wp-json\/wp\/v2\/pages\/1401\/revisions"}],"up":[{"embeddable":true,"href":"https:\/\/grupo.us.es\/proyectodeter\/wp-json\/wp\/v2\/pages\/218"}],"wp:attachment":[{"href":"https:\/\/grupo.us.es\/proyectodeter\/wp-json\/wp\/v2\/media?parent=1401"}],"curies":[{"name":"wp","href":"https:\/\/api.w.org\/{rel}","templated":true}]}}