{"id":1388,"date":"2023-06-07T13:25:49","date_gmt":"2023-06-07T13:25:49","guid":{"rendered":"https:\/\/grupo.us.es\/proyectodeter\/?page_id=1388"},"modified":"2023-12-07T11:39:43","modified_gmt":"2023-12-07T11:39:43","slug":"ponencias-comunicaciones-y-posters","status":"publish","type":"page","link":"https:\/\/grupo.us.es\/proyectodeter\/resultados\/ponencias-comunicaciones-y-posters\/","title":{"rendered":"Ponencias, Comunicaciones y P\u00f3sters"},"content":{"rendered":"\t\t<div data-elementor-type=\"wp-page\" data-elementor-id=\"1388\" class=\"elementor elementor-1388\" data-elementor-post-type=\"page\">\n\t\t\t\t\t\t<section class=\"elementor-section elementor-top-section elementor-element elementor-element-55d035b elementor-section-boxed elementor-section-height-default elementor-section-height-default\" data-id=\"55d035b\" data-element_type=\"section\">\n\t\t\t\t\t\t<div class=\"elementor-container elementor-column-gap-default\">\n\t\t\t\t\t<div class=\"elementor-column elementor-col-50 elementor-top-column elementor-element elementor-element-d88574e\" data-id=\"d88574e\" data-element_type=\"column\">\n\t\t\t<div class=\"elementor-widget-wrap elementor-element-populated\">\n\t\t\t\t\t\t<div class=\"elementor-element elementor-element-2704cd5 elementor-widget elementor-widget-image\" data-id=\"2704cd5\" data-element_type=\"widget\" data-widget_type=\"image.default\">\n\t\t\t\t<div class=\"elementor-widget-container\">\n\t\t\t<style>\/*! elementor - v3.19.0 - 28-02-2024 *\/\n.elementor-widget-image{text-align:center}.elementor-widget-image a{display:inline-block}.elementor-widget-image a img[src$=\".svg\"]{width:48px}.elementor-widget-image img{vertical-align:middle;display:inline-block}<\/style>\t\t\t\t\t\t\t\t\t\t\t<a href=\"https:\/\/grupo.us.es\/proyectodeter\/wp-content\/uploads\/2023\/05\/FujVGdeXsAAV2ho-640x640-1.jpg\" data-elementor-open-lightbox=\"yes\" data-elementor-lightbox-title=\"FujVGdeXsAAV2ho-640x640-1\" data-e-action-hash=\"#elementor-action%3Aaction%3Dlightbox%26settings%3DeyJpZCI6MTgyNiwidXJsIjoiaHR0cHM6XC9cL2dydXBvLnVzLmVzXC9wcm95ZWN0b2RldGVyXC93cC1jb250ZW50XC91cGxvYWRzXC8yMDIzXC8wNVwvRnVqVkdkZVhzQUFWMmhvLTY0MHg2NDAtMS5qcGcifQ%3D%3D\">\n\t\t\t\t\t\t\t<img fetchpriority=\"high\" decoding=\"async\" width=\"640\" height=\"640\" src=\"https:\/\/grupo.us.es\/proyectodeter\/wp-content\/uploads\/2023\/05\/FujVGdeXsAAV2ho-640x640-1.jpg\" class=\"attachment-large size-large wp-image-1826\" alt=\"\" srcset=\"https:\/\/grupo.us.es\/proyectodeter\/wp-content\/uploads\/2023\/05\/FujVGdeXsAAV2ho-640x640-1.jpg 640w, https:\/\/grupo.us.es\/proyectodeter\/wp-content\/uploads\/2023\/05\/FujVGdeXsAAV2ho-640x640-1-300x300.jpg 300w, https:\/\/grupo.us.es\/proyectodeter\/wp-content\/uploads\/2023\/05\/FujVGdeXsAAV2ho-640x640-1-150x150.jpg 150w\" sizes=\"(max-width: 640px) 100vw, 640px\" \/>\t\t\t\t\t\t\t\t<\/a>\n\t\t\t\t\t\t\t\t\t\t\t\t\t<\/div>\n\t\t\t\t<\/div>\n\t\t\t\t\t<\/div>\n\t\t<\/div>\n\t\t\t\t<div class=\"elementor-column elementor-col-50 elementor-top-column elementor-element elementor-element-8150836\" data-id=\"8150836\" data-element_type=\"column\">\n\t\t\t<div class=\"elementor-widget-wrap elementor-element-populated\">\n\t\t\t\t\t\t<div class=\"elementor-element elementor-element-29f4262 elementor-widget elementor-widget-heading\" data-id=\"29f4262\" data-element_type=\"widget\" data-widget_type=\"heading.default\">\n\t\t\t\t<div class=\"elementor-widget-container\">\n\t\t\t<style>\/*! elementor - v3.19.0 - 28-02-2024 *\/\n.elementor-heading-title{padding:0;margin:0;line-height:1}.elementor-widget-heading .elementor-heading-title[class*=elementor-size-]>a{color:inherit;font-size:inherit;line-height:inherit}.elementor-widget-heading .elementor-heading-title.elementor-size-small{font-size:15px}.elementor-widget-heading .elementor-heading-title.elementor-size-medium{font-size:19px}.elementor-widget-heading .elementor-heading-title.elementor-size-large{font-size:29px}.elementor-widget-heading .elementor-heading-title.elementor-size-xl{font-size:39px}.elementor-widget-heading .elementor-heading-title.elementor-size-xxl{font-size:59px}<\/style><h3 class=\"elementor-heading-title elementor-size-default\">\u00daltima aportaci\u00f3n \/ actividad<\/h3>\t\t<\/div>\n\t\t\t\t<\/div>\n\t\t\t\t<div class=\"elementor-element elementor-element-a916f00 elementor-widget elementor-widget-text-editor\" data-id=\"a916f00\" data-element_type=\"widget\" data-widget_type=\"text-editor.default\">\n\t\t\t\t<div class=\"elementor-widget-container\">\n\t\t\t<style>\/*! elementor - v3.19.0 - 28-02-2024 *\/\n.elementor-widget-text-editor.elementor-drop-cap-view-stacked .elementor-drop-cap{background-color:#69727d;color:#fff}.elementor-widget-text-editor.elementor-drop-cap-view-framed .elementor-drop-cap{color:#69727d;border:3px solid;background-color:transparent}.elementor-widget-text-editor:not(.elementor-drop-cap-view-default) .elementor-drop-cap{margin-top:8px}.elementor-widget-text-editor:not(.elementor-drop-cap-view-default) .elementor-drop-cap-letter{width:1em;height:1em}.elementor-widget-text-editor .elementor-drop-cap{float:left;text-align:center;line-height:1;font-size:50px}.elementor-widget-text-editor .elementor-drop-cap-letter{display:inline-block}<\/style>\t\t\t\t<p><strong>2023<br \/><\/strong><strong>Arquitectura para el bienestar social. Personas con Alzheimer<br \/><\/strong>En \u201cAs\u00f3mate a la ciencia\u201d,\u00a0 21\u00aa edici\u00f3n de la Feria de la Ciencia<br \/>Sevilla, 10, 11, y 12 de mayo de 2023<\/p>\t\t\t\t\t\t<\/div>\n\t\t\t\t<\/div>\n\t\t\t\t<div class=\"elementor-element elementor-element-9bff743 elementor-widget elementor-widget-button\" data-id=\"9bff743\" data-element_type=\"widget\" data-widget_type=\"button.default\">\n\t\t\t\t<div class=\"elementor-widget-container\">\n\t\t\t\t\t<div class=\"elementor-button-wrapper\">\n\t\t\t<a class=\"elementor-button elementor-button-link elementor-size-sm\" href=\"https:\/\/grupo.us.es\/hac\/asomate-a-la-ciencia\/\" target=\"_blank\" rel=\"nofollow\">\n\t\t\t\t\t\t<span class=\"elementor-button-content-wrapper\">\n\t\t\t\t\t\t<span class=\"elementor-button-text\">Saber m\u00e1s<\/span>\n\t\t<\/span>\n\t\t\t\t\t<\/a>\n\t\t<\/div>\n\t\t\t\t<\/div>\n\t\t\t\t<\/div>\n\t\t\t\t\t<\/div>\n\t\t<\/div>\n\t\t\t\t\t<\/div>\n\t\t<\/section>\n\t\t\t\t<section class=\"elementor-section elementor-top-section elementor-element elementor-element-88edd06 elementor-section-boxed elementor-section-height-default elementor-section-height-default\" data-id=\"88edd06\" data-element_type=\"section\">\n\t\t\t\t\t\t<div class=\"elementor-container elementor-column-gap-default\">\n\t\t\t\t\t<div class=\"elementor-column elementor-col-100 elementor-top-column elementor-element elementor-element-7a508bb\" data-id=\"7a508bb\" data-element_type=\"column\">\n\t\t\t<div class=\"elementor-widget-wrap elementor-element-populated\">\n\t\t\t\t\t\t<div class=\"elementor-element elementor-element-a5a9e6f textoResumen elementor-widget elementor-widget-text-editor\" data-id=\"a5a9e6f\" data-element_type=\"widget\" data-widget_type=\"text-editor.default\">\n\t\t\t\t<div class=\"elementor-widget-container\">\n\t\t\t\t\t\t\t<p>El grupo <strong>Healthy Architecture &amp; City<\/strong> de la Escuela de Arquitectura de la Universidad de Sevilla ha estado presente en la <strong>21\u00aa edici\u00f3n de la Feria de la Ciencia <\/strong>celebrada\u00a0los d\u00edas 10, 11 y 12 de mayo en Fibes (Sevilla). Esta Feria es un espacio en el que los centros educativos, universidades, empresas, museos y centros de investigaci\u00f3n presentan sus proyectos de divulgaci\u00f3n cient\u00edfica a la sociedad.<\/p><p>La Universidad de Sevilla ha participado en varios formatos de esta Feria, entre ellos el denominado <a href=\"http:\/\/canalciencia.us.es\/vuelve-la-feria-de-la-ciencia-de-sevilla\/\"><strong>As\u00f3mate a la ciencia<\/strong><\/a>, un formato de microconferencias en los que la Escuela de Arquitectura ha estado representada por dos intervenciones, una de ellas ha sido del investigador de este grupo de investigaci\u00f3n\u00a0<a href=\"https:\/\/grupo.us.es\/hac\/pablo-valero-flores\/\"><strong>Pablo Valero Flores<\/strong><\/a> que ha expuesto una de las principales l\u00edneas de investigaci\u00f3n del grupo HAC con la intervenci\u00f3n:\u00a0<strong>Arquitectura para el bienestar social. Personas con Alzheimer.<\/strong><\/p><p>Esta micro-conferencia ha tenido como objetivo presentar\u00a0los avances obtenidos en la investigaci\u00f3n arquitect\u00f3nica aplicada a la enfermedad de Alzheimer. Esta investigaci\u00f3n,<strong> novedosa en el \u00e1mbito sociosanitario<\/strong> de esta enfermedad, tiene como prop\u00f3sito determinar cu\u00e1l es el entorno f\u00edsico m\u00e1s adecuado para incrementar la<strong> seguridad, accesibilidad y autonom\u00eda<\/strong> <strong>del paciente con enfermedad de Alzheimer<\/strong>, y c\u00f3mo se debe realizar la <strong>personalizaci\u00f3n<\/strong> de su entorno para que se adapte mejor a sus necesidades. Una investigaci\u00f3n cient\u00edfica que se viene ejecutando desde hace seis a\u00f1os y que se enmarca en la l\u00ednea de investigaci\u00f3n \u201c<strong>Proyectar para la ausencia de memoria\u201d<\/strong> desarrollada por el grupo <strong>Healthy Architecture &amp; City<\/strong> de la E.T.S. Arquitectura de la Universidad de Sevilla, en colaboraci\u00f3n con la l\u00ednea de investigaci\u00f3n de Neurociencia B\u00e1sica y Aplicada de la Facultad de Medicina de la Universidad de M\u00e1laga.<\/p><p>El lugar en el que desarrolla su vida diaria el enfermo de Alzheimer es un elemento importante tanto para su calidad de vida como para sus cuidadores. Un espacio accesible, seguro, adaptado, personalizado y flexible permite una mejora notable en las actividades de la vida diaria del enfermo, familiares y cuidadores que conviven con \u00e9l. Las soluciones que se han propuesto en los \u00e1mbitos de la seguridad y accesibilidad han sido enriquecidas, en esta \u00faltima d\u00e9cada, con aportaciones surgidas de las <strong>nuevas tecnolog\u00edas de la informaci\u00f3n y comunicaci\u00f3n<\/strong>. Las relaciones entre espacio y sociedad, han sido tambi\u00e9n desarrolladas por disciplinas como la psicolog\u00eda o la neurolog\u00eda, transcendiendo el \u00e1mbito de la arquitectura, y dando lugar recientemente a nuevas ramas de conocimiento como la <strong>Neuroarquitectura<\/strong> desarrollada por <strong>H\u00f6lscher<\/strong>, 2011. Sin embargo, a pesar del desarrollo logrado en estos campos, todav\u00eda no se ha abordado con la misma intensidad un tipo de demandas de este colectivo relacionadas con la <strong>percepci\u00f3n de los sentidos, <\/strong>el<strong> control del estr\u00e9s,<\/strong> los<strong> recuerdos relacionados con emociones<\/strong> o<strong> una mayor autonom\u00eda personal e independencia en su vida diaria<\/strong>.<\/p><p>El dise\u00f1o de espacios adaptados destinados a los enfermos de Alzheimer o habitantes con problemas de memoria, no se ha abordado desde la disciplina arquitect\u00f3nica. La forma de abordar esta creciente demanda requiere de una nueva perspectiva, de una nueva visi\u00f3n, y parte de entender la Arquitectura como una disciplina que estudia y analiza en las ciudades, los edificios y las casas que habitan los enfermos de Alzheimer desde su punto de vista, desde sus necesidades. Desde el anterior posicionamiento, esta micro-conferencia pretende mostrar la aplicaci\u00f3n y los resultados de una serie de <strong>innovadoras t\u00e9cnicas dise\u00f1adas<\/strong> para determinar, desde la arquitectura y la tecnolog\u00eda, las<strong> reminiscencias que produce la arquitectura en los recuerdos, sensaciones o vivencias de los enfermos de Alzheimer<\/strong>, as\u00ed como la <strong>influencia<\/strong> <strong>que \u00e9sta tiene en el desarrollo de sus actividades diarias<\/strong>.<\/p>\t\t\t\t\t\t<\/div>\n\t\t\t\t<\/div>\n\t\t\t\t\t<\/div>\n\t\t<\/div>\n\t\t\t\t\t<\/div>\n\t\t<\/section>\n\t\t\t\t<section class=\"elementor-section elementor-top-section elementor-element elementor-element-39b3bd8 elementor-section-boxed elementor-section-height-default elementor-section-height-default\" data-id=\"39b3bd8\" data-element_type=\"section\">\n\t\t\t\t\t\t<div class=\"elementor-container elementor-column-gap-default\">\n\t\t\t\t\t<div class=\"elementor-column elementor-col-100 elementor-top-column elementor-element elementor-element-2146c41\" data-id=\"2146c41\" data-element_type=\"column\">\n\t\t\t<div class=\"elementor-widget-wrap elementor-element-populated\">\n\t\t\t\t\t\t<div class=\"elementor-element elementor-element-45e4a2b elementor-widget elementor-widget-heading\" data-id=\"45e4a2b\" data-element_type=\"widget\" data-widget_type=\"heading.default\">\n\t\t\t\t<div class=\"elementor-widget-container\">\n\t\t\t<h3 class=\"elementor-heading-title elementor-size-default\">Ponencias, comunicaciones y p\u00f3sters<\/h3>\t\t<\/div>\n\t\t\t\t<\/div>\n\t\t\t\t\t<\/div>\n\t\t<\/div>\n\t\t\t\t\t<\/div>\n\t\t<\/section>\n\t\t\t\t<section class=\"elementor-section elementor-top-section elementor-element elementor-element-8c1a576 elementor-section-boxed elementor-section-height-default elementor-section-height-default\" data-id=\"8c1a576\" data-element_type=\"section\">\n\t\t\t\t\t\t<div class=\"elementor-container elementor-column-gap-default\">\n\t\t\t\t\t<div class=\"elementor-column elementor-col-100 elementor-top-column elementor-element elementor-element-cebc8dd\" data-id=\"cebc8dd\" data-element_type=\"column\">\n\t\t\t<div class=\"elementor-widget-wrap elementor-element-populated\">\n\t\t\t\t\t\t<div class=\"elementor-element elementor-element-12c252a elementor-widget elementor-widget-text-editor\" data-id=\"12c252a\" data-element_type=\"widget\" data-widget_type=\"text-editor.default\">\n\t\t\t\t<div class=\"elementor-widget-container\">\n\t\t\t\t\t\t\t<ul><li><p>Quesada-Garc\u00eda, Santiago, Pablo Valero-Flores y Jos\u00e9 Manuel Mera G\u00f3mez. 2023. \u201cCasa Dom\u00f3tica en el CMRF San Fernando (C\u00e1diz) IMSERSO\u201d. Presentada en TECNOSOCIAL ANDALUC\u00cdA 2023. M\u00e1laga: Junta de Andaluc\u00eda, Ayunto. de M\u00e1laga, Diputaci\u00f3n de M\u00e1laga, Universidad de M\u00e1laga.<\/p><\/li><li><p>Quesada-Garc\u00eda, Santiago y Pablo Valero-Flores. 2017. \u201cLa influencia de la arquitectura y las tecnolog\u00edas en el espacio habitado por el enfermo con Alzheimer\u201d. Comunicaci\u00f3n presentada en VII Congreso Nacional de Alzheimer de la Conferencia Espa\u00f1ola de Asociaciones de Familiares de Personas con Alzheimer y otras Demencias (CEAFA). M\u00e1laga.<\/p><\/li><li><p>Quesada-Garc\u00eda, Santiago, Pablo Valero-Flores, Guadalupe Romero Vergara y Jos\u00e9 pablo Lara Mu\u00f1oz. 2017. \u201cPropuesta de nueva tipolog\u00eda arquitect\u00f3nica para enfermos con Alzheimer: estudio preliminar\u201d. P\u00f3ster presentado en V Conferencia M\u00e1laga Alzheimer. Anticipando el futuro. M\u00e1laga. <a href=\"https:\/\/grupo.us.es\/hac\/wp-content\/uploads\/2018\/02\/P%C3%B3ster-V-Conferencia-M%C3%A1laga-Alzheimer.pdf\" target=\"_blank\" rel=\"noopener\"><span style=\"text-decoration: underline;\">Descargar<\/span><\/a><\/p><\/li><li><p>Quesada-Garc\u00eda, Santiago, Pablo Valero-Flores y Guadalupe Romero Vergara. 2017. \u201cNuevas t\u00e9cnicas en investigaci\u00f3n arquitect\u00f3nica para determinar influencia entorno f\u00edsico en las personas con alzh\u00e9imer\u201d. P\u00f3ster presentado en Alzheimer\u00b4s Global Summit. Lisboa. <a href=\"https:\/\/grupo.us.es\/hac\/wp-content\/uploads\/2018\/02\/Poster-Lisboa.pdf\" target=\"_blank\" rel=\"noopener\"><span style=\"text-decoration: underline;\">Descargar<\/span><\/a><\/p><\/li><li><p>Quesada-Garc\u00eda, Santiago y Pablo Valero-Flores. 2016. \u201cArchitecture as a creative practice for improving living conditions and social welfare for Alzheimer&#8217;s patients\u201d. En <em>Creative practices for improving health and social inclusion. 5th International Health Humanities Conference, Sevilla 2016<\/em>, editado por Francisco Javier Saavedra Mac\u00edas, Alicia Espa\u00f1ol Nogueiro, Samuel Arias S\u00e1nchez y Marina Calder\u00f3n Garc\u00eda, 185-197. Sevilla: Universidad de Sevilla, Vicerrectorado de Investigaci\u00f3n. Edici\u00f3n en PDF. <a href=\"https:\/\/idus.us.es\/handle\/11441\/65445\" target=\"_blank\" rel=\"noopener\"><span style=\"text-decoration: underline;\">Descargar<\/span><\/a><\/p><\/li><li><p>Quesada-Garc\u00eda, Santiago y Pablo Valero-Flores. 2016. \u201cLa arquitectura como generadora de espacios saludables para habitantes con alzh\u00e9imer\u201d. Comunicaci\u00f3n presentada en III Congreso Internacional de Espacios de Arte y Salud. Denia (Alicante).<\/p><\/li><li><p>Quesada-Garc\u00eda, Santiago y Pablo Valero-Flores. 2016. \u201cNew urban needs: health, population aging and new social groups, conditions of the city model\u201d. Comunicaci\u00f3n presentada en World Multidisciplinary Civil Engineering Architecture Urban Planning Symposium. Praga.<\/p><\/li><\/ul>\t\t\t\t\t\t<\/div>\n\t\t\t\t<\/div>\n\t\t\t\t\t<\/div>\n\t\t<\/div>\n\t\t\t\t\t<\/div>\n\t\t<\/section>\n\t\t\t\t<\/div>\n\t\t","protected":false},"excerpt":{"rendered":"<p>\u00daltima aportaci\u00f3n \/ actividad 2023Arquitectura para el bienestar social. Personas con AlzheimerEn \u201cAs\u00f3mate a la ciencia\u201d,\u00a0 21\u00aa edici\u00f3n de la<\/p>\n","protected":false},"author":2,"featured_media":0,"parent":1367,"menu_order":0,"comment_status":"closed","ping_status":"closed","template":"","meta":{"footnotes":""},"yoast_head":"<!-- This site is optimized with the Yoast SEO plugin v22.2 - https:\/\/yoast.com\/wordpress\/plugins\/seo\/ -->\n<title>Ponencias, Comunicaciones y P\u00f3sters - DETER<\/title>\n<meta name=\"robots\" content=\"index, follow, max-snippet:-1, max-image-preview:large, max-video-preview:-1\" \/>\n<link rel=\"canonical\" href=\"https:\/\/grupo.us.es\/proyectodeter\/resultados\/ponencias-comunicaciones-y-posters\/\" \/>\n<meta property=\"og:locale\" content=\"es_ES\" \/>\n<meta property=\"og:type\" content=\"article\" \/>\n<meta property=\"og:title\" content=\"Ponencias, Comunicaciones y P\u00f3sters - DETER\" \/>\n<meta property=\"og:description\" content=\"\u00daltima aportaci\u00f3n \/ actividad 2023Arquitectura para el bienestar social. Personas con AlzheimerEn \u201cAs\u00f3mate a la ciencia\u201d,\u00a0 21\u00aa edici\u00f3n de la\" \/>\n<meta property=\"og:url\" content=\"https:\/\/grupo.us.es\/proyectodeter\/resultados\/ponencias-comunicaciones-y-posters\/\" \/>\n<meta property=\"og:site_name\" content=\"DETER\" \/>\n<meta property=\"article:modified_time\" content=\"2023-12-07T11:39:43+00:00\" \/>\n<meta property=\"og:image\" content=\"https:\/\/grupo.us.es\/proyectodeter\/wp-content\/uploads\/2023\/05\/FujVGdeXsAAV2ho-640x640-1.jpg\" \/>\n<meta name=\"twitter:card\" content=\"summary_large_image\" \/>\n<meta name=\"twitter:label1\" content=\"Tiempo de lectura\" \/>\n\t<meta name=\"twitter:data1\" content=\"5 minutos\" \/>\n<script type=\"application\/ld+json\" class=\"yoast-schema-graph\">{\"@context\":\"https:\/\/schema.org\",\"@graph\":[{\"@type\":\"WebPage\",\"@id\":\"https:\/\/grupo.us.es\/proyectodeter\/resultados\/ponencias-comunicaciones-y-posters\/\",\"url\":\"https:\/\/grupo.us.es\/proyectodeter\/resultados\/ponencias-comunicaciones-y-posters\/\",\"name\":\"Ponencias, Comunicaciones y P\u00f3sters - DETER\",\"isPartOf\":{\"@id\":\"https:\/\/grupo.us.es\/proyectodeter\/#website\"},\"primaryImageOfPage\":{\"@id\":\"https:\/\/grupo.us.es\/proyectodeter\/resultados\/ponencias-comunicaciones-y-posters\/#primaryimage\"},\"image\":{\"@id\":\"https:\/\/grupo.us.es\/proyectodeter\/resultados\/ponencias-comunicaciones-y-posters\/#primaryimage\"},\"thumbnailUrl\":\"https:\/\/grupo.us.es\/proyectodeter\/wp-content\/uploads\/2023\/05\/FujVGdeXsAAV2ho-640x640-1.jpg\",\"datePublished\":\"2023-06-07T13:25:49+00:00\",\"dateModified\":\"2023-12-07T11:39:43+00:00\",\"breadcrumb\":{\"@id\":\"https:\/\/grupo.us.es\/proyectodeter\/resultados\/ponencias-comunicaciones-y-posters\/#breadcrumb\"},\"inLanguage\":\"es\",\"potentialAction\":[{\"@type\":\"ReadAction\",\"target\":[\"https:\/\/grupo.us.es\/proyectodeter\/resultados\/ponencias-comunicaciones-y-posters\/\"]}]},{\"@type\":\"ImageObject\",\"inLanguage\":\"es\",\"@id\":\"https:\/\/grupo.us.es\/proyectodeter\/resultados\/ponencias-comunicaciones-y-posters\/#primaryimage\",\"url\":\"https:\/\/grupo.us.es\/proyectodeter\/wp-content\/uploads\/2023\/05\/FujVGdeXsAAV2ho-640x640-1.jpg\",\"contentUrl\":\"https:\/\/grupo.us.es\/proyectodeter\/wp-content\/uploads\/2023\/05\/FujVGdeXsAAV2ho-640x640-1.jpg\",\"width\":640,\"height\":640},{\"@type\":\"BreadcrumbList\",\"@id\":\"https:\/\/grupo.us.es\/proyectodeter\/resultados\/ponencias-comunicaciones-y-posters\/#breadcrumb\",\"itemListElement\":[{\"@type\":\"ListItem\",\"position\":1,\"name\":\"Resultados\",\"item\":\"https:\/\/grupo.us.es\/proyectodeter\/resultados\/\"},{\"@type\":\"ListItem\",\"position\":2,\"name\":\"Ponencias, Comunicaciones y P\u00f3sters\"}]},{\"@type\":\"WebSite\",\"@id\":\"https:\/\/grupo.us.es\/proyectodeter\/#website\",\"url\":\"https:\/\/grupo.us.es\/proyectodeter\/\",\"name\":\"DETER\",\"description\":\"Proyecto de investigaci\u00f3n FEDER US-1381654\",\"publisher\":{\"@id\":\"https:\/\/grupo.us.es\/proyectodeter\/#organization\"},\"potentialAction\":[{\"@type\":\"SearchAction\",\"target\":{\"@type\":\"EntryPoint\",\"urlTemplate\":\"https:\/\/grupo.us.es\/proyectodeter\/?s={search_term_string}\"},\"query-input\":\"required name=search_term_string\"}],\"inLanguage\":\"es\"},{\"@type\":\"Organization\",\"@id\":\"https:\/\/grupo.us.es\/proyectodeter\/#organization\",\"name\":\"DETER\",\"url\":\"https:\/\/grupo.us.es\/proyectodeter\/\",\"logo\":{\"@type\":\"ImageObject\",\"inLanguage\":\"es\",\"@id\":\"https:\/\/grupo.us.es\/proyectodeter\/#\/schema\/logo\/image\/\",\"url\":\"https:\/\/grupo.us.es\/proyectodeter\/wp-content\/uploads\/2022\/02\/logotipo_deter-1.jpg\",\"contentUrl\":\"https:\/\/grupo.us.es\/proyectodeter\/wp-content\/uploads\/2022\/02\/logotipo_deter-1.jpg\",\"width\":202,\"height\":60,\"caption\":\"DETER\"},\"image\":{\"@id\":\"https:\/\/grupo.us.es\/proyectodeter\/#\/schema\/logo\/image\/\"}}]}<\/script>\n<!-- \/ Yoast SEO plugin. -->","yoast_head_json":{"title":"Ponencias, Comunicaciones y P\u00f3sters - DETER","robots":{"index":"index","follow":"follow","max-snippet":"max-snippet:-1","max-image-preview":"max-image-preview:large","max-video-preview":"max-video-preview:-1"},"canonical":"https:\/\/grupo.us.es\/proyectodeter\/resultados\/ponencias-comunicaciones-y-posters\/","og_locale":"es_ES","og_type":"article","og_title":"Ponencias, Comunicaciones y P\u00f3sters - DETER","og_description":"\u00daltima aportaci\u00f3n \/ actividad 2023Arquitectura para el bienestar social. Personas con AlzheimerEn \u201cAs\u00f3mate a la ciencia\u201d,\u00a0 21\u00aa edici\u00f3n de la","og_url":"https:\/\/grupo.us.es\/proyectodeter\/resultados\/ponencias-comunicaciones-y-posters\/","og_site_name":"DETER","article_modified_time":"2023-12-07T11:39:43+00:00","og_image":[{"url":"https:\/\/grupo.us.es\/proyectodeter\/wp-content\/uploads\/2023\/05\/FujVGdeXsAAV2ho-640x640-1.jpg"}],"twitter_card":"summary_large_image","twitter_misc":{"Tiempo de lectura":"5 minutos"},"schema":{"@context":"https:\/\/schema.org","@graph":[{"@type":"WebPage","@id":"https:\/\/grupo.us.es\/proyectodeter\/resultados\/ponencias-comunicaciones-y-posters\/","url":"https:\/\/grupo.us.es\/proyectodeter\/resultados\/ponencias-comunicaciones-y-posters\/","name":"Ponencias, Comunicaciones y P\u00f3sters - DETER","isPartOf":{"@id":"https:\/\/grupo.us.es\/proyectodeter\/#website"},"primaryImageOfPage":{"@id":"https:\/\/grupo.us.es\/proyectodeter\/resultados\/ponencias-comunicaciones-y-posters\/#primaryimage"},"image":{"@id":"https:\/\/grupo.us.es\/proyectodeter\/resultados\/ponencias-comunicaciones-y-posters\/#primaryimage"},"thumbnailUrl":"https:\/\/grupo.us.es\/proyectodeter\/wp-content\/uploads\/2023\/05\/FujVGdeXsAAV2ho-640x640-1.jpg","datePublished":"2023-06-07T13:25:49+00:00","dateModified":"2023-12-07T11:39:43+00:00","breadcrumb":{"@id":"https:\/\/grupo.us.es\/proyectodeter\/resultados\/ponencias-comunicaciones-y-posters\/#breadcrumb"},"inLanguage":"es","potentialAction":[{"@type":"ReadAction","target":["https:\/\/grupo.us.es\/proyectodeter\/resultados\/ponencias-comunicaciones-y-posters\/"]}]},{"@type":"ImageObject","inLanguage":"es","@id":"https:\/\/grupo.us.es\/proyectodeter\/resultados\/ponencias-comunicaciones-y-posters\/#primaryimage","url":"https:\/\/grupo.us.es\/proyectodeter\/wp-content\/uploads\/2023\/05\/FujVGdeXsAAV2ho-640x640-1.jpg","contentUrl":"https:\/\/grupo.us.es\/proyectodeter\/wp-content\/uploads\/2023\/05\/FujVGdeXsAAV2ho-640x640-1.jpg","width":640,"height":640},{"@type":"BreadcrumbList","@id":"https:\/\/grupo.us.es\/proyectodeter\/resultados\/ponencias-comunicaciones-y-posters\/#breadcrumb","itemListElement":[{"@type":"ListItem","position":1,"name":"Resultados","item":"https:\/\/grupo.us.es\/proyectodeter\/resultados\/"},{"@type":"ListItem","position":2,"name":"Ponencias, Comunicaciones y P\u00f3sters"}]},{"@type":"WebSite","@id":"https:\/\/grupo.us.es\/proyectodeter\/#website","url":"https:\/\/grupo.us.es\/proyectodeter\/","name":"DETER","description":"Proyecto de investigaci\u00f3n FEDER US-1381654","publisher":{"@id":"https:\/\/grupo.us.es\/proyectodeter\/#organization"},"potentialAction":[{"@type":"SearchAction","target":{"@type":"EntryPoint","urlTemplate":"https:\/\/grupo.us.es\/proyectodeter\/?s={search_term_string}"},"query-input":"required name=search_term_string"}],"inLanguage":"es"},{"@type":"Organization","@id":"https:\/\/grupo.us.es\/proyectodeter\/#organization","name":"DETER","url":"https:\/\/grupo.us.es\/proyectodeter\/","logo":{"@type":"ImageObject","inLanguage":"es","@id":"https:\/\/grupo.us.es\/proyectodeter\/#\/schema\/logo\/image\/","url":"https:\/\/grupo.us.es\/proyectodeter\/wp-content\/uploads\/2022\/02\/logotipo_deter-1.jpg","contentUrl":"https:\/\/grupo.us.es\/proyectodeter\/wp-content\/uploads\/2022\/02\/logotipo_deter-1.jpg","width":202,"height":60,"caption":"DETER"},"image":{"@id":"https:\/\/grupo.us.es\/proyectodeter\/#\/schema\/logo\/image\/"}}]}},"_links":{"self":[{"href":"https:\/\/grupo.us.es\/proyectodeter\/wp-json\/wp\/v2\/pages\/1388"}],"collection":[{"href":"https:\/\/grupo.us.es\/proyectodeter\/wp-json\/wp\/v2\/pages"}],"about":[{"href":"https:\/\/grupo.us.es\/proyectodeter\/wp-json\/wp\/v2\/types\/page"}],"author":[{"embeddable":true,"href":"https:\/\/grupo.us.es\/proyectodeter\/wp-json\/wp\/v2\/users\/2"}],"replies":[{"embeddable":true,"href":"https:\/\/grupo.us.es\/proyectodeter\/wp-json\/wp\/v2\/comments?post=1388"}],"version-history":[{"count":0,"href":"https:\/\/grupo.us.es\/proyectodeter\/wp-json\/wp\/v2\/pages\/1388\/revisions"}],"up":[{"embeddable":true,"href":"https:\/\/grupo.us.es\/proyectodeter\/wp-json\/wp\/v2\/pages\/1367"}],"wp:attachment":[{"href":"https:\/\/grupo.us.es\/proyectodeter\/wp-json\/wp\/v2\/media?parent=1388"}],"curies":[{"name":"wp","href":"https:\/\/api.w.org\/{rel}","templated":true}]}}