{"id":1386,"date":"2023-06-07T13:25:40","date_gmt":"2023-06-07T13:25:40","guid":{"rendered":"https:\/\/grupo.us.es\/proyectodeter\/?page_id=1386"},"modified":"2023-12-07T11:33:55","modified_gmt":"2023-12-07T11:33:55","slug":"articulos","status":"publish","type":"page","link":"https:\/\/grupo.us.es\/proyectodeter\/resultados\/articulos\/","title":{"rendered":"Art\u00edculos"},"content":{"rendered":"\t\t<div data-elementor-type=\"wp-page\" data-elementor-id=\"1386\" class=\"elementor elementor-1386\" data-elementor-post-type=\"page\">\n\t\t\t\t\t\t<section class=\"elementor-section elementor-top-section elementor-element elementor-element-e4a6973 elementor-section-boxed elementor-section-height-default elementor-section-height-default\" data-id=\"e4a6973\" data-element_type=\"section\">\n\t\t\t\t\t\t<div class=\"elementor-container elementor-column-gap-default\">\n\t\t\t\t\t<div class=\"elementor-column elementor-col-50 elementor-top-column elementor-element elementor-element-9caa645\" data-id=\"9caa645\" data-element_type=\"column\">\n\t\t\t<div class=\"elementor-widget-wrap elementor-element-populated\">\n\t\t\t\t\t\t<div class=\"elementor-element elementor-element-f36eaf1 elementor-widget elementor-widget-image\" data-id=\"f36eaf1\" data-element_type=\"widget\" data-widget_type=\"image.default\">\n\t\t\t\t<div class=\"elementor-widget-container\">\n\t\t\t<style>\/*! elementor - v3.19.0 - 28-02-2024 *\/\n.elementor-widget-image{text-align:center}.elementor-widget-image a{display:inline-block}.elementor-widget-image a img[src$=\".svg\"]{width:48px}.elementor-widget-image img{vertical-align:middle;display:inline-block}<\/style>\t\t\t\t\t\t\t\t\t\t\t<a href=\"https:\/\/grupo.us.es\/proyectodeter\/wp-content\/uploads\/2023\/07\/Active_and_assisted.jpg\" data-elementor-open-lightbox=\"yes\" data-elementor-lightbox-title=\"Active_and_assisted\" data-e-action-hash=\"#elementor-action%3Aaction%3Dlightbox%26settings%3DeyJpZCI6MTk0NywidXJsIjoiaHR0cHM6XC9cL2dydXBvLnVzLmVzXC9wcm95ZWN0b2RldGVyXC93cC1jb250ZW50XC91cGxvYWRzXC8yMDIzXC8wN1wvQWN0aXZlX2FuZF9hc3Npc3RlZC5qcGcifQ%3D%3D\">\n\t\t\t\t\t\t\t<img fetchpriority=\"high\" decoding=\"async\" width=\"550\" height=\"480\" src=\"https:\/\/grupo.us.es\/proyectodeter\/wp-content\/uploads\/2023\/07\/Active_and_assisted.jpg\" class=\"attachment-large size-large wp-image-1947\" alt=\"\" srcset=\"https:\/\/grupo.us.es\/proyectodeter\/wp-content\/uploads\/2023\/07\/Active_and_assisted.jpg 550w, https:\/\/grupo.us.es\/proyectodeter\/wp-content\/uploads\/2023\/07\/Active_and_assisted-300x262.jpg 300w\" sizes=\"(max-width: 550px) 100vw, 550px\" \/>\t\t\t\t\t\t\t\t<\/a>\n\t\t\t\t\t\t\t\t\t\t\t\t\t<\/div>\n\t\t\t\t<\/div>\n\t\t\t\t\t<\/div>\n\t\t<\/div>\n\t\t\t\t<div class=\"elementor-column elementor-col-50 elementor-top-column elementor-element elementor-element-c47a8b5\" data-id=\"c47a8b5\" data-element_type=\"column\">\n\t\t\t<div class=\"elementor-widget-wrap elementor-element-populated\">\n\t\t\t\t\t\t<div class=\"elementor-element elementor-element-80e3abe elementor-widget elementor-widget-heading\" data-id=\"80e3abe\" data-element_type=\"widget\" data-widget_type=\"heading.default\">\n\t\t\t\t<div class=\"elementor-widget-container\">\n\t\t\t<style>\/*! elementor - v3.19.0 - 28-02-2024 *\/\n.elementor-heading-title{padding:0;margin:0;line-height:1}.elementor-widget-heading .elementor-heading-title[class*=elementor-size-]>a{color:inherit;font-size:inherit;line-height:inherit}.elementor-widget-heading .elementor-heading-title.elementor-size-small{font-size:15px}.elementor-widget-heading .elementor-heading-title.elementor-size-medium{font-size:19px}.elementor-widget-heading .elementor-heading-title.elementor-size-large{font-size:29px}.elementor-widget-heading .elementor-heading-title.elementor-size-xl{font-size:39px}.elementor-widget-heading .elementor-heading-title.elementor-size-xxl{font-size:59px}<\/style><h3 class=\"elementor-heading-title elementor-size-default\">\u00daltimo art\u00edculo<\/h3>\t\t<\/div>\n\t\t\t\t<\/div>\n\t\t\t\t<div class=\"elementor-element elementor-element-0fcd21f elementor-widget elementor-widget-text-editor\" data-id=\"0fcd21f\" data-element_type=\"widget\" data-widget_type=\"text-editor.default\">\n\t\t\t\t<div class=\"elementor-widget-container\">\n\t\t\t<style>\/*! elementor - v3.19.0 - 28-02-2024 *\/\n.elementor-widget-text-editor.elementor-drop-cap-view-stacked .elementor-drop-cap{background-color:#69727d;color:#fff}.elementor-widget-text-editor.elementor-drop-cap-view-framed .elementor-drop-cap{color:#69727d;border:3px solid;background-color:transparent}.elementor-widget-text-editor:not(.elementor-drop-cap-view-default) .elementor-drop-cap{margin-top:8px}.elementor-widget-text-editor:not(.elementor-drop-cap-view-default) .elementor-drop-cap-letter{width:1em;height:1em}.elementor-widget-text-editor .elementor-drop-cap{float:left;text-align:center;line-height:1;font-size:50px}.elementor-widget-text-editor .elementor-drop-cap-letter{display:inline-block}<\/style>\t\t\t\t<p><strong>2023<br \/><\/strong><strong>Active and Assisted Living, a Practice for the Ageing Population and People with Cognitive Disabilities: An Architectural Perspective<br \/><\/strong><em>International Journal of Environmental Research and Public Health, <\/em>20(10), 5886.<\/p>\t\t\t\t\t\t<\/div>\n\t\t\t\t<\/div>\n\t\t\t\t<div class=\"elementor-element elementor-element-1ebd092 elementor-widget elementor-widget-button\" data-id=\"1ebd092\" data-element_type=\"widget\" data-widget_type=\"button.default\">\n\t\t\t\t<div class=\"elementor-widget-container\">\n\t\t\t\t\t<div class=\"elementor-button-wrapper\">\n\t\t\t<a class=\"elementor-button elementor-button-link elementor-size-sm\" href=\"https:\/\/www.mdpi.com\/1660-4601\/20\/10\/5886\" target=\"_blank\" rel=\"nofollow\">\n\t\t\t\t\t\t<span class=\"elementor-button-content-wrapper\">\n\t\t\t\t\t\t<span class=\"elementor-button-text\">Descargar<\/span>\n\t\t<\/span>\n\t\t\t\t\t<\/a>\n\t\t<\/div>\n\t\t\t\t<\/div>\n\t\t\t\t<\/div>\n\t\t\t\t\t<\/div>\n\t\t<\/div>\n\t\t\t\t\t<\/div>\n\t\t<\/section>\n\t\t\t\t<section class=\"elementor-section elementor-top-section elementor-element elementor-element-7660275 elementor-section-boxed elementor-section-height-default elementor-section-height-default\" data-id=\"7660275\" data-element_type=\"section\">\n\t\t\t\t\t\t<div class=\"elementor-container elementor-column-gap-default\">\n\t\t\t\t\t<div class=\"elementor-column elementor-col-100 elementor-top-column elementor-element elementor-element-8c010bb\" data-id=\"8c010bb\" data-element_type=\"column\">\n\t\t\t<div class=\"elementor-widget-wrap elementor-element-populated\">\n\t\t\t\t\t\t<div class=\"elementor-element elementor-element-83855d3 textoResumen elementor-widget elementor-widget-text-editor\" data-id=\"83855d3\" data-element_type=\"widget\" data-widget_type=\"text-editor.default\">\n\t\t\t\t<div class=\"elementor-widget-container\">\n\t\t\t\t\t\t\t<p>La actual revoluci\u00f3n digital est\u00e1 provocando un cambio de paradigma que abarca todos los entornos en los que el ser humano desarrolla su actividad diaria. La tecnolog\u00eda comienza a gobernar el mundo, modificando paulatinamente no s\u00f3lo los comportamientos individuales y sociales, sino tambi\u00e9n las formas de vida. La necesaria adaptaci\u00f3n a las condiciones que imponen las nuevas Tecnolog\u00edas de la Informaci\u00f3n y Comunicaci\u00f3n (TIC) obliga a la Arquitectura a repensar los espacios que dise\u00f1a y construye, tanto p\u00fablicos como privados. Dentro de esta transformaci\u00f3n digital ha surgido el concepto de Vida Activa Asistida o Active Assisted Living (AAL). El dise\u00f1o de espacios y ambientes asistidos por medio de la tecnolog\u00eda permite tener una vida m\u00e1s saludable, segura y c\u00f3moda a personas mayores o con problemas de diversidad f\u00edsica o cognitiva, al mismo tiempo que les brinda una mayor autonom\u00eda personal. Uno de los objetivos de AAL es facilitar que estas personas permanezcan el mayor tiempo posible en sus hogares con una mayor calidad de vida. Este art\u00edculo aborda esta problem\u00e1tica desde un punto de vista arquitect\u00f3nico. Su objetivo es explicar este nuevo paradigma tecnol\u00f3gico, sus caracter\u00edsticas, sus principales tendencias de desarrollo y sus limitaciones de implementaci\u00f3n. Se muestra c\u00f3mo ser\u00e1 el desarrollo de AAL en los pr\u00f3ximos diez a\u00f1os y c\u00f3mo este concepto, y su aplicaci\u00f3n, van a influir en la Arquitectura y sentar las bases para futuras investigaciones en el dise\u00f1o de edificios y ciudades.<\/p>\t\t\t\t\t\t<\/div>\n\t\t\t\t<\/div>\n\t\t\t\t\t<\/div>\n\t\t<\/div>\n\t\t\t\t\t<\/div>\n\t\t<\/section>\n\t\t\t\t<section class=\"elementor-section elementor-top-section elementor-element elementor-element-ca0f25c elementor-section-boxed elementor-section-height-default elementor-section-height-default\" data-id=\"ca0f25c\" data-element_type=\"section\">\n\t\t\t\t\t\t<div class=\"elementor-container elementor-column-gap-default\">\n\t\t\t\t\t<div class=\"elementor-column elementor-col-100 elementor-top-column elementor-element elementor-element-2dcbaba\" data-id=\"2dcbaba\" data-element_type=\"column\">\n\t\t\t<div class=\"elementor-widget-wrap elementor-element-populated\">\n\t\t\t\t\t\t<div class=\"elementor-element elementor-element-eeeae41 elementor-widget elementor-widget-heading\" data-id=\"eeeae41\" data-element_type=\"widget\" data-widget_type=\"heading.default\">\n\t\t\t\t<div class=\"elementor-widget-container\">\n\t\t\t<h3 class=\"elementor-heading-title elementor-size-default\">Art\u00edculos<\/h3>\t\t<\/div>\n\t\t\t\t<\/div>\n\t\t\t\t\t<\/div>\n\t\t<\/div>\n\t\t\t\t\t<\/div>\n\t\t<\/section>\n\t\t\t\t<section class=\"elementor-section elementor-top-section elementor-element elementor-element-90952cc elementor-section-boxed elementor-section-height-default elementor-section-height-default\" data-id=\"90952cc\" data-element_type=\"section\">\n\t\t\t\t\t\t<div class=\"elementor-container elementor-column-gap-default\">\n\t\t\t\t\t<div class=\"elementor-column elementor-col-100 elementor-top-column elementor-element elementor-element-1d724a3\" data-id=\"1d724a3\" data-element_type=\"column\">\n\t\t\t<div class=\"elementor-widget-wrap elementor-element-populated\">\n\t\t\t\t\t\t<div class=\"elementor-element elementor-element-4cd4273 elementor-widget elementor-widget-text-editor\" data-id=\"4cd4273\" data-element_type=\"widget\" data-widget_type=\"text-editor.default\">\n\t\t\t\t<div class=\"elementor-widget-container\">\n\t\t\t\t\t\t\t<ul><li><p>Quesada-Garc\u00eda, Santiago, Pablo Valero-Flores y Mar\u00eda Lozano-G\u00f3mez. 2023. \u201cActive and Assisted Living, a Practice for the Ageing Population and People with Cognitive Disabilities: An Architectural Perspective\u201d <em>International Journal of Environmental Research and Public Health<\/em> 20, no. 10: 5886. <span style=\"text-decoration: underline;\"><a href=\"https:\/\/doi.org\/10.3390\/ijerph20105886\" target=\"_blank\" rel=\"noopener\">Descargar<\/a><\/span><\/p><\/li><li><p>Valero-Flores, Pablo y Santiago Quesada-Garc\u00eda. 2023. \u201cArquitectura Saludable (I): hacia un nuevo paradigma en el dise\u00f1o y construcci\u00f3n de edificios\u201d <em>Traves\u00edas<\/em> <em>Revista del Colegio Oficial de Arquitectos de M\u00e1laga<\/em> 7: 52-59.\u00a0<\/p><\/li><li><p>Quesada-Garc\u00eda, Santiago, Pablo Valero-Flores, David Mendoza \u00c1lvarez y Joseph Cabeza La\u00ednez. 2022. \u201cCognitive Accessibility in Rural Heritage: A New Proposal for the Archaeological Landscape of Castulo\u201d <em>Sustainability<\/em> 14, no 18: 11581. <a href=\"https:\/\/doi.org\/10.3390\/su141811581\" target=\"_blank\" rel=\"noopener\"><span style=\"text-decoration: underline;\">Descargar<\/span><\/a><\/p><\/li><li><p>Almod\u00f3var-Melendo, Jos\u00e9-Manuel, Santiago Quesada-Garc\u00eda, Pablo Valero-Flores y Joseph Cabeza La\u00ednez. 2022. \u201cSolar Radiation in Architectural Projects as a Key Design Factor for the Well-Being of Persons with Alzheimer\u2019s Disease\u201d <em>Buildings<\/em> 12, no. 5: 603. <a href=\"https:\/\/doi.org\/10.3390\/buildings12050603\" target=\"_blank\" rel=\"noopener\"><span style=\"text-decoration: underline;\">Descargar<\/span><\/a><\/p><\/li><li><p>Quesada-Garc\u00eda, Santiago y Pablo Valero-Flores. 2017. \u201cProyectar espacios para habitantes con alzh\u00e9imer, una visi\u00f3n desde la arquitectura\u201d <em>Arte, Individuo y Sociedad<\/em> 29, no Esp.: 89-108. <a href=\"https:\/\/doi.org\/10.5209\/ARIS.54602\" target=\"_blank\" rel=\"noopener\"><span style=\"text-decoration: underline;\">Descargar<\/span><\/a><\/p><\/li><\/ul>\t\t\t\t\t\t<\/div>\n\t\t\t\t<\/div>\n\t\t\t\t\t<\/div>\n\t\t<\/div>\n\t\t\t\t\t<\/div>\n\t\t<\/section>\n\t\t\t\t<\/div>\n\t\t","protected":false},"excerpt":{"rendered":"<p>\u00daltimo art\u00edculo 2023Active and Assisted Living, a Practice for the Ageing Population and People with Cognitive Disabilities: An Architectural PerspectiveInternational<\/p>\n","protected":false},"author":2,"featured_media":0,"parent":1367,"menu_order":0,"comment_status":"closed","ping_status":"closed","template":"","meta":{"footnotes":""},"yoast_head":"<!-- This site is optimized with the Yoast SEO plugin v22.2 - https:\/\/yoast.com\/wordpress\/plugins\/seo\/ -->\n<title>Art\u00edculos - DETER<\/title>\n<meta name=\"robots\" content=\"index, follow, max-snippet:-1, max-image-preview:large, max-video-preview:-1\" \/>\n<link rel=\"canonical\" href=\"https:\/\/grupo.us.es\/proyectodeter\/resultados\/articulos\/\" \/>\n<meta property=\"og:locale\" content=\"es_ES\" \/>\n<meta property=\"og:type\" content=\"article\" \/>\n<meta property=\"og:title\" content=\"Art\u00edculos - DETER\" \/>\n<meta property=\"og:description\" content=\"\u00daltimo art\u00edculo 2023Active and Assisted Living, a Practice for the Ageing Population and People with Cognitive Disabilities: An Architectural PerspectiveInternational\" \/>\n<meta property=\"og:url\" content=\"https:\/\/grupo.us.es\/proyectodeter\/resultados\/articulos\/\" \/>\n<meta property=\"og:site_name\" content=\"DETER\" \/>\n<meta property=\"article:modified_time\" content=\"2023-12-07T11:33:55+00:00\" \/>\n<meta property=\"og:image\" content=\"https:\/\/grupo.us.es\/proyectodeter\/wp-content\/uploads\/2023\/07\/Active_and_assisted.jpg\" \/>\n<meta name=\"twitter:card\" content=\"summary_large_image\" \/>\n<meta name=\"twitter:label1\" content=\"Tiempo de lectura\" \/>\n\t<meta name=\"twitter:data1\" content=\"3 minutos\" \/>\n<script type=\"application\/ld+json\" class=\"yoast-schema-graph\">{\"@context\":\"https:\/\/schema.org\",\"@graph\":[{\"@type\":\"WebPage\",\"@id\":\"https:\/\/grupo.us.es\/proyectodeter\/resultados\/articulos\/\",\"url\":\"https:\/\/grupo.us.es\/proyectodeter\/resultados\/articulos\/\",\"name\":\"Art\u00edculos - DETER\",\"isPartOf\":{\"@id\":\"https:\/\/grupo.us.es\/proyectodeter\/#website\"},\"primaryImageOfPage\":{\"@id\":\"https:\/\/grupo.us.es\/proyectodeter\/resultados\/articulos\/#primaryimage\"},\"image\":{\"@id\":\"https:\/\/grupo.us.es\/proyectodeter\/resultados\/articulos\/#primaryimage\"},\"thumbnailUrl\":\"https:\/\/grupo.us.es\/proyectodeter\/wp-content\/uploads\/2023\/07\/Active_and_assisted.jpg\",\"datePublished\":\"2023-06-07T13:25:40+00:00\",\"dateModified\":\"2023-12-07T11:33:55+00:00\",\"breadcrumb\":{\"@id\":\"https:\/\/grupo.us.es\/proyectodeter\/resultados\/articulos\/#breadcrumb\"},\"inLanguage\":\"es\",\"potentialAction\":[{\"@type\":\"ReadAction\",\"target\":[\"https:\/\/grupo.us.es\/proyectodeter\/resultados\/articulos\/\"]}]},{\"@type\":\"ImageObject\",\"inLanguage\":\"es\",\"@id\":\"https:\/\/grupo.us.es\/proyectodeter\/resultados\/articulos\/#primaryimage\",\"url\":\"https:\/\/grupo.us.es\/proyectodeter\/wp-content\/uploads\/2023\/07\/Active_and_assisted.jpg\",\"contentUrl\":\"https:\/\/grupo.us.es\/proyectodeter\/wp-content\/uploads\/2023\/07\/Active_and_assisted.jpg\",\"width\":550,\"height\":480},{\"@type\":\"BreadcrumbList\",\"@id\":\"https:\/\/grupo.us.es\/proyectodeter\/resultados\/articulos\/#breadcrumb\",\"itemListElement\":[{\"@type\":\"ListItem\",\"position\":1,\"name\":\"Resultados\",\"item\":\"https:\/\/grupo.us.es\/proyectodeter\/resultados\/\"},{\"@type\":\"ListItem\",\"position\":2,\"name\":\"Art\u00edculos\"}]},{\"@type\":\"WebSite\",\"@id\":\"https:\/\/grupo.us.es\/proyectodeter\/#website\",\"url\":\"https:\/\/grupo.us.es\/proyectodeter\/\",\"name\":\"DETER\",\"description\":\"Proyecto de investigaci\u00f3n FEDER US-1381654\",\"publisher\":{\"@id\":\"https:\/\/grupo.us.es\/proyectodeter\/#organization\"},\"potentialAction\":[{\"@type\":\"SearchAction\",\"target\":{\"@type\":\"EntryPoint\",\"urlTemplate\":\"https:\/\/grupo.us.es\/proyectodeter\/?s={search_term_string}\"},\"query-input\":\"required name=search_term_string\"}],\"inLanguage\":\"es\"},{\"@type\":\"Organization\",\"@id\":\"https:\/\/grupo.us.es\/proyectodeter\/#organization\",\"name\":\"DETER\",\"url\":\"https:\/\/grupo.us.es\/proyectodeter\/\",\"logo\":{\"@type\":\"ImageObject\",\"inLanguage\":\"es\",\"@id\":\"https:\/\/grupo.us.es\/proyectodeter\/#\/schema\/logo\/image\/\",\"url\":\"https:\/\/grupo.us.es\/proyectodeter\/wp-content\/uploads\/2022\/02\/logotipo_deter-1.jpg\",\"contentUrl\":\"https:\/\/grupo.us.es\/proyectodeter\/wp-content\/uploads\/2022\/02\/logotipo_deter-1.jpg\",\"width\":202,\"height\":60,\"caption\":\"DETER\"},\"image\":{\"@id\":\"https:\/\/grupo.us.es\/proyectodeter\/#\/schema\/logo\/image\/\"}}]}<\/script>\n<!-- \/ Yoast SEO plugin. -->","yoast_head_json":{"title":"Art\u00edculos - DETER","robots":{"index":"index","follow":"follow","max-snippet":"max-snippet:-1","max-image-preview":"max-image-preview:large","max-video-preview":"max-video-preview:-1"},"canonical":"https:\/\/grupo.us.es\/proyectodeter\/resultados\/articulos\/","og_locale":"es_ES","og_type":"article","og_title":"Art\u00edculos - DETER","og_description":"\u00daltimo art\u00edculo 2023Active and Assisted Living, a Practice for the Ageing Population and People with Cognitive Disabilities: An Architectural PerspectiveInternational","og_url":"https:\/\/grupo.us.es\/proyectodeter\/resultados\/articulos\/","og_site_name":"DETER","article_modified_time":"2023-12-07T11:33:55+00:00","og_image":[{"url":"https:\/\/grupo.us.es\/proyectodeter\/wp-content\/uploads\/2023\/07\/Active_and_assisted.jpg"}],"twitter_card":"summary_large_image","twitter_misc":{"Tiempo de lectura":"3 minutos"},"schema":{"@context":"https:\/\/schema.org","@graph":[{"@type":"WebPage","@id":"https:\/\/grupo.us.es\/proyectodeter\/resultados\/articulos\/","url":"https:\/\/grupo.us.es\/proyectodeter\/resultados\/articulos\/","name":"Art\u00edculos - DETER","isPartOf":{"@id":"https:\/\/grupo.us.es\/proyectodeter\/#website"},"primaryImageOfPage":{"@id":"https:\/\/grupo.us.es\/proyectodeter\/resultados\/articulos\/#primaryimage"},"image":{"@id":"https:\/\/grupo.us.es\/proyectodeter\/resultados\/articulos\/#primaryimage"},"thumbnailUrl":"https:\/\/grupo.us.es\/proyectodeter\/wp-content\/uploads\/2023\/07\/Active_and_assisted.jpg","datePublished":"2023-06-07T13:25:40+00:00","dateModified":"2023-12-07T11:33:55+00:00","breadcrumb":{"@id":"https:\/\/grupo.us.es\/proyectodeter\/resultados\/articulos\/#breadcrumb"},"inLanguage":"es","potentialAction":[{"@type":"ReadAction","target":["https:\/\/grupo.us.es\/proyectodeter\/resultados\/articulos\/"]}]},{"@type":"ImageObject","inLanguage":"es","@id":"https:\/\/grupo.us.es\/proyectodeter\/resultados\/articulos\/#primaryimage","url":"https:\/\/grupo.us.es\/proyectodeter\/wp-content\/uploads\/2023\/07\/Active_and_assisted.jpg","contentUrl":"https:\/\/grupo.us.es\/proyectodeter\/wp-content\/uploads\/2023\/07\/Active_and_assisted.jpg","width":550,"height":480},{"@type":"BreadcrumbList","@id":"https:\/\/grupo.us.es\/proyectodeter\/resultados\/articulos\/#breadcrumb","itemListElement":[{"@type":"ListItem","position":1,"name":"Resultados","item":"https:\/\/grupo.us.es\/proyectodeter\/resultados\/"},{"@type":"ListItem","position":2,"name":"Art\u00edculos"}]},{"@type":"WebSite","@id":"https:\/\/grupo.us.es\/proyectodeter\/#website","url":"https:\/\/grupo.us.es\/proyectodeter\/","name":"DETER","description":"Proyecto de investigaci\u00f3n FEDER US-1381654","publisher":{"@id":"https:\/\/grupo.us.es\/proyectodeter\/#organization"},"potentialAction":[{"@type":"SearchAction","target":{"@type":"EntryPoint","urlTemplate":"https:\/\/grupo.us.es\/proyectodeter\/?s={search_term_string}"},"query-input":"required name=search_term_string"}],"inLanguage":"es"},{"@type":"Organization","@id":"https:\/\/grupo.us.es\/proyectodeter\/#organization","name":"DETER","url":"https:\/\/grupo.us.es\/proyectodeter\/","logo":{"@type":"ImageObject","inLanguage":"es","@id":"https:\/\/grupo.us.es\/proyectodeter\/#\/schema\/logo\/image\/","url":"https:\/\/grupo.us.es\/proyectodeter\/wp-content\/uploads\/2022\/02\/logotipo_deter-1.jpg","contentUrl":"https:\/\/grupo.us.es\/proyectodeter\/wp-content\/uploads\/2022\/02\/logotipo_deter-1.jpg","width":202,"height":60,"caption":"DETER"},"image":{"@id":"https:\/\/grupo.us.es\/proyectodeter\/#\/schema\/logo\/image\/"}}]}},"_links":{"self":[{"href":"https:\/\/grupo.us.es\/proyectodeter\/wp-json\/wp\/v2\/pages\/1386"}],"collection":[{"href":"https:\/\/grupo.us.es\/proyectodeter\/wp-json\/wp\/v2\/pages"}],"about":[{"href":"https:\/\/grupo.us.es\/proyectodeter\/wp-json\/wp\/v2\/types\/page"}],"author":[{"embeddable":true,"href":"https:\/\/grupo.us.es\/proyectodeter\/wp-json\/wp\/v2\/users\/2"}],"replies":[{"embeddable":true,"href":"https:\/\/grupo.us.es\/proyectodeter\/wp-json\/wp\/v2\/comments?post=1386"}],"version-history":[{"count":0,"href":"https:\/\/grupo.us.es\/proyectodeter\/wp-json\/wp\/v2\/pages\/1386\/revisions"}],"up":[{"embeddable":true,"href":"https:\/\/grupo.us.es\/proyectodeter\/wp-json\/wp\/v2\/pages\/1367"}],"wp:attachment":[{"href":"https:\/\/grupo.us.es\/proyectodeter\/wp-json\/wp\/v2\/media?parent=1386"}],"curies":[{"name":"wp","href":"https:\/\/api.w.org\/{rel}","templated":true}]}}