{"id":1373,"date":"2023-06-07T13:22:39","date_gmt":"2023-06-07T13:22:39","guid":{"rendered":"https:\/\/grupo.us.es\/proyectodeter\/?page_id=1373"},"modified":"2023-12-07T11:37:36","modified_gmt":"2023-12-07T11:37:36","slug":"resumen","status":"publish","type":"page","link":"https:\/\/grupo.us.es\/proyectodeter\/el-proyecto\/resumen\/","title":{"rendered":"Resumen"},"content":{"rendered":"\t\t<div data-elementor-type=\"wp-page\" data-elementor-id=\"1373\" class=\"elementor elementor-1373\" data-elementor-post-type=\"page\">\n\t\t\t\t\t\t<section class=\"elementor-section elementor-top-section elementor-element elementor-element-505e818d elementor-reverse-mobile elementor-section-boxed elementor-section-height-default elementor-section-height-default\" data-id=\"505e818d\" data-element_type=\"section\">\n\t\t\t\t\t\t<div class=\"elementor-container elementor-column-gap-default\">\n\t\t\t\t\t<div class=\"elementor-column elementor-col-50 elementor-top-column elementor-element elementor-element-c66a255\" data-id=\"c66a255\" data-element_type=\"column\">\n\t\t\t<div class=\"elementor-widget-wrap elementor-element-populated\">\n\t\t\t\t\t\t<div class=\"elementor-element elementor-element-f99e205 elementor-widget elementor-widget-image\" data-id=\"f99e205\" data-element_type=\"widget\" data-widget_type=\"image.default\">\n\t\t\t\t<div class=\"elementor-widget-container\">\n\t\t\t<style>\/*! elementor - v3.19.0 - 28-02-2024 *\/\n.elementor-widget-image{text-align:center}.elementor-widget-image a{display:inline-block}.elementor-widget-image a img[src$=\".svg\"]{width:48px}.elementor-widget-image img{vertical-align:middle;display:inline-block}<\/style>\t\t\t\t\t\t\t<figure class=\"wp-caption\">\n\t\t\t\t\t\t\t\t\t\t<img fetchpriority=\"high\" decoding=\"async\" width=\"360\" height=\"451\" src=\"https:\/\/grupo.us.es\/proyectodeter\/wp-content\/uploads\/2023\/09\/1_Auguste_DETER.jpg\" class=\"attachment-full size-full wp-image-2242\" alt=\"\" srcset=\"https:\/\/grupo.us.es\/proyectodeter\/wp-content\/uploads\/2023\/09\/1_Auguste_DETER.jpg 360w, https:\/\/grupo.us.es\/proyectodeter\/wp-content\/uploads\/2023\/09\/1_Auguste_DETER-239x300.jpg 239w\" sizes=\"(max-width: 360px) 100vw, 360px\" \/>\t\t\t\t\t\t\t\t\t\t\t<figcaption class=\"widget-image-caption wp-caption-text\">Auguste DETER (1850-1906) Primer caso documentado de la enfermedad de alzh\u00e9imer<\/figcaption>\n\t\t\t\t\t\t\t\t\t\t<\/figure>\n\t\t\t\t\t\t\t<\/div>\n\t\t\t\t<\/div>\n\t\t\t\t<div class=\"elementor-element elementor-element-38be907 elementor-widget elementor-widget-image\" data-id=\"38be907\" data-element_type=\"widget\" data-widget_type=\"image.default\">\n\t\t\t\t<div class=\"elementor-widget-container\">\n\t\t\t\t\t\t\t\t\t\t<figure class=\"wp-caption\">\n\t\t\t\t\t\t\t\t\t\t<img decoding=\"async\" width=\"199\" height=\"282\" src=\"https:\/\/grupo.us.es\/proyectodeter\/wp-content\/uploads\/2023\/09\/2_Alois-ALZHEIMER.gif\" class=\"attachment-large size-large wp-image-2243\" alt=\"\" \/>\t\t\t\t\t\t\t\t\t\t\t<figcaption class=\"widget-image-caption wp-caption-text\">Al\u00f6is ALZHEIMER (1864-1915) Psiquiatra y neur\u00f3logo, primer cient\u00edfico en identificar y caracterizar esta enfermedad<\/figcaption>\n\t\t\t\t\t\t\t\t\t\t<\/figure>\n\t\t\t\t\t\t\t<\/div>\n\t\t\t\t<\/div>\n\t\t\t\t\t<\/div>\n\t\t<\/div>\n\t\t\t\t<div class=\"elementor-column elementor-col-50 elementor-top-column elementor-element elementor-element-53629d97\" data-id=\"53629d97\" data-element_type=\"column\">\n\t\t\t<div class=\"elementor-widget-wrap elementor-element-populated\">\n\t\t\t\t\t\t<div class=\"elementor-element elementor-element-88e52b1 elementor-widget elementor-widget-text-editor\" data-id=\"88e52b1\" data-element_type=\"widget\" data-widget_type=\"text-editor.default\">\n\t\t\t\t<div class=\"elementor-widget-container\">\n\t\t\t<style>\/*! elementor - v3.19.0 - 28-02-2024 *\/\n.elementor-widget-text-editor.elementor-drop-cap-view-stacked .elementor-drop-cap{background-color:#69727d;color:#fff}.elementor-widget-text-editor.elementor-drop-cap-view-framed .elementor-drop-cap{color:#69727d;border:3px solid;background-color:transparent}.elementor-widget-text-editor:not(.elementor-drop-cap-view-default) .elementor-drop-cap{margin-top:8px}.elementor-widget-text-editor:not(.elementor-drop-cap-view-default) .elementor-drop-cap-letter{width:1em;height:1em}.elementor-widget-text-editor .elementor-drop-cap{float:left;text-align:center;line-height:1;font-size:50px}.elementor-widget-text-editor .elementor-drop-cap-letter{display:inline-block}<\/style>\t\t\t\t<p style=\"text-align: justify;\">La enfermedad de alzh\u00e9imer (EA) presenta una etiolog\u00eda multifactorial, se caracteriza por la presencia de un proceso neurodegenerativo cr\u00f3nico y progresivo que causa deterioro cognitivo, alteraciones psicol\u00f3gicas y conductuales y d\u00e9ficit funcional. Presenta una elevada incidencia y prevalencia en los pa\u00edses desarrollados (60-80%) que aumenta a partir de los 65 a\u00f1os (se duplica esa incidencia cada cinco a\u00f1os). Con esta enfermedad se producen importantes cambios en la forma de habitar, tanto del paciente como de sus cuidadores y\/o familiares, provocados por la desorientaci\u00f3n, falta de control, inseguridad, carencia de intimidad etc. Son un conjunto de problemas que acompa\u00f1an a los derivados de la perdida de salud y que generan elevados niveles de estr\u00e9s tanto en el enfermo como en su entorno cercano.<\/p><p style=\"text-align: justify;\">Junto con el impacto emocional, la EA tiene tambi\u00e9n un gran efecto social y econ\u00f3mico. El 67% de los hogares habitados por enfermos de Alzheimer y sus familiares o cuidadores desconocen que hay elementos, espaciales y ambientales, que influyen en la reducci\u00f3n del estr\u00e9s, la estimulaci\u00f3n de los sentidos y la orientaci\u00f3n espacial y temporal de las personas. Estos factores est\u00e1n muy relacionados entre s\u00ed y definen, junto con la <strong>accesibilidad<\/strong> y la <strong>seguridad<\/strong>, el nivel de intervenci\u00f3n m\u00e1s importante en los espacios habitados por este colectivo: la <strong>personalizaci\u00f3n<\/strong>. Este factor es el diferenciador respecto a otro tipo de usuarios con diversidad funcional f\u00edsica o sensorial. Las soluciones habitacionales que hay que implementar, para aumentar la calidad de vida y facilitar el cuidado del paciente con EA, hacen imprescindible que el proyecto arquitect\u00f3nico contemple e incorpore las necesidades concretas de este colectivo.<\/p><ul style=\"text-align: justify;\"><li>\u00bfC\u00f3mo debe ser el espacio dom\u00e9stico para que disminuya el estr\u00e9s del enfermo al desarrollar esas AIVD?<\/li><li>\u00bfCu\u00e1les son las condiciones \u00f3ptimas de confort y bienestar para una persona con EA en diferentes horas del d\u00eda y en cada estaci\u00f3n del a\u00f1o?<\/li><li>\u00bfQu\u00e9 elementos presentes en la arquitectura influyen en mayor grado en una estimulaci\u00f3n emocional determinada?<\/li><li>\u00bfCu\u00e1les son las estrategias de dise\u00f1o de espacios para que \u00e9stos ayuden a los enfermos en su vida diaria?<\/li><\/ul><p style=\"text-align: justify;\">La finalidad del Proyecto DETER es <strong>conocer y determinar, cuantitativamente, cu\u00e1les son las variables espaciales y ambientales \u00f3ptimas para que una persona afectada por la EA pueda desarrollar en su entorno cotidiano, de forma aut\u00f3noma e independiente y el mayor tiempo posible, sus Actividades Instrumentales de la Vida Diaria (AIVD)<\/strong>. Es decir, realizar tareas como: cocinar, lavar ropa, desplazarse de habitaciones, utilizar tecnolog\u00edas y medios de comunicaci\u00f3n, deambular por espacios libres con normalidad y sin miedo, estr\u00e9s o ansiedad.<\/p><p style=\"text-align: justify;\">El conocimiento obtenido es utilizado para abordar el reto de dise\u00f1ar entornos activos y asistidos que sean eficaces estimuladores sensoriales-emocionales que mejoren la calidad de vida del usuario a lo largo de la evoluci\u00f3n de la EA. El m\u00e9todo de esta investigaci\u00f3n consiste en analizar la influencia combinada y ponderada de variables espaciales como: temperatura, iluminaci\u00f3n, sonido, orientaci\u00f3n, texturas, dimensi\u00f3n espacial, en el comportamiento de las personas afectadas por esta enfermedad. En definitiva, se trata de conocer las caracter\u00edsticas que tiene que tener un entorno, ambiente o h\u00e1bitat dom\u00e9stico, con el objetivo de dise\u00f1ar soluciones habitacionales que mejoren el confort, autonom\u00eda, seguridad y bienestar dom\u00e9stico de una persona con EA.<\/p>\t\t\t\t\t\t<\/div>\n\t\t\t\t<\/div>\n\t\t\t\t\t<\/div>\n\t\t<\/div>\n\t\t\t\t\t<\/div>\n\t\t<\/section>\n\t\t\t\t<\/div>\n\t\t","protected":false},"excerpt":{"rendered":"<p>Auguste DETER (1850-1906) Primer caso documentado de la enfermedad de alzh\u00e9imer Al\u00f6is ALZHEIMER (1864-1915) Psiquiatra y neur\u00f3logo, primer cient\u00edfico en<\/p>\n","protected":false},"author":2,"featured_media":0,"parent":2082,"menu_order":0,"comment_status":"closed","ping_status":"closed","template":"","meta":{"footnotes":""},"yoast_head":"<!-- This site is optimized with the Yoast SEO plugin v22.2 - https:\/\/yoast.com\/wordpress\/plugins\/seo\/ -->\n<title>Resumen - DETER<\/title>\n<meta name=\"robots\" content=\"index, follow, max-snippet:-1, max-image-preview:large, max-video-preview:-1\" \/>\n<link rel=\"canonical\" href=\"https:\/\/grupo.us.es\/proyectodeter\/el-proyecto\/resumen\/\" \/>\n<meta property=\"og:locale\" content=\"es_ES\" \/>\n<meta property=\"og:type\" content=\"article\" \/>\n<meta property=\"og:title\" content=\"Resumen - DETER\" \/>\n<meta property=\"og:description\" content=\"Auguste DETER (1850-1906) Primer caso documentado de la enfermedad de alzh\u00e9imer Al\u00f6is ALZHEIMER (1864-1915) Psiquiatra y neur\u00f3logo, primer cient\u00edfico en\" \/>\n<meta property=\"og:url\" content=\"https:\/\/grupo.us.es\/proyectodeter\/el-proyecto\/resumen\/\" \/>\n<meta property=\"og:site_name\" content=\"DETER\" \/>\n<meta property=\"article:modified_time\" content=\"2023-12-07T11:37:36+00:00\" \/>\n<meta property=\"og:image\" content=\"https:\/\/grupo.us.es\/proyectodeter\/wp-content\/uploads\/2023\/09\/1_Auguste_DETER.jpg\" \/>\n<meta name=\"twitter:card\" content=\"summary_large_image\" \/>\n<meta name=\"twitter:label1\" content=\"Tiempo de lectura\" \/>\n\t<meta name=\"twitter:data1\" content=\"3 minutos\" \/>\n<script type=\"application\/ld+json\" class=\"yoast-schema-graph\">{\"@context\":\"https:\/\/schema.org\",\"@graph\":[{\"@type\":\"WebPage\",\"@id\":\"https:\/\/grupo.us.es\/proyectodeter\/el-proyecto\/resumen\/\",\"url\":\"https:\/\/grupo.us.es\/proyectodeter\/el-proyecto\/resumen\/\",\"name\":\"Resumen - DETER\",\"isPartOf\":{\"@id\":\"https:\/\/grupo.us.es\/proyectodeter\/#website\"},\"primaryImageOfPage\":{\"@id\":\"https:\/\/grupo.us.es\/proyectodeter\/el-proyecto\/resumen\/#primaryimage\"},\"image\":{\"@id\":\"https:\/\/grupo.us.es\/proyectodeter\/el-proyecto\/resumen\/#primaryimage\"},\"thumbnailUrl\":\"https:\/\/grupo.us.es\/proyectodeter\/wp-content\/uploads\/2023\/09\/1_Auguste_DETER.jpg\",\"datePublished\":\"2023-06-07T13:22:39+00:00\",\"dateModified\":\"2023-12-07T11:37:36+00:00\",\"breadcrumb\":{\"@id\":\"https:\/\/grupo.us.es\/proyectodeter\/el-proyecto\/resumen\/#breadcrumb\"},\"inLanguage\":\"es\",\"potentialAction\":[{\"@type\":\"ReadAction\",\"target\":[\"https:\/\/grupo.us.es\/proyectodeter\/el-proyecto\/resumen\/\"]}]},{\"@type\":\"ImageObject\",\"inLanguage\":\"es\",\"@id\":\"https:\/\/grupo.us.es\/proyectodeter\/el-proyecto\/resumen\/#primaryimage\",\"url\":\"https:\/\/grupo.us.es\/proyectodeter\/wp-content\/uploads\/2023\/09\/1_Auguste_DETER.jpg\",\"contentUrl\":\"https:\/\/grupo.us.es\/proyectodeter\/wp-content\/uploads\/2023\/09\/1_Auguste_DETER.jpg\",\"width\":360,\"height\":451},{\"@type\":\"BreadcrumbList\",\"@id\":\"https:\/\/grupo.us.es\/proyectodeter\/el-proyecto\/resumen\/#breadcrumb\",\"itemListElement\":[{\"@type\":\"ListItem\",\"position\":1,\"name\":\"El Proyecto\",\"item\":\"https:\/\/grupo.us.es\/proyectodeter\/el-proyecto\/\"},{\"@type\":\"ListItem\",\"position\":2,\"name\":\"Resumen\"}]},{\"@type\":\"WebSite\",\"@id\":\"https:\/\/grupo.us.es\/proyectodeter\/#website\",\"url\":\"https:\/\/grupo.us.es\/proyectodeter\/\",\"name\":\"DETER\",\"description\":\"Proyecto de investigaci\u00f3n FEDER US-1381654\",\"publisher\":{\"@id\":\"https:\/\/grupo.us.es\/proyectodeter\/#organization\"},\"potentialAction\":[{\"@type\":\"SearchAction\",\"target\":{\"@type\":\"EntryPoint\",\"urlTemplate\":\"https:\/\/grupo.us.es\/proyectodeter\/?s={search_term_string}\"},\"query-input\":\"required name=search_term_string\"}],\"inLanguage\":\"es\"},{\"@type\":\"Organization\",\"@id\":\"https:\/\/grupo.us.es\/proyectodeter\/#organization\",\"name\":\"DETER\",\"url\":\"https:\/\/grupo.us.es\/proyectodeter\/\",\"logo\":{\"@type\":\"ImageObject\",\"inLanguage\":\"es\",\"@id\":\"https:\/\/grupo.us.es\/proyectodeter\/#\/schema\/logo\/image\/\",\"url\":\"https:\/\/grupo.us.es\/proyectodeter\/wp-content\/uploads\/2022\/02\/logotipo_deter-1.jpg\",\"contentUrl\":\"https:\/\/grupo.us.es\/proyectodeter\/wp-content\/uploads\/2022\/02\/logotipo_deter-1.jpg\",\"width\":202,\"height\":60,\"caption\":\"DETER\"},\"image\":{\"@id\":\"https:\/\/grupo.us.es\/proyectodeter\/#\/schema\/logo\/image\/\"}}]}<\/script>\n<!-- \/ Yoast SEO plugin. -->","yoast_head_json":{"title":"Resumen - DETER","robots":{"index":"index","follow":"follow","max-snippet":"max-snippet:-1","max-image-preview":"max-image-preview:large","max-video-preview":"max-video-preview:-1"},"canonical":"https:\/\/grupo.us.es\/proyectodeter\/el-proyecto\/resumen\/","og_locale":"es_ES","og_type":"article","og_title":"Resumen - DETER","og_description":"Auguste DETER (1850-1906) Primer caso documentado de la enfermedad de alzh\u00e9imer Al\u00f6is ALZHEIMER (1864-1915) Psiquiatra y neur\u00f3logo, primer cient\u00edfico en","og_url":"https:\/\/grupo.us.es\/proyectodeter\/el-proyecto\/resumen\/","og_site_name":"DETER","article_modified_time":"2023-12-07T11:37:36+00:00","og_image":[{"url":"https:\/\/grupo.us.es\/proyectodeter\/wp-content\/uploads\/2023\/09\/1_Auguste_DETER.jpg"}],"twitter_card":"summary_large_image","twitter_misc":{"Tiempo de lectura":"3 minutos"},"schema":{"@context":"https:\/\/schema.org","@graph":[{"@type":"WebPage","@id":"https:\/\/grupo.us.es\/proyectodeter\/el-proyecto\/resumen\/","url":"https:\/\/grupo.us.es\/proyectodeter\/el-proyecto\/resumen\/","name":"Resumen - DETER","isPartOf":{"@id":"https:\/\/grupo.us.es\/proyectodeter\/#website"},"primaryImageOfPage":{"@id":"https:\/\/grupo.us.es\/proyectodeter\/el-proyecto\/resumen\/#primaryimage"},"image":{"@id":"https:\/\/grupo.us.es\/proyectodeter\/el-proyecto\/resumen\/#primaryimage"},"thumbnailUrl":"https:\/\/grupo.us.es\/proyectodeter\/wp-content\/uploads\/2023\/09\/1_Auguste_DETER.jpg","datePublished":"2023-06-07T13:22:39+00:00","dateModified":"2023-12-07T11:37:36+00:00","breadcrumb":{"@id":"https:\/\/grupo.us.es\/proyectodeter\/el-proyecto\/resumen\/#breadcrumb"},"inLanguage":"es","potentialAction":[{"@type":"ReadAction","target":["https:\/\/grupo.us.es\/proyectodeter\/el-proyecto\/resumen\/"]}]},{"@type":"ImageObject","inLanguage":"es","@id":"https:\/\/grupo.us.es\/proyectodeter\/el-proyecto\/resumen\/#primaryimage","url":"https:\/\/grupo.us.es\/proyectodeter\/wp-content\/uploads\/2023\/09\/1_Auguste_DETER.jpg","contentUrl":"https:\/\/grupo.us.es\/proyectodeter\/wp-content\/uploads\/2023\/09\/1_Auguste_DETER.jpg","width":360,"height":451},{"@type":"BreadcrumbList","@id":"https:\/\/grupo.us.es\/proyectodeter\/el-proyecto\/resumen\/#breadcrumb","itemListElement":[{"@type":"ListItem","position":1,"name":"El Proyecto","item":"https:\/\/grupo.us.es\/proyectodeter\/el-proyecto\/"},{"@type":"ListItem","position":2,"name":"Resumen"}]},{"@type":"WebSite","@id":"https:\/\/grupo.us.es\/proyectodeter\/#website","url":"https:\/\/grupo.us.es\/proyectodeter\/","name":"DETER","description":"Proyecto de investigaci\u00f3n FEDER US-1381654","publisher":{"@id":"https:\/\/grupo.us.es\/proyectodeter\/#organization"},"potentialAction":[{"@type":"SearchAction","target":{"@type":"EntryPoint","urlTemplate":"https:\/\/grupo.us.es\/proyectodeter\/?s={search_term_string}"},"query-input":"required name=search_term_string"}],"inLanguage":"es"},{"@type":"Organization","@id":"https:\/\/grupo.us.es\/proyectodeter\/#organization","name":"DETER","url":"https:\/\/grupo.us.es\/proyectodeter\/","logo":{"@type":"ImageObject","inLanguage":"es","@id":"https:\/\/grupo.us.es\/proyectodeter\/#\/schema\/logo\/image\/","url":"https:\/\/grupo.us.es\/proyectodeter\/wp-content\/uploads\/2022\/02\/logotipo_deter-1.jpg","contentUrl":"https:\/\/grupo.us.es\/proyectodeter\/wp-content\/uploads\/2022\/02\/logotipo_deter-1.jpg","width":202,"height":60,"caption":"DETER"},"image":{"@id":"https:\/\/grupo.us.es\/proyectodeter\/#\/schema\/logo\/image\/"}}]}},"_links":{"self":[{"href":"https:\/\/grupo.us.es\/proyectodeter\/wp-json\/wp\/v2\/pages\/1373"}],"collection":[{"href":"https:\/\/grupo.us.es\/proyectodeter\/wp-json\/wp\/v2\/pages"}],"about":[{"href":"https:\/\/grupo.us.es\/proyectodeter\/wp-json\/wp\/v2\/types\/page"}],"author":[{"embeddable":true,"href":"https:\/\/grupo.us.es\/proyectodeter\/wp-json\/wp\/v2\/users\/2"}],"replies":[{"embeddable":true,"href":"https:\/\/grupo.us.es\/proyectodeter\/wp-json\/wp\/v2\/comments?post=1373"}],"version-history":[{"count":0,"href":"https:\/\/grupo.us.es\/proyectodeter\/wp-json\/wp\/v2\/pages\/1373\/revisions"}],"up":[{"embeddable":true,"href":"https:\/\/grupo.us.es\/proyectodeter\/wp-json\/wp\/v2\/pages\/2082"}],"wp:attachment":[{"href":"https:\/\/grupo.us.es\/proyectodeter\/wp-json\/wp\/v2\/media?parent=1373"}],"curies":[{"name":"wp","href":"https:\/\/api.w.org\/{rel}","templated":true}]}}