{"id":38,"date":"2026-03-16T10:28:46","date_gmt":"2026-03-16T09:28:46","guid":{"rendered":"https:\/\/grupo.us.es\/proteo\/?page_id=38"},"modified":"2026-03-16T10:28:46","modified_gmt":"2026-03-16T09:28:46","slug":"publicaciones","status":"publish","type":"page","link":"https:\/\/grupo.us.es\/proteo\/?page_id=38","title":{"rendered":"Publicaciones"},"content":{"rendered":"\n<ul class=\"wp-block-list\">\n<li>Mercedes Fern\u00e1ndez Mart\u00edn, Juan Carlos Hern\u00e1ndez N\u00fa\u00f1ez y Luis M\u00e9ndez Rodr\u00edguez: \u201cT\u00e9cnicas de Aprendizaje para el dise\u00f1o de un Itinerario Cultural\u201d. <em>Proyectos de Innovaci\u00f3n Docente en las Universidades Andaluzas. Memorias de los Proyectos<\/em>. Curso 2002-2023. C\u00f3rdoba: Unidad para la Calidad de las Universidades Andaluzas, 2004, pp. 691-700. ISBN: 84-606-3630-5.<\/li>\n<\/ul>\n\n\n\n<ul class=\"wp-block-list\">\n<li>Mercedes Fern\u00e1ndez Mart\u00edn, Juan Carlos Hern\u00e1ndez N\u00fa\u00f1ez y Luis M\u00e9ndez Rodr\u00edguez: \u201cT\u00e9cnicas de Aprendizaje para el dise\u00f1o de un Itinerario Cultural\u201d. <em>Innovaciones docentes en la Universidad de Sevilla<\/em>. Curso 2002-2003. \u00c1reas de Arte y Humanidades, Ciencias Exactas y Naturales, Ciencias de la Salud e Ingenier\u00eda y Tecnolog\u00eda. Sevilla: Instituto de Ciencias de la Educaci\u00f3n. Vicerrectorado de Calidad y Nuevas Tecnolog\u00edas, 2004, pp. 87-104. ISBN: 84-86849-31-4.<\/li>\n<\/ul>\n\n\n\n<ul class=\"wp-block-list\">\n<li>Mercedes Fern\u00e1ndez Mart\u00edn, Juan Carlos Hern\u00e1ndez N\u00fa\u00f1ez y Luis M\u00e9ndez Rodr\u00edguez: \u201cT\u00e9cnicas de Aprendizaje para el dise\u00f1o de un Itinerario Cultural II\u201d. <em>La Innovaci\u00f3n Docente en la Ense\u00f1anza Superior (I)<\/em>. Curso 2003-2004. Sevilla: Instituto de Ciencias de la Educaci\u00f3n. Vicerrectorado de Calidad y Nuevas Tecnolog\u00edas, 2006, pp. 109-123. ISBN: 84-86849-40-3.<\/li>\n<\/ul>\n\n\n\n<ul class=\"wp-block-list\">\n<li>V\u00edctor \u00c1lvarez Rojo et al: <em>Gu\u00eda para la planificaci\u00f3n y desarrollo de la Docencia en el \u00c1rea de Humanidades<\/em>. Sevilla: EOS, Gabinete de Orientaci\u00f3n Psicol\u00f3gica, 2005. ISBN: 84-9727-140-8.<\/li>\n<\/ul>\n\n\n\n<ul class=\"wp-block-list\">\n<li>Alberto Fern\u00e1ndez Gonz\u00e1lez y Juan Carlos Hern\u00e1ndez N\u00fa\u00f1ez: <em>Gesti\u00f3n del Patrimonio Cultural<\/em>. I Plan propio de Docencia. Plan de renovaci\u00f3n de las Metodolog\u00edas Docentes. Asignaturas en la Red, 2009-2010. Sevilla: Secretariado de Recursos Audiovisuales y Nuevas Tecnolog\u00edas. Universidad de Sevilla, 2009. ISBN: 978-84-693-2949-8.<\/li>\n<\/ul>\n\n\n\n<ul class=\"wp-block-list\">\n<li>Jes\u00fas Aguilar D\u00edaz, Alberto Fern\u00e1ndez Gonz\u00e1lez, Mercedes Fern\u00e1ndez Mart\u00edn, Juan Carlos Hern\u00e1ndez N\u00fa\u00f1ez, Mar\u00eda Jes\u00fas Mej\u00edas \u00c1lvarez y Manuel Varas Rivero, \u201cInnovaci\u00f3n para la docencia en el Grado de Historia del Arte: la creaci\u00f3n de empresas culturales\u201d. <em>Actas del XVIII Congreso Espa\u00f1ol de Historia del Arte, Santiago de Compostela del 20 al 24 de septiembre de 2010<\/em>. Santiago de Compostela: Universidad y CEHA, 2012, pp. 2676-2687. ISBN: 978-84-9887-840-0. \u00a0\u00a0\u00a0\u00a0\u00a0\u00a0\u00a0\u00a0\u00a0\u00a0<\/li>\n<\/ul>\n\n\n\n<ul class=\"wp-block-list\">\n<li>Jes\u00fas Aguilar D\u00edaz, Alberto Fern\u00e1ndez Gonz\u00e1lez, Mercedes Fern\u00e1ndez Mart\u00edn, Juan Carlos Hern\u00e1ndez N\u00fa\u00f1ez, Mar\u00eda Jes\u00fas Mej\u00edas \u00c1lvarez y Manuel Varas Rivero, \u201cEl aprendizaje basado en problemas como base para la ense\u00f1anza por competencias y habilidades en historia del arte\u201d. <em>Actas del Congreso Internacional Innovaci\u00f3n Metodol\u00f3gica y Docente en Historia, Arte y Geograf\u00eda, Santiago de Compostela del 7 al 9 de septiembre de 2011<\/em>. Santiago de Compostela: Universidad, 2012, pp. 985-991. ISBN: 978-84-9887-932-2. \u00a0\u00a0\u00a0\u00a0<\/li>\n<\/ul>\n\n\n\n<ul class=\"wp-block-list\">\n<li>Alberto Fern\u00e1ndez Gonz\u00e1lez, Mercedes Fern\u00e1ndez Mart\u00edn, Juan Carlos Hern\u00e1ndez N\u00fa\u00f1ez, Mar\u00eda Jes\u00fas Mej\u00edas \u00c1lvarez y Manuel Varas Rivero, \u201cInteracciones de la historia del arte con otras disciplinas cient\u00edficas I: arte y medicina\u201d, Actas de Innovagogia 2012. <em>I Congreso Virtual Internacional sobre Innovaci\u00f3n Pedag\u00f3gica y Praxis Educativa, desarrollado del 21 al 23 de noviembre de 2012<\/em>. Sevilla: Asociaci\u00f3n Internacional Innovagogia y AFOE &#8211; Asociaci\u00f3n para la Formaci\u00f3n, el Ocio y el Empleo, 2012, pp. 441-453. ISBN: 978-84-616-1780-7. <\/li>\n<\/ul>\n\n\n\n<p><strong>Conferencias<\/strong><\/p>\n\n\n\n<ul class=\"wp-block-list\">\n<li>Juan Carlos Hern\u00e1ndez N\u00fa\u00f1ez: \u201cHacia la gesti\u00f3n global del patrimonio municipal\u201d. Curso Gesti\u00f3n y puesta en valor del Patrimonio Cultural. Director: Alberto Dar\u00edas Pr\u00edncipe. 19-23 de mayo de 2009. Museo Dar El Bacha. Primavera Cultural Andaluza en Marrakech. Organiza: Fundaci\u00f3n Tres Culturas del Mediterr\u00e1neo e Instituto Cervantes Marrakech.<\/li>\n<\/ul>\n","protected":false},"excerpt":{"rendered":"<p>Conferencias<\/p>\n","protected":false},"author":1,"featured_media":0,"parent":0,"menu_order":0,"comment_status":"closed","ping_status":"closed","template":"","meta":{"footnotes":""},"class_list":["post-38","page","type-page","status-publish","hentry"],"_links":{"self":[{"href":"https:\/\/grupo.us.es\/proteo\/index.php?rest_route=\/wp\/v2\/pages\/38","targetHints":{"allow":["GET"]}}],"collection":[{"href":"https:\/\/grupo.us.es\/proteo\/index.php?rest_route=\/wp\/v2\/pages"}],"about":[{"href":"https:\/\/grupo.us.es\/proteo\/index.php?rest_route=\/wp\/v2\/types\/page"}],"author":[{"embeddable":true,"href":"https:\/\/grupo.us.es\/proteo\/index.php?rest_route=\/wp\/v2\/users\/1"}],"replies":[{"embeddable":true,"href":"https:\/\/grupo.us.es\/proteo\/index.php?rest_route=%2Fwp%2Fv2%2Fcomments&post=38"}],"version-history":[{"count":1,"href":"https:\/\/grupo.us.es\/proteo\/index.php?rest_route=\/wp\/v2\/pages\/38\/revisions"}],"predecessor-version":[{"id":39,"href":"https:\/\/grupo.us.es\/proteo\/index.php?rest_route=\/wp\/v2\/pages\/38\/revisions\/39"}],"wp:attachment":[{"href":"https:\/\/grupo.us.es\/proteo\/index.php?rest_route=%2Fwp%2Fv2%2Fmedia&parent=38"}],"curies":[{"name":"wp","href":"https:\/\/api.w.org\/{rel}","templated":true}]}}