{"id":36,"date":"2026-03-16T10:27:41","date_gmt":"2026-03-16T09:27:41","guid":{"rendered":"https:\/\/grupo.us.es\/proteo\/?page_id=36"},"modified":"2026-03-16T10:27:41","modified_gmt":"2026-03-16T09:27:41","slug":"proyectos-desarrollados","status":"publish","type":"page","link":"https:\/\/grupo.us.es\/proteo\/?page_id=36","title":{"rendered":"Proyectos desarrollados"},"content":{"rendered":"\n<p><strong>T\u00e9cnicas de Aprendizaje para el Dise\u00f1o de un Itinerario Cultural. (I-II). <\/strong><\/p>\n\n\n\n<p>Programa de Apoyo a la Innovaci\u00f3n Docente en las Universidades Andaluzas. Unidad para la Calidad de las Universidades Andaluzas (UCUA). Cursos 2002\/2003 y 2003-2004.<\/p>\n\n\n\n<p>Una de las carencias que m\u00e1s se\u00f1alan los alumnos de ense\u00f1anzas universitarias en general, y en particular los que cursan las titulaciones de Humanidades, es la escasa proyecci\u00f3n profesional de los planes de estudios actuales, que anteponen los conocimientos te\u00f3ricos sobre los pr\u00e1cticos. Durante el curso acad\u00e9mico 2002-2003 se desarroll\u00f3 una actividad interdisciplinar que relacionaba tres asignaturas de diferentes contenidos (Historia del Arte en Portugal, Patrimonio Art\u00edstico Andaluz y Turismo, y Gesti\u00f3n del Patrimonio Cultural), concret\u00e1ndose en la realizaci\u00f3n de un proyecto que inclu\u00eda el dise\u00f1o, la organizaci\u00f3n y gesti\u00f3n de una empresa y su correspondiente itinerario cultural, con objeto de fomentar una serie de habilidades, muy poco trabajadas en el curr\u00edculo acad\u00e9mico, que deber\u00eda tener un futuro historiador del arte al concluir sus estudios. Al a\u00f1o siguiente, curso 2003-2004, visto el inter\u00e9s del alumnado, se volvi\u00f3 a repetir la experiencia, corrigiendo las carencias y problemas detectados y profundizando en el itinerario cultural. En mayo de 2004, el mejor de los trabajos presentados se llev\u00f3 a la pr\u00e1ctica, siendo los autores del mismo los encargados de su organizaci\u00f3n y gesti\u00f3n.&nbsp;&nbsp; &nbsp;<\/p>\n\n\n\n<p><strong>Innovaci\u00f3n docente en las \u00c1reas de Ling\u00fc\u00edstica, Lengua Espa\u00f1ola e Historia del Arte<\/strong>. <\/p>\n\n\n\n<p>Dirigido por Juan Pablo Mora Guti\u00e9rrez. Proyecto Andaluz de Formaci\u00f3n del Profesorado Universitario. Unidad para la Calidad de las Universidades Andaluzas. Universidad de Sevilla. Curso 2003-2004.<\/p>\n\n\n\n<p>El proyecto estaba dedicado al intercambio de experiencias entre diferentes \u00e1reas de conocimiento y la toma de conciencia de la nueva realidad de los estudios universitarios en el contexto de la creaci\u00f3n del Espacio Europeo de Ense\u00f1anza Superior.<\/p>\n\n\n\n<p><strong>Propuesta de adaptaci\u00f3n de la Licenciatura de Historia del Arte a las nuevas necesidades metodol\u00f3gicas y formativas del Espacio Europeo de Educaci\u00f3n Superior<\/strong>. <\/p>\n\n\n\n<p>Proyecto Andaluz de Formaci\u00f3n del Profesorado Universitario. Unidad para la Calidad de las Universidades Andaluzas. Universidad de Sevilla. Curso 2005-2006.\u00a0<\/p>\n\n\n\n<p>La sociedad actual exige nuevos profesionales, perfectamente capacitados para gestionar las nuevas demandas culturales y de ocio, que conozcan y usen las nuevas tecnolog\u00edas y sistemas de informaci\u00f3n. Por esta raz\u00f3n, y ante el inicio del Espacio Europeo de Educaci\u00f3n Superior, es necesaria una profunda reflexi\u00f3n sobre el futuro profesional de los Historiadores del Arte y los retos que tienen que asumir, por lo que es necesario poner a su disposici\u00f3n nuevas estrategias y modelos que permitan adaptarse a las exigencias de los nuevos tiempos y poder as\u00ed mejorar su acceso y actuaci\u00f3n en el mercado de trabajo.&nbsp; &nbsp;<\/p>\n\n\n\n<p><strong>Metodolog\u00edas para la creaci\u00f3n de empresas culturales gestionadas por historiadores del arte<\/strong>. Plan de Renovaci\u00f3n de las Metodolog\u00edas Docentes. Universidad de Sevilla. Curso 2007-2008.<\/p>\n\n\n\n<p>Los objetivos e intenciones de la acci\u00f3n innovadora pretenden favorecer el aprendizaje de conceptos, procedimientos y actitudes por parte de los alumnos. Para ello se ha utilizado, como recurso did\u00e1ctico multidisciplinar, el patrimonio art\u00edstico, ya que permite al alumnado cumplir los objetivos previstos en su dise\u00f1o curricular, aunando la teor\u00eda con la pr\u00e1ctica, al tener que dise\u00f1ar una empresa y un producto cultural. Esta estrategia pedag\u00f3gica de \u201cdescubrimiento dirigido\u201d, que se fundamenta en el trabajo del estudiantado, se inserta plenamente en el Espacio Europeo de Educaci\u00f3n Superior. Los docentes participantes en el proyecto innovador guiar\u00e1n y asesorar\u00e1n a los distintos grupos que se constituyan a lo largo del curso acad\u00e9mico en todo lo relacionado con la gesti\u00f3n del patrimonio art\u00edstico y los productos culturales. En este proceso de ense\u00f1anza-aprendizaje se intentar\u00e1n fomentar actitudes de concienciaci\u00f3n, valoraci\u00f3n y respeto del patrimonio, as\u00ed como la adopci\u00f3n de posturas cr\u00edticas sobre el estado del patrimonio art\u00edstico y su preservaci\u00f3n como recurso tur\u00edstico y empresarial en el futuro.<\/p>\n\n\n\n<p><strong>T\u00e9cnicas de aprendizaje para un instrumento de an\u00e1lisis global de la gesti\u00f3n cultural de un municipio<\/strong>.<\/p>\n\n\n\n<p>I Plan Propio de Docencia. Convocatoria de Ayudas para la Investigaci\u00f3n Docente. Instituto de Ciencias de la Educaci\u00f3n. Universidad de Sevilla. Curso 2009-2010. \u00a0<\/p>\n\n\n\n<p>En los \u00faltimos a\u00f1os ha ido adquiriendo mayor importancia la figura de los Gestores Culturales, encarg\u00e1ndose, entre otras cosas, de compatibilizar la conservaci\u00f3n del Patrimonio Hist\u00f3rico con su rentabilidad social, econ\u00f3mica y cultural. Procedentes de las diferentes ramas de saberes, los Historiadores del Arte tienen en la gesti\u00f3n cultural una salida profesional alternativa a las cl\u00e1sicas de la docencia en la ense\u00f1anza media.<\/p>\n\n\n\n<p>Uno de los enclaves b\u00e1sicos de la gesti\u00f3n cultural son los municipios, ya que en su territorio confluyen las acciones y actividades desarrolladas por los distintos agentes culturales, ya sean de car\u00e1cter p\u00fablico como privado. Al mismo tiempo, es en los municipios donde mejor se pueden observar y analizar las carencias y demandas culturales de los propios vecinos y for\u00e1neos, as\u00ed como las del propio Patrimonio Hist\u00f3rico.<\/p>\n\n\n\n<p>La actividad de innovaci\u00f3n que se propone se justifica por la necesidad que tienen los alumnos, para poder desarrollar sus futuros trabajos profesionales, de conocer, en un campo nuevo y moderno como es la Gesti\u00f3n del Patrimonio Cultural, las nuevas t\u00e9cnicas de aprendizaje y an\u00e1lisis, la puesta en valor de los recursos culturales y el desarrollo sostenible de \u00e1reas geogr\u00e1ficas concretas.<\/p>\n\n\n\n<p>El proyecto persigue ense\u00f1ar al alumnado participante el dise\u00f1o de instrumentos de recogidas de datos y sistemas de estudios y an\u00e1lisis con objeto de valorar la gesti\u00f3n cultural realizada en un municipio por agentes p\u00fablicos y privados, determinar sus ventajas y deficiencias, y poder asesorar a los agentes para la creaci\u00f3n de nuevas l\u00edneas de estrategias en la planificaci\u00f3n y organizaci\u00f3n de la gesti\u00f3n.&nbsp;<\/p>\n\n\n\n<p><strong>T\u00e9cnicas de aprendizaje sobre metodolog\u00eda de investigaci\u00f3n en historia del arte. <\/strong><\/p>\n\n\n\n<p>I Plan Propio de Docencia. Instituto de Ciencias de la Educaci\u00f3n. Universidad de Sevilla. Curso 2010-2011.<\/p>\n\n\n\n<p>El alumnado de la titulaci\u00f3n de Historia del Arte tiene una visi\u00f3n parcial de la disciplina, ya que seg\u00fan su percepci\u00f3n cada asignatura es un elemento estanco y sin conexi\u00f3n con el resto de las materias que se imparten. A ello, hay que a\u00f1adir que las clases, por regla general, tienen un componente te\u00f3rico y otro pr\u00e1ctico, consistente en el desarrollo de una serie de conocimientos que se completan con la visualizaci\u00f3n y an\u00e1lisis de determinadas obras de arte, seg\u00fan las necesidades del programa. Como consecuencia de ambos factores, el estudiantado se centra en el an\u00e1lisis de aquellos contenidos que se le ofrecen en clase con el objetivo de superar el examen de la asignatura.<\/p>\n\n\n\n<p>Con el presente trabajo, pretendemos que el alumnado cambie la actitud pasiva, que suele tener al enfrentarse con las asignaturas de la titulaci\u00f3n, y se muestren mucho m\u00e1s activos a la hora de adquirir conocimientos y destrezas. Para este cambio de mentalidad, se propone un Aprendizaje Basado en Problemas, d\u00e1ndole al estudiantado la oportunidad de realizar un trabajo creativo y divertido de recreaci\u00f3n hist\u00f3rica. Con ello, no solo se interesan por la asignatura, sino que, adem\u00e1s, profundizan en el conocimiento de la misma al tener que investigar sobre cuestiones hist\u00f3rica, culturales, sociales, religiosas, etc., as\u00ed como de otras tipolog\u00edas art\u00edsticas que, por falta de tiempo, no pueden ser explicadas en clase. Esta perspectiva proporciona al alumnado un conocimiento m\u00e1s profundo del contexto hist\u00f3rico, a trav\u00e9s de la utilizaci\u00f3n de una bibliograf\u00eda multidisciplinar, lo que le permite comprender mejor los fen\u00f3menos est\u00e9ticos y de creaci\u00f3n de los objetos art\u00edsticos.<\/p>\n\n\n\n<p>El proyecto persigue ense\u00f1ar a los alumnos la metodolog\u00eda necesaria para realizar una investigaci\u00f3n en Historia del Arte.<\/p>\n\n\n\n<ul class=\"wp-block-list\">\n<li>Fases del proceso de investigaci\u00f3n.<\/li>\n\n\n\n<li>Fuentes en Historia del Arte<\/li>\n\n\n\n<li>B\u00fasquedas de recursos electr\u00f3nicos y textuales<\/li>\n\n\n\n<li>An\u00e1lisis y enfrentamiento con la obra de arte.<\/li>\n\n\n\n<li>Planteamiento de Hip\u00f3tesis.<\/li>\n\n\n\n<li>Redacci\u00f3n de conclusiones.<\/li>\n<\/ul>\n\n\n\n<p>Objetivos cognoscitivos:<\/p>\n\n\n\n<ul class=\"wp-block-list\">\n<li>Creaci\u00f3n de metodolog\u00eda para la ense\u00f1anza basado en problemas<\/li>\n\n\n\n<li>Sistematizaci\u00f3n de la metodolog\u00eda de trabajo.<\/li>\n\n\n\n<li>Aprendizaje de t\u00e9cnicas instrumentales y de valoraci\u00f3n de objetos.<\/li>\n\n\n\n<li>Desarrollo de habilidades y aptitudes.<\/li>\n<\/ul>\n\n\n\n<p>Objetivos procedimentales:<\/p>\n\n\n\n<ul class=\"wp-block-list\">\n<li>Creaci\u00f3n y dise\u00f1o de instrumentos de an\u00e1lisis y recogidas de datos.<\/li>\n\n\n\n<li>Soportes inform\u00e1ticos de gesti\u00f3n de la informaci\u00f3n.<\/li>\n\n\n\n<li>Procedimientos de an\u00e1lisis y gesti\u00f3n de datos.<\/li>\n<\/ul>\n\n\n\n<p><strong>Interacciones de la historia del arte con otras disciplinas cient\u00edficas I: Arte y Medicina<\/strong>. <\/p>\n\n\n\n<p>I Plan Propio de Docencia. Instituto de Ciencias de la Educaci\u00f3n. Universidad de Sevilla. Curso 2011-2012.<\/p>\n\n\n\n<p>El proyecto de innovaci\u00f3n docente se ha implementado como una pr\u00e1ctica formativa interdisciplinaria que vincula dos \u00e1reas cient\u00edficas: arte y medicina, y desarrolla el aprendizaje aut\u00f3nomo de los estudiantes. Este enfoque dual constituye la principal estrategia metodol\u00f3gica. El estudiantado participante en la experiencia innovadora tiene que recopilar im\u00e1genes art\u00edsticas directamente relacionadas con enfermedades o las diferentes pr\u00e1cticas y especialidades de la medicina. Una vez realizada esta tarea, el alumnado debe elaborar fichas de an\u00e1lisis de las obras seleccionadas o trabajos escritos sobre el tema escogido, siguiendo el esquema proporcionado por el equipo docente. La acci\u00f3n formativa se completar\u00e1 con la realizaci\u00f3n del Seminario Arte y Medicina, en el que participar\u00e1n el estudiantado implicado en el proyecto, el equipo docente y varios especialistas de la medicina y las bellas artes.<\/p>\n\n\n\n<p><strong>Interacciones de la historia del arte con otras disciplinas cient\u00edficas II: arte y zoolog\u00eda. <\/strong><\/p>\n\n\n\n<p>IV Plan Propio de Docencia. Instituto de Ciencias de la Educaci\u00f3n. Universidad de Sevilla. Curso 2025-2026.<\/p>\n\n\n\n<p>El proyecto integra a siete asignaturas del Grado en Historia del Arte bajo una propuesta de innovaci\u00f3n metodol\u00f3gica referida a actividades formativas que vincula dos \u00e1reas de conocimiento que tradicionalmente no han sido relacionadas entre s\u00ed: arte y zoolog\u00eda. El proyecto, que se estructura como una acci\u00f3n encaminada a la formaci\u00f3n interdisciplinar y el autoaprendizaje, pretende promover, mediante estrategias y recursos did\u00e1cticos espec\u00edficos, que el alumnado supere la cl\u00e1sica visi\u00f3n disciplinaria en compartimentos estancos y tome conciencia de las interacciones de la historia del arte con otras ciencias, en este caso, la zoolog\u00eda. Frente al tradicional paradigma de la reducci\u00f3n y separaci\u00f3n de los saberes que requiere el progreso de las ciencias, se toma en consideraci\u00f3n un enfoque interdisciplinario que contribuye a generar pensamiento flexible, desarrolla habilidad cognitiva de alto orden y mejora habilidades de aprendizaje. Al proponer el an\u00e1lisis de dos contextos aparentemente dis\u00edmiles como son la historia del arte y la zoolog\u00eda, se fomenta el pensamiento proactivo y aut\u00f3nomo del estudiantado, que se ve obligado a establecer conexiones no impl\u00edcitas que promueven un mejor entendimiento de las fortalezas y limitaciones de nuestra disciplina y la habilidad de realizar analog\u00edas. El estudiantado participante en la actividad formativa tiene que seleccionar una obra de arte en la que consten representados uno o varios animales o se haga referencia a pr\u00e1cticas o \u00e1mbitos que tengan alguna relaci\u00f3n con la zoolog\u00eda. Una vez realizada esta tarea, y siguiendo las pautas establecidas en el dosier proporcionado por el equipo docente y que constituye un recurso estructurante de la innovaci\u00f3n metodol\u00f3gica, pues contempla elementos propios de la historia del arte, espec\u00edficos de la zoolog\u00eda y derivados de la interacci\u00f3n entre las dos disciplinas cient\u00edficas, deber\u00e1 elaborar una ficha de an\u00e1lisis de la obra de arte seleccionada o un trabajo escrito que relacione la historia del arte y la zoolog\u00eda. Como ep\u00edlogo de la acci\u00f3n formativa, el alumnado participante en la acci\u00f3n formativa presentar\u00e1 el resultado de su trabajo en el Seminario Arte y Zoolog\u00eda.&nbsp;&nbsp;<\/p>\n","protected":false},"excerpt":{"rendered":"<p>T\u00e9cnicas de Aprendizaje para el Dise\u00f1o de un Itinerario Cultural. (I-II). Programa de Apoyo a la Innovaci\u00f3n Docente en las Universidades Andaluzas. Unidad para la Calidad de las Universidades Andaluzas (UCUA). Cursos 2002\/2003 y 2003-2004. Una de las carencias que m\u00e1s se\u00f1alan los alumnos de ense\u00f1anzas universitarias en general, y en particular los que cursan [&hellip;]<\/p>\n","protected":false},"author":1,"featured_media":0,"parent":0,"menu_order":0,"comment_status":"closed","ping_status":"closed","template":"","meta":{"footnotes":""},"class_list":["post-36","page","type-page","status-publish","hentry"],"_links":{"self":[{"href":"https:\/\/grupo.us.es\/proteo\/index.php?rest_route=\/wp\/v2\/pages\/36","targetHints":{"allow":["GET"]}}],"collection":[{"href":"https:\/\/grupo.us.es\/proteo\/index.php?rest_route=\/wp\/v2\/pages"}],"about":[{"href":"https:\/\/grupo.us.es\/proteo\/index.php?rest_route=\/wp\/v2\/types\/page"}],"author":[{"embeddable":true,"href":"https:\/\/grupo.us.es\/proteo\/index.php?rest_route=\/wp\/v2\/users\/1"}],"replies":[{"embeddable":true,"href":"https:\/\/grupo.us.es\/proteo\/index.php?rest_route=%2Fwp%2Fv2%2Fcomments&post=36"}],"version-history":[{"count":1,"href":"https:\/\/grupo.us.es\/proteo\/index.php?rest_route=\/wp\/v2\/pages\/36\/revisions"}],"predecessor-version":[{"id":37,"href":"https:\/\/grupo.us.es\/proteo\/index.php?rest_route=\/wp\/v2\/pages\/36\/revisions\/37"}],"wp:attachment":[{"href":"https:\/\/grupo.us.es\/proteo\/index.php?rest_route=%2Fwp%2Fv2%2Fmedia&parent=36"}],"curies":[{"name":"wp","href":"https:\/\/api.w.org\/{rel}","templated":true}]}}